{"id":1269,"date":"2022-08-25T13:12:19","date_gmt":"2022-08-25T11:12:19","guid":{"rendered":"https:\/\/ikasougou.com\/macsy\/?post_type=product&#038;p=1269"},"modified":"2022-08-25T14:03:19","modified_gmt":"2022-08-25T12:03:19","slug":"tunique-tailles-l-xl-xxl-19","status":"publish","type":"product","link":"https:\/\/ikasougou.com\/macsy\/produit\/tunique-tailles-l-xl-xxl-19\/","title":{"rendered":"Tunique Tailles L, XL, XXL"},"content":{"rendered":"<p>Ensemble tunique manches longues, avec une broderie tr\u00e8s fine et simple. \u00c9l\u00e9gant et pratique pour les diverses circonstances et \u00e9v\u00e8nements. Disponible en taille M, L, X L, et XXL et aussi personnalisable \u00e0 votre go\u00fbt.<\/p>\n<div style=\"display:flex; gap:10px;justify-content:center\" class=\"wps-pgfw-pdf-generate-icon__wrapper-frontend\">\n\t\t<a  href=\"https:\/\/ikasougou.com\/macsy\/wp-json\/wp\/v2\/product\/1269?action=genpdf&amp;id=1269\" class=\"pgfw-single-pdf-download-button\" ><img src=\"https:\/\/ikasougou.com\/macsy\/wp-content\/plugins\/pdf-generator-for-wp\/admin\/src\/images\/PDF_Tray.svg\" title=\"G\u00e9n\u00e9rer un PDF\" style=\"width:auto; height:45px;\"><\/a>\n\t\t<\/div>","protected":false},"excerpt":{"rendered":"<p><strong>Collection Mariam Sy<\/strong><\/p>\n<p>\u00c9l\u00e9gant et pratique pour les diverses circonstances et \u00e9v\u00e8nements.<\/p>\n","protected":false},"featured_media":1246,"comment_status":"open","ping_status":"closed","template":"","meta":{"jetpack_post_was_ever_published":false,"jetpack_publicize_message":"","jetpack_publicize_feature_enabled":true,"jetpack_social_post_already_shared":true,"jetpack_social_options":{"image_generator_settings":{"template":"highway","default_image_id":0,"font":"","enabled":false},"version":2}},"product_brand":[],"product_cat":[17],"product_tag":[27,25,74,23,26,24],"class_list":{"0":"post-1269","1":"product","2":"type-product","3":"status-publish","4":"has-post-thumbnail","6":"product_cat-tuniques","7":"product_tag-bapteme","8":"product_tag-bureau","9":"product_tag-collection-mariam-sy","10":"product_tag-elegant","11":"product_tag-mariage","12":"product_tag-pratique","14":"first","15":"instock","16":"shipping-taxable","17":"purchasable","18":"product-type-simple"},"ams_default_variation_id":0,"ams_product_points_reward":[],"ams_product_discount_percentage":0,"ams_price_to_display":65000,"aioseo_notices":[],"ams_acf":[],"jetpack_publicize_connections":[],"jetpack_sharing_enabled":true,"_links":{"self":[{"href":"https:\/\/ikasougou.com\/macsy\/wp-json\/wp\/v2\/product\/1269","targetHints":{"allow":["GET"]}}],"collection":[{"href":"https:\/\/ikasougou.com\/macsy\/wp-json\/wp\/v2\/product"}],"about":[{"href":"https:\/\/ikasougou.com\/macsy\/wp-json\/wp\/v2\/types\/product"}],"replies":[{"embeddable":true,"href":"https:\/\/ikasougou.com\/macsy\/wp-json\/wp\/v2\/comments?post=1269"}],"wp:featuredmedia":[{"embeddable":true,"href":"https:\/\/ikasougou.com\/macsy\/wp-json\/wp\/v2\/media\/1246"}],"wp:attachment":[{"href":"https:\/\/ikasougou.com\/macsy\/wp-json\/wp\/v2\/media?parent=1269"}],"wp:term":[{"taxonomy":"product_brand","embeddable":true,"href":"https:\/\/ikasougou.com\/macsy\/wp-json\/wp\/v2\/product_brand?post=1269"},{"taxonomy":"product_cat","embeddable":true,"href":"https:\/\/ikasougou.com\/macsy\/wp-json\/wp\/v2\/product_cat?post=1269"},{"taxonomy":"product_tag","embeddable":true,"href":"https:\/\/ikasougou.com\/macsy\/wp-json\/wp\/v2\/product_tag?post=1269"}],"curies":[{"name":"wp","href":"https:\/\/api.w.org\/{rel}","templated":true}]}}