{"id":225,"date":"2022-05-11T15:33:12","date_gmt":"2022-05-11T13:33:12","guid":{"rendered":"https:\/\/ikasougou.com\/macsy\/?post_type=product&#038;p=225"},"modified":"2022-06-06T19:34:26","modified_gmt":"2022-06-06T17:34:26","slug":"sandales-en-cuir-4","status":"publish","type":"product","link":"https:\/\/ikasougou.com\/macsy\/produit\/sandales-en-cuir-4\/","title":{"rendered":"Sandales en Cuir Pointures de 41 \u00e0 45"},"content":{"rendered":"<p>Sandales r\u00e9alis\u00e9es avec la mati\u00e8re en cuir marron et noir pour homme, id\u00e9ales pour accompagner vos tenues africaines : bazin, wax, tunique\u2026<\/p>\n<div style=\"display:flex; gap:10px;justify-content:center\" class=\"wps-pgfw-pdf-generate-icon__wrapper-frontend\">\n\t\t<a  href=\"https:\/\/ikasougou.com\/macsy\/wp-json\/wp\/v2\/product\/225?action=genpdf&amp;id=225\" class=\"pgfw-single-pdf-download-button\" ><img src=\"https:\/\/ikasougou.com\/macsy\/wp-content\/plugins\/pdf-generator-for-wp\/admin\/src\/images\/PDF_Tray.svg\" title=\"G\u00e9n\u00e9rer un PDF\" style=\"width:auto; height:45px;\"><\/a>\n\t\t<\/div>","protected":false},"excerpt":{"rendered":"<p>Sandales r\u00e9alis\u00e9es avec la mati\u00e8re en cuir marron et noir pour homme<\/p>\n","protected":false},"featured_media":242,"comment_status":"open","ping_status":"closed","template":"","meta":{"jetpack_post_was_ever_published":false,"jetpack_publicize_message":"","jetpack_publicize_feature_enabled":true,"jetpack_social_post_already_shared":true,"jetpack_social_options":{"image_generator_settings":{"template":"highway","default_image_id":0,"font":"","enabled":false},"version":2}},"product_brand":[],"product_cat":[19],"product_tag":[53,51,52,50],"class_list":{"0":"post-225","1":"product","2":"type-product","3":"status-publish","4":"has-post-thumbnail","6":"product_cat-chaussures","7":"product_tag-homme","8":"product_tag-marron","9":"product_tag-noir","10":"product_tag-sandale","12":"first","13":"instock","14":"shipping-taxable","15":"purchasable","16":"product-type-variable"},"ams_default_variation_id":0,"ams_product_points_reward":[],"ams_product_discount_percentage":0,"ams_price_to_display":12500,"aioseo_notices":[],"ams_acf":[],"jetpack_publicize_connections":[],"jetpack_sharing_enabled":true,"_links":{"self":[{"href":"https:\/\/ikasougou.com\/macsy\/wp-json\/wp\/v2\/product\/225","targetHints":{"allow":["GET"]}}],"collection":[{"href":"https:\/\/ikasougou.com\/macsy\/wp-json\/wp\/v2\/product"}],"about":[{"href":"https:\/\/ikasougou.com\/macsy\/wp-json\/wp\/v2\/types\/product"}],"replies":[{"embeddable":true,"href":"https:\/\/ikasougou.com\/macsy\/wp-json\/wp\/v2\/comments?post=225"}],"wp:featuredmedia":[{"embeddable":true,"href":"https:\/\/ikasougou.com\/macsy\/wp-json\/wp\/v2\/media\/242"}],"wp:attachment":[{"href":"https:\/\/ikasougou.com\/macsy\/wp-json\/wp\/v2\/media?parent=225"}],"wp:term":[{"taxonomy":"product_brand","embeddable":true,"href":"https:\/\/ikasougou.com\/macsy\/wp-json\/wp\/v2\/product_brand?post=225"},{"taxonomy":"product_cat","embeddable":true,"href":"https:\/\/ikasougou.com\/macsy\/wp-json\/wp\/v2\/product_cat?post=225"},{"taxonomy":"product_tag","embeddable":true,"href":"https:\/\/ikasougou.com\/macsy\/wp-json\/wp\/v2\/product_tag?post=225"}],"curies":[{"name":"wp","href":"https:\/\/api.w.org\/{rel}","templated":true}]}}