{"id":621,"date":"2022-05-31T12:25:59","date_gmt":"2022-05-31T10:25:59","guid":{"rendered":"https:\/\/ikasougou.com\/macsy\/?post_type=product&#038;p=621"},"modified":"2022-09-06T14:37:35","modified_gmt":"2022-09-06T12:37:35","slug":"chapeau-dubai","status":"publish","type":"product","link":"https:\/\/ikasougou.com\/macsy\/produit\/chapeau-dubai\/","title":{"rendered":"Chapeau Duba\u00ef"},"content":{"rendered":"<p>Accompagnez vos tenues avec ces chapeaux traditionnels africains disponibles en mod\u00e8les uniques et imprim\u00e9s et dans une grande vari\u00e9t\u00e9 de couleurs.<\/p>\n<p>Donnez du style \u00e0 vos tenues avec ce chapeau ATT, pendant les jours de f\u00eate , autres c\u00e9r\u00e9monies ou le jour de Djouma.<\/p>\n<div style=\"display:flex; gap:10px;justify-content:center\" class=\"wps-pgfw-pdf-generate-icon__wrapper-frontend\">\n\t\t<a  href=\"https:\/\/ikasougou.com\/macsy\/wp-json\/wp\/v2\/product\/621?action=genpdf&amp;id=621\" class=\"pgfw-single-pdf-download-button\" ><img src=\"https:\/\/ikasougou.com\/macsy\/wp-content\/plugins\/pdf-generator-for-wp\/admin\/src\/images\/PDF_Tray.svg\" title=\"G\u00e9n\u00e9rer un PDF\" style=\"width:auto; height:45px;\"><\/a>\n\t\t<\/div>","protected":false},"excerpt":{"rendered":"<p>Chapeaux traditionnels africains disponibles en mod\u00e8les uniques et imprim\u00e9s<\/p>\n","protected":false},"featured_media":622,"comment_status":"open","ping_status":"closed","template":"","meta":{"jetpack_post_was_ever_published":false,"jetpack_publicize_message":"","jetpack_publicize_feature_enabled":true,"jetpack_social_post_already_shared":true,"jetpack_social_options":{"image_generator_settings":{"template":"highway","default_image_id":0,"font":"","enabled":false},"version":2}},"product_brand":[],"product_cat":[20],"product_tag":[40,38,41,39,42],"class_list":{"0":"post-621","1":"product","2":"type-product","3":"status-publish","4":"has-post-thumbnail","6":"product_cat-chapeaux","7":"product_tag-africains","8":"product_tag-chapeaux","9":"product_tag-modele","10":"product_tag-traditionnels","11":"product_tag-unique","13":"first","14":"instock","15":"shipping-taxable","16":"purchasable","17":"product-type-simple"},"ams_default_variation_id":0,"ams_product_points_reward":[],"ams_product_discount_percentage":0,"ams_price_to_display":7500,"aioseo_notices":[],"ams_acf":[],"jetpack_publicize_connections":[],"jetpack_sharing_enabled":true,"_links":{"self":[{"href":"https:\/\/ikasougou.com\/macsy\/wp-json\/wp\/v2\/product\/621","targetHints":{"allow":["GET"]}}],"collection":[{"href":"https:\/\/ikasougou.com\/macsy\/wp-json\/wp\/v2\/product"}],"about":[{"href":"https:\/\/ikasougou.com\/macsy\/wp-json\/wp\/v2\/types\/product"}],"replies":[{"embeddable":true,"href":"https:\/\/ikasougou.com\/macsy\/wp-json\/wp\/v2\/comments?post=621"}],"wp:featuredmedia":[{"embeddable":true,"href":"https:\/\/ikasougou.com\/macsy\/wp-json\/wp\/v2\/media\/622"}],"wp:attachment":[{"href":"https:\/\/ikasougou.com\/macsy\/wp-json\/wp\/v2\/media?parent=621"}],"wp:term":[{"taxonomy":"product_brand","embeddable":true,"href":"https:\/\/ikasougou.com\/macsy\/wp-json\/wp\/v2\/product_brand?post=621"},{"taxonomy":"product_cat","embeddable":true,"href":"https:\/\/ikasougou.com\/macsy\/wp-json\/wp\/v2\/product_cat?post=621"},{"taxonomy":"product_tag","embeddable":true,"href":"https:\/\/ikasougou.com\/macsy\/wp-json\/wp\/v2\/product_tag?post=621"}],"curies":[{"name":"wp","href":"https:\/\/api.w.org\/{rel}","templated":true}]}}