{"id":33,"date":"2022-06-16T18:38:32","date_gmt":"2022-06-16T16:38:32","guid":{"rendered":"https:\/\/ikasougou.com\/madarmali\/?post_type=product&#038;p=33"},"modified":"2022-06-16T19:02:16","modified_gmt":"2022-06-16T17:02:16","slug":"poudre-madar-1kg-bakhoor","status":"publish","type":"product","link":"https:\/\/ikasougou.com\/madarmali\/produit\/poudre-madar-1kg-bakhoor\/","title":{"rendered":"Poudre MADAR 1kg Bakhoor"},"content":{"rendered":"<p>La poudre Madar est un d\u00e9tergent concentr\u00e9 en principes actifs, moussant tr\u00e8s efficace et tr\u00e8s \u00e9conomique.<\/p>\n<p>\u00c0 usages multiples (sauf machine \u00e0 laver) linge, sols, vaisselle : domestique ou professionnel.<\/p>\n<p>Leur parfum est respectivement Madar parfum.<\/p>\n<p>Elle \u00e9limine les taches et salissures les plus tenaces tout en pr\u00e9servant la couleur, blancheur, douceur et l\u2019\u00e9clat de votre linge et lui laisse une odeur tr\u00e8s agr\u00e9able.<\/p>\n<p>Nous conseillons d\u2019utiliser le produit les 5 ann\u00e9es suivant la date de production.<\/p>\n<div style=\"display:flex; gap:10px;justify-content:center\" class=\"wps-pgfw-pdf-generate-icon__wrapper-frontend\">\n\t\t<a  href=\"https:\/\/ikasougou.com\/madarmali\/wp-json\/wp\/v2\/product\/33?action=genpdf&amp;id=33\" class=\"pgfw-single-pdf-download-button\" ><img src=\"https:\/\/ikasougou.com\/madarmali\/wp-content\/plugins\/pdf-generator-for-wp\/admin\/src\/images\/PDF_Tray.svg\" title=\"G\u00e9n\u00e9rer un PDF\" style=\"width:auto; height:45px;\"><\/a>\n\t\t<\/div>","protected":false},"excerpt":{"rendered":"<p>\u00c0 usages multiples (sauf machine \u00e0 laver) linge, sols, vaisselle : domestique ou professionnel.<\/p>\n","protected":false},"featured_media":13,"comment_status":"open","ping_status":"closed","template":"","meta":{"jetpack_publicize_message":"","jetpack_publicize_feature_enabled":true,"jetpack_social_post_already_shared":true,"jetpack_social_options":{"image_generator_settings":{"template":"highway","default_image_id":0,"font":"","enabled":false},"version":2}},"product_brand":[],"product_cat":[16],"product_tag":[32,33,30,31],"class_list":{"0":"post-33","1":"product","2":"type-product","3":"status-publish","4":"has-post-thumbnail","6":"product_cat-poudre","7":"product_tag-dtergent","8":"product_tag-economique","9":"product_tag-madar","10":"product_tag-poudre","12":"first","13":"instock","14":"shipping-taxable","15":"product-type-simple"},"ams_default_variation_id":0,"ams_product_points_reward":[],"ams_product_discount_percentage":0,"ams_price_to_display":0,"aioseo_notices":[],"ams_acf":[],"jetpack_publicize_connections":[],"jetpack_sharing_enabled":true,"_links":{"self":[{"href":"https:\/\/ikasougou.com\/madarmali\/wp-json\/wp\/v2\/product\/33","targetHints":{"allow":["GET"]}}],"collection":[{"href":"https:\/\/ikasougou.com\/madarmali\/wp-json\/wp\/v2\/product"}],"about":[{"href":"https:\/\/ikasougou.com\/madarmali\/wp-json\/wp\/v2\/types\/product"}],"replies":[{"embeddable":true,"href":"https:\/\/ikasougou.com\/madarmali\/wp-json\/wp\/v2\/comments?post=33"}],"wp:featuredmedia":[{"embeddable":true,"href":"https:\/\/ikasougou.com\/madarmali\/wp-json\/wp\/v2\/media\/13"}],"wp:attachment":[{"href":"https:\/\/ikasougou.com\/madarmali\/wp-json\/wp\/v2\/media?parent=33"}],"wp:term":[{"taxonomy":"product_brand","embeddable":true,"href":"https:\/\/ikasougou.com\/madarmali\/wp-json\/wp\/v2\/product_brand?post=33"},{"taxonomy":"product_cat","embeddable":true,"href":"https:\/\/ikasougou.com\/madarmali\/wp-json\/wp\/v2\/product_cat?post=33"},{"taxonomy":"product_tag","embeddable":true,"href":"https:\/\/ikasougou.com\/madarmali\/wp-json\/wp\/v2\/product_tag?post=33"}],"curies":[{"name":"wp","href":"https:\/\/api.w.org\/{rel}","templated":true}]}}