{"id":93,"date":"2022-06-17T14:03:24","date_gmt":"2022-06-17T12:03:24","guid":{"rendered":"https:\/\/ikasougou.com\/madarmali\/?post_type=product&#038;p=93"},"modified":"2022-06-17T14:20:03","modified_gmt":"2022-06-17T12:20:03","slug":"savon-madar-crystal-3-multi-usage-300g","status":"publish","type":"product","link":"https:\/\/ikasougou.com\/madarmali\/produit\/savon-madar-crystal-3-multi-usage-300g\/","title":{"rendered":"Savon Madar Crystal 3 Multi Usage 300g"},"content":{"rendered":"<p>L\u2019un des moyens les moins co\u00fbteux, les plus simples et les plus importants pour \u00e9viter la propagation des maladies est de se laver fr\u00e9quemment avec du savon et de l\u2019eau. Madar offre une protection compl\u00e8te pour votre famille !<\/p>\n<div style=\"display:flex; gap:10px;justify-content:center\" class=\"wps-pgfw-pdf-generate-icon__wrapper-frontend\">\n\t\t<a  href=\"https:\/\/ikasougou.com\/madarmali\/wp-json\/wp\/v2\/product\/93?action=genpdf&amp;id=93\" class=\"pgfw-single-pdf-download-button\" ><img src=\"https:\/\/ikasougou.com\/madarmali\/wp-content\/plugins\/pdf-generator-for-wp\/admin\/src\/images\/PDF_Tray.svg\" title=\"G\u00e9n\u00e9rer un PDF\" style=\"width:auto; height:45px;\"><\/a>\n\t\t<\/div>","protected":false},"excerpt":{"rendered":"<p>L\u2019un des moyens les moins co\u00fbteux, les plus simples et les plus importants pour \u00e9viter la propagation des maladies.<\/p>\n","protected":false},"featured_media":88,"comment_status":"open","ping_status":"closed","template":"","meta":{"jetpack_publicize_message":"","jetpack_publicize_feature_enabled":true,"jetpack_social_post_already_shared":true,"jetpack_social_options":{"image_generator_settings":{"template":"highway","default_image_id":0,"font":"","enabled":false},"version":2}},"product_brand":[],"product_cat":[18],"product_tag":[43,41,40,42],"class_list":{"0":"post-93","1":"product","2":"type-product","3":"status-publish","4":"has-post-thumbnail","6":"product_cat-savon","7":"product_tag-important","8":"product_tag-laver","9":"product_tag-savon","10":"product_tag-simple","12":"first","13":"instock","14":"shipping-taxable","15":"product-type-simple"},"ams_default_variation_id":0,"ams_product_points_reward":[],"ams_product_discount_percentage":0,"ams_price_to_display":0,"aioseo_notices":[],"ams_acf":[],"jetpack_publicize_connections":[],"jetpack_sharing_enabled":true,"_links":{"self":[{"href":"https:\/\/ikasougou.com\/madarmali\/wp-json\/wp\/v2\/product\/93","targetHints":{"allow":["GET"]}}],"collection":[{"href":"https:\/\/ikasougou.com\/madarmali\/wp-json\/wp\/v2\/product"}],"about":[{"href":"https:\/\/ikasougou.com\/madarmali\/wp-json\/wp\/v2\/types\/product"}],"replies":[{"embeddable":true,"href":"https:\/\/ikasougou.com\/madarmali\/wp-json\/wp\/v2\/comments?post=93"}],"wp:featuredmedia":[{"embeddable":true,"href":"https:\/\/ikasougou.com\/madarmali\/wp-json\/wp\/v2\/media\/88"}],"wp:attachment":[{"href":"https:\/\/ikasougou.com\/madarmali\/wp-json\/wp\/v2\/media?parent=93"}],"wp:term":[{"taxonomy":"product_brand","embeddable":true,"href":"https:\/\/ikasougou.com\/madarmali\/wp-json\/wp\/v2\/product_brand?post=93"},{"taxonomy":"product_cat","embeddable":true,"href":"https:\/\/ikasougou.com\/madarmali\/wp-json\/wp\/v2\/product_cat?post=93"},{"taxonomy":"product_tag","embeddable":true,"href":"https:\/\/ikasougou.com\/madarmali\/wp-json\/wp\/v2\/product_tag?post=93"}],"curies":[{"name":"wp","href":"https:\/\/api.w.org\/{rel}","templated":true}]}}