{"id":141,"date":"2022-08-15T12:30:10","date_gmt":"2022-08-15T10:30:10","guid":{"rendered":"https:\/\/ikasougou.com\/madeinmali\/?post_type=product&#038;p=141"},"modified":"2022-08-15T12:30:25","modified_gmt":"2022-08-15T10:30:25","slug":"sac-blanc-a-motif-ethnique","status":"publish","type":"product","link":"https:\/\/ikasougou.com\/madeinmali\/produit\/sac-blanc-a-motif-ethnique\/","title":{"rendered":"Sac Blanc \u00e0 Motif Ethnique"},"content":{"rendered":"<p>Sac \u00e9l\u00e9gant et raffin\u00e9, id\u00e9al pour vos soir\u00e9es cocktails.<\/p>\n<div style=\"display:flex; gap:10px;justify-content:center\" class=\"wps-pgfw-pdf-generate-icon__wrapper-frontend\">\n\t\t<a  href=\"https:\/\/ikasougou.com\/madeinmali\/wp-json\/wp\/v2\/product\/141?action=genpdf&amp;id=141\" class=\"pgfw-single-pdf-download-button\" ><img src=\"https:\/\/ikasougou.com\/madeinmali\/wp-content\/plugins\/pdf-generator-for-wp\/admin\/src\/images\/PDF_Tray.svg\" title=\"G\u00e9n\u00e9rer un PDF\" style=\"width:auto; height:45px;\"><\/a>\n\t\t<\/div>","protected":false},"excerpt":{"rendered":"<p>Sac \u00e9l\u00e9gant et raffin\u00e9, id\u00e9al pour vos soir\u00e9es cocktails.<\/p>\n","protected":false},"featured_media":174,"comment_status":"open","ping_status":"closed","template":"","meta":[],"product_brand":[],"product_cat":[22],"product_tag":[73,67,74,23],"class_list":{"0":"post-141","1":"product","2":"type-product","3":"status-publish","4":"has-post-thumbnail","6":"product_cat-sac","7":"product_tag-blanc","8":"product_tag-mij-confection","9":"product_tag-motif-ethnique","10":"product_tag-sac","12":"first","13":"instock","14":"shipping-taxable","15":"purchasable","16":"product-type-simple"},"ams_default_variation_id":0,"ams_product_points_reward":[],"ams_product_discount_percentage":0,"ams_price_to_display":10000,"aioseo_notices":[],"ams_acf":[],"_links":{"self":[{"href":"https:\/\/ikasougou.com\/madeinmali\/wp-json\/wp\/v2\/product\/141","targetHints":{"allow":["GET"]}}],"collection":[{"href":"https:\/\/ikasougou.com\/madeinmali\/wp-json\/wp\/v2\/product"}],"about":[{"href":"https:\/\/ikasougou.com\/madeinmali\/wp-json\/wp\/v2\/types\/product"}],"replies":[{"embeddable":true,"href":"https:\/\/ikasougou.com\/madeinmali\/wp-json\/wp\/v2\/comments?post=141"}],"wp:featuredmedia":[{"embeddable":true,"href":"https:\/\/ikasougou.com\/madeinmali\/wp-json\/wp\/v2\/media\/174"}],"wp:attachment":[{"href":"https:\/\/ikasougou.com\/madeinmali\/wp-json\/wp\/v2\/media?parent=141"}],"wp:term":[{"taxonomy":"product_brand","embeddable":true,"href":"https:\/\/ikasougou.com\/madeinmali\/wp-json\/wp\/v2\/product_brand?post=141"},{"taxonomy":"product_cat","embeddable":true,"href":"https:\/\/ikasougou.com\/madeinmali\/wp-json\/wp\/v2\/product_cat?post=141"},{"taxonomy":"product_tag","embeddable":true,"href":"https:\/\/ikasougou.com\/madeinmali\/wp-json\/wp\/v2\/product_tag?post=141"}],"curies":[{"name":"wp","href":"https:\/\/api.w.org\/{rel}","templated":true}]}}