{"id":1071,"date":"2019-10-14T02:46:42","date_gmt":"2019-10-14T00:46:42","guid":{"rendered":"https:\/\/ikasougou.com\/mamydelices\/produit\/gateau-danniversaire-simba\/"},"modified":"2020-01-18T13:19:59","modified_gmt":"2020-01-18T12:19:59","slug":"gateau-danniversaire-simba","status":"publish","type":"product","link":"https:\/\/ikasougou.com\/mamydelices\/produit\/gateau-danniversaire-simba\/","title":{"rendered":"G\u00e2teau d&#8217;Anniversaire Simba"},"content":{"rendered":"<h1><strong>Le Prince Simba, accompagn\u00e9 de ses fid\u00e8les amis Timon et Pumbaale est id\u00e9al pour nos petits fan du dessin anim\u00e9 le roi lion .<\/strong><\/h1>\n<p><img loading=\"lazy\" decoding=\"async\" class=\"alignnone size-medium wp-image-1072 aligncenter\" src=\"http:\/\/mamydelices.ml\/wp-content\/uploads\/2019\/10\/WhatsApp-Image-2019-10-13-at-23.31.371-400x400.jpeg\" alt=\"\" width=\"400\" height=\"400\" \/><\/p>\n<div style=\"display:flex; gap:10px;justify-content:center\" class=\"wps-pgfw-pdf-generate-icon__wrapper-frontend\">\n\t\t<a  href=\"https:\/\/ikasougou.com\/mamydelices\/wp-json\/wp\/v2\/product\/1071?action=genpdf&amp;id=1071\" class=\"pgfw-single-pdf-download-button\" ><img src=\"https:\/\/ikasougou.com\/mamydelices\/wp-content\/plugins\/pdf-generator-for-wp\/admin\/src\/images\/PDF_Tray.svg\" title=\"G\u00e9n\u00e9rer un PDF\" style=\"width:auto; height:45px;\"><\/a>\n\t\t<\/div>","protected":false},"excerpt":{"rendered":"<p>Le Prince Simba, accompagn\u00e9 de ses fid\u00e8les amis Timon et Pumbaale est id\u00e9al pour nos petits fan du dessin anim\u00e9 le roi lion .<\/p>\n","protected":false},"featured_media":1072,"comment_status":"open","ping_status":"closed","template":"","meta":{"jetpack_publicize_message":"","jetpack_publicize_feature_enabled":true,"jetpack_social_post_already_shared":false,"jetpack_social_options":{"image_generator_settings":{"template":"highway","default_image_id":0,"font":"","enabled":false},"version":2}},"product_brand":[],"product_cat":[95,96,48],"product_tag":[24],"class_list":{"0":"post-1071","1":"product","2":"type-product","3":"status-publish","4":"has-post-thumbnail","6":"product_cat-gateaux","7":"product_cat-gateaux-danniversaire","8":"product_cat-patisserieviennoiserie","9":"product_tag-gateau-anniversaire-simba","11":"first","12":"instock","13":"shipping-taxable","14":"purchasable","15":"product-type-variable"},"ams_default_variation_id":0,"ams_product_points_reward":[],"ams_product_discount_percentage":0,"ams_price_to_display":60000,"aioseo_notices":[],"ams_acf":[],"jetpack_publicize_connections":[],"jetpack_sharing_enabled":true,"jetpack_likes_enabled":true,"_links":{"self":[{"href":"https:\/\/ikasougou.com\/mamydelices\/wp-json\/wp\/v2\/product\/1071","targetHints":{"allow":["GET"]}}],"collection":[{"href":"https:\/\/ikasougou.com\/mamydelices\/wp-json\/wp\/v2\/product"}],"about":[{"href":"https:\/\/ikasougou.com\/mamydelices\/wp-json\/wp\/v2\/types\/product"}],"replies":[{"embeddable":true,"href":"https:\/\/ikasougou.com\/mamydelices\/wp-json\/wp\/v2\/comments?post=1071"}],"wp:featuredmedia":[{"embeddable":true,"href":"https:\/\/ikasougou.com\/mamydelices\/wp-json\/wp\/v2\/media\/1072"}],"wp:attachment":[{"href":"https:\/\/ikasougou.com\/mamydelices\/wp-json\/wp\/v2\/media?parent=1071"}],"wp:term":[{"taxonomy":"product_brand","embeddable":true,"href":"https:\/\/ikasougou.com\/mamydelices\/wp-json\/wp\/v2\/product_brand?post=1071"},{"taxonomy":"product_cat","embeddable":true,"href":"https:\/\/ikasougou.com\/mamydelices\/wp-json\/wp\/v2\/product_cat?post=1071"},{"taxonomy":"product_tag","embeddable":true,"href":"https:\/\/ikasougou.com\/mamydelices\/wp-json\/wp\/v2\/product_tag?post=1071"}],"curies":[{"name":"wp","href":"https:\/\/api.w.org\/{rel}","templated":true}]}}