{"id":1231,"date":"2019-10-19T18:37:51","date_gmt":"2019-10-19T16:37:51","guid":{"rendered":"https:\/\/ikasougou.com\/mamydelices\/produit\/gateau-anniversaire-theme-ladybug\/"},"modified":"2019-10-28T00:20:38","modified_gmt":"2019-10-27T23:20:38","slug":"gateau-anniversaire-theme-ladybug","status":"publish","type":"product","link":"https:\/\/ikasougou.com\/mamydelices\/produit\/gateau-anniversaire-theme-ladybug\/","title":{"rendered":"G\u00e2teau Anniversaire Th\u00e8me LadyBug"},"content":{"rendered":"<h1>D\u00e9cor\u00e9 aux couleurs de son h\u00e9ro\u00efne pr\u00e9f\u00e9r\u00e9 de Miraculous, Ladybug est le cadeaux id\u00e9al pour lui souhaiter joyeux anniversaire .<\/h1>\n<p><img loading=\"lazy\" decoding=\"async\" class=\"size-medium wp-image-1232 aligncenter\" src=\"http:\/\/mamydelices.ml\/wp-content\/uploads\/2019\/10\/WhatsApp-Image-2019-10-13-at-23.31.361-375x400.jpeg\" alt=\"\" width=\"375\" height=\"400\" \/><\/p>\n<div style=\"display:flex; gap:10px;justify-content:center\" class=\"wps-pgfw-pdf-generate-icon__wrapper-frontend\">\n\t\t<a  href=\"https:\/\/ikasougou.com\/mamydelices\/wp-json\/wp\/v2\/product\/1231?action=genpdf&amp;id=1231\" class=\"pgfw-single-pdf-download-button\" ><img src=\"https:\/\/ikasougou.com\/mamydelices\/wp-content\/plugins\/pdf-generator-for-wp\/admin\/src\/images\/PDF_Tray.svg\" title=\"G\u00e9n\u00e9rer un PDF\" style=\"width:auto; height:45px;\"><\/a>\n\t\t<\/div>","protected":false},"excerpt":{"rendered":"<p>D\u00e9cor\u00e9 aux couleurs de son h\u00e9ro\u00efne pr\u00e9f\u00e9r\u00e9 de Miraculous, Ladybug est le cadeaux id\u00e9al pour lui souhaiter joyeux anniversaire .<\/p>\n","protected":false},"featured_media":1232,"comment_status":"open","ping_status":"closed","template":"","meta":{"jetpack_publicize_message":"","jetpack_publicize_feature_enabled":true,"jetpack_social_post_already_shared":false,"jetpack_social_options":{"image_generator_settings":{"template":"highway","default_image_id":0,"font":"","enabled":false},"version":2}},"product_brand":[],"product_cat":[104,95,96,48],"product_tag":[30],"class_list":{"0":"post-1231","1":"product","2":"type-product","3":"status-publish","4":"has-post-thumbnail","6":"product_cat-disney","7":"product_cat-gateaux","8":"product_cat-gateaux-danniversaire","9":"product_cat-patisserieviennoiserie","10":"product_tag-ladybug","12":"first","13":"instock","14":"shipping-taxable","15":"purchasable","16":"product-type-variable"},"ams_default_variation_id":0,"ams_product_points_reward":[],"ams_product_discount_percentage":0,"ams_price_to_display":60000,"aioseo_notices":[],"ams_acf":[],"jetpack_publicize_connections":[],"jetpack_sharing_enabled":true,"jetpack_likes_enabled":true,"_links":{"self":[{"href":"https:\/\/ikasougou.com\/mamydelices\/wp-json\/wp\/v2\/product\/1231","targetHints":{"allow":["GET"]}}],"collection":[{"href":"https:\/\/ikasougou.com\/mamydelices\/wp-json\/wp\/v2\/product"}],"about":[{"href":"https:\/\/ikasougou.com\/mamydelices\/wp-json\/wp\/v2\/types\/product"}],"replies":[{"embeddable":true,"href":"https:\/\/ikasougou.com\/mamydelices\/wp-json\/wp\/v2\/comments?post=1231"}],"wp:featuredmedia":[{"embeddable":true,"href":"https:\/\/ikasougou.com\/mamydelices\/wp-json\/wp\/v2\/media\/1232"}],"wp:attachment":[{"href":"https:\/\/ikasougou.com\/mamydelices\/wp-json\/wp\/v2\/media?parent=1231"}],"wp:term":[{"taxonomy":"product_brand","embeddable":true,"href":"https:\/\/ikasougou.com\/mamydelices\/wp-json\/wp\/v2\/product_brand?post=1231"},{"taxonomy":"product_cat","embeddable":true,"href":"https:\/\/ikasougou.com\/mamydelices\/wp-json\/wp\/v2\/product_cat?post=1231"},{"taxonomy":"product_tag","embeddable":true,"href":"https:\/\/ikasougou.com\/mamydelices\/wp-json\/wp\/v2\/product_tag?post=1231"}],"curies":[{"name":"wp","href":"https:\/\/api.w.org\/{rel}","templated":true}]}}