{"id":124,"date":"2019-08-06T17:03:44","date_gmt":"2019-08-06T15:03:44","guid":{"rendered":"https:\/\/ikasougou.com\/mamydelices\/produit\/gateaux-special-delices\/"},"modified":"2020-01-18T15:07:08","modified_gmt":"2020-01-18T14:07:08","slug":"gateaux-special-delices","status":"publish","type":"product","link":"https:\/\/ikasougou.com\/mamydelices\/produit\/gateaux-special-delices\/","title":{"rendered":"G\u00c2TEAUX SP\u00c9CIAL STYLISTES"},"content":{"rendered":"<h1><span class=\"irc_su\">Ce d\u00e9licieux savoureux d\u00e9licieux et cr\u00e9meux qui fond dans la bouche pour les fin palets id\u00e9al pour vos anniversaires personnalis\u00e9 a votre souhaits .<br \/>\n<\/span><\/h1>\n<p><img loading=\"lazy\" decoding=\"async\" class=\"size-medium wp-image-1664 aligncenter\" src=\"https:\/\/ikasougou.com\/mamydelices\/wp-content\/uploads\/sites\/67\/2019\/08\/WhatsApp-Image-2019-07-27-at-14.17.20-250x300.jpeg\" alt=\"\" width=\"250\" height=\"300\" srcset=\"https:\/\/ikasougou.com\/mamydelices\/wp-content\/uploads\/sites\/67\/2019\/08\/WhatsApp-Image-2019-07-27-at-14.17.20-250x300.jpeg 250w, https:\/\/ikasougou.com\/mamydelices\/wp-content\/uploads\/sites\/67\/2019\/08\/WhatsApp-Image-2019-07-27-at-14.17.20.jpeg 452w\" sizes=\"auto, (max-width: 250px) 100vw, 250px\" \/><\/p>\n<div style=\"display:flex; gap:10px;justify-content:center\" class=\"wps-pgfw-pdf-generate-icon__wrapper-frontend\">\n\t\t<a  href=\"https:\/\/ikasougou.com\/mamydelices\/wp-json\/wp\/v2\/product\/124?action=genpdf&amp;id=124\" class=\"pgfw-single-pdf-download-button\" ><img src=\"https:\/\/ikasougou.com\/mamydelices\/wp-content\/plugins\/pdf-generator-for-wp\/admin\/src\/images\/PDF_Tray.svg\" title=\"G\u00e9n\u00e9rer un PDF\" style=\"width:auto; height:45px;\"><\/a>\n\t\t<\/div>","protected":false},"excerpt":{"rendered":"<p>Ce d\u00e9licieux savoureux d\u00e9licieux et cr\u00e9meux qui fond dans la bouche pour les fin palets id\u00e9al pour vos anniversaires personnalis\u00e9 a votre souhaits .<\/p>\n","protected":false},"featured_media":886,"comment_status":"open","ping_status":"closed","template":"","meta":{"jetpack_publicize_message":"","jetpack_publicize_feature_enabled":true,"jetpack_social_post_already_shared":false,"jetpack_social_options":{"image_generator_settings":{"template":"highway","default_image_id":0,"font":"","enabled":false},"version":2}},"product_brand":[],"product_cat":[95,96],"product_tag":[],"class_list":{"0":"post-124","1":"product","2":"type-product","3":"status-publish","4":"has-post-thumbnail","6":"product_cat-gateaux","7":"product_cat-gateaux-danniversaire","9":"first","10":"instock","11":"shipping-taxable","12":"purchasable","13":"product-type-variable"},"ams_default_variation_id":0,"ams_product_points_reward":[],"ams_product_discount_percentage":0,"ams_price_to_display":35000,"aioseo_notices":[],"ams_acf":[],"jetpack_publicize_connections":[],"jetpack_sharing_enabled":true,"jetpack_likes_enabled":true,"_links":{"self":[{"href":"https:\/\/ikasougou.com\/mamydelices\/wp-json\/wp\/v2\/product\/124","targetHints":{"allow":["GET"]}}],"collection":[{"href":"https:\/\/ikasougou.com\/mamydelices\/wp-json\/wp\/v2\/product"}],"about":[{"href":"https:\/\/ikasougou.com\/mamydelices\/wp-json\/wp\/v2\/types\/product"}],"replies":[{"embeddable":true,"href":"https:\/\/ikasougou.com\/mamydelices\/wp-json\/wp\/v2\/comments?post=124"}],"wp:featuredmedia":[{"embeddable":true,"href":"https:\/\/ikasougou.com\/mamydelices\/wp-json\/wp\/v2\/media\/886"}],"wp:attachment":[{"href":"https:\/\/ikasougou.com\/mamydelices\/wp-json\/wp\/v2\/media?parent=124"}],"wp:term":[{"taxonomy":"product_brand","embeddable":true,"href":"https:\/\/ikasougou.com\/mamydelices\/wp-json\/wp\/v2\/product_brand?post=124"},{"taxonomy":"product_cat","embeddable":true,"href":"https:\/\/ikasougou.com\/mamydelices\/wp-json\/wp\/v2\/product_cat?post=124"},{"taxonomy":"product_tag","embeddable":true,"href":"https:\/\/ikasougou.com\/mamydelices\/wp-json\/wp\/v2\/product_tag?post=124"}],"curies":[{"name":"wp","href":"https:\/\/api.w.org\/{rel}","templated":true}]}}