{"id":1430,"date":"2019-10-31T14:26:00","date_gmt":"2019-10-31T13:26:00","guid":{"rendered":"https:\/\/ikasougou.com\/mamydelices\/?post_type=product&#038;p=1430"},"modified":"2019-10-31T14:26:00","modified_gmt":"2019-10-31T13:26:00","slug":"gateaux-princesse","status":"publish","type":"product","link":"https:\/\/ikasougou.com\/mamydelices\/produit\/gateaux-princesse\/","title":{"rendered":"G\u00c2TEAUX PRINCESSE"},"content":{"rendered":"<h1>Faite plaisir \u00e0 votre princesse en lui offrant un g\u00e2teaux d&#8217;anniversaire d\u00e9licieux.<\/h1>\n<p><img loading=\"lazy\" decoding=\"async\" class=\"alignnone size-medium wp-image-1431\" src=\"https:\/\/ikasougou.com\/mamydelices\/wp-content\/uploads\/sites\/67\/2019\/10\/WhatsApp-Image-2019-10-01-at-15.38.35-1-300x225.jpeg\" alt=\"\" width=\"300\" height=\"225\" srcset=\"https:\/\/ikasougou.com\/mamydelices\/wp-content\/uploads\/sites\/67\/2019\/10\/WhatsApp-Image-2019-10-01-at-15.38.35-1-300x225.jpeg 300w, https:\/\/ikasougou.com\/mamydelices\/wp-content\/uploads\/sites\/67\/2019\/10\/WhatsApp-Image-2019-10-01-at-15.38.35-1-768x576.jpeg 768w, https:\/\/ikasougou.com\/mamydelices\/wp-content\/uploads\/sites\/67\/2019\/10\/WhatsApp-Image-2019-10-01-at-15.38.35-1-600x450.jpeg 600w, https:\/\/ikasougou.com\/mamydelices\/wp-content\/uploads\/sites\/67\/2019\/10\/WhatsApp-Image-2019-10-01-at-15.38.35-1.jpeg 960w\" sizes=\"auto, (max-width: 300px) 100vw, 300px\" \/><\/p>\n<div style=\"display:flex; gap:10px;justify-content:center\" class=\"wps-pgfw-pdf-generate-icon__wrapper-frontend\">\n\t\t<a  href=\"https:\/\/ikasougou.com\/mamydelices\/wp-json\/wp\/v2\/product\/1430?action=genpdf&amp;id=1430\" class=\"pgfw-single-pdf-download-button\" ><img src=\"https:\/\/ikasougou.com\/mamydelices\/wp-content\/plugins\/pdf-generator-for-wp\/admin\/src\/images\/PDF_Tray.svg\" title=\"G\u00e9n\u00e9rer un PDF\" style=\"width:auto; height:45px;\"><\/a>\n\t\t<\/div>","protected":false},"excerpt":{"rendered":"<p>Faite plaisir \u00e0 votre princesse en lui offrant un g\u00e2teaux d&#8217;anniversaire d\u00e9licieux.<\/p>\n","protected":false},"featured_media":1431,"comment_status":"open","ping_status":"closed","template":"","meta":{"jetpack_publicize_message":"","jetpack_publicize_feature_enabled":true,"jetpack_social_post_already_shared":false,"jetpack_social_options":{"image_generator_settings":{"template":"highway","default_image_id":0,"font":"","enabled":false},"version":2}},"product_brand":[],"product_cat":[104,95,96,48],"product_tag":[106],"class_list":{"0":"post-1430","1":"product","2":"type-product","3":"status-publish","4":"has-post-thumbnail","6":"product_cat-disney","7":"product_cat-gateaux","8":"product_cat-gateaux-danniversaire","9":"product_cat-patisserieviennoiserie","10":"product_tag-princesse","12":"first","13":"instock","14":"shipping-taxable","15":"purchasable","16":"product-type-variable"},"ams_default_variation_id":0,"ams_product_points_reward":[],"ams_product_discount_percentage":0,"ams_price_to_display":24000,"aioseo_notices":[],"ams_acf":[],"jetpack_publicize_connections":[],"jetpack_sharing_enabled":true,"jetpack_likes_enabled":true,"_links":{"self":[{"href":"https:\/\/ikasougou.com\/mamydelices\/wp-json\/wp\/v2\/product\/1430","targetHints":{"allow":["GET"]}}],"collection":[{"href":"https:\/\/ikasougou.com\/mamydelices\/wp-json\/wp\/v2\/product"}],"about":[{"href":"https:\/\/ikasougou.com\/mamydelices\/wp-json\/wp\/v2\/types\/product"}],"replies":[{"embeddable":true,"href":"https:\/\/ikasougou.com\/mamydelices\/wp-json\/wp\/v2\/comments?post=1430"}],"wp:featuredmedia":[{"embeddable":true,"href":"https:\/\/ikasougou.com\/mamydelices\/wp-json\/wp\/v2\/media\/1431"}],"wp:attachment":[{"href":"https:\/\/ikasougou.com\/mamydelices\/wp-json\/wp\/v2\/media?parent=1430"}],"wp:term":[{"taxonomy":"product_brand","embeddable":true,"href":"https:\/\/ikasougou.com\/mamydelices\/wp-json\/wp\/v2\/product_brand?post=1430"},{"taxonomy":"product_cat","embeddable":true,"href":"https:\/\/ikasougou.com\/mamydelices\/wp-json\/wp\/v2\/product_cat?post=1430"},{"taxonomy":"product_tag","embeddable":true,"href":"https:\/\/ikasougou.com\/mamydelices\/wp-json\/wp\/v2\/product_tag?post=1430"}],"curies":[{"name":"wp","href":"https:\/\/api.w.org\/{rel}","templated":true}]}}