{"id":1717,"date":"2019-12-16T11:32:28","date_gmt":"2019-12-16T10:32:28","guid":{"rendered":"https:\/\/ikasougou.com\/mamydelices\/?post_type=product&#038;p=1717"},"modified":"2019-12-17T22:40:32","modified_gmt":"2019-12-17T21:40:32","slug":"buche-de-noel-la-terrine-aux-3-chocolats","status":"publish","type":"product","link":"https:\/\/ikasougou.com\/mamydelices\/produit\/buche-de-noel-la-terrine-aux-3-chocolats\/","title":{"rendered":"BUCHE DE NO\u00cbL TRIO CHOCOLAT\u00c9"},"content":{"rendered":"<h1><strong><span class=\"st\">Trio chocolat\u00e9 pour trois fois plus de plaisir ! D\u00e9couvrez notre recette illustr\u00e9e de la <em>b\u00fbche<\/em> <\/span><\/strong><\/h1>\n<h1><strong><span class=\"st\">Trio chocolat\u00e9<\/span><\/strong> compos\u00e9<\/h1>\n<h1><strong>: <\/strong>Mousse de chocolat noir, blanche et au c\u0153ur croquant au chocolat et gla\u00e7age chocolat noir<\/h1>\n<h1><img loading=\"lazy\" decoding=\"async\" class=\"alignnone size-medium wp-image-1718\" src=\"https:\/\/ikasougou.com\/mamydelices\/wp-content\/uploads\/sites\/67\/2019\/12\/3-chocolats-225x300.jpeg\" alt=\"\" width=\"225\" height=\"300\" srcset=\"https:\/\/ikasougou.com\/mamydelices\/wp-content\/uploads\/sites\/67\/2019\/12\/3-chocolats-225x300.jpeg 225w, https:\/\/ikasougou.com\/mamydelices\/wp-content\/uploads\/sites\/67\/2019\/12\/3-chocolats-768x1024.jpeg 768w, https:\/\/ikasougou.com\/mamydelices\/wp-content\/uploads\/sites\/67\/2019\/12\/3-chocolats-600x800.jpeg 600w, https:\/\/ikasougou.com\/mamydelices\/wp-content\/uploads\/sites\/67\/2019\/12\/3-chocolats.jpeg 780w\" sizes=\"auto, (max-width: 225px) 100vw, 225px\" \/><\/h1>\n<div style=\"display:flex; gap:10px;justify-content:center\" class=\"wps-pgfw-pdf-generate-icon__wrapper-frontend\">\n\t\t<a  href=\"https:\/\/ikasougou.com\/mamydelices\/wp-json\/wp\/v2\/product\/1717?action=genpdf&amp;id=1717\" class=\"pgfw-single-pdf-download-button\" ><img src=\"https:\/\/ikasougou.com\/mamydelices\/wp-content\/plugins\/pdf-generator-for-wp\/admin\/src\/images\/PDF_Tray.svg\" title=\"G\u00e9n\u00e9rer un PDF\" style=\"width:auto; height:45px;\"><\/a>\n\t\t<\/div>","protected":false},"excerpt":{"rendered":"<p>Trio chocolat\u00e9 pour trois fois plus de plaisir ! D\u00e9couvrez notre recette illustr\u00e9e de la b\u00fbche Trio chocolat\u00e9 compos\u00e9 : Mousse de chocolat noir, blanche et au c\u0153ur croquant au chocolat et gla\u00e7age chocolat noir<\/p>\n","protected":false},"featured_media":1718,"comment_status":"open","ping_status":"closed","template":"","meta":{"jetpack_publicize_message":"","jetpack_publicize_feature_enabled":true,"jetpack_social_post_already_shared":false,"jetpack_social_options":{"image_generator_settings":{"template":"highway","default_image_id":0,"font":"","enabled":false},"version":2}},"product_brand":[],"product_cat":[113,48],"product_tag":[114,115],"class_list":{"0":"post-1717","1":"product","2":"type-product","3":"status-publish","4":"has-post-thumbnail","6":"product_cat-buches-de-noel","7":"product_cat-patisserieviennoiserie","8":"product_tag-buche-de-noel","9":"product_tag-trio-chocolate","11":"first","12":"instock","13":"shipping-taxable","14":"purchasable","15":"product-type-variable"},"ams_default_variation_id":0,"ams_product_points_reward":[],"ams_product_discount_percentage":0,"ams_price_to_display":16000,"aioseo_notices":[],"ams_acf":[],"jetpack_publicize_connections":[],"jetpack_sharing_enabled":true,"jetpack_likes_enabled":true,"_links":{"self":[{"href":"https:\/\/ikasougou.com\/mamydelices\/wp-json\/wp\/v2\/product\/1717","targetHints":{"allow":["GET"]}}],"collection":[{"href":"https:\/\/ikasougou.com\/mamydelices\/wp-json\/wp\/v2\/product"}],"about":[{"href":"https:\/\/ikasougou.com\/mamydelices\/wp-json\/wp\/v2\/types\/product"}],"replies":[{"embeddable":true,"href":"https:\/\/ikasougou.com\/mamydelices\/wp-json\/wp\/v2\/comments?post=1717"}],"wp:featuredmedia":[{"embeddable":true,"href":"https:\/\/ikasougou.com\/mamydelices\/wp-json\/wp\/v2\/media\/1718"}],"wp:attachment":[{"href":"https:\/\/ikasougou.com\/mamydelices\/wp-json\/wp\/v2\/media?parent=1717"}],"wp:term":[{"taxonomy":"product_brand","embeddable":true,"href":"https:\/\/ikasougou.com\/mamydelices\/wp-json\/wp\/v2\/product_brand?post=1717"},{"taxonomy":"product_cat","embeddable":true,"href":"https:\/\/ikasougou.com\/mamydelices\/wp-json\/wp\/v2\/product_cat?post=1717"},{"taxonomy":"product_tag","embeddable":true,"href":"https:\/\/ikasougou.com\/mamydelices\/wp-json\/wp\/v2\/product_tag?post=1717"}],"curies":[{"name":"wp","href":"https:\/\/api.w.org\/{rel}","templated":true}]}}