{"id":2036,"date":"2020-04-05T16:41:12","date_gmt":"2020-04-05T14:41:12","guid":{"rendered":"https:\/\/ikasougou.com\/mamydelices\/?post_type=product&#038;p=2036"},"modified":"2022-07-27T12:31:12","modified_gmt":"2022-07-27T10:31:12","slug":"gateaux-barca","status":"publish","type":"product","link":"https:\/\/ikasougou.com\/mamydelices\/produit\/gateaux-barca\/","title":{"rendered":"Gateaux BARCA"},"content":{"rendered":"<h1>Pour f\u00eater son anniversaire , une victoire, un troph\u00e9e ou m\u00eame en cadeau de sain valentin ce g\u00e2teau de son \u00e9quipe c\u0153ur le FC Barcelone est le choix id\u00e9al .<\/h1>\n<p><img loading=\"lazy\" decoding=\"async\" class=\"size-medium wp-image-2037 aligncenter\" src=\"https:\/\/ikasougou.com\/mamydelices\/wp-content\/uploads\/sites\/67\/2020\/04\/BARCA-1-225x300.jpg\" alt=\"\" width=\"225\" height=\"300\" srcset=\"https:\/\/ikasougou.com\/mamydelices\/wp-content\/uploads\/sites\/67\/2020\/04\/BARCA-1-225x300.jpg 225w, https:\/\/ikasougou.com\/mamydelices\/wp-content\/uploads\/sites\/67\/2020\/04\/BARCA-1-768x1024.jpg 768w, https:\/\/ikasougou.com\/mamydelices\/wp-content\/uploads\/sites\/67\/2020\/04\/BARCA-1-600x800.jpg 600w, https:\/\/ikasougou.com\/mamydelices\/wp-content\/uploads\/sites\/67\/2020\/04\/BARCA-1.jpg 774w\" sizes=\"auto, (max-width: 225px) 100vw, 225px\" \/><\/p>\n<p>&nbsp;<\/p>\n<div style=\"display:flex; gap:10px;justify-content:center\" class=\"wps-pgfw-pdf-generate-icon__wrapper-frontend\">\n\t\t<a  href=\"https:\/\/ikasougou.com\/mamydelices\/wp-json\/wp\/v2\/product\/2036?action=genpdf&amp;id=2036\" class=\"pgfw-single-pdf-download-button\" ><img src=\"https:\/\/ikasougou.com\/mamydelices\/wp-content\/plugins\/pdf-generator-for-wp\/admin\/src\/images\/PDF_Tray.svg\" title=\"G\u00e9n\u00e9rer un PDF\" style=\"width:auto; height:45px;\"><\/a>\n\t\t<\/div>","protected":false},"excerpt":{"rendered":"<p>Pour f\u00eater son anniversaire , une victoire, un troph\u00e9e ou m\u00eame en cadeau de sain valentin ce g\u00e2teau de son \u00e9quipe c\u0153ur le FC Barcelone est le choix id\u00e9al . &nbsp;<\/p>\n","protected":false},"featured_media":2037,"comment_status":"open","ping_status":"closed","template":"","meta":{"jetpack_publicize_message":"","jetpack_publicize_feature_enabled":true,"jetpack_social_post_already_shared":true,"jetpack_social_options":{"image_generator_settings":{"template":"highway","default_image_id":0,"font":"","enabled":false},"version":2}},"product_brand":[],"product_cat":[95,96,48],"product_tag":[],"class_list":{"0":"post-2036","1":"product","2":"type-product","3":"status-publish","4":"has-post-thumbnail","6":"product_cat-gateaux","7":"product_cat-gateaux-danniversaire","8":"product_cat-patisserieviennoiserie","10":"first","11":"instock","12":"shipping-taxable","13":"purchasable","14":"product-type-variable"},"ams_default_variation_id":0,"ams_product_points_reward":[],"ams_product_discount_percentage":0,"ams_price_to_display":40000,"aioseo_notices":[],"ams_acf":[],"jetpack_publicize_connections":[],"jetpack_sharing_enabled":true,"jetpack_likes_enabled":true,"_links":{"self":[{"href":"https:\/\/ikasougou.com\/mamydelices\/wp-json\/wp\/v2\/product\/2036","targetHints":{"allow":["GET"]}}],"collection":[{"href":"https:\/\/ikasougou.com\/mamydelices\/wp-json\/wp\/v2\/product"}],"about":[{"href":"https:\/\/ikasougou.com\/mamydelices\/wp-json\/wp\/v2\/types\/product"}],"replies":[{"embeddable":true,"href":"https:\/\/ikasougou.com\/mamydelices\/wp-json\/wp\/v2\/comments?post=2036"}],"wp:featuredmedia":[{"embeddable":true,"href":"https:\/\/ikasougou.com\/mamydelices\/wp-json\/wp\/v2\/media\/2037"}],"wp:attachment":[{"href":"https:\/\/ikasougou.com\/mamydelices\/wp-json\/wp\/v2\/media?parent=2036"}],"wp:term":[{"taxonomy":"product_brand","embeddable":true,"href":"https:\/\/ikasougou.com\/mamydelices\/wp-json\/wp\/v2\/product_brand?post=2036"},{"taxonomy":"product_cat","embeddable":true,"href":"https:\/\/ikasougou.com\/mamydelices\/wp-json\/wp\/v2\/product_cat?post=2036"},{"taxonomy":"product_tag","embeddable":true,"href":"https:\/\/ikasougou.com\/mamydelices\/wp-json\/wp\/v2\/product_tag?post=2036"}],"curies":[{"name":"wp","href":"https:\/\/api.w.org\/{rel}","templated":true}]}}