{"id":2061,"date":"2020-04-19T00:33:43","date_gmt":"2020-04-18T22:33:43","guid":{"rendered":"https:\/\/ikasougou.com\/mamydelices\/?post_type=product&#038;p=2061"},"modified":"2022-07-27T12:26:03","modified_gmt":"2022-07-27T10:26:03","slug":"une-selection-de-donuts","status":"publish","type":"product","link":"https:\/\/ikasougou.com\/mamydelices\/produit\/une-selection-de-donuts\/","title":{"rendered":"S\u00e9lection De Donuts"},"content":{"rendered":"<h1>Nos d\u00e9licieux beignets viennent dans une vari\u00e9t\u00e9 de saveurs, donc il y a un favori pour tout le monde.<\/h1>\n<p><img loading=\"lazy\" decoding=\"async\" class=\"alignnone size-medium wp-image-2062\" src=\"https:\/\/ikasougou.com\/mamydelices\/wp-content\/uploads\/sites\/67\/2020\/04\/WhatsApp-Image-2020-04-10-at-12.25.57-1-225x300.jpeg\" alt=\"\" width=\"225\" height=\"300\" srcset=\"https:\/\/ikasougou.com\/mamydelices\/wp-content\/uploads\/sites\/67\/2020\/04\/WhatsApp-Image-2020-04-10-at-12.25.57-1-225x300.jpeg 225w, https:\/\/ikasougou.com\/mamydelices\/wp-content\/uploads\/sites\/67\/2020\/04\/WhatsApp-Image-2020-04-10-at-12.25.57-1-768x1024.jpeg 768w, https:\/\/ikasougou.com\/mamydelices\/wp-content\/uploads\/sites\/67\/2020\/04\/WhatsApp-Image-2020-04-10-at-12.25.57-1-600x800.jpeg 600w, https:\/\/ikasougou.com\/mamydelices\/wp-content\/uploads\/sites\/67\/2020\/04\/WhatsApp-Image-2020-04-10-at-12.25.57-1.jpeg 810w\" sizes=\"auto, (max-width: 225px) 100vw, 225px\" \/> <img loading=\"lazy\" decoding=\"async\" class=\"alignnone size-medium wp-image-2063\" src=\"https:\/\/ikasougou.com\/mamydelices\/wp-content\/uploads\/sites\/67\/2020\/04\/WhatsApp-Image-2020-04-10-at-12.25.57-256x300.jpeg\" alt=\"\" width=\"256\" height=\"300\" srcset=\"https:\/\/ikasougou.com\/mamydelices\/wp-content\/uploads\/sites\/67\/2020\/04\/WhatsApp-Image-2020-04-10-at-12.25.57-256x300.jpeg 256w, https:\/\/ikasougou.com\/mamydelices\/wp-content\/uploads\/sites\/67\/2020\/04\/WhatsApp-Image-2020-04-10-at-12.25.57-600x703.jpeg 600w, https:\/\/ikasougou.com\/mamydelices\/wp-content\/uploads\/sites\/67\/2020\/04\/WhatsApp-Image-2020-04-10-at-12.25.57.jpeg 608w\" sizes=\"auto, (max-width: 256px) 100vw, 256px\" \/> <img loading=\"lazy\" decoding=\"async\" class=\"alignnone size-medium wp-image-2064\" src=\"https:\/\/ikasougou.com\/mamydelices\/wp-content\/uploads\/sites\/67\/2020\/04\/WhatsApp-Image-2020-04-10-at-12.25.58-1-225x300.jpeg\" alt=\"\" width=\"225\" height=\"300\" srcset=\"https:\/\/ikasougou.com\/mamydelices\/wp-content\/uploads\/sites\/67\/2020\/04\/WhatsApp-Image-2020-04-10-at-12.25.58-1-225x300.jpeg 225w, https:\/\/ikasougou.com\/mamydelices\/wp-content\/uploads\/sites\/67\/2020\/04\/WhatsApp-Image-2020-04-10-at-12.25.58-1-768x1024.jpeg 768w, https:\/\/ikasougou.com\/mamydelices\/wp-content\/uploads\/sites\/67\/2020\/04\/WhatsApp-Image-2020-04-10-at-12.25.58-1-600x800.jpeg 600w, https:\/\/ikasougou.com\/mamydelices\/wp-content\/uploads\/sites\/67\/2020\/04\/WhatsApp-Image-2020-04-10-at-12.25.58-1.jpeg 810w\" sizes=\"auto, (max-width: 225px) 100vw, 225px\" \/> <img loading=\"lazy\" decoding=\"async\" class=\"alignnone size-medium wp-image-2065\" src=\"https:\/\/ikasougou.com\/mamydelices\/wp-content\/uploads\/sites\/67\/2020\/04\/WhatsApp-Image-2020-04-10-at-12.25.58-225x300.jpeg\" alt=\"\" width=\"225\" height=\"300\" srcset=\"https:\/\/ikasougou.com\/mamydelices\/wp-content\/uploads\/sites\/67\/2020\/04\/WhatsApp-Image-2020-04-10-at-12.25.58-225x300.jpeg 225w, https:\/\/ikasougou.com\/mamydelices\/wp-content\/uploads\/sites\/67\/2020\/04\/WhatsApp-Image-2020-04-10-at-12.25.58-768x1024.jpeg 768w, https:\/\/ikasougou.com\/mamydelices\/wp-content\/uploads\/sites\/67\/2020\/04\/WhatsApp-Image-2020-04-10-at-12.25.58-600x800.jpeg 600w, https:\/\/ikasougou.com\/mamydelices\/wp-content\/uploads\/sites\/67\/2020\/04\/WhatsApp-Image-2020-04-10-at-12.25.58.jpeg 810w\" sizes=\"auto, (max-width: 225px) 100vw, 225px\" \/> <img loading=\"lazy\" decoding=\"async\" class=\"alignnone size-medium wp-image-2066\" src=\"https:\/\/ikasougou.com\/mamydelices\/wp-content\/uploads\/sites\/67\/2020\/04\/WhatsApp-Image-2020-04-10-at-12.25.59-1-225x300.jpeg\" alt=\"\" width=\"225\" height=\"300\" srcset=\"https:\/\/ikasougou.com\/mamydelices\/wp-content\/uploads\/sites\/67\/2020\/04\/WhatsApp-Image-2020-04-10-at-12.25.59-1-225x300.jpeg 225w, https:\/\/ikasougou.com\/mamydelices\/wp-content\/uploads\/sites\/67\/2020\/04\/WhatsApp-Image-2020-04-10-at-12.25.59-1-768x1024.jpeg 768w, https:\/\/ikasougou.com\/mamydelices\/wp-content\/uploads\/sites\/67\/2020\/04\/WhatsApp-Image-2020-04-10-at-12.25.59-1-600x800.jpeg 600w, https:\/\/ikasougou.com\/mamydelices\/wp-content\/uploads\/sites\/67\/2020\/04\/WhatsApp-Image-2020-04-10-at-12.25.59-1.jpeg 810w\" sizes=\"auto, (max-width: 225px) 100vw, 225px\" \/> <img loading=\"lazy\" decoding=\"async\" class=\"alignnone size-medium wp-image-2067\" src=\"https:\/\/ikasougou.com\/mamydelices\/wp-content\/uploads\/sites\/67\/2020\/04\/WhatsApp-Image-2020-04-10-at-12.25.59-225x300.jpeg\" alt=\"\" width=\"225\" height=\"300\" srcset=\"https:\/\/ikasougou.com\/mamydelices\/wp-content\/uploads\/sites\/67\/2020\/04\/WhatsApp-Image-2020-04-10-at-12.25.59-225x300.jpeg 225w, https:\/\/ikasougou.com\/mamydelices\/wp-content\/uploads\/sites\/67\/2020\/04\/WhatsApp-Image-2020-04-10-at-12.25.59-768x1024.jpeg 768w, https:\/\/ikasougou.com\/mamydelices\/wp-content\/uploads\/sites\/67\/2020\/04\/WhatsApp-Image-2020-04-10-at-12.25.59-600x800.jpeg 600w, https:\/\/ikasougou.com\/mamydelices\/wp-content\/uploads\/sites\/67\/2020\/04\/WhatsApp-Image-2020-04-10-at-12.25.59.jpeg 810w\" sizes=\"auto, (max-width: 225px) 100vw, 225px\" \/> <img loading=\"lazy\" decoding=\"async\" class=\"alignnone size-medium wp-image-2068\" src=\"https:\/\/ikasougou.com\/mamydelices\/wp-content\/uploads\/sites\/67\/2020\/04\/WhatsApp-Image-2020-04-10-at-12.26.00-300x225.jpeg\" alt=\"\" width=\"300\" height=\"225\" srcset=\"https:\/\/ikasougou.com\/mamydelices\/wp-content\/uploads\/sites\/67\/2020\/04\/WhatsApp-Image-2020-04-10-at-12.26.00-300x225.jpeg 300w, https:\/\/ikasougou.com\/mamydelices\/wp-content\/uploads\/sites\/67\/2020\/04\/WhatsApp-Image-2020-04-10-at-12.26.00-1024x768.jpeg 1024w, https:\/\/ikasougou.com\/mamydelices\/wp-content\/uploads\/sites\/67\/2020\/04\/WhatsApp-Image-2020-04-10-at-12.26.00-768x576.jpeg 768w, https:\/\/ikasougou.com\/mamydelices\/wp-content\/uploads\/sites\/67\/2020\/04\/WhatsApp-Image-2020-04-10-at-12.26.00-600x450.jpeg 600w, https:\/\/ikasougou.com\/mamydelices\/wp-content\/uploads\/sites\/67\/2020\/04\/WhatsApp-Image-2020-04-10-at-12.26.00.jpeg 1080w\" sizes=\"auto, (max-width: 300px) 100vw, 300px\" \/> <img loading=\"lazy\" decoding=\"async\" class=\"alignnone size-medium wp-image-2069\" src=\"https:\/\/ikasougou.com\/mamydelices\/wp-content\/uploads\/sites\/67\/2020\/04\/WhatsApp-Image-2020-04-10-at-12.26.01-225x300.jpeg\" alt=\"\" width=\"225\" height=\"300\" srcset=\"https:\/\/ikasougou.com\/mamydelices\/wp-content\/uploads\/sites\/67\/2020\/04\/WhatsApp-Image-2020-04-10-at-12.26.01-225x300.jpeg 225w, https:\/\/ikasougou.com\/mamydelices\/wp-content\/uploads\/sites\/67\/2020\/04\/WhatsApp-Image-2020-04-10-at-12.26.01-768x1024.jpeg 768w, https:\/\/ikasougou.com\/mamydelices\/wp-content\/uploads\/sites\/67\/2020\/04\/WhatsApp-Image-2020-04-10-at-12.26.01-600x800.jpeg 600w, https:\/\/ikasougou.com\/mamydelices\/wp-content\/uploads\/sites\/67\/2020\/04\/WhatsApp-Image-2020-04-10-at-12.26.01.jpeg 810w\" sizes=\"auto, (max-width: 225px) 100vw, 225px\" \/> <img loading=\"lazy\" decoding=\"async\" class=\"alignnone size-medium wp-image-2070\" src=\"https:\/\/ikasougou.com\/mamydelices\/wp-content\/uploads\/sites\/67\/2020\/04\/WhatsApp-Image-2020-04-10-at-12.26.03-225x300.jpeg\" alt=\"\" width=\"225\" height=\"300\" srcset=\"https:\/\/ikasougou.com\/mamydelices\/wp-content\/uploads\/sites\/67\/2020\/04\/WhatsApp-Image-2020-04-10-at-12.26.03-225x300.jpeg 225w, https:\/\/ikasougou.com\/mamydelices\/wp-content\/uploads\/sites\/67\/2020\/04\/WhatsApp-Image-2020-04-10-at-12.26.03-768x1024.jpeg 768w, https:\/\/ikasougou.com\/mamydelices\/wp-content\/uploads\/sites\/67\/2020\/04\/WhatsApp-Image-2020-04-10-at-12.26.03-600x800.jpeg 600w, https:\/\/ikasougou.com\/mamydelices\/wp-content\/uploads\/sites\/67\/2020\/04\/WhatsApp-Image-2020-04-10-at-12.26.03.jpeg 810w\" sizes=\"auto, (max-width: 225px) 100vw, 225px\" \/><\/p>\n<div style=\"display:flex; gap:10px;justify-content:center\" class=\"wps-pgfw-pdf-generate-icon__wrapper-frontend\">\n\t\t<a  href=\"https:\/\/ikasougou.com\/mamydelices\/wp-json\/wp\/v2\/product\/2061?action=genpdf&amp;id=2061\" class=\"pgfw-single-pdf-download-button\" ><img src=\"https:\/\/ikasougou.com\/mamydelices\/wp-content\/plugins\/pdf-generator-for-wp\/admin\/src\/images\/PDF_Tray.svg\" title=\"G\u00e9n\u00e9rer un PDF\" style=\"width:auto; height:45px;\"><\/a>\n\t\t<\/div>","protected":false},"excerpt":{"rendered":"<p>12 pi\u00e8ces<\/p>\n","protected":false},"featured_media":2067,"comment_status":"open","ping_status":"closed","template":"","meta":{"jetpack_publicize_message":"","jetpack_publicize_feature_enabled":true,"jetpack_social_post_already_shared":true,"jetpack_social_options":{"image_generator_settings":{"template":"highway","default_image_id":0,"font":"","enabled":false},"version":2}},"product_brand":[],"product_cat":[119,48],"product_tag":[],"class_list":{"0":"post-2061","1":"product","2":"type-product","3":"status-publish","4":"has-post-thumbnail","6":"product_cat-donuts","7":"product_cat-patisserieviennoiserie","9":"first","10":"instock","11":"shipping-taxable","12":"purchasable","13":"product-type-variable"},"ams_default_variation_id":0,"ams_product_points_reward":[],"ams_product_discount_percentage":0,"ams_price_to_display":10000,"aioseo_notices":[],"ams_acf":[],"jetpack_publicize_connections":[],"jetpack_sharing_enabled":true,"jetpack_likes_enabled":true,"_links":{"self":[{"href":"https:\/\/ikasougou.com\/mamydelices\/wp-json\/wp\/v2\/product\/2061","targetHints":{"allow":["GET"]}}],"collection":[{"href":"https:\/\/ikasougou.com\/mamydelices\/wp-json\/wp\/v2\/product"}],"about":[{"href":"https:\/\/ikasougou.com\/mamydelices\/wp-json\/wp\/v2\/types\/product"}],"replies":[{"embeddable":true,"href":"https:\/\/ikasougou.com\/mamydelices\/wp-json\/wp\/v2\/comments?post=2061"}],"wp:featuredmedia":[{"embeddable":true,"href":"https:\/\/ikasougou.com\/mamydelices\/wp-json\/wp\/v2\/media\/2067"}],"wp:attachment":[{"href":"https:\/\/ikasougou.com\/mamydelices\/wp-json\/wp\/v2\/media?parent=2061"}],"wp:term":[{"taxonomy":"product_brand","embeddable":true,"href":"https:\/\/ikasougou.com\/mamydelices\/wp-json\/wp\/v2\/product_brand?post=2061"},{"taxonomy":"product_cat","embeddable":true,"href":"https:\/\/ikasougou.com\/mamydelices\/wp-json\/wp\/v2\/product_cat?post=2061"},{"taxonomy":"product_tag","embeddable":true,"href":"https:\/\/ikasougou.com\/mamydelices\/wp-json\/wp\/v2\/product_tag?post=2061"}],"curies":[{"name":"wp","href":"https:\/\/api.w.org\/{rel}","templated":true}]}}