{"id":2108,"date":"2020-05-29T20:50:58","date_gmt":"2020-05-29T18:50:58","guid":{"rendered":"https:\/\/ikasougou.com\/mamydelices\/?post_type=product&#038;p=2108"},"modified":"2022-07-27T12:40:50","modified_gmt":"2022-07-27T10:40:50","slug":"gateaux-foret-noir","status":"publish","type":"product","link":"https:\/\/ikasougou.com\/mamydelices\/produit\/gateaux-foret-noir\/","title":{"rendered":"G\u00e2teaux Foret Noir"},"content":{"rendered":"<h1>D\u00e9gustez, partagez et offrez en cadeau ce d\u00e9licieux g\u00e2teaux classique Foret Noir pour les amoureux de chocolat comme g\u00e2teaux d&#8217;anniversaire .<\/h1>\n<p><img loading=\"lazy\" decoding=\"async\" class=\"size-medium wp-image-2112 aligncenter\" src=\"https:\/\/ikasougou.com\/mamydelices\/wp-content\/uploads\/sites\/67\/2020\/05\/WhatsApp-Image-2020-05-28-at-22.13.17-225x300.jpeg\" alt=\"\" width=\"225\" height=\"300\" srcset=\"https:\/\/ikasougou.com\/mamydelices\/wp-content\/uploads\/sites\/67\/2020\/05\/WhatsApp-Image-2020-05-28-at-22.13.17-225x300.jpeg 225w, https:\/\/ikasougou.com\/mamydelices\/wp-content\/uploads\/sites\/67\/2020\/05\/WhatsApp-Image-2020-05-28-at-22.13.17-768x1024.jpeg 768w, https:\/\/ikasougou.com\/mamydelices\/wp-content\/uploads\/sites\/67\/2020\/05\/WhatsApp-Image-2020-05-28-at-22.13.17-600x800.jpeg 600w, https:\/\/ikasougou.com\/mamydelices\/wp-content\/uploads\/sites\/67\/2020\/05\/WhatsApp-Image-2020-05-28-at-22.13.17.jpeg 810w\" sizes=\"auto, (max-width: 225px) 100vw, 225px\" \/><\/p>\n<p>&nbsp;<\/p>\n<div style=\"display:flex; gap:10px;justify-content:center\" class=\"wps-pgfw-pdf-generate-icon__wrapper-frontend\">\n\t\t<a  href=\"https:\/\/ikasougou.com\/mamydelices\/wp-json\/wp\/v2\/product\/2108?action=genpdf&amp;id=2108\" class=\"pgfw-single-pdf-download-button\" ><img src=\"https:\/\/ikasougou.com\/mamydelices\/wp-content\/plugins\/pdf-generator-for-wp\/admin\/src\/images\/PDF_Tray.svg\" title=\"G\u00e9n\u00e9rer un PDF\" style=\"width:auto; height:45px;\"><\/a>\n\t\t<\/div>","protected":false},"excerpt":{"rendered":"<p>D\u00e9gustez, partagez et offrez en cadeau ce d\u00e9licieux g\u00e2teaux classique Foret Noir pour les amoureux de chocolat comme g\u00e2teaux d&#8217;anniversaire . &nbsp;<\/p>\n","protected":false},"featured_media":2112,"comment_status":"open","ping_status":"closed","template":"","meta":{"jetpack_publicize_message":"","jetpack_publicize_feature_enabled":true,"jetpack_social_post_already_shared":true,"jetpack_social_options":{"image_generator_settings":{"template":"highway","default_image_id":0,"font":"","enabled":false},"version":2}},"product_brand":[],"product_cat":[95,96,48],"product_tag":[],"class_list":{"0":"post-2108","1":"product","2":"type-product","3":"status-publish","4":"has-post-thumbnail","6":"product_cat-gateaux","7":"product_cat-gateaux-danniversaire","8":"product_cat-patisserieviennoiserie","10":"first","11":"instock","12":"shipping-taxable","13":"purchasable","14":"product-type-variable"},"ams_default_variation_id":0,"ams_product_points_reward":[],"ams_product_discount_percentage":0,"ams_price_to_display":20000,"aioseo_notices":[],"ams_acf":[],"jetpack_publicize_connections":[],"jetpack_sharing_enabled":true,"jetpack_likes_enabled":true,"_links":{"self":[{"href":"https:\/\/ikasougou.com\/mamydelices\/wp-json\/wp\/v2\/product\/2108","targetHints":{"allow":["GET"]}}],"collection":[{"href":"https:\/\/ikasougou.com\/mamydelices\/wp-json\/wp\/v2\/product"}],"about":[{"href":"https:\/\/ikasougou.com\/mamydelices\/wp-json\/wp\/v2\/types\/product"}],"replies":[{"embeddable":true,"href":"https:\/\/ikasougou.com\/mamydelices\/wp-json\/wp\/v2\/comments?post=2108"}],"wp:featuredmedia":[{"embeddable":true,"href":"https:\/\/ikasougou.com\/mamydelices\/wp-json\/wp\/v2\/media\/2112"}],"wp:attachment":[{"href":"https:\/\/ikasougou.com\/mamydelices\/wp-json\/wp\/v2\/media?parent=2108"}],"wp:term":[{"taxonomy":"product_brand","embeddable":true,"href":"https:\/\/ikasougou.com\/mamydelices\/wp-json\/wp\/v2\/product_brand?post=2108"},{"taxonomy":"product_cat","embeddable":true,"href":"https:\/\/ikasougou.com\/mamydelices\/wp-json\/wp\/v2\/product_cat?post=2108"},{"taxonomy":"product_tag","embeddable":true,"href":"https:\/\/ikasougou.com\/mamydelices\/wp-json\/wp\/v2\/product_tag?post=2108"}],"curies":[{"name":"wp","href":"https:\/\/api.w.org\/{rel}","templated":true}]}}