{"id":2136,"date":"2020-06-20T16:26:10","date_gmt":"2020-06-20T14:26:10","guid":{"rendered":"https:\/\/ikasougou.com\/mamydelices\/?post_type=product&#038;p=2136"},"modified":"2022-07-27T12:37:43","modified_gmt":"2022-07-27T10:37:43","slug":"gateau-mille-et-une-merveille","status":"publish","type":"product","link":"https:\/\/ikasougou.com\/mamydelices\/produit\/gateau-mille-et-une-merveille\/","title":{"rendered":"G\u00e2teau Mille et une Merveille"},"content":{"rendered":"<h1>D\u00e9gustez ce magnifique G\u00e2teau mille et une merveille qui est un d\u00e9licieux m\u00e9lange de Cr\u00e8me vanille et de g\u00e9noise au chocolat d\u00e9corer de <span data-dobid=\"hdw\">paillettes<\/span> .<\/h1>\n<p><img loading=\"lazy\" decoding=\"async\" class=\"size-medium wp-image-2137 aligncenter\" src=\"https:\/\/ikasougou.com\/mamydelices\/wp-content\/uploads\/sites\/67\/2020\/06\/Mille-et-une-merveille-297x300.jpeg\" alt=\"\" width=\"297\" height=\"300\" srcset=\"https:\/\/ikasougou.com\/mamydelices\/wp-content\/uploads\/sites\/67\/2020\/06\/Mille-et-une-merveille-297x300.jpeg 297w, https:\/\/ikasougou.com\/mamydelices\/wp-content\/uploads\/sites\/67\/2020\/06\/Mille-et-une-merveille-768x775.jpeg 768w, https:\/\/ikasougou.com\/mamydelices\/wp-content\/uploads\/sites\/67\/2020\/06\/Mille-et-une-merveille-600x606.jpeg 600w, https:\/\/ikasougou.com\/mamydelices\/wp-content\/uploads\/sites\/67\/2020\/06\/Mille-et-une-merveille-100x100.jpeg 100w, https:\/\/ikasougou.com\/mamydelices\/wp-content\/uploads\/sites\/67\/2020\/06\/Mille-et-une-merveille.jpeg 951w\" sizes=\"auto, (max-width: 297px) 100vw, 297px\" \/><\/p>\n<div style=\"display:flex; gap:10px;justify-content:center\" class=\"wps-pgfw-pdf-generate-icon__wrapper-frontend\">\n\t\t<a  href=\"https:\/\/ikasougou.com\/mamydelices\/wp-json\/wp\/v2\/product\/2136?action=genpdf&amp;id=2136\" class=\"pgfw-single-pdf-download-button\" ><img src=\"https:\/\/ikasougou.com\/mamydelices\/wp-content\/plugins\/pdf-generator-for-wp\/admin\/src\/images\/PDF_Tray.svg\" title=\"G\u00e9n\u00e9rer un PDF\" style=\"width:auto; height:45px;\"><\/a>\n\t\t<\/div>","protected":false},"excerpt":{"rendered":"<p>D\u00e9gustez ce magnifique G\u00e2teau mille et une merveille qui est un d\u00e9licieux m\u00e9lange de Cr\u00e8me vanille et de g\u00e9noise au chocolat d\u00e9corer de paillettes .<\/p>\n","protected":false},"featured_media":2137,"comment_status":"open","ping_status":"closed","template":"","meta":{"jetpack_publicize_message":"","jetpack_publicize_feature_enabled":true,"jetpack_social_post_already_shared":true,"jetpack_social_options":{"image_generator_settings":{"template":"highway","default_image_id":0,"font":"","enabled":false},"version":2}},"product_brand":[],"product_cat":[95,96,97,98,48],"product_tag":[],"class_list":{"0":"post-2136","1":"product","2":"type-product","3":"status-publish","4":"has-post-thumbnail","6":"product_cat-gateaux","7":"product_cat-gateaux-danniversaire","8":"product_cat-gateaux-de-mariage","9":"product_cat-gateaux-de-saint-valentin","10":"product_cat-patisserieviennoiserie","12":"first","13":"instock","14":"shipping-taxable","15":"purchasable","16":"product-type-variable"},"ams_default_variation_id":0,"ams_product_points_reward":[],"ams_product_discount_percentage":0,"ams_price_to_display":15000,"aioseo_notices":[],"ams_acf":[],"jetpack_publicize_connections":[],"jetpack_sharing_enabled":true,"jetpack_likes_enabled":true,"_links":{"self":[{"href":"https:\/\/ikasougou.com\/mamydelices\/wp-json\/wp\/v2\/product\/2136","targetHints":{"allow":["GET"]}}],"collection":[{"href":"https:\/\/ikasougou.com\/mamydelices\/wp-json\/wp\/v2\/product"}],"about":[{"href":"https:\/\/ikasougou.com\/mamydelices\/wp-json\/wp\/v2\/types\/product"}],"replies":[{"embeddable":true,"href":"https:\/\/ikasougou.com\/mamydelices\/wp-json\/wp\/v2\/comments?post=2136"}],"wp:featuredmedia":[{"embeddable":true,"href":"https:\/\/ikasougou.com\/mamydelices\/wp-json\/wp\/v2\/media\/2137"}],"wp:attachment":[{"href":"https:\/\/ikasougou.com\/mamydelices\/wp-json\/wp\/v2\/media?parent=2136"}],"wp:term":[{"taxonomy":"product_brand","embeddable":true,"href":"https:\/\/ikasougou.com\/mamydelices\/wp-json\/wp\/v2\/product_brand?post=2136"},{"taxonomy":"product_cat","embeddable":true,"href":"https:\/\/ikasougou.com\/mamydelices\/wp-json\/wp\/v2\/product_cat?post=2136"},{"taxonomy":"product_tag","embeddable":true,"href":"https:\/\/ikasougou.com\/mamydelices\/wp-json\/wp\/v2\/product_tag?post=2136"}],"curies":[{"name":"wp","href":"https:\/\/api.w.org\/{rel}","templated":true}]}}