{"id":3132,"date":"2019-10-11T01:22:07","date_gmt":"2019-10-10T23:22:07","guid":{"rendered":"https:\/\/ikasougou.com\/boubacarbathily\/?post_type=product&#038;p=3132"},"modified":"2019-10-11T02:30:24","modified_gmt":"2019-10-11T00:30:24","slug":"une-selection-de-bazin-getzner-couleurs-violet-baga-rose-bleu-vert-turquoise","status":"publish","type":"product","link":"https:\/\/ikasougou.com\/momobazin\/produit\/une-selection-de-bazin-getzner-couleurs-violet-baga-rose-bleu-vert-turquoise\/","title":{"rendered":"Une S\u00e9lection de BAZIN GETZNER COULEURS (Violet Baga, Rose, Bleu, Vert, Turquoise)"},"content":{"rendered":"<p>Voici une s\u00e9lection de Bazin couleur unique id\u00e9al pour faire vos tenues de c\u00e9r\u00e9monies de mariages bapt\u00eames et f\u00eates coutumiers et religieux .\u00a0 .<\/p>\n<p>Violet Baga<\/p>\n<p><img data-recalc-dims=\"1\" loading=\"lazy\" decoding=\"async\" class=\"alignnone size-medium wp-image-3133\" src=\"https:\/\/i0.wp.com\/ikasougou.com\/boubacarbathily\/wp-content\/uploads\/sites\/5\/2019\/10\/WhatsApp-Image-2019-10-10-at-22.23.33-300x400.jpeg?resize=300%2C400&#038;ssl=1\" alt=\"\" width=\"300\" height=\"400\" srcset=\"https:\/\/i0.wp.com\/ikasougou.com\/momobazin\/wp-content\/uploads\/sites\/5\/2019\/10\/WhatsApp-Image-2019-10-10-at-22.23.33.jpeg?resize=300%2C400&amp;ssl=1 300w, https:\/\/i0.wp.com\/ikasougou.com\/momobazin\/wp-content\/uploads\/sites\/5\/2019\/10\/WhatsApp-Image-2019-10-10-at-22.23.33.jpeg?resize=768%2C1025&amp;ssl=1 768w, https:\/\/i0.wp.com\/ikasougou.com\/momobazin\/wp-content\/uploads\/sites\/5\/2019\/10\/WhatsApp-Image-2019-10-10-at-22.23.33.jpeg?resize=599%2C800&amp;ssl=1 599w, https:\/\/i0.wp.com\/ikasougou.com\/momobazin\/wp-content\/uploads\/sites\/5\/2019\/10\/WhatsApp-Image-2019-10-10-at-22.23.33.jpeg?resize=510%2C681&amp;ssl=1 510w, https:\/\/i0.wp.com\/ikasougou.com\/momobazin\/wp-content\/uploads\/sites\/5\/2019\/10\/WhatsApp-Image-2019-10-10-at-22.23.33.jpeg?w=809&amp;ssl=1 809w\" sizes=\"auto, (max-width: 300px) 100vw, 300px\" \/><\/p>\n<p>Rose<\/p>\n<p><img data-recalc-dims=\"1\" loading=\"lazy\" decoding=\"async\" class=\"alignnone size-medium wp-image-3134\" src=\"https:\/\/i0.wp.com\/ikasougou.com\/boubacarbathily\/wp-content\/uploads\/sites\/5\/2019\/10\/WhatsApp-Image-2019-10-10-at-22.23.35-300x400.jpeg?resize=300%2C400&#038;ssl=1\" alt=\"\" width=\"300\" height=\"400\" srcset=\"https:\/\/i0.wp.com\/ikasougou.com\/momobazin\/wp-content\/uploads\/sites\/5\/2019\/10\/WhatsApp-Image-2019-10-10-at-22.23.35.jpeg?resize=300%2C400&amp;ssl=1 300w, https:\/\/i0.wp.com\/ikasougou.com\/momobazin\/wp-content\/uploads\/sites\/5\/2019\/10\/WhatsApp-Image-2019-10-10-at-22.23.35.jpeg?resize=768%2C1025&amp;ssl=1 768w, https:\/\/i0.wp.com\/ikasougou.com\/momobazin\/wp-content\/uploads\/sites\/5\/2019\/10\/WhatsApp-Image-2019-10-10-at-22.23.35.jpeg?resize=599%2C800&amp;ssl=1 599w, https:\/\/i0.wp.com\/ikasougou.com\/momobazin\/wp-content\/uploads\/sites\/5\/2019\/10\/WhatsApp-Image-2019-10-10-at-22.23.35.jpeg?resize=510%2C681&amp;ssl=1 510w, https:\/\/i0.wp.com\/ikasougou.com\/momobazin\/wp-content\/uploads\/sites\/5\/2019\/10\/WhatsApp-Image-2019-10-10-at-22.23.35.jpeg?w=809&amp;ssl=1 809w\" sizes=\"auto, (max-width: 300px) 100vw, 300px\" \/><\/p>\n<p>bleu<\/p>\n<p><img data-recalc-dims=\"1\" loading=\"lazy\" decoding=\"async\" class=\"alignnone size-medium wp-image-3135\" src=\"https:\/\/i0.wp.com\/ikasougou.com\/boubacarbathily\/wp-content\/uploads\/sites\/5\/2019\/10\/WhatsApp-Image-2019-10-10-at-22.23.36-300x400.jpeg?resize=300%2C400&#038;ssl=1\" alt=\"\" width=\"300\" height=\"400\" srcset=\"https:\/\/i0.wp.com\/ikasougou.com\/momobazin\/wp-content\/uploads\/sites\/5\/2019\/10\/WhatsApp-Image-2019-10-10-at-22.23.36.jpeg?resize=300%2C400&amp;ssl=1 300w, https:\/\/i0.wp.com\/ikasougou.com\/momobazin\/wp-content\/uploads\/sites\/5\/2019\/10\/WhatsApp-Image-2019-10-10-at-22.23.36.jpeg?resize=768%2C1025&amp;ssl=1 768w, https:\/\/i0.wp.com\/ikasougou.com\/momobazin\/wp-content\/uploads\/sites\/5\/2019\/10\/WhatsApp-Image-2019-10-10-at-22.23.36.jpeg?resize=599%2C800&amp;ssl=1 599w, https:\/\/i0.wp.com\/ikasougou.com\/momobazin\/wp-content\/uploads\/sites\/5\/2019\/10\/WhatsApp-Image-2019-10-10-at-22.23.36.jpeg?resize=510%2C681&amp;ssl=1 510w, https:\/\/i0.wp.com\/ikasougou.com\/momobazin\/wp-content\/uploads\/sites\/5\/2019\/10\/WhatsApp-Image-2019-10-10-at-22.23.36.jpeg?w=809&amp;ssl=1 809w\" sizes=\"auto, (max-width: 300px) 100vw, 300px\" \/><\/p>\n<p>VERT<\/p>\n<p><img data-recalc-dims=\"1\" loading=\"lazy\" decoding=\"async\" class=\"alignnone size-medium wp-image-3136\" src=\"https:\/\/i0.wp.com\/ikasougou.com\/boubacarbathily\/wp-content\/uploads\/sites\/5\/2019\/10\/WhatsApp-Image-2019-10-10-at-22.23.38-300x400.jpeg?resize=300%2C400&#038;ssl=1\" alt=\"\" width=\"300\" height=\"400\" srcset=\"https:\/\/i0.wp.com\/ikasougou.com\/momobazin\/wp-content\/uploads\/sites\/5\/2019\/10\/WhatsApp-Image-2019-10-10-at-22.23.38.jpeg?resize=300%2C400&amp;ssl=1 300w, https:\/\/i0.wp.com\/ikasougou.com\/momobazin\/wp-content\/uploads\/sites\/5\/2019\/10\/WhatsApp-Image-2019-10-10-at-22.23.38.jpeg?resize=768%2C1025&amp;ssl=1 768w, https:\/\/i0.wp.com\/ikasougou.com\/momobazin\/wp-content\/uploads\/sites\/5\/2019\/10\/WhatsApp-Image-2019-10-10-at-22.23.38.jpeg?resize=599%2C800&amp;ssl=1 599w, https:\/\/i0.wp.com\/ikasougou.com\/momobazin\/wp-content\/uploads\/sites\/5\/2019\/10\/WhatsApp-Image-2019-10-10-at-22.23.38.jpeg?resize=510%2C681&amp;ssl=1 510w, https:\/\/i0.wp.com\/ikasougou.com\/momobazin\/wp-content\/uploads\/sites\/5\/2019\/10\/WhatsApp-Image-2019-10-10-at-22.23.38.jpeg?w=809&amp;ssl=1 809w\" sizes=\"auto, (max-width: 300px) 100vw, 300px\" \/><\/p>\n<p>&nbsp;<\/p>\n<p>Turquoise<\/p>\n<p><img data-recalc-dims=\"1\" loading=\"lazy\" decoding=\"async\" class=\"alignnone size-medium wp-image-3137\" src=\"https:\/\/i0.wp.com\/ikasougou.com\/boubacarbathily\/wp-content\/uploads\/sites\/5\/2019\/10\/WhatsApp-Image-2019-10-10-at-22.23.39-300x400.jpeg?resize=300%2C400&#038;ssl=1\" alt=\"\" width=\"300\" height=\"400\" srcset=\"https:\/\/i0.wp.com\/ikasougou.com\/momobazin\/wp-content\/uploads\/sites\/5\/2019\/10\/WhatsApp-Image-2019-10-10-at-22.23.39.jpeg?resize=300%2C400&amp;ssl=1 300w, https:\/\/i0.wp.com\/ikasougou.com\/momobazin\/wp-content\/uploads\/sites\/5\/2019\/10\/WhatsApp-Image-2019-10-10-at-22.23.39.jpeg?resize=768%2C1025&amp;ssl=1 768w, https:\/\/i0.wp.com\/ikasougou.com\/momobazin\/wp-content\/uploads\/sites\/5\/2019\/10\/WhatsApp-Image-2019-10-10-at-22.23.39.jpeg?resize=599%2C800&amp;ssl=1 599w, https:\/\/i0.wp.com\/ikasougou.com\/momobazin\/wp-content\/uploads\/sites\/5\/2019\/10\/WhatsApp-Image-2019-10-10-at-22.23.39.jpeg?resize=510%2C681&amp;ssl=1 510w, https:\/\/i0.wp.com\/ikasougou.com\/momobazin\/wp-content\/uploads\/sites\/5\/2019\/10\/WhatsApp-Image-2019-10-10-at-22.23.39.jpeg?w=809&amp;ssl=1 809w\" sizes=\"auto, (max-width: 300px) 100vw, 300px\" \/><\/p>\n<div style=\"display:flex; gap:10px;justify-content:center\" class=\"wps-pgfw-pdf-generate-icon__wrapper-frontend\">\n\t\t<a  href=\"https:\/\/ikasougou.com\/momobazin\/wp-json\/wp\/v2\/product\/3132?action=genpdf&amp;id=3132\" class=\"pgfw-single-pdf-download-button\" ><img src=\"https:\/\/ikasougou.com\/momobazin\/wp-content\/plugins\/pdf-generator-for-wp\/admin\/src\/images\/PDF_Tray.svg\" title=\"G\u00e9n\u00e9rer un PDF\" style=\"width:auto; height:45px;\"><\/a>\n\t\t<\/div>","protected":false},"excerpt":{"rendered":"<p>Voici une s\u00e9lection de Bazin couleur unique id\u00e9al pour faire vos tenues de c\u00e9r\u00e9monies de mariages bapt\u00eames et f\u00eates coutumiers et religieux .\u00a0 . Violet Baga Rose bleu VERT &nbsp; Turquoise<\/p>\n","protected":false},"featured_media":3133,"comment_status":"open","ping_status":"closed","template":"","meta":{"jetpack_post_was_ever_published":false,"jetpack_publicize_message":"","jetpack_publicize_feature_enabled":true,"jetpack_social_post_already_shared":true,"jetpack_social_options":{"image_generator_settings":{"template":"highway","default_image_id":0,"font":"","enabled":false},"version":2}},"product_brand":[],"product_cat":[17,16,30],"product_tag":[],"class_list":{"0":"post-3132","1":"product","2":"type-product","3":"status-publish","4":"has-post-thumbnail","6":"product_cat-bazin","7":"product_cat-textile-bijoux","8":"product_cat-vip","10":"first","11":"instock","12":"shipping-taxable","13":"purchasable","14":"product-type-variable"},"ams_default_variation_id":0,"ams_product_points_reward":[],"ams_product_discount_percentage":0,"ams_price_to_display":10000,"aioseo_notices":[],"ams_acf":[],"jetpack_publicize_connections":[],"jetpack_sharing_enabled":true,"jetpack_likes_enabled":true,"jetpack-related-posts":[],"_links":{"self":[{"href":"https:\/\/ikasougou.com\/momobazin\/wp-json\/wp\/v2\/product\/3132","targetHints":{"allow":["GET"]}}],"collection":[{"href":"https:\/\/ikasougou.com\/momobazin\/wp-json\/wp\/v2\/product"}],"about":[{"href":"https:\/\/ikasougou.com\/momobazin\/wp-json\/wp\/v2\/types\/product"}],"replies":[{"embeddable":true,"href":"https:\/\/ikasougou.com\/momobazin\/wp-json\/wp\/v2\/comments?post=3132"}],"wp:featuredmedia":[{"embeddable":true,"href":"https:\/\/ikasougou.com\/momobazin\/wp-json\/wp\/v2\/media\/3133"}],"wp:attachment":[{"href":"https:\/\/ikasougou.com\/momobazin\/wp-json\/wp\/v2\/media?parent=3132"}],"wp:term":[{"taxonomy":"product_brand","embeddable":true,"href":"https:\/\/ikasougou.com\/momobazin\/wp-json\/wp\/v2\/product_brand?post=3132"},{"taxonomy":"product_cat","embeddable":true,"href":"https:\/\/ikasougou.com\/momobazin\/wp-json\/wp\/v2\/product_cat?post=3132"},{"taxonomy":"product_tag","embeddable":true,"href":"https:\/\/ikasougou.com\/momobazin\/wp-json\/wp\/v2\/product_tag?post=3132"}],"curies":[{"name":"wp","href":"https:\/\/api.w.org\/{rel}","templated":true}]}}