{"id":3145,"date":"2019-10-11T02:06:25","date_gmt":"2019-10-11T00:06:25","guid":{"rendered":"https:\/\/ikasougou.com\/boubacarbathily\/?post_type=product&#038;p=3145"},"modified":"2019-10-11T02:39:32","modified_gmt":"2019-10-11T00:39:32","slug":"selection-de-3-bazin-getzner-cousus-grande-dame-vip-3456-metres","status":"publish","type":"product","link":"https:\/\/ikasougou.com\/momobazin\/produit\/selection-de-3-bazin-getzner-cousus-grande-dame-vip-3456-metres\/","title":{"rendered":"S\u00c9LECTION DE 3 BAZIN GETZNER COUSUS GRANDE DAME VIP (3,4,5,6 M\u00c8TRES)"},"content":{"rendered":"<p>Voici une s\u00e9lection de Bazin Riche Getzner VIP d\u00e9j\u00e0 cousus personnalisable \u00e0 votre guise pour les Grandes Dames .<\/p>\n<p>Voici les mod\u00e8les disponibles en 3,4,5 et 6 m\u00e8tres:<\/p>\n<p>1<\/p>\n<p><img data-recalc-dims=\"1\" loading=\"lazy\" decoding=\"async\" class=\"alignnone size-medium wp-image-3149\" src=\"https:\/\/i0.wp.com\/ikasougou.com\/boubacarbathily\/wp-content\/uploads\/sites\/5\/2019\/10\/WhatsApp-Image-2019-10-10-at-21.57.00-320x400.jpeg?resize=320%2C400&#038;ssl=1\" alt=\"\" width=\"320\" height=\"400\" srcset=\"https:\/\/i0.wp.com\/ikasougou.com\/momobazin\/wp-content\/uploads\/sites\/5\/2019\/10\/WhatsApp-Image-2019-10-10-at-21.57.00.jpeg?resize=320%2C400&amp;ssl=1 320w, https:\/\/i0.wp.com\/ikasougou.com\/momobazin\/wp-content\/uploads\/sites\/5\/2019\/10\/WhatsApp-Image-2019-10-10-at-21.57.00.jpeg?resize=640%2C800&amp;ssl=1 640w, https:\/\/i0.wp.com\/ikasougou.com\/momobazin\/wp-content\/uploads\/sites\/5\/2019\/10\/WhatsApp-Image-2019-10-10-at-21.57.00.jpeg?resize=510%2C638&amp;ssl=1 510w, https:\/\/i0.wp.com\/ikasougou.com\/momobazin\/wp-content\/uploads\/sites\/5\/2019\/10\/WhatsApp-Image-2019-10-10-at-21.57.00.jpeg?w=720&amp;ssl=1 720w\" sizes=\"auto, (max-width: 320px) 100vw, 320px\" \/><\/p>\n<p>2<\/p>\n<p><img data-recalc-dims=\"1\" loading=\"lazy\" decoding=\"async\" class=\"alignnone size-medium wp-image-3146\" src=\"https:\/\/i0.wp.com\/ikasougou.com\/boubacarbathily\/wp-content\/uploads\/sites\/5\/2019\/10\/WhatsApp-Image-2019-09-22-at-21.26.02-300x400.jpeg?resize=300%2C400&#038;ssl=1\" alt=\"\" width=\"300\" height=\"400\" srcset=\"https:\/\/i0.wp.com\/ikasougou.com\/momobazin\/wp-content\/uploads\/sites\/5\/2019\/10\/WhatsApp-Image-2019-09-22-at-21.26.02.jpeg?resize=300%2C400&amp;ssl=1 300w, https:\/\/i0.wp.com\/ikasougou.com\/momobazin\/wp-content\/uploads\/sites\/5\/2019\/10\/WhatsApp-Image-2019-09-22-at-21.26.02.jpeg?resize=510%2C680&amp;ssl=1 510w, https:\/\/i0.wp.com\/ikasougou.com\/momobazin\/wp-content\/uploads\/sites\/5\/2019\/10\/WhatsApp-Image-2019-09-22-at-21.26.02.jpeg?w=540&amp;ssl=1 540w\" sizes=\"auto, (max-width: 300px) 100vw, 300px\" \/><\/p>\n<p>&nbsp;<\/p>\n<p>3<\/p>\n<p><img data-recalc-dims=\"1\" loading=\"lazy\" decoding=\"async\" class=\"alignnone size-medium wp-image-3148\" src=\"https:\/\/i0.wp.com\/ikasougou.com\/boubacarbathily\/wp-content\/uploads\/sites\/5\/2019\/10\/WhatsApp-Image-2019-09-22-at-21.26.32-224x400.jpeg?resize=224%2C400&#038;ssl=1\" alt=\"\" width=\"224\" height=\"400\" srcset=\"https:\/\/i0.wp.com\/ikasougou.com\/momobazin\/wp-content\/uploads\/sites\/5\/2019\/10\/WhatsApp-Image-2019-09-22-at-21.26.32.jpeg?resize=224%2C400&amp;ssl=1 224w, https:\/\/i0.wp.com\/ikasougou.com\/momobazin\/wp-content\/uploads\/sites\/5\/2019\/10\/WhatsApp-Image-2019-09-22-at-21.26.32.jpeg?resize=448%2C800&amp;ssl=1 448w, https:\/\/i0.wp.com\/ikasougou.com\/momobazin\/wp-content\/uploads\/sites\/5\/2019\/10\/WhatsApp-Image-2019-09-22-at-21.26.32.jpeg?resize=510%2C911&amp;ssl=1 510w, https:\/\/i0.wp.com\/ikasougou.com\/momobazin\/wp-content\/uploads\/sites\/5\/2019\/10\/WhatsApp-Image-2019-09-22-at-21.26.32.jpeg?w=516&amp;ssl=1 516w\" sizes=\"auto, (max-width: 224px) 100vw, 224px\" \/><\/p>\n<div style=\"display:flex; gap:10px;justify-content:center\" class=\"wps-pgfw-pdf-generate-icon__wrapper-frontend\">\n\t\t<a  href=\"https:\/\/ikasougou.com\/momobazin\/wp-json\/wp\/v2\/product\/3145?action=genpdf&amp;id=3145\" class=\"pgfw-single-pdf-download-button\" ><img src=\"https:\/\/ikasougou.com\/momobazin\/wp-content\/plugins\/pdf-generator-for-wp\/admin\/src\/images\/PDF_Tray.svg\" title=\"G\u00e9n\u00e9rer un PDF\" style=\"width:auto; height:45px;\"><\/a>\n\t\t<\/div>","protected":false},"excerpt":{"rendered":"<p>Voici une s\u00e9lection de Bazin Riche Getzner VIP d\u00e9j\u00e0 cousus personnalisable \u00e0 votre guise pour les Grandes Dames . Voici les mod\u00e8les disponibles en 3,4,5 et 6 m\u00e8tres: 1 2 &nbsp; 3<\/p>\n","protected":false},"featured_media":3149,"comment_status":"open","ping_status":"closed","template":"","meta":{"jetpack_post_was_ever_published":false,"jetpack_publicize_message":"","jetpack_publicize_feature_enabled":true,"jetpack_social_post_already_shared":true,"jetpack_social_options":{"image_generator_settings":{"template":"highway","default_image_id":0,"font":"","enabled":false},"version":2}},"product_brand":[],"product_cat":[17,16,30],"product_tag":[32],"class_list":{"0":"post-3145","1":"product","2":"type-product","3":"status-publish","4":"has-post-thumbnail","6":"product_cat-bazin","7":"product_cat-textile-bijoux","8":"product_cat-vip","9":"product_tag-bazin-getzner-cousus","11":"first","12":"instock","13":"sale","14":"shipping-taxable","15":"purchasable","16":"product-type-variable"},"ams_default_variation_id":0,"ams_product_points_reward":[],"ams_product_discount_percentage":0,"ams_price_to_display":65000,"aioseo_notices":[],"ams_acf":[],"jetpack_publicize_connections":[],"jetpack_sharing_enabled":true,"jetpack_likes_enabled":true,"jetpack-related-posts":[],"_links":{"self":[{"href":"https:\/\/ikasougou.com\/momobazin\/wp-json\/wp\/v2\/product\/3145","targetHints":{"allow":["GET"]}}],"collection":[{"href":"https:\/\/ikasougou.com\/momobazin\/wp-json\/wp\/v2\/product"}],"about":[{"href":"https:\/\/ikasougou.com\/momobazin\/wp-json\/wp\/v2\/types\/product"}],"replies":[{"embeddable":true,"href":"https:\/\/ikasougou.com\/momobazin\/wp-json\/wp\/v2\/comments?post=3145"}],"wp:featuredmedia":[{"embeddable":true,"href":"https:\/\/ikasougou.com\/momobazin\/wp-json\/wp\/v2\/media\/3149"}],"wp:attachment":[{"href":"https:\/\/ikasougou.com\/momobazin\/wp-json\/wp\/v2\/media?parent=3145"}],"wp:term":[{"taxonomy":"product_brand","embeddable":true,"href":"https:\/\/ikasougou.com\/momobazin\/wp-json\/wp\/v2\/product_brand?post=3145"},{"taxonomy":"product_cat","embeddable":true,"href":"https:\/\/ikasougou.com\/momobazin\/wp-json\/wp\/v2\/product_cat?post=3145"},{"taxonomy":"product_tag","embeddable":true,"href":"https:\/\/ikasougou.com\/momobazin\/wp-json\/wp\/v2\/product_tag?post=3145"}],"curies":[{"name":"wp","href":"https:\/\/api.w.org\/{rel}","templated":true}]}}