{"id":4181,"date":"2019-11-26T00:43:06","date_gmt":"2019-11-25T23:43:06","guid":{"rendered":"https:\/\/ikasougou.com\/boubacarbathily\/?post_type=product&#038;p=4181"},"modified":"2019-11-26T00:43:07","modified_gmt":"2019-11-25T23:43:07","slug":"une-selection-de-3-bazins-riches-geztner-vip-3-4-5-6-metres-2","status":"publish","type":"product","link":"https:\/\/ikasougou.com\/momobazin\/produit\/une-selection-de-3-bazins-riches-geztner-vip-3-4-5-6-metres-2\/","title":{"rendered":"Une S\u00e9lection de 3 Bazins Riches Geztner VIP (3, 4, 5, 6 m\u00e8tres)"},"content":{"rendered":"<p>Restez belle avec cette\u00a0 s\u00e9lection de 3 mod\u00e8les de Bazins Riches Getzner VIP\u00a0 personnalisable \u00e0 votre guise pour les Grandes Dames .<\/p>\n<p>S\u00e9lectionnez votre mod\u00e8les et nombres de m\u00e8tres :<\/p>\n<h1><strong>1<\/strong><\/h1>\n<h1><img data-recalc-dims=\"1\" loading=\"lazy\" decoding=\"async\" class=\"alignnone size-medium wp-image-4183\" src=\"https:\/\/i0.wp.com\/ikasougou.com\/boubacarbathily\/wp-content\/uploads\/sites\/5\/2019\/11\/WhatsApp-Image-2019-11-11-at-22.14.51-383x400.jpeg?resize=383%2C400&#038;ssl=1\" alt=\"\" width=\"383\" height=\"400\" srcset=\"https:\/\/i0.wp.com\/ikasougou.com\/momobazin\/wp-content\/uploads\/sites\/5\/2019\/11\/WhatsApp-Image-2019-11-11-at-22.14.51.jpeg?resize=383%2C400&amp;ssl=1 383w, https:\/\/i0.wp.com\/ikasougou.com\/momobazin\/wp-content\/uploads\/sites\/5\/2019\/11\/WhatsApp-Image-2019-11-11-at-22.14.51.jpeg?resize=510%2C533&amp;ssl=1 510w, https:\/\/i0.wp.com\/ikasougou.com\/momobazin\/wp-content\/uploads\/sites\/5\/2019\/11\/WhatsApp-Image-2019-11-11-at-22.14.51.jpeg?w=600&amp;ssl=1 600w\" sizes=\"auto, (max-width: 383px) 100vw, 383px\" \/><\/h1>\n<h1><strong>2<\/strong><\/h1>\n<h1><img data-recalc-dims=\"1\" loading=\"lazy\" decoding=\"async\" class=\"alignnone size-medium wp-image-4184\" src=\"https:\/\/i0.wp.com\/ikasougou.com\/boubacarbathily\/wp-content\/uploads\/sites\/5\/2019\/11\/WhatsApp-Image-2019-11-11-at-22.17.00.jpeg?resize=476%2C295&#038;ssl=1\" alt=\"\" width=\"476\" height=\"295\" \/><\/h1>\n<h1><strong>3<\/strong><\/h1>\n<h1><img data-recalc-dims=\"1\" loading=\"lazy\" decoding=\"async\" class=\"alignnone size-medium wp-image-4182\" src=\"https:\/\/i0.wp.com\/ikasougou.com\/boubacarbathily\/wp-content\/uploads\/sites\/5\/2019\/11\/WhatsApp-Image-2019-11-11-at-22.14.411-300x400.jpeg?resize=300%2C400&#038;ssl=1\" alt=\"\" width=\"300\" height=\"400\" srcset=\"https:\/\/i0.wp.com\/ikasougou.com\/momobazin\/wp-content\/uploads\/sites\/5\/2019\/11\/WhatsApp-Image-2019-11-11-at-22.14.411.jpeg?resize=300%2C400&amp;ssl=1 300w, https:\/\/i0.wp.com\/ikasougou.com\/momobazin\/wp-content\/uploads\/sites\/5\/2019\/11\/WhatsApp-Image-2019-11-11-at-22.14.411.jpeg?resize=600%2C800&amp;ssl=1 600w, https:\/\/i0.wp.com\/ikasougou.com\/momobazin\/wp-content\/uploads\/sites\/5\/2019\/11\/WhatsApp-Image-2019-11-11-at-22.14.411.jpeg?resize=510%2C680&amp;ssl=1 510w, https:\/\/i0.wp.com\/ikasougou.com\/momobazin\/wp-content\/uploads\/sites\/5\/2019\/11\/WhatsApp-Image-2019-11-11-at-22.14.411.jpeg?w=712&amp;ssl=1 712w\" sizes=\"auto, (max-width: 300px) 100vw, 300px\" \/><\/h1>\n<div style=\"display:flex; gap:10px;justify-content:center\" class=\"wps-pgfw-pdf-generate-icon__wrapper-frontend\">\n\t\t<a  href=\"https:\/\/ikasougou.com\/momobazin\/wp-json\/wp\/v2\/product\/4181?action=genpdf&amp;id=4181\" class=\"pgfw-single-pdf-download-button\" ><img src=\"https:\/\/ikasougou.com\/momobazin\/wp-content\/plugins\/pdf-generator-for-wp\/admin\/src\/images\/PDF_Tray.svg\" title=\"G\u00e9n\u00e9rer un PDF\" style=\"width:auto; height:45px;\"><\/a>\n\t\t<\/div>","protected":false},"excerpt":{"rendered":"<p>Restez belle avec cette\u00a0 s\u00e9lection de 3 mod\u00e8les de Bazins Riches Getzner VIP\u00a0 personnalisable \u00e0 votre guise pour les Grandes Dames . S\u00e9lectionnez votre mod\u00e8les et nombres de m\u00e8tres : 1 2 3<\/p>\n","protected":false},"featured_media":4183,"comment_status":"open","ping_status":"closed","template":"","meta":{"jetpack_post_was_ever_published":false,"jetpack_publicize_message":"","jetpack_publicize_feature_enabled":true,"jetpack_social_post_already_shared":true,"jetpack_social_options":{"image_generator_settings":{"template":"highway","default_image_id":0,"font":"","enabled":false},"version":2}},"product_brand":[],"product_cat":[17,16,30],"product_tag":[35,34,36,37],"class_list":{"0":"post-4181","1":"product","2":"type-product","3":"status-publish","4":"has-post-thumbnail","6":"product_cat-bazin","7":"product_cat-textile-bijoux","8":"product_cat-vip","9":"product_tag-bazins-riches","10":"product_tag-bazins-riches-geztner-vip","11":"product_tag-geztner","12":"product_tag-vip","14":"first","15":"instock","16":"shipping-taxable","17":"purchasable","18":"product-type-variable"},"ams_default_variation_id":0,"ams_product_points_reward":[],"ams_product_discount_percentage":0,"ams_price_to_display":40000,"aioseo_notices":[],"ams_acf":[],"jetpack_publicize_connections":[],"jetpack_sharing_enabled":true,"jetpack_likes_enabled":true,"jetpack-related-posts":[],"_links":{"self":[{"href":"https:\/\/ikasougou.com\/momobazin\/wp-json\/wp\/v2\/product\/4181","targetHints":{"allow":["GET"]}}],"collection":[{"href":"https:\/\/ikasougou.com\/momobazin\/wp-json\/wp\/v2\/product"}],"about":[{"href":"https:\/\/ikasougou.com\/momobazin\/wp-json\/wp\/v2\/types\/product"}],"replies":[{"embeddable":true,"href":"https:\/\/ikasougou.com\/momobazin\/wp-json\/wp\/v2\/comments?post=4181"}],"wp:featuredmedia":[{"embeddable":true,"href":"https:\/\/ikasougou.com\/momobazin\/wp-json\/wp\/v2\/media\/4183"}],"wp:attachment":[{"href":"https:\/\/ikasougou.com\/momobazin\/wp-json\/wp\/v2\/media?parent=4181"}],"wp:term":[{"taxonomy":"product_brand","embeddable":true,"href":"https:\/\/ikasougou.com\/momobazin\/wp-json\/wp\/v2\/product_brand?post=4181"},{"taxonomy":"product_cat","embeddable":true,"href":"https:\/\/ikasougou.com\/momobazin\/wp-json\/wp\/v2\/product_cat?post=4181"},{"taxonomy":"product_tag","embeddable":true,"href":"https:\/\/ikasougou.com\/momobazin\/wp-json\/wp\/v2\/product_tag?post=4181"}],"curies":[{"name":"wp","href":"https:\/\/api.w.org\/{rel}","templated":true}]}}