{"id":513,"date":"2019-04-28T02:14:05","date_gmt":"2019-04-28T00:14:05","guid":{"rendered":"https:\/\/ikasougou.com\/boubacarbathily\/?post_type=product&#038;p=513"},"modified":"2023-02-18T22:01:30","modified_gmt":"2023-02-18T21:01:30","slug":"le-metres-de-tissu-de-bazin-riche-blanc-getzner","status":"publish","type":"product","link":"https:\/\/ikasougou.com\/momobazin\/produit\/le-metres-de-tissu-de-bazin-riche-blanc-getzner\/","title":{"rendered":"LE M\u00c8TRES DE TISSU DE BAZIN RICHE BLANC GETZNER"},"content":{"rendered":"<p>Ce Bazin riche getzner BLANC s\u2019adapte a tout les gouts et style d\u2019habillements.Il se m\u00e9lange avec toutes autres tissus pour donner des tenues de lux pour vos c\u00e9r\u00e9monies .<\/p>\n<div style=\"display:flex; gap:10px;justify-content:center\" class=\"wps-pgfw-pdf-generate-icon__wrapper-frontend\">\n\t\t<a  href=\"https:\/\/ikasougou.com\/momobazin\/wp-json\/wp\/v2\/product\/513?action=genpdf&amp;id=513\" class=\"pgfw-single-pdf-download-button\" ><img src=\"https:\/\/ikasougou.com\/momobazin\/wp-content\/plugins\/pdf-generator-for-wp\/admin\/src\/images\/PDF_Tray.svg\" title=\"G\u00e9n\u00e9rer un PDF\" style=\"width:auto; height:45px;\"><\/a>\n\t\t<\/div>","protected":false},"excerpt":{"rendered":"<p>Ce Bazin riche getzner BLANC s\u2019adapte a tout les gouts et style d\u2019habillements.Il se m\u00e9lange avec toutes autres tissus pour donner des tenues de lux pour vos c\u00e9r\u00e9monies .<\/p>\n","protected":false},"featured_media":514,"comment_status":"open","ping_status":"closed","template":"","meta":{"jetpack_post_was_ever_published":false,"jetpack_publicize_message":"","jetpack_publicize_feature_enabled":true,"jetpack_social_post_already_shared":true,"jetpack_social_options":{"image_generator_settings":{"template":"highway","default_image_id":0,"font":"","enabled":false},"version":2}},"product_brand":[],"product_cat":[17,16],"product_tag":[],"class_list":{"0":"post-513","1":"product","2":"type-product","3":"status-publish","4":"has-post-thumbnail","6":"product_cat-bazin","7":"product_cat-textile-bijoux","9":"first","10":"instock","11":"sale","12":"shipping-taxable","13":"purchasable","14":"product-type-simple"},"ams_default_variation_id":0,"ams_product_points_reward":[],"ams_product_discount_percentage":20,"ams_price_to_display":10000,"aioseo_notices":[],"ams_acf":[],"jetpack_publicize_connections":[],"jetpack_sharing_enabled":true,"jetpack_likes_enabled":true,"jetpack-related-posts":[],"_links":{"self":[{"href":"https:\/\/ikasougou.com\/momobazin\/wp-json\/wp\/v2\/product\/513","targetHints":{"allow":["GET"]}}],"collection":[{"href":"https:\/\/ikasougou.com\/momobazin\/wp-json\/wp\/v2\/product"}],"about":[{"href":"https:\/\/ikasougou.com\/momobazin\/wp-json\/wp\/v2\/types\/product"}],"replies":[{"embeddable":true,"href":"https:\/\/ikasougou.com\/momobazin\/wp-json\/wp\/v2\/comments?post=513"}],"wp:featuredmedia":[{"embeddable":true,"href":"https:\/\/ikasougou.com\/momobazin\/wp-json\/wp\/v2\/media\/514"}],"wp:attachment":[{"href":"https:\/\/ikasougou.com\/momobazin\/wp-json\/wp\/v2\/media?parent=513"}],"wp:term":[{"taxonomy":"product_brand","embeddable":true,"href":"https:\/\/ikasougou.com\/momobazin\/wp-json\/wp\/v2\/product_brand?post=513"},{"taxonomy":"product_cat","embeddable":true,"href":"https:\/\/ikasougou.com\/momobazin\/wp-json\/wp\/v2\/product_cat?post=513"},{"taxonomy":"product_tag","embeddable":true,"href":"https:\/\/ikasougou.com\/momobazin\/wp-json\/wp\/v2\/product_tag?post=513"}],"curies":[{"name":"wp","href":"https:\/\/api.w.org\/{rel}","templated":true}]}}