{"id":5242,"date":"2020-01-07T23:20:41","date_gmt":"2020-01-07T22:20:41","guid":{"rendered":"https:\/\/ikasougou.com\/boubacarbathily\/?post_type=product&#038;p=5242"},"modified":"2021-07-01T18:19:27","modified_gmt":"2021-07-01T16:19:27","slug":"bazin-riche-getzner-ficha-polman","status":"publish","type":"product","link":"https:\/\/ikasougou.com\/momobazin\/produit\/bazin-riche-getzner-ficha-polman\/","title":{"rendered":"BAZIN RICHE GETZNER FICHA POLMAN"},"content":{"rendered":"<h1>D\u00e9couvrez Bazin RICHE GETZNER FICHA POLMAN id\u00e9ale pour faire vos tenues de c\u00e9r\u00e9monies de mariages bapt\u00eames et f\u00eates coutumiers et religieux.<\/h1>\n<p><img data-recalc-dims=\"1\" loading=\"lazy\" decoding=\"async\" class=\"alignnone size-medium wp-image-5243\" src=\"https:\/\/i0.wp.com\/ikasougou.com\/boubacarbathily\/wp-content\/uploads\/sites\/5\/2020\/01\/MG_0959-600x400.jpg?resize=600%2C400&#038;ssl=1\" alt=\"\" width=\"600\" height=\"400\" srcset=\"https:\/\/i0.wp.com\/ikasougou.com\/momobazin\/wp-content\/uploads\/sites\/5\/2020\/01\/MG_0959-scaled.jpg?resize=600%2C400&amp;ssl=1 600w, https:\/\/i0.wp.com\/ikasougou.com\/momobazin\/wp-content\/uploads\/sites\/5\/2020\/01\/MG_0959-scaled.jpg?resize=1200%2C800&amp;ssl=1 1200w, https:\/\/i0.wp.com\/ikasougou.com\/momobazin\/wp-content\/uploads\/sites\/5\/2020\/01\/MG_0959-scaled.jpg?resize=768%2C512&amp;ssl=1 768w, https:\/\/i0.wp.com\/ikasougou.com\/momobazin\/wp-content\/uploads\/sites\/5\/2020\/01\/MG_0959-scaled.jpg?resize=1536%2C1024&amp;ssl=1 1536w, https:\/\/i0.wp.com\/ikasougou.com\/momobazin\/wp-content\/uploads\/sites\/5\/2020\/01\/MG_0959-scaled.jpg?resize=2048%2C1365&amp;ssl=1 2048w, https:\/\/i0.wp.com\/ikasougou.com\/momobazin\/wp-content\/uploads\/sites\/5\/2020\/01\/MG_0959-scaled.jpg?resize=510%2C340&amp;ssl=1 510w\" sizes=\"auto, (max-width: 600px) 100vw, 600px\" \/> <img data-recalc-dims=\"1\" loading=\"lazy\" decoding=\"async\" class=\"alignnone size-medium wp-image-5244\" src=\"https:\/\/i0.wp.com\/ikasougou.com\/boubacarbathily\/wp-content\/uploads\/sites\/5\/2020\/01\/MG_0960-623x400.jpg?resize=623%2C400&#038;ssl=1\" alt=\"\" width=\"623\" height=\"400\" srcset=\"https:\/\/i0.wp.com\/ikasougou.com\/momobazin\/wp-content\/uploads\/sites\/5\/2020\/01\/MG_0960-scaled.jpg?resize=623%2C400&amp;ssl=1 623w, https:\/\/i0.wp.com\/ikasougou.com\/momobazin\/wp-content\/uploads\/sites\/5\/2020\/01\/MG_0960-scaled.jpg?resize=1246%2C800&amp;ssl=1 1246w, https:\/\/i0.wp.com\/ikasougou.com\/momobazin\/wp-content\/uploads\/sites\/5\/2020\/01\/MG_0960-scaled.jpg?resize=768%2C493&amp;ssl=1 768w, https:\/\/i0.wp.com\/ikasougou.com\/momobazin\/wp-content\/uploads\/sites\/5\/2020\/01\/MG_0960-scaled.jpg?resize=1536%2C986&amp;ssl=1 1536w, https:\/\/i0.wp.com\/ikasougou.com\/momobazin\/wp-content\/uploads\/sites\/5\/2020\/01\/MG_0960-scaled.jpg?resize=2048%2C1314&amp;ssl=1 2048w, https:\/\/i0.wp.com\/ikasougou.com\/momobazin\/wp-content\/uploads\/sites\/5\/2020\/01\/MG_0960-scaled.jpg?resize=510%2C327&amp;ssl=1 510w\" sizes=\"auto, (max-width: 623px) 100vw, 623px\" \/> <img data-recalc-dims=\"1\" loading=\"lazy\" decoding=\"async\" class=\"alignnone size-medium wp-image-5245\" src=\"https:\/\/i0.wp.com\/ikasougou.com\/boubacarbathily\/wp-content\/uploads\/sites\/5\/2020\/01\/MG_0964-675x400.jpg?resize=675%2C400&#038;ssl=1\" alt=\"\" width=\"675\" height=\"400\" srcset=\"https:\/\/i0.wp.com\/ikasougou.com\/momobazin\/wp-content\/uploads\/sites\/5\/2020\/01\/MG_0964-scaled.jpg?resize=675%2C400&amp;ssl=1 675w, https:\/\/i0.wp.com\/ikasougou.com\/momobazin\/wp-content\/uploads\/sites\/5\/2020\/01\/MG_0964-scaled.jpg?resize=1350%2C800&amp;ssl=1 1350w, https:\/\/i0.wp.com\/ikasougou.com\/momobazin\/wp-content\/uploads\/sites\/5\/2020\/01\/MG_0964-scaled.jpg?resize=768%2C455&amp;ssl=1 768w, https:\/\/i0.wp.com\/ikasougou.com\/momobazin\/wp-content\/uploads\/sites\/5\/2020\/01\/MG_0964-scaled.jpg?resize=1536%2C910&amp;ssl=1 1536w, https:\/\/i0.wp.com\/ikasougou.com\/momobazin\/wp-content\/uploads\/sites\/5\/2020\/01\/MG_0964-scaled.jpg?resize=2048%2C1213&amp;ssl=1 2048w, https:\/\/i0.wp.com\/ikasougou.com\/momobazin\/wp-content\/uploads\/sites\/5\/2020\/01\/MG_0964-scaled.jpg?resize=510%2C302&amp;ssl=1 510w\" sizes=\"auto, (max-width: 675px) 100vw, 675px\" \/><\/p>\n<div style=\"display:flex; gap:10px;justify-content:center\" class=\"wps-pgfw-pdf-generate-icon__wrapper-frontend\">\n\t\t<a  href=\"https:\/\/ikasougou.com\/momobazin\/wp-json\/wp\/v2\/product\/5242?action=genpdf&amp;id=5242\" class=\"pgfw-single-pdf-download-button\" ><img src=\"https:\/\/ikasougou.com\/momobazin\/wp-content\/plugins\/pdf-generator-for-wp\/admin\/src\/images\/PDF_Tray.svg\" title=\"G\u00e9n\u00e9rer un PDF\" style=\"width:auto; height:45px;\"><\/a>\n\t\t<\/div>","protected":false},"excerpt":{"rendered":"<p>D\u00e9couvrez Bazin RICHE GETZNER FICHA POLMAN id\u00e9ale pour faire vos tenues de c\u00e9r\u00e9monies de mariages bapt\u00eames et f\u00eates coutumiers et religieux.<\/p>\n","protected":false},"featured_media":5244,"comment_status":"open","ping_status":"closed","template":"","meta":{"jetpack_post_was_ever_published":false,"jetpack_publicize_message":"","jetpack_publicize_feature_enabled":true,"jetpack_social_post_already_shared":true,"jetpack_social_options":{"image_generator_settings":{"template":"highway","default_image_id":0,"font":"","enabled":false},"version":2}},"product_brand":[],"product_cat":[17,42,16],"product_tag":[],"class_list":{"0":"post-5242","1":"product","2":"type-product","3":"status-publish","4":"has-post-thumbnail","6":"product_cat-bazin","7":"product_cat-getzner","8":"product_cat-textile-bijoux","10":"first","11":"instock","12":"shipping-taxable","13":"purchasable","14":"product-type-variable"},"ams_default_variation_id":0,"ams_product_points_reward":[],"ams_product_discount_percentage":0,"ams_price_to_display":30000,"aioseo_notices":[],"ams_acf":[],"jetpack_publicize_connections":[],"jetpack_sharing_enabled":true,"jetpack_likes_enabled":true,"jetpack-related-posts":[],"_links":{"self":[{"href":"https:\/\/ikasougou.com\/momobazin\/wp-json\/wp\/v2\/product\/5242","targetHints":{"allow":["GET"]}}],"collection":[{"href":"https:\/\/ikasougou.com\/momobazin\/wp-json\/wp\/v2\/product"}],"about":[{"href":"https:\/\/ikasougou.com\/momobazin\/wp-json\/wp\/v2\/types\/product"}],"replies":[{"embeddable":true,"href":"https:\/\/ikasougou.com\/momobazin\/wp-json\/wp\/v2\/comments?post=5242"}],"wp:featuredmedia":[{"embeddable":true,"href":"https:\/\/ikasougou.com\/momobazin\/wp-json\/wp\/v2\/media\/5244"}],"wp:attachment":[{"href":"https:\/\/ikasougou.com\/momobazin\/wp-json\/wp\/v2\/media?parent=5242"}],"wp:term":[{"taxonomy":"product_brand","embeddable":true,"href":"https:\/\/ikasougou.com\/momobazin\/wp-json\/wp\/v2\/product_brand?post=5242"},{"taxonomy":"product_cat","embeddable":true,"href":"https:\/\/ikasougou.com\/momobazin\/wp-json\/wp\/v2\/product_cat?post=5242"},{"taxonomy":"product_tag","embeddable":true,"href":"https:\/\/ikasougou.com\/momobazin\/wp-json\/wp\/v2\/product_tag?post=5242"}],"curies":[{"name":"wp","href":"https:\/\/api.w.org\/{rel}","templated":true}]}}