{"id":5626,"date":"2020-01-21T23:16:22","date_gmt":"2020-01-21T22:16:22","guid":{"rendered":"https:\/\/ikasougou.com\/boubacarbathily\/?post_type=product&#038;p=5626"},"modified":"2020-01-21T23:16:24","modified_gmt":"2020-01-21T22:16:24","slug":"bazin-riche-getzner-vip-polmane-rouge-bleu-et-vert-turquoise-en-3-4-5-metres","status":"publish","type":"product","link":"https:\/\/ikasougou.com\/momobazin\/produit\/bazin-riche-getzner-vip-polmane-rouge-bleu-et-vert-turquoise-en-3-4-5-metres\/","title":{"rendered":"BAZIN RICHE GETZNER VIP POLMANE ROUGE BLEU ET VERT TURQUOISE( en 3, 4, 5 M\u00c8TRES )"},"content":{"rendered":"<h1>D\u00e9couvrez BAZIN RICHE GETZNER VIP POLMANE ROUGE BLEU ET VERT TURQUOISE( en 3, 4, 5 M\u00c8TRES )id\u00e9ale pour faire vos tenues de c\u00e9r\u00e9monies de mariages bapt\u00eames et f\u00eates coutumiers et religieux.<\/h1>\n<p>&nbsp;<\/p>\n<p><img data-recalc-dims=\"1\" loading=\"lazy\" decoding=\"async\" class=\"alignnone size-medium wp-image-5627\" src=\"https:\/\/i0.wp.com\/ikasougou.com\/boubacarbathily\/wp-content\/uploads\/sites\/5\/2020\/01\/WhatsApp-Image-2020-01-09-at-21.13.50-297x400.jpeg?resize=297%2C400&#038;ssl=1\" alt=\"\" width=\"297\" height=\"400\" srcset=\"https:\/\/i0.wp.com\/ikasougou.com\/momobazin\/wp-content\/uploads\/sites\/5\/2020\/01\/WhatsApp-Image-2020-01-09-at-21.13.50.jpeg?resize=297%2C400&amp;ssl=1 297w, https:\/\/i0.wp.com\/ikasougou.com\/momobazin\/wp-content\/uploads\/sites\/5\/2020\/01\/WhatsApp-Image-2020-01-09-at-21.13.50.jpeg?resize=510%2C688&amp;ssl=1 510w, https:\/\/i0.wp.com\/ikasougou.com\/momobazin\/wp-content\/uploads\/sites\/5\/2020\/01\/WhatsApp-Image-2020-01-09-at-21.13.50.jpeg?w=533&amp;ssl=1 533w\" sizes=\"auto, (max-width: 297px) 100vw, 297px\" \/><img data-recalc-dims=\"1\" loading=\"lazy\" decoding=\"async\" class=\"alignnone size-medium wp-image-5628\" src=\"https:\/\/i0.wp.com\/ikasougou.com\/boubacarbathily\/wp-content\/uploads\/sites\/5\/2020\/01\/WhatsApp-Image-2020-01-09-at-21.13.50-2-300x400.jpeg?resize=300%2C400&#038;ssl=1\" alt=\"\" width=\"300\" height=\"400\" srcset=\"https:\/\/i0.wp.com\/ikasougou.com\/momobazin\/wp-content\/uploads\/sites\/5\/2020\/01\/WhatsApp-Image-2020-01-09-at-21.13.50-2.jpeg?resize=300%2C400&amp;ssl=1 300w, https:\/\/i0.wp.com\/ikasougou.com\/momobazin\/wp-content\/uploads\/sites\/5\/2020\/01\/WhatsApp-Image-2020-01-09-at-21.13.50-2.jpeg?resize=600%2C800&amp;ssl=1 600w, https:\/\/i0.wp.com\/ikasougou.com\/momobazin\/wp-content\/uploads\/sites\/5\/2020\/01\/WhatsApp-Image-2020-01-09-at-21.13.50-2.jpeg?resize=510%2C680&amp;ssl=1 510w, https:\/\/i0.wp.com\/ikasougou.com\/momobazin\/wp-content\/uploads\/sites\/5\/2020\/01\/WhatsApp-Image-2020-01-09-at-21.13.50-2.jpeg?w=756&amp;ssl=1 756w\" sizes=\"auto, (max-width: 300px) 100vw, 300px\" \/><\/p>\n<div style=\"display:flex; gap:10px;justify-content:center\" class=\"wps-pgfw-pdf-generate-icon__wrapper-frontend\">\n\t\t<a  href=\"https:\/\/ikasougou.com\/momobazin\/wp-json\/wp\/v2\/product\/5626?action=genpdf&amp;id=5626\" class=\"pgfw-single-pdf-download-button\" ><img src=\"https:\/\/ikasougou.com\/momobazin\/wp-content\/plugins\/pdf-generator-for-wp\/admin\/src\/images\/PDF_Tray.svg\" title=\"G\u00e9n\u00e9rer un PDF\" style=\"width:auto; height:45px;\"><\/a>\n\t\t<\/div>","protected":false},"excerpt":{"rendered":"<p>D\u00e9couvrez BAZIN RICHE GETZNER VIP POLMANE ROUGE BLEU ET VERT TURQUOISE( en 3, 4, 5 M\u00c8TRES )id\u00e9ale pour faire vos tenues de c\u00e9r\u00e9monies de mariages bapt\u00eames et f\u00eates coutumiers et religieux. &nbsp;<\/p>\n","protected":false},"featured_media":5627,"comment_status":"open","ping_status":"closed","template":"","meta":{"jetpack_post_was_ever_published":false,"jetpack_publicize_message":"","jetpack_publicize_feature_enabled":true,"jetpack_social_post_already_shared":true,"jetpack_social_options":{"image_generator_settings":{"template":"highway","default_image_id":0,"font":"","enabled":false},"version":2}},"product_brand":[],"product_cat":[17,42,16],"product_tag":[],"class_list":{"0":"post-5626","1":"product","2":"type-product","3":"status-publish","4":"has-post-thumbnail","6":"product_cat-bazin","7":"product_cat-getzner","8":"product_cat-textile-bijoux","10":"first","11":"instock","12":"shipping-taxable","13":"purchasable","14":"product-type-variable"},"ams_default_variation_id":0,"ams_product_points_reward":[],"ams_product_discount_percentage":0,"ams_price_to_display":37500,"aioseo_notices":[],"ams_acf":[],"jetpack_publicize_connections":[],"jetpack_sharing_enabled":true,"jetpack_likes_enabled":true,"jetpack-related-posts":[],"_links":{"self":[{"href":"https:\/\/ikasougou.com\/momobazin\/wp-json\/wp\/v2\/product\/5626","targetHints":{"allow":["GET"]}}],"collection":[{"href":"https:\/\/ikasougou.com\/momobazin\/wp-json\/wp\/v2\/product"}],"about":[{"href":"https:\/\/ikasougou.com\/momobazin\/wp-json\/wp\/v2\/types\/product"}],"replies":[{"embeddable":true,"href":"https:\/\/ikasougou.com\/momobazin\/wp-json\/wp\/v2\/comments?post=5626"}],"wp:featuredmedia":[{"embeddable":true,"href":"https:\/\/ikasougou.com\/momobazin\/wp-json\/wp\/v2\/media\/5627"}],"wp:attachment":[{"href":"https:\/\/ikasougou.com\/momobazin\/wp-json\/wp\/v2\/media?parent=5626"}],"wp:term":[{"taxonomy":"product_brand","embeddable":true,"href":"https:\/\/ikasougou.com\/momobazin\/wp-json\/wp\/v2\/product_brand?post=5626"},{"taxonomy":"product_cat","embeddable":true,"href":"https:\/\/ikasougou.com\/momobazin\/wp-json\/wp\/v2\/product_cat?post=5626"},{"taxonomy":"product_tag","embeddable":true,"href":"https:\/\/ikasougou.com\/momobazin\/wp-json\/wp\/v2\/product_tag?post=5626"}],"curies":[{"name":"wp","href":"https:\/\/api.w.org\/{rel}","templated":true}]}}