{"id":6325,"date":"2020-07-04T22:54:25","date_gmt":"2020-07-04T20:54:25","guid":{"rendered":"https:\/\/ikasougou.com\/boubacarbathily\/?post_type=product&#038;p=6325"},"modified":"2020-07-13T13:22:49","modified_gmt":"2020-07-13T11:22:49","slug":"le-metre-de-bazin-riche-jaime-gagny-noir","status":"publish","type":"product","link":"https:\/\/ikasougou.com\/momobazin\/produit\/le-metre-de-bazin-riche-jaime-gagny-noir\/","title":{"rendered":"LE m\u00e8tre DE Bazin RICHE JAIME GAGNY NOIR"},"content":{"rendered":"<h3>F\u00eatez avec classe en portant ce Bazin RICHE JAIME GAGNY NOIR qui m\u00e9lange harmonieusement des motifs de bazins Bleu avec des bazins de couleurs unique donnant somptueuses.<\/h3>\n<p><img data-recalc-dims=\"1\" loading=\"lazy\" decoding=\"async\" class=\"alignnone size-medium wp-image-6327\" src=\"https:\/\/i0.wp.com\/ikasougou.com\/boubacarbathily\/wp-content\/uploads\/sites\/5\/2020\/07\/WhatsApp-Image-2020-07-04-at-13.22.59-475x400.jpeg?resize=475%2C400&#038;ssl=1\" alt=\"\" width=\"475\" height=\"400\" srcset=\"https:\/\/i0.wp.com\/ikasougou.com\/momobazin\/wp-content\/uploads\/sites\/5\/2020\/07\/WhatsApp-Image-2020-07-04-at-13.22.59.jpeg?resize=475%2C400&amp;ssl=1 475w, https:\/\/i0.wp.com\/ikasougou.com\/momobazin\/wp-content\/uploads\/sites\/5\/2020\/07\/WhatsApp-Image-2020-07-04-at-13.22.59.jpeg?resize=510%2C429&amp;ssl=1 510w, https:\/\/i0.wp.com\/ikasougou.com\/momobazin\/wp-content\/uploads\/sites\/5\/2020\/07\/WhatsApp-Image-2020-07-04-at-13.22.59.jpeg?w=607&amp;ssl=1 607w\" sizes=\"auto, (max-width: 475px) 100vw, 475px\" \/> <img data-recalc-dims=\"1\" loading=\"lazy\" decoding=\"async\" class=\"alignnone size-medium wp-image-6328\" src=\"https:\/\/i0.wp.com\/ikasougou.com\/boubacarbathily\/wp-content\/uploads\/sites\/5\/2020\/07\/WhatsApp-Image-2020-07-04-at-13.35.05-432x400.jpeg?resize=432%2C400&#038;ssl=1\" alt=\"\" width=\"432\" height=\"400\" srcset=\"https:\/\/i0.wp.com\/ikasougou.com\/momobazin\/wp-content\/uploads\/sites\/5\/2020\/07\/WhatsApp-Image-2020-07-04-at-13.35.05.jpeg?resize=432%2C400&amp;ssl=1 432w, https:\/\/i0.wp.com\/ikasougou.com\/momobazin\/wp-content\/uploads\/sites\/5\/2020\/07\/WhatsApp-Image-2020-07-04-at-13.35.05.jpeg?resize=510%2C472&amp;ssl=1 510w, https:\/\/i0.wp.com\/ikasougou.com\/momobazin\/wp-content\/uploads\/sites\/5\/2020\/07\/WhatsApp-Image-2020-07-04-at-13.35.05.jpeg?w=607&amp;ssl=1 607w\" sizes=\"auto, (max-width: 432px) 100vw, 432px\" \/><\/p>\n<div style=\"display:flex; gap:10px;justify-content:center\" class=\"wps-pgfw-pdf-generate-icon__wrapper-frontend\">\n\t\t<a  href=\"https:\/\/ikasougou.com\/momobazin\/wp-json\/wp\/v2\/product\/6325?action=genpdf&amp;id=6325\" class=\"pgfw-single-pdf-download-button\" ><img src=\"https:\/\/ikasougou.com\/momobazin\/wp-content\/plugins\/pdf-generator-for-wp\/admin\/src\/images\/PDF_Tray.svg\" title=\"G\u00e9n\u00e9rer un PDF\" style=\"width:auto; height:45px;\"><\/a>\n\t\t<\/div>","protected":false},"excerpt":{"rendered":"<p>F\u00eatez avec classe en portant ce Bazin RICHE JAIME GAGNY NOIR qui m\u00e9lange harmonieusement des motifs de bazins Bleu avec des bazins de couleurs unique donnant somptueuses.<\/p>\n","protected":false},"featured_media":6329,"comment_status":"open","ping_status":"closed","template":"","meta":{"jetpack_post_was_ever_published":false,"jetpack_publicize_message":"","jetpack_publicize_feature_enabled":true,"jetpack_social_post_already_shared":true,"jetpack_social_options":{"image_generator_settings":{"template":"highway","default_image_id":0,"font":"","enabled":false},"version":2}},"product_brand":[],"product_cat":[17,48,16],"product_tag":[],"class_list":{"0":"post-6325","1":"product","2":"type-product","3":"status-publish","4":"has-post-thumbnail","6":"product_cat-bazin","7":"product_cat-jaime-gagny","8":"product_cat-textile-bijoux","10":"first","11":"instock","12":"sale","13":"shipping-taxable","14":"purchasable","15":"product-type-simple"},"ams_default_variation_id":0,"ams_product_points_reward":[],"ams_product_discount_percentage":14.29,"ams_price_to_display":6000,"aioseo_notices":[],"ams_acf":[],"jetpack_publicize_connections":[],"jetpack_sharing_enabled":true,"jetpack_likes_enabled":true,"jetpack-related-posts":[],"_links":{"self":[{"href":"https:\/\/ikasougou.com\/momobazin\/wp-json\/wp\/v2\/product\/6325","targetHints":{"allow":["GET"]}}],"collection":[{"href":"https:\/\/ikasougou.com\/momobazin\/wp-json\/wp\/v2\/product"}],"about":[{"href":"https:\/\/ikasougou.com\/momobazin\/wp-json\/wp\/v2\/types\/product"}],"replies":[{"embeddable":true,"href":"https:\/\/ikasougou.com\/momobazin\/wp-json\/wp\/v2\/comments?post=6325"}],"wp:featuredmedia":[{"embeddable":true,"href":"https:\/\/ikasougou.com\/momobazin\/wp-json\/wp\/v2\/media\/6329"}],"wp:attachment":[{"href":"https:\/\/ikasougou.com\/momobazin\/wp-json\/wp\/v2\/media?parent=6325"}],"wp:term":[{"taxonomy":"product_brand","embeddable":true,"href":"https:\/\/ikasougou.com\/momobazin\/wp-json\/wp\/v2\/product_brand?post=6325"},{"taxonomy":"product_cat","embeddable":true,"href":"https:\/\/ikasougou.com\/momobazin\/wp-json\/wp\/v2\/product_cat?post=6325"},{"taxonomy":"product_tag","embeddable":true,"href":"https:\/\/ikasougou.com\/momobazin\/wp-json\/wp\/v2\/product_tag?post=6325"}],"curies":[{"name":"wp","href":"https:\/\/api.w.org\/{rel}","templated":true}]}}