{"id":6359,"date":"2020-07-10T02:15:18","date_gmt":"2020-07-10T00:15:18","guid":{"rendered":"https:\/\/ikasougou.com\/boubacarbathily\/?post_type=product&#038;p=6359"},"modified":"2020-07-10T02:15:19","modified_gmt":"2020-07-10T00:15:19","slug":"le-metre-de-bazin-riche-getzner-princesse-jaune-avec-des-motifs-en-cercle","status":"publish","type":"product","link":"https:\/\/ikasougou.com\/momobazin\/produit\/le-metre-de-bazin-riche-getzner-princesse-jaune-avec-des-motifs-en-cercle\/","title":{"rendered":"Le M\u00e8tre de Bazin Riche Getzner Princesse Jaune avec des Motifs en Cercle"},"content":{"rendered":"<div id=\"tab-description\" class=\"woocommerce-Tabs-panel woocommerce-Tabs-panel--description panel entry-content active\" role=\"tabpanel\" aria-labelledby=\"tab-title-description\">\n<h1>Ce mod\u00e8le de bazin riche getzner jaune Claire est destin\u00e9 \u00e0 vous faire briller comme une princesse avec des motifs en cercle d\u00e9cor\u00e9 \u00e0 l\u2019africaine .<\/h1>\n<p><img data-recalc-dims=\"1\" loading=\"lazy\" decoding=\"async\" class=\"size-medium wp-image-6360 aligncenter\" src=\"https:\/\/i0.wp.com\/ikasougou.com\/boubacarbathily\/wp-content\/uploads\/sites\/5\/2020\/07\/WhatsApp-Image-2020-07-08-at-12.48.54-1-296x400.jpeg?resize=296%2C400&#038;ssl=1\" alt=\"\" width=\"296\" height=\"400\" srcset=\"https:\/\/i0.wp.com\/ikasougou.com\/momobazin\/wp-content\/uploads\/sites\/5\/2020\/07\/WhatsApp-Image-2020-07-08-at-12.48.54-1.jpeg?resize=296%2C400&amp;ssl=1 296w, https:\/\/i0.wp.com\/ikasougou.com\/momobazin\/wp-content\/uploads\/sites\/5\/2020\/07\/WhatsApp-Image-2020-07-08-at-12.48.54-1.jpeg?resize=592%2C800&amp;ssl=1 592w, https:\/\/i0.wp.com\/ikasougou.com\/momobazin\/wp-content\/uploads\/sites\/5\/2020\/07\/WhatsApp-Image-2020-07-08-at-12.48.54-1.jpeg?resize=510%2C689&amp;ssl=1 510w, https:\/\/i0.wp.com\/ikasougou.com\/momobazin\/wp-content\/uploads\/sites\/5\/2020\/07\/WhatsApp-Image-2020-07-08-at-12.48.54-1.jpeg?w=708&amp;ssl=1 708w\" sizes=\"auto, (max-width: 296px) 100vw, 296px\" \/><\/p>\n<\/div>\n<div style=\"display:flex; gap:10px;justify-content:center\" class=\"wps-pgfw-pdf-generate-icon__wrapper-frontend\">\n\t\t<a  href=\"https:\/\/ikasougou.com\/momobazin\/wp-json\/wp\/v2\/product\/6359?action=genpdf&amp;id=6359\" class=\"pgfw-single-pdf-download-button\" ><img src=\"https:\/\/ikasougou.com\/momobazin\/wp-content\/plugins\/pdf-generator-for-wp\/admin\/src\/images\/PDF_Tray.svg\" title=\"G\u00e9n\u00e9rer un PDF\" style=\"width:auto; height:45px;\"><\/a>\n\t\t<\/div>","protected":false},"excerpt":{"rendered":"<p>Ce mod\u00e8le de bazin riche getzner jaune Claire est destin\u00e9 \u00e0 vous faire briller comme une princesse avec des motifs en cercle d\u00e9cor\u00e9 \u00e0 l\u2019africaine .<\/p>\n","protected":false},"featured_media":6361,"comment_status":"open","ping_status":"closed","template":"","meta":{"jetpack_post_was_ever_published":false,"jetpack_publicize_message":"","jetpack_publicize_feature_enabled":true,"jetpack_social_post_already_shared":true,"jetpack_social_options":{"image_generator_settings":{"template":"highway","default_image_id":0,"font":"","enabled":false},"version":2}},"product_brand":[],"product_cat":[17,45,16],"product_tag":[],"class_list":{"0":"post-6359","1":"product","2":"type-product","3":"status-publish","4":"has-post-thumbnail","6":"product_cat-bazin","7":"product_cat-princesse","8":"product_cat-textile-bijoux","10":"first","11":"instock","12":"sale","13":"shipping-taxable","14":"purchasable","15":"product-type-simple"},"ams_default_variation_id":0,"ams_product_points_reward":[],"ams_product_discount_percentage":14.29,"ams_price_to_display":15000,"aioseo_notices":[],"ams_acf":[],"jetpack_publicize_connections":[],"jetpack_sharing_enabled":true,"jetpack_likes_enabled":true,"jetpack-related-posts":[],"_links":{"self":[{"href":"https:\/\/ikasougou.com\/momobazin\/wp-json\/wp\/v2\/product\/6359","targetHints":{"allow":["GET"]}}],"collection":[{"href":"https:\/\/ikasougou.com\/momobazin\/wp-json\/wp\/v2\/product"}],"about":[{"href":"https:\/\/ikasougou.com\/momobazin\/wp-json\/wp\/v2\/types\/product"}],"replies":[{"embeddable":true,"href":"https:\/\/ikasougou.com\/momobazin\/wp-json\/wp\/v2\/comments?post=6359"}],"wp:featuredmedia":[{"embeddable":true,"href":"https:\/\/ikasougou.com\/momobazin\/wp-json\/wp\/v2\/media\/6361"}],"wp:attachment":[{"href":"https:\/\/ikasougou.com\/momobazin\/wp-json\/wp\/v2\/media?parent=6359"}],"wp:term":[{"taxonomy":"product_brand","embeddable":true,"href":"https:\/\/ikasougou.com\/momobazin\/wp-json\/wp\/v2\/product_brand?post=6359"},{"taxonomy":"product_cat","embeddable":true,"href":"https:\/\/ikasougou.com\/momobazin\/wp-json\/wp\/v2\/product_cat?post=6359"},{"taxonomy":"product_tag","embeddable":true,"href":"https:\/\/ikasougou.com\/momobazin\/wp-json\/wp\/v2\/product_tag?post=6359"}],"curies":[{"name":"wp","href":"https:\/\/api.w.org\/{rel}","templated":true}]}}