{"id":6417,"date":"2020-08-03T01:50:36","date_gmt":"2020-08-02T23:50:36","guid":{"rendered":"https:\/\/ikasougou.com\/boubacarbathily\/?post_type=product&#038;p=6417"},"modified":"2020-08-03T01:52:13","modified_gmt":"2020-08-02T23:52:13","slug":"une-selection-de-4-modeles-de-riche-bazin-getzner-cousus-pour-homme","status":"publish","type":"product","link":"https:\/\/ikasougou.com\/momobazin\/produit\/une-selection-de-4-modeles-de-riche-bazin-getzner-cousus-pour-homme\/","title":{"rendered":"Une S\u00e9lection de 4 Mod\u00e8les de Riche Bazin Getzner Cousus pour Homme"},"content":{"rendered":"<h3>D\u00e9couvrez cette s\u00e9lection de 4 Mod\u00e8les de Riche Bazin Getzner Cousus pour Homme id\u00e9al pour les grand \u00e9v\u00e8nements et en cas urgence ils sont d\u00e9ja pret a etre port\u00e9s<\/h3>\n<p>.<img data-recalc-dims=\"1\" loading=\"lazy\" decoding=\"async\" class=\"alignnone size-medium wp-image-6418\" src=\"https:\/\/i0.wp.com\/ikasougou.com\/boubacarbathily\/wp-content\/uploads\/sites\/5\/2020\/08\/WhatsApp-Image-2020-07-29-at-23.09.01-300x400.jpg?resize=300%2C400&#038;ssl=1\" alt=\"\" width=\"300\" height=\"400\" srcset=\"https:\/\/i0.wp.com\/ikasougou.com\/momobazin\/wp-content\/uploads\/sites\/5\/2020\/08\/WhatsApp-Image-2020-07-29-at-23.09.01.jpg?resize=300%2C400&amp;ssl=1 300w, https:\/\/i0.wp.com\/ikasougou.com\/momobazin\/wp-content\/uploads\/sites\/5\/2020\/08\/WhatsApp-Image-2020-07-29-at-23.09.01.jpg?resize=600%2C800&amp;ssl=1 600w, https:\/\/i0.wp.com\/ikasougou.com\/momobazin\/wp-content\/uploads\/sites\/5\/2020\/08\/WhatsApp-Image-2020-07-29-at-23.09.01.jpg?resize=510%2C680&amp;ssl=1 510w, https:\/\/i0.wp.com\/ikasougou.com\/momobazin\/wp-content\/uploads\/sites\/5\/2020\/08\/WhatsApp-Image-2020-07-29-at-23.09.01.jpg?w=744&amp;ssl=1 744w\" sizes=\"auto, (max-width: 300px) 100vw, 300px\" \/> <img data-recalc-dims=\"1\" loading=\"lazy\" decoding=\"async\" class=\"alignnone size-medium wp-image-6419\" src=\"https:\/\/i0.wp.com\/ikasougou.com\/boubacarbathily\/wp-content\/uploads\/sites\/5\/2020\/08\/WhatsApp-Image-2020-07-29-at-23.09.03-533x400.jpg?resize=533%2C400&#038;ssl=1\" alt=\"\" width=\"533\" height=\"400\" srcset=\"https:\/\/i0.wp.com\/ikasougou.com\/momobazin\/wp-content\/uploads\/sites\/5\/2020\/08\/WhatsApp-Image-2020-07-29-at-23.09.03.jpg?resize=533%2C400&amp;ssl=1 533w, https:\/\/i0.wp.com\/ikasougou.com\/momobazin\/wp-content\/uploads\/sites\/5\/2020\/08\/WhatsApp-Image-2020-07-29-at-23.09.03.jpg?resize=768%2C576&amp;ssl=1 768w, https:\/\/i0.wp.com\/ikasougou.com\/momobazin\/wp-content\/uploads\/sites\/5\/2020\/08\/WhatsApp-Image-2020-07-29-at-23.09.03.jpg?resize=510%2C383&amp;ssl=1 510w, https:\/\/i0.wp.com\/ikasougou.com\/momobazin\/wp-content\/uploads\/sites\/5\/2020\/08\/WhatsApp-Image-2020-07-29-at-23.09.03.jpg?w=992&amp;ssl=1 992w\" sizes=\"auto, (max-width: 533px) 100vw, 533px\" \/> <img data-recalc-dims=\"1\" loading=\"lazy\" decoding=\"async\" class=\"alignnone size-medium wp-image-6420\" src=\"https:\/\/i0.wp.com\/ikasougou.com\/boubacarbathily\/wp-content\/uploads\/sites\/5\/2020\/08\/WhatsApp-Image-2020-07-29-at-23.09.05-1-533x400.jpg?resize=533%2C400&#038;ssl=1\" alt=\"\" width=\"533\" height=\"400\" srcset=\"https:\/\/i0.wp.com\/ikasougou.com\/momobazin\/wp-content\/uploads\/sites\/5\/2020\/08\/WhatsApp-Image-2020-07-29-at-23.09.05-1.jpg?resize=533%2C400&amp;ssl=1 533w, https:\/\/i0.wp.com\/ikasougou.com\/momobazin\/wp-content\/uploads\/sites\/5\/2020\/08\/WhatsApp-Image-2020-07-29-at-23.09.05-1.jpg?resize=768%2C576&amp;ssl=1 768w, https:\/\/i0.wp.com\/ikasougou.com\/momobazin\/wp-content\/uploads\/sites\/5\/2020\/08\/WhatsApp-Image-2020-07-29-at-23.09.05-1.jpg?resize=510%2C383&amp;ssl=1 510w, https:\/\/i0.wp.com\/ikasougou.com\/momobazin\/wp-content\/uploads\/sites\/5\/2020\/08\/WhatsApp-Image-2020-07-29-at-23.09.05-1.jpg?w=992&amp;ssl=1 992w\" sizes=\"auto, (max-width: 533px) 100vw, 533px\" \/> <img data-recalc-dims=\"1\" loading=\"lazy\" decoding=\"async\" class=\"alignnone size-medium wp-image-6421\" src=\"https:\/\/i0.wp.com\/ikasougou.com\/boubacarbathily\/wp-content\/uploads\/sites\/5\/2020\/08\/WhatsApp-Image-2020-07-29-at-23.09.05-533x400.jpg?resize=533%2C400&#038;ssl=1\" alt=\"\" width=\"533\" height=\"400\" srcset=\"https:\/\/i0.wp.com\/ikasougou.com\/momobazin\/wp-content\/uploads\/sites\/5\/2020\/08\/WhatsApp-Image-2020-07-29-at-23.09.05.jpg?resize=533%2C400&amp;ssl=1 533w, https:\/\/i0.wp.com\/ikasougou.com\/momobazin\/wp-content\/uploads\/sites\/5\/2020\/08\/WhatsApp-Image-2020-07-29-at-23.09.05.jpg?resize=768%2C576&amp;ssl=1 768w, https:\/\/i0.wp.com\/ikasougou.com\/momobazin\/wp-content\/uploads\/sites\/5\/2020\/08\/WhatsApp-Image-2020-07-29-at-23.09.05.jpg?resize=510%2C383&amp;ssl=1 510w, https:\/\/i0.wp.com\/ikasougou.com\/momobazin\/wp-content\/uploads\/sites\/5\/2020\/08\/WhatsApp-Image-2020-07-29-at-23.09.05.jpg?w=992&amp;ssl=1 992w\" sizes=\"auto, (max-width: 533px) 100vw, 533px\" \/> <img data-recalc-dims=\"1\" loading=\"lazy\" decoding=\"async\" class=\"alignnone size-medium wp-image-6422\" src=\"https:\/\/i0.wp.com\/ikasougou.com\/boubacarbathily\/wp-content\/uploads\/sites\/5\/2020\/08\/WhatsApp-Image-2020-07-29-at-23.09.15-1-300x400.jpg?resize=300%2C400&#038;ssl=1\" alt=\"\" width=\"300\" height=\"400\" srcset=\"https:\/\/i0.wp.com\/ikasougou.com\/momobazin\/wp-content\/uploads\/sites\/5\/2020\/08\/WhatsApp-Image-2020-07-29-at-23.09.15-1.jpg?resize=300%2C400&amp;ssl=1 300w, https:\/\/i0.wp.com\/ikasougou.com\/momobazin\/wp-content\/uploads\/sites\/5\/2020\/08\/WhatsApp-Image-2020-07-29-at-23.09.15-1.jpg?resize=600%2C800&amp;ssl=1 600w, https:\/\/i0.wp.com\/ikasougou.com\/momobazin\/wp-content\/uploads\/sites\/5\/2020\/08\/WhatsApp-Image-2020-07-29-at-23.09.15-1.jpg?resize=510%2C680&amp;ssl=1 510w, https:\/\/i0.wp.com\/ikasougou.com\/momobazin\/wp-content\/uploads\/sites\/5\/2020\/08\/WhatsApp-Image-2020-07-29-at-23.09.15-1.jpg?w=744&amp;ssl=1 744w\" sizes=\"auto, (max-width: 300px) 100vw, 300px\" \/> <img data-recalc-dims=\"1\" loading=\"lazy\" decoding=\"async\" class=\"alignnone size-medium wp-image-6423\" src=\"https:\/\/i0.wp.com\/ikasougou.com\/boubacarbathily\/wp-content\/uploads\/sites\/5\/2020\/08\/WhatsApp-Image-2020-07-29-at-23.09.17-1-533x400.jpg?resize=533%2C400&#038;ssl=1\" alt=\"\" width=\"533\" height=\"400\" srcset=\"https:\/\/i0.wp.com\/ikasougou.com\/momobazin\/wp-content\/uploads\/sites\/5\/2020\/08\/WhatsApp-Image-2020-07-29-at-23.09.17-1.jpg?resize=533%2C400&amp;ssl=1 533w, https:\/\/i0.wp.com\/ikasougou.com\/momobazin\/wp-content\/uploads\/sites\/5\/2020\/08\/WhatsApp-Image-2020-07-29-at-23.09.17-1.jpg?resize=768%2C576&amp;ssl=1 768w, https:\/\/i0.wp.com\/ikasougou.com\/momobazin\/wp-content\/uploads\/sites\/5\/2020\/08\/WhatsApp-Image-2020-07-29-at-23.09.17-1.jpg?resize=510%2C383&amp;ssl=1 510w, https:\/\/i0.wp.com\/ikasougou.com\/momobazin\/wp-content\/uploads\/sites\/5\/2020\/08\/WhatsApp-Image-2020-07-29-at-23.09.17-1.jpg?w=992&amp;ssl=1 992w\" sizes=\"auto, (max-width: 533px) 100vw, 533px\" \/> <img data-recalc-dims=\"1\" loading=\"lazy\" decoding=\"async\" class=\"alignnone size-medium wp-image-6424\" src=\"https:\/\/i0.wp.com\/ikasougou.com\/boubacarbathily\/wp-content\/uploads\/sites\/5\/2020\/08\/WhatsApp-Image-2020-07-29-at-23.09.20-1-533x400.jpg?resize=533%2C400&#038;ssl=1\" alt=\"\" width=\"533\" height=\"400\" srcset=\"https:\/\/i0.wp.com\/ikasougou.com\/momobazin\/wp-content\/uploads\/sites\/5\/2020\/08\/WhatsApp-Image-2020-07-29-at-23.09.20-1.jpg?resize=533%2C400&amp;ssl=1 533w, https:\/\/i0.wp.com\/ikasougou.com\/momobazin\/wp-content\/uploads\/sites\/5\/2020\/08\/WhatsApp-Image-2020-07-29-at-23.09.20-1.jpg?resize=768%2C576&amp;ssl=1 768w, https:\/\/i0.wp.com\/ikasougou.com\/momobazin\/wp-content\/uploads\/sites\/5\/2020\/08\/WhatsApp-Image-2020-07-29-at-23.09.20-1.jpg?resize=510%2C383&amp;ssl=1 510w, https:\/\/i0.wp.com\/ikasougou.com\/momobazin\/wp-content\/uploads\/sites\/5\/2020\/08\/WhatsApp-Image-2020-07-29-at-23.09.20-1.jpg?w=992&amp;ssl=1 992w\" sizes=\"auto, (max-width: 533px) 100vw, 533px\" \/> <img data-recalc-dims=\"1\" loading=\"lazy\" decoding=\"async\" class=\"alignnone size-medium wp-image-6425\" src=\"https:\/\/i0.wp.com\/ikasougou.com\/boubacarbathily\/wp-content\/uploads\/sites\/5\/2020\/08\/WhatsApp-Image-2020-07-29-at-23.09.20-533x400.jpg?resize=533%2C400&#038;ssl=1\" alt=\"\" width=\"533\" height=\"400\" srcset=\"https:\/\/i0.wp.com\/ikasougou.com\/momobazin\/wp-content\/uploads\/sites\/5\/2020\/08\/WhatsApp-Image-2020-07-29-at-23.09.20.jpg?resize=533%2C400&amp;ssl=1 533w, https:\/\/i0.wp.com\/ikasougou.com\/momobazin\/wp-content\/uploads\/sites\/5\/2020\/08\/WhatsApp-Image-2020-07-29-at-23.09.20.jpg?resize=768%2C576&amp;ssl=1 768w, https:\/\/i0.wp.com\/ikasougou.com\/momobazin\/wp-content\/uploads\/sites\/5\/2020\/08\/WhatsApp-Image-2020-07-29-at-23.09.20.jpg?resize=510%2C383&amp;ssl=1 510w, https:\/\/i0.wp.com\/ikasougou.com\/momobazin\/wp-content\/uploads\/sites\/5\/2020\/08\/WhatsApp-Image-2020-07-29-at-23.09.20.jpg?w=992&amp;ssl=1 992w\" sizes=\"auto, (max-width: 533px) 100vw, 533px\" \/> <img data-recalc-dims=\"1\" loading=\"lazy\" decoding=\"async\" class=\"alignnone size-medium wp-image-6426\" src=\"https:\/\/i0.wp.com\/ikasougou.com\/boubacarbathily\/wp-content\/uploads\/sites\/5\/2020\/08\/WhatsApp-Image-2020-07-29-at-23.09.21-1-300x400.jpg?resize=300%2C400&#038;ssl=1\" alt=\"\" width=\"300\" height=\"400\" srcset=\"https:\/\/i0.wp.com\/ikasougou.com\/momobazin\/wp-content\/uploads\/sites\/5\/2020\/08\/WhatsApp-Image-2020-07-29-at-23.09.21-1.jpg?resize=300%2C400&amp;ssl=1 300w, https:\/\/i0.wp.com\/ikasougou.com\/momobazin\/wp-content\/uploads\/sites\/5\/2020\/08\/WhatsApp-Image-2020-07-29-at-23.09.21-1.jpg?resize=600%2C800&amp;ssl=1 600w, https:\/\/i0.wp.com\/ikasougou.com\/momobazin\/wp-content\/uploads\/sites\/5\/2020\/08\/WhatsApp-Image-2020-07-29-at-23.09.21-1.jpg?resize=510%2C680&amp;ssl=1 510w, https:\/\/i0.wp.com\/ikasougou.com\/momobazin\/wp-content\/uploads\/sites\/5\/2020\/08\/WhatsApp-Image-2020-07-29-at-23.09.21-1.jpg?w=744&amp;ssl=1 744w\" sizes=\"auto, (max-width: 300px) 100vw, 300px\" \/> <img data-recalc-dims=\"1\" loading=\"lazy\" decoding=\"async\" class=\"alignnone size-medium wp-image-6427\" src=\"https:\/\/i0.wp.com\/ikasougou.com\/boubacarbathily\/wp-content\/uploads\/sites\/5\/2020\/08\/WhatsApp-Image-2020-07-29-at-23.09.21-533x400.jpg?resize=533%2C400&#038;ssl=1\" alt=\"\" width=\"533\" height=\"400\" srcset=\"https:\/\/i0.wp.com\/ikasougou.com\/momobazin\/wp-content\/uploads\/sites\/5\/2020\/08\/WhatsApp-Image-2020-07-29-at-23.09.21.jpg?resize=533%2C400&amp;ssl=1 533w, https:\/\/i0.wp.com\/ikasougou.com\/momobazin\/wp-content\/uploads\/sites\/5\/2020\/08\/WhatsApp-Image-2020-07-29-at-23.09.21.jpg?resize=768%2C576&amp;ssl=1 768w, https:\/\/i0.wp.com\/ikasougou.com\/momobazin\/wp-content\/uploads\/sites\/5\/2020\/08\/WhatsApp-Image-2020-07-29-at-23.09.21.jpg?resize=510%2C383&amp;ssl=1 510w, https:\/\/i0.wp.com\/ikasougou.com\/momobazin\/wp-content\/uploads\/sites\/5\/2020\/08\/WhatsApp-Image-2020-07-29-at-23.09.21.jpg?w=992&amp;ssl=1 992w\" sizes=\"auto, (max-width: 533px) 100vw, 533px\" \/> <img data-recalc-dims=\"1\" loading=\"lazy\" decoding=\"async\" class=\"alignnone size-medium wp-image-6428\" src=\"https:\/\/i0.wp.com\/ikasougou.com\/boubacarbathily\/wp-content\/uploads\/sites\/5\/2020\/08\/WhatsApp-Image-2020-07-29-at-23.09.22-533x400.jpg?resize=533%2C400&#038;ssl=1\" alt=\"\" width=\"533\" height=\"400\" srcset=\"https:\/\/i0.wp.com\/ikasougou.com\/momobazin\/wp-content\/uploads\/sites\/5\/2020\/08\/WhatsApp-Image-2020-07-29-at-23.09.22.jpg?resize=533%2C400&amp;ssl=1 533w, https:\/\/i0.wp.com\/ikasougou.com\/momobazin\/wp-content\/uploads\/sites\/5\/2020\/08\/WhatsApp-Image-2020-07-29-at-23.09.22.jpg?resize=768%2C576&amp;ssl=1 768w, https:\/\/i0.wp.com\/ikasougou.com\/momobazin\/wp-content\/uploads\/sites\/5\/2020\/08\/WhatsApp-Image-2020-07-29-at-23.09.22.jpg?resize=510%2C383&amp;ssl=1 510w, https:\/\/i0.wp.com\/ikasougou.com\/momobazin\/wp-content\/uploads\/sites\/5\/2020\/08\/WhatsApp-Image-2020-07-29-at-23.09.22.jpg?w=992&amp;ssl=1 992w\" sizes=\"auto, (max-width: 533px) 100vw, 533px\" \/> <img data-recalc-dims=\"1\" loading=\"lazy\" decoding=\"async\" class=\"alignnone size-medium wp-image-6429\" src=\"https:\/\/i0.wp.com\/ikasougou.com\/boubacarbathily\/wp-content\/uploads\/sites\/5\/2020\/08\/WhatsApp-Image-2020-07-29-at-23.09.23-533x400.jpg?resize=533%2C400&#038;ssl=1\" alt=\"\" width=\"533\" height=\"400\" srcset=\"https:\/\/i0.wp.com\/ikasougou.com\/momobazin\/wp-content\/uploads\/sites\/5\/2020\/08\/WhatsApp-Image-2020-07-29-at-23.09.23.jpg?resize=533%2C400&amp;ssl=1 533w, https:\/\/i0.wp.com\/ikasougou.com\/momobazin\/wp-content\/uploads\/sites\/5\/2020\/08\/WhatsApp-Image-2020-07-29-at-23.09.23.jpg?resize=768%2C576&amp;ssl=1 768w, https:\/\/i0.wp.com\/ikasougou.com\/momobazin\/wp-content\/uploads\/sites\/5\/2020\/08\/WhatsApp-Image-2020-07-29-at-23.09.23.jpg?resize=510%2C383&amp;ssl=1 510w, https:\/\/i0.wp.com\/ikasougou.com\/momobazin\/wp-content\/uploads\/sites\/5\/2020\/08\/WhatsApp-Image-2020-07-29-at-23.09.23.jpg?w=992&amp;ssl=1 992w\" sizes=\"auto, (max-width: 533px) 100vw, 533px\" \/> <img data-recalc-dims=\"1\" loading=\"lazy\" decoding=\"async\" class=\"alignnone size-medium wp-image-6430\" src=\"https:\/\/i0.wp.com\/ikasougou.com\/boubacarbathily\/wp-content\/uploads\/sites\/5\/2020\/08\/WhatsApp-Image-2020-07-29-at-23.09.24-533x400.jpg?resize=533%2C400&#038;ssl=1\" alt=\"\" width=\"533\" height=\"400\" srcset=\"https:\/\/i0.wp.com\/ikasougou.com\/momobazin\/wp-content\/uploads\/sites\/5\/2020\/08\/WhatsApp-Image-2020-07-29-at-23.09.24.jpg?resize=533%2C400&amp;ssl=1 533w, https:\/\/i0.wp.com\/ikasougou.com\/momobazin\/wp-content\/uploads\/sites\/5\/2020\/08\/WhatsApp-Image-2020-07-29-at-23.09.24.jpg?resize=768%2C576&amp;ssl=1 768w, https:\/\/i0.wp.com\/ikasougou.com\/momobazin\/wp-content\/uploads\/sites\/5\/2020\/08\/WhatsApp-Image-2020-07-29-at-23.09.24.jpg?resize=510%2C383&amp;ssl=1 510w, https:\/\/i0.wp.com\/ikasougou.com\/momobazin\/wp-content\/uploads\/sites\/5\/2020\/08\/WhatsApp-Image-2020-07-29-at-23.09.24.jpg?w=992&amp;ssl=1 992w\" sizes=\"auto, (max-width: 533px) 100vw, 533px\" \/> <img data-recalc-dims=\"1\" loading=\"lazy\" decoding=\"async\" class=\"alignnone size-medium wp-image-6431\" src=\"https:\/\/i0.wp.com\/ikasougou.com\/boubacarbathily\/wp-content\/uploads\/sites\/5\/2020\/08\/WhatsApp-Image-2020-07-29-at-23.09.36-300x400.jpg?resize=300%2C400&#038;ssl=1\" alt=\"\" width=\"300\" height=\"400\" srcset=\"https:\/\/i0.wp.com\/ikasougou.com\/momobazin\/wp-content\/uploads\/sites\/5\/2020\/08\/WhatsApp-Image-2020-07-29-at-23.09.36.jpg?resize=300%2C400&amp;ssl=1 300w, https:\/\/i0.wp.com\/ikasougou.com\/momobazin\/wp-content\/uploads\/sites\/5\/2020\/08\/WhatsApp-Image-2020-07-29-at-23.09.36.jpg?resize=600%2C800&amp;ssl=1 600w, https:\/\/i0.wp.com\/ikasougou.com\/momobazin\/wp-content\/uploads\/sites\/5\/2020\/08\/WhatsApp-Image-2020-07-29-at-23.09.36.jpg?resize=510%2C680&amp;ssl=1 510w, https:\/\/i0.wp.com\/ikasougou.com\/momobazin\/wp-content\/uploads\/sites\/5\/2020\/08\/WhatsApp-Image-2020-07-29-at-23.09.36.jpg?w=744&amp;ssl=1 744w\" sizes=\"auto, (max-width: 300px) 100vw, 300px\" \/> <img data-recalc-dims=\"1\" loading=\"lazy\" decoding=\"async\" class=\"alignnone size-medium wp-image-6432\" src=\"https:\/\/i0.wp.com\/ikasougou.com\/boubacarbathily\/wp-content\/uploads\/sites\/5\/2020\/08\/WhatsApp-Image-2020-07-29-at-23.09.37-300x400.jpg?resize=300%2C400&#038;ssl=1\" alt=\"\" width=\"300\" height=\"400\" srcset=\"https:\/\/i0.wp.com\/ikasougou.com\/momobazin\/wp-content\/uploads\/sites\/5\/2020\/08\/WhatsApp-Image-2020-07-29-at-23.09.37.jpg?resize=300%2C400&amp;ssl=1 300w, https:\/\/i0.wp.com\/ikasougou.com\/momobazin\/wp-content\/uploads\/sites\/5\/2020\/08\/WhatsApp-Image-2020-07-29-at-23.09.37.jpg?resize=600%2C800&amp;ssl=1 600w, https:\/\/i0.wp.com\/ikasougou.com\/momobazin\/wp-content\/uploads\/sites\/5\/2020\/08\/WhatsApp-Image-2020-07-29-at-23.09.37.jpg?resize=510%2C680&amp;ssl=1 510w, https:\/\/i0.wp.com\/ikasougou.com\/momobazin\/wp-content\/uploads\/sites\/5\/2020\/08\/WhatsApp-Image-2020-07-29-at-23.09.37.jpg?w=744&amp;ssl=1 744w\" sizes=\"auto, (max-width: 300px) 100vw, 300px\" \/> <img data-recalc-dims=\"1\" loading=\"lazy\" decoding=\"async\" class=\"alignnone size-medium wp-image-6433\" src=\"https:\/\/i0.wp.com\/ikasougou.com\/boubacarbathily\/wp-content\/uploads\/sites\/5\/2020\/08\/WhatsApp-Image-2020-07-29-at-23.09.39-533x400.jpg?resize=533%2C400&#038;ssl=1\" alt=\"\" width=\"533\" height=\"400\" srcset=\"https:\/\/i0.wp.com\/ikasougou.com\/momobazin\/wp-content\/uploads\/sites\/5\/2020\/08\/WhatsApp-Image-2020-07-29-at-23.09.39.jpg?resize=533%2C400&amp;ssl=1 533w, https:\/\/i0.wp.com\/ikasougou.com\/momobazin\/wp-content\/uploads\/sites\/5\/2020\/08\/WhatsApp-Image-2020-07-29-at-23.09.39.jpg?resize=768%2C576&amp;ssl=1 768w, https:\/\/i0.wp.com\/ikasougou.com\/momobazin\/wp-content\/uploads\/sites\/5\/2020\/08\/WhatsApp-Image-2020-07-29-at-23.09.39.jpg?resize=510%2C383&amp;ssl=1 510w, https:\/\/i0.wp.com\/ikasougou.com\/momobazin\/wp-content\/uploads\/sites\/5\/2020\/08\/WhatsApp-Image-2020-07-29-at-23.09.39.jpg?w=992&amp;ssl=1 992w\" sizes=\"auto, (max-width: 533px) 100vw, 533px\" \/><\/p>\n<div style=\"display:flex; gap:10px;justify-content:center\" class=\"wps-pgfw-pdf-generate-icon__wrapper-frontend\">\n\t\t<a  href=\"https:\/\/ikasougou.com\/momobazin\/wp-json\/wp\/v2\/product\/6417?action=genpdf&amp;id=6417\" class=\"pgfw-single-pdf-download-button\" ><img src=\"https:\/\/ikasougou.com\/momobazin\/wp-content\/plugins\/pdf-generator-for-wp\/admin\/src\/images\/PDF_Tray.svg\" title=\"G\u00e9n\u00e9rer un PDF\" style=\"width:auto; height:45px;\"><\/a>\n\t\t<\/div>","protected":false},"excerpt":{"rendered":"<p>D\u00e9couvrez cette s\u00e9lection de 4 Mod\u00e8les de Riche Bazin Getzner Cousus pour Homme id\u00e9al pour les grand \u00e9v\u00e8nements et en cas urgence ils sont d\u00e9ja pret a etre port\u00e9s .<\/p>\n","protected":false},"featured_media":6418,"comment_status":"open","ping_status":"closed","template":"","meta":{"jetpack_post_was_ever_published":false,"jetpack_publicize_message":"","jetpack_publicize_feature_enabled":true,"jetpack_social_post_already_shared":true,"jetpack_social_options":{"image_generator_settings":{"template":"highway","default_image_id":0,"font":"","enabled":false},"version":2}},"product_brand":[],"product_cat":[17,41,16],"product_tag":[58,56,57,55,54],"class_list":{"0":"post-6417","1":"product","2":"type-product","3":"status-publish","4":"has-post-thumbnail","6":"product_cat-bazin","7":"product_cat-cousus","8":"product_cat-textile-bijoux","9":"product_tag-bazin-getzner","10":"product_tag-cousus-pour-homme","11":"product_tag-mali","12":"product_tag-riche-bazin-getzner","13":"product_tag-riche-bazin-getzner-cousus-pour-homme","15":"first","16":"instock","17":"shipping-taxable","18":"purchasable","19":"product-type-variable"},"ams_default_variation_id":0,"ams_product_points_reward":[],"ams_product_discount_percentage":0,"ams_price_to_display":65000,"aioseo_notices":[],"ams_acf":[],"jetpack_publicize_connections":[],"jetpack_sharing_enabled":true,"jetpack_likes_enabled":true,"jetpack-related-posts":[],"_links":{"self":[{"href":"https:\/\/ikasougou.com\/momobazin\/wp-json\/wp\/v2\/product\/6417","targetHints":{"allow":["GET"]}}],"collection":[{"href":"https:\/\/ikasougou.com\/momobazin\/wp-json\/wp\/v2\/product"}],"about":[{"href":"https:\/\/ikasougou.com\/momobazin\/wp-json\/wp\/v2\/types\/product"}],"replies":[{"embeddable":true,"href":"https:\/\/ikasougou.com\/momobazin\/wp-json\/wp\/v2\/comments?post=6417"}],"wp:featuredmedia":[{"embeddable":true,"href":"https:\/\/ikasougou.com\/momobazin\/wp-json\/wp\/v2\/media\/6418"}],"wp:attachment":[{"href":"https:\/\/ikasougou.com\/momobazin\/wp-json\/wp\/v2\/media?parent=6417"}],"wp:term":[{"taxonomy":"product_brand","embeddable":true,"href":"https:\/\/ikasougou.com\/momobazin\/wp-json\/wp\/v2\/product_brand?post=6417"},{"taxonomy":"product_cat","embeddable":true,"href":"https:\/\/ikasougou.com\/momobazin\/wp-json\/wp\/v2\/product_cat?post=6417"},{"taxonomy":"product_tag","embeddable":true,"href":"https:\/\/ikasougou.com\/momobazin\/wp-json\/wp\/v2\/product_tag?post=6417"}],"curies":[{"name":"wp","href":"https:\/\/api.w.org\/{rel}","templated":true}]}}