{"id":6533,"date":"2021-02-16T20:48:54","date_gmt":"2021-02-16T19:48:54","guid":{"rendered":"https:\/\/ikasougou.com\/boubacarbathily\/?post_type=product&#038;p=6533"},"modified":"2021-07-01T18:18:11","modified_gmt":"2021-07-01T16:18:11","slug":"le-metre-bazin-riche-getzner-wifi-15","status":"publish","type":"product","link":"https:\/\/ikasougou.com\/momobazin\/produit\/le-metre-bazin-riche-getzner-wifi-15\/","title":{"rendered":"Le m\u00e8tre Bazin Riche Getzner Wifi"},"content":{"rendered":"<h1>Portez avec classe ce magnifique Bazin Riche Getzner mod\u00e8le Wifi m\u00e9lang\u00e9 avec des couleurs unique id\u00e9al pour vos tenues des grands \u00e9v\u00e8nements . Un m\u00e9lange r\u00e9ussis de motifs avec rayures et couleur unique donne un surprenant effet\u00a0 qui passera pas inaper\u00e7ue .<\/h1>\n<p><img data-recalc-dims=\"1\" loading=\"lazy\" decoding=\"async\" class=\"alignnone size-medium wp-image-6534\" src=\"https:\/\/i0.wp.com\/ikasougou.com\/boubacarbathily\/wp-content\/uploads\/sites\/5\/2021\/02\/WhatsApp-Image-2021-02-14-at-15.29.50-1-300x400.jpeg?resize=300%2C400&#038;ssl=1\" alt=\"\" width=\"300\" height=\"400\" srcset=\"https:\/\/i0.wp.com\/ikasougou.com\/momobazin\/wp-content\/uploads\/sites\/5\/2021\/02\/WhatsApp-Image-2021-02-14-at-15.29.50-1.jpeg?resize=300%2C400&amp;ssl=1 300w, https:\/\/i0.wp.com\/ikasougou.com\/momobazin\/wp-content\/uploads\/sites\/5\/2021\/02\/WhatsApp-Image-2021-02-14-at-15.29.50-1.jpeg?resize=600%2C800&amp;ssl=1 600w, https:\/\/i0.wp.com\/ikasougou.com\/momobazin\/wp-content\/uploads\/sites\/5\/2021\/02\/WhatsApp-Image-2021-02-14-at-15.29.50-1.jpeg?resize=510%2C680&amp;ssl=1 510w, https:\/\/i0.wp.com\/ikasougou.com\/momobazin\/wp-content\/uploads\/sites\/5\/2021\/02\/WhatsApp-Image-2021-02-14-at-15.29.50-1.jpeg?w=768&amp;ssl=1 768w\" sizes=\"auto, (max-width: 300px) 100vw, 300px\" \/><\/p>\n<div style=\"display:flex; gap:10px;justify-content:center\" class=\"wps-pgfw-pdf-generate-icon__wrapper-frontend\">\n\t\t<a  href=\"https:\/\/ikasougou.com\/momobazin\/wp-json\/wp\/v2\/product\/6533?action=genpdf&amp;id=6533\" class=\"pgfw-single-pdf-download-button\" ><img src=\"https:\/\/ikasougou.com\/momobazin\/wp-content\/plugins\/pdf-generator-for-wp\/admin\/src\/images\/PDF_Tray.svg\" title=\"G\u00e9n\u00e9rer un PDF\" style=\"width:auto; height:45px;\"><\/a>\n\t\t<\/div>","protected":false},"excerpt":{"rendered":"<p>Portez avec classe ce magnifique Bazin Riche Getzner mod\u00e8le Wifi m\u00e9lang\u00e9 avec des couleurs unique id\u00e9al pour vos tenues des grands \u00e9v\u00e8nements . Un m\u00e9lange r\u00e9ussis de motifs avec rayures et couleur unique donne un surprenant effet\u00a0 qui passera pas inaper\u00e7ue .<\/p>\n","protected":false},"featured_media":6534,"comment_status":"open","ping_status":"closed","template":"","meta":{"jetpack_post_was_ever_published":false,"jetpack_publicize_message":"","jetpack_publicize_feature_enabled":true,"jetpack_social_post_already_shared":false,"jetpack_social_options":{"image_generator_settings":{"template":"highway","default_image_id":0,"font":"","enabled":false},"version":2}},"product_brand":[],"product_cat":[17,42,16,46],"product_tag":[61,60,62,71,66,69,70,63,57,68,64,67,65],"class_list":{"0":"post-6533","1":"product","2":"type-product","3":"status-publish","4":"has-post-thumbnail","6":"product_cat-bazin","7":"product_cat-getzner","8":"product_cat-textile-bijoux","9":"product_cat-wifi","10":"product_tag-afrique","11":"product_tag-bamako","12":"product_tag-bazin","13":"product_tag-bazin-riche-getzner","14":"product_tag-boubacar-bathily","15":"product_tag-burkina-faso","16":"product_tag-cote-d-ivoire","17":"product_tag-getzner","18":"product_tag-mali","19":"product_tag-senegal","20":"product_tag-textile-bijoux","21":"product_tag-thioub","22":"product_tag-wifi","24":"first","25":"instock","26":"shipping-taxable","27":"purchasable","28":"product-type-simple"},"ams_default_variation_id":0,"ams_product_points_reward":[],"ams_product_discount_percentage":0,"ams_price_to_display":15000,"aioseo_notices":[],"ams_acf":[],"jetpack_publicize_connections":[],"jetpack_sharing_enabled":true,"jetpack_likes_enabled":true,"jetpack-related-posts":[],"_links":{"self":[{"href":"https:\/\/ikasougou.com\/momobazin\/wp-json\/wp\/v2\/product\/6533","targetHints":{"allow":["GET"]}}],"collection":[{"href":"https:\/\/ikasougou.com\/momobazin\/wp-json\/wp\/v2\/product"}],"about":[{"href":"https:\/\/ikasougou.com\/momobazin\/wp-json\/wp\/v2\/types\/product"}],"replies":[{"embeddable":true,"href":"https:\/\/ikasougou.com\/momobazin\/wp-json\/wp\/v2\/comments?post=6533"}],"wp:featuredmedia":[{"embeddable":true,"href":"https:\/\/ikasougou.com\/momobazin\/wp-json\/wp\/v2\/media\/6534"}],"wp:attachment":[{"href":"https:\/\/ikasougou.com\/momobazin\/wp-json\/wp\/v2\/media?parent=6533"}],"wp:term":[{"taxonomy":"product_brand","embeddable":true,"href":"https:\/\/ikasougou.com\/momobazin\/wp-json\/wp\/v2\/product_brand?post=6533"},{"taxonomy":"product_cat","embeddable":true,"href":"https:\/\/ikasougou.com\/momobazin\/wp-json\/wp\/v2\/product_cat?post=6533"},{"taxonomy":"product_tag","embeddable":true,"href":"https:\/\/ikasougou.com\/momobazin\/wp-json\/wp\/v2\/product_tag?post=6533"}],"curies":[{"name":"wp","href":"https:\/\/api.w.org\/{rel}","templated":true}]}}