{"id":6673,"date":"2022-08-16T14:02:31","date_gmt":"2022-08-16T12:02:31","guid":{"rendered":"https:\/\/ikasougou.com\/momobazin\/?post_type=product&#038;p=6673"},"modified":"2022-08-17T18:53:08","modified_gmt":"2022-08-17T16:53:08","slug":"bazin-getluxe-le-metre-2","status":"publish","type":"product","link":"https:\/\/ikasougou.com\/momobazin\/produit\/bazin-getluxe-le-metre-2\/","title":{"rendered":"Bazin GetLuxe le m\u00e8tre"},"content":{"rendered":"<p>R\u00e9alisez vos tenues de grande Dame avec ce mod\u00e8le de Bazin Riche Getzner Teint\u00e9 VIP id\u00e9al pour vos grands \u00e9v\u00e9nements. Avec ce Bazin vous serrez la vedette dans tous vos \u00e9v\u00e9nements.<\/p>\n<div style=\"display:flex; gap:10px;justify-content:center\" class=\"wps-pgfw-pdf-generate-icon__wrapper-frontend\">\n\t\t<a  href=\"https:\/\/ikasougou.com\/momobazin\/wp-json\/wp\/v2\/product\/6673?action=genpdf&amp;id=6673\" class=\"pgfw-single-pdf-download-button\" ><img src=\"https:\/\/ikasougou.com\/momobazin\/wp-content\/plugins\/pdf-generator-for-wp\/admin\/src\/images\/PDF_Tray.svg\" title=\"G\u00e9n\u00e9rer un PDF\" style=\"width:auto; height:45px;\"><\/a>\n\t\t<\/div>","protected":false},"excerpt":{"rendered":"<p>R\u00e9alisez vos tenues de grande Dame avec ce mod\u00e8le de Bazin Riche Getzner Teint\u00e9 VIP id\u00e9al pour vos grands \u00e9v\u00e9nements<\/p>\n","protected":false},"featured_media":6674,"comment_status":"open","ping_status":"closed","template":"","meta":{"jetpack_post_was_ever_published":false,"jetpack_publicize_message":"","jetpack_publicize_feature_enabled":true,"jetpack_social_post_already_shared":true,"jetpack_social_options":{"image_generator_settings":{"template":"highway","default_image_id":0,"font":"","enabled":false},"version":2}},"product_brand":[],"product_cat":[17,44],"product_tag":[60,62,91,92,57],"class_list":{"0":"post-6673","1":"product","2":"type-product","3":"status-publish","4":"has-post-thumbnail","6":"product_cat-bazin","7":"product_cat-getluxe","8":"product_tag-bamako","9":"product_tag-bazin","10":"product_tag-bazin-getluxe-le-metre","11":"product_tag-france","12":"product_tag-mali","14":"first","15":"instock","16":"shipping-taxable","17":"purchasable","18":"product-type-simple"},"ams_default_variation_id":0,"ams_product_points_reward":[],"ams_product_discount_percentage":0,"ams_price_to_display":8000,"aioseo_notices":[],"ams_acf":[],"jetpack_publicize_connections":[],"jetpack_sharing_enabled":true,"jetpack_likes_enabled":true,"jetpack-related-posts":[],"_links":{"self":[{"href":"https:\/\/ikasougou.com\/momobazin\/wp-json\/wp\/v2\/product\/6673","targetHints":{"allow":["GET"]}}],"collection":[{"href":"https:\/\/ikasougou.com\/momobazin\/wp-json\/wp\/v2\/product"}],"about":[{"href":"https:\/\/ikasougou.com\/momobazin\/wp-json\/wp\/v2\/types\/product"}],"replies":[{"embeddable":true,"href":"https:\/\/ikasougou.com\/momobazin\/wp-json\/wp\/v2\/comments?post=6673"}],"wp:featuredmedia":[{"embeddable":true,"href":"https:\/\/ikasougou.com\/momobazin\/wp-json\/wp\/v2\/media\/6674"}],"wp:attachment":[{"href":"https:\/\/ikasougou.com\/momobazin\/wp-json\/wp\/v2\/media?parent=6673"}],"wp:term":[{"taxonomy":"product_brand","embeddable":true,"href":"https:\/\/ikasougou.com\/momobazin\/wp-json\/wp\/v2\/product_brand?post=6673"},{"taxonomy":"product_cat","embeddable":true,"href":"https:\/\/ikasougou.com\/momobazin\/wp-json\/wp\/v2\/product_cat?post=6673"},{"taxonomy":"product_tag","embeddable":true,"href":"https:\/\/ikasougou.com\/momobazin\/wp-json\/wp\/v2\/product_tag?post=6673"}],"curies":[{"name":"wp","href":"https:\/\/api.w.org\/{rel}","templated":true}]}}