{"id":263,"date":"2022-08-11T18:36:19","date_gmt":"2022-08-11T16:36:19","guid":{"rendered":"https:\/\/ikasougou.com\/noorhijab\/?post_type=product&#038;p=263"},"modified":"2022-08-15T12:47:55","modified_gmt":"2022-08-15T10:47:55","slug":"robe-et-ensemble-jupe-2","status":"publish","type":"product","link":"https:\/\/ikasougou.com\/noorhijab\/produit\/robe-et-ensemble-jupe-2\/","title":{"rendered":"Robe et ensemble jupe"},"content":{"rendered":"<p>Abaya disponible en diff\u00e9rents coloris. Vendu avec un cordon, que l&#8217;on peut attacher \u00e0 la taille. Tenue chic \u00e0 porter pour cette f\u00eate de l&#8217;A\u00efd.<\/p>\n<div style=\"display:flex; gap:10px;justify-content:center\" class=\"wps-pgfw-pdf-generate-icon__wrapper-frontend\">\n\t\t<a  href=\"https:\/\/ikasougou.com\/noorhijab\/wp-json\/wp\/v2\/product\/263?action=genpdf&amp;id=263\" class=\"pgfw-single-pdf-download-button\" ><img src=\"https:\/\/ikasougou.com\/noorhijab\/wp-content\/plugins\/pdf-generator-for-wp\/admin\/src\/images\/PDF_Tray.svg\" title=\"G\u00e9n\u00e9rer un PDF\" style=\"width:auto; height:45px;\"><\/a>\n\t\t<\/div>","protected":false},"excerpt":{"rendered":"<p>Abaya musulman turc pour femmes, de bonne qualit\u00e9, avec ou sans broderie .<\/p>\n","protected":false},"featured_media":253,"comment_status":"open","ping_status":"closed","template":"","meta":{"jetpack_post_was_ever_published":false},"product_brand":[],"product_cat":[16],"product_tag":[31,32,33],"class_list":{"0":"post-263","1":"product","2":"type-product","3":"status-publish","4":"has-post-thumbnail","6":"product_cat-habitsfemme","7":"product_tag-abaya","8":"product_tag-broderie","9":"product_tag-qualite","11":"first","12":"instock","13":"shipping-taxable","14":"purchasable","15":"product-type-simple"},"ams_default_variation_id":0,"ams_product_points_reward":[],"ams_product_discount_percentage":0,"ams_price_to_display":25000,"aioseo_notices":[],"ams_acf":[],"jetpack_sharing_enabled":true,"jetpack-related-posts":[],"_links":{"self":[{"href":"https:\/\/ikasougou.com\/noorhijab\/wp-json\/wp\/v2\/product\/263","targetHints":{"allow":["GET"]}}],"collection":[{"href":"https:\/\/ikasougou.com\/noorhijab\/wp-json\/wp\/v2\/product"}],"about":[{"href":"https:\/\/ikasougou.com\/noorhijab\/wp-json\/wp\/v2\/types\/product"}],"replies":[{"embeddable":true,"href":"https:\/\/ikasougou.com\/noorhijab\/wp-json\/wp\/v2\/comments?post=263"}],"wp:featuredmedia":[{"embeddable":true,"href":"https:\/\/ikasougou.com\/noorhijab\/wp-json\/wp\/v2\/media\/253"}],"wp:attachment":[{"href":"https:\/\/ikasougou.com\/noorhijab\/wp-json\/wp\/v2\/media?parent=263"}],"wp:term":[{"taxonomy":"product_brand","embeddable":true,"href":"https:\/\/ikasougou.com\/noorhijab\/wp-json\/wp\/v2\/product_brand?post=263"},{"taxonomy":"product_cat","embeddable":true,"href":"https:\/\/ikasougou.com\/noorhijab\/wp-json\/wp\/v2\/product_cat?post=263"},{"taxonomy":"product_tag","embeddable":true,"href":"https:\/\/ikasougou.com\/noorhijab\/wp-json\/wp\/v2\/product_tag?post=263"}],"curies":[{"name":"wp","href":"https:\/\/api.w.org\/{rel}","templated":true}]}}