{"id":37,"date":"2022-06-27T12:03:34","date_gmt":"2022-06-27T10:03:34","guid":{"rendered":"https:\/\/ikasougou.com\/noorhijab\/?post_type=product&#038;p=37"},"modified":"2022-07-05T12:39:02","modified_gmt":"2022-07-05T10:39:02","slug":"abaya-4","status":"publish","type":"product","link":"https:\/\/ikasougou.com\/noorhijab\/produit\/abaya-4\/","title":{"rendered":"Abaya"},"content":{"rendered":"<p>Le jilbab 2 pi\u00e8ces se compose d&#8217;un khimar moyen et d&#8217;une robe. Convient pour un usage quotidien et peut \u00eatre utilis\u00e9 pour vos pri\u00e8res, vos sorties etc. Vous pouvez bien bouger dedans. Il est confortable \u00e0 porter.<\/p>\n<div style=\"display:flex; gap:10px;justify-content:center\" class=\"wps-pgfw-pdf-generate-icon__wrapper-frontend\">\n\t\t<a  href=\"https:\/\/ikasougou.com\/noorhijab\/wp-json\/wp\/v2\/product\/37?action=genpdf&amp;id=37\" class=\"pgfw-single-pdf-download-button\" ><img src=\"https:\/\/ikasougou.com\/noorhijab\/wp-content\/plugins\/pdf-generator-for-wp\/admin\/src\/images\/PDF_Tray.svg\" title=\"G\u00e9n\u00e9rer un PDF\" style=\"width:auto; height:45px;\"><\/a>\n\t\t<\/div>","protected":false},"excerpt":{"rendered":"<p>Abaya musulman turc pour femmes, de bonne qualit\u00e9, avec ou sans broderie .<\/p>\n","protected":false},"featured_media":54,"comment_status":"open","ping_status":"closed","template":"","meta":{"jetpack_post_was_ever_published":false},"product_brand":[],"product_cat":[16],"product_tag":[31,32,33],"class_list":{"0":"post-37","1":"product","2":"type-product","3":"status-publish","4":"has-post-thumbnail","6":"product_cat-habitsfemme","7":"product_tag-abaya","8":"product_tag-broderie","9":"product_tag-qualite","11":"first","12":"instock","13":"shipping-taxable","14":"purchasable","15":"product-type-simple"},"ams_default_variation_id":0,"ams_product_points_reward":[],"ams_product_discount_percentage":0,"ams_price_to_display":15000,"aioseo_notices":[],"ams_acf":[],"jetpack_sharing_enabled":true,"jetpack-related-posts":[],"_links":{"self":[{"href":"https:\/\/ikasougou.com\/noorhijab\/wp-json\/wp\/v2\/product\/37","targetHints":{"allow":["GET"]}}],"collection":[{"href":"https:\/\/ikasougou.com\/noorhijab\/wp-json\/wp\/v2\/product"}],"about":[{"href":"https:\/\/ikasougou.com\/noorhijab\/wp-json\/wp\/v2\/types\/product"}],"replies":[{"embeddable":true,"href":"https:\/\/ikasougou.com\/noorhijab\/wp-json\/wp\/v2\/comments?post=37"}],"wp:featuredmedia":[{"embeddable":true,"href":"https:\/\/ikasougou.com\/noorhijab\/wp-json\/wp\/v2\/media\/54"}],"wp:attachment":[{"href":"https:\/\/ikasougou.com\/noorhijab\/wp-json\/wp\/v2\/media?parent=37"}],"wp:term":[{"taxonomy":"product_brand","embeddable":true,"href":"https:\/\/ikasougou.com\/noorhijab\/wp-json\/wp\/v2\/product_brand?post=37"},{"taxonomy":"product_cat","embeddable":true,"href":"https:\/\/ikasougou.com\/noorhijab\/wp-json\/wp\/v2\/product_cat?post=37"},{"taxonomy":"product_tag","embeddable":true,"href":"https:\/\/ikasougou.com\/noorhijab\/wp-json\/wp\/v2\/product_tag?post=37"}],"curies":[{"name":"wp","href":"https:\/\/api.w.org\/{rel}","templated":true}]}}