{"id":65,"date":"2022-06-28T14:16:17","date_gmt":"2022-06-28T12:16:17","guid":{"rendered":"https:\/\/ikasougou.com\/noorhijab\/?post_type=product&#038;p=65"},"modified":"2022-07-19T13:42:16","modified_gmt":"2022-07-19T11:42:16","slug":"le-noble-coran","status":"publish","type":"product","link":"https:\/\/ikasougou.com\/noorhijab\/produit\/le-noble-coran\/","title":{"rendered":"Le Noble Coran"},"content":{"rendered":"<p>Une version bilingue du Noble Coran avec transcriptions phon\u00e9tiques afin de faciliter la lecture aux non-arabophones. La traduction est v\u00e9rifi\u00e9e et approuv\u00e9e par des instances officielles.<\/p>\n<p>Une tr\u00e8s bonne id\u00e9e de cadeau !<\/p>\n<div style=\"display:flex; gap:10px;justify-content:center\" class=\"wps-pgfw-pdf-generate-icon__wrapper-frontend\">\n\t\t<a  href=\"https:\/\/ikasougou.com\/noorhijab\/wp-json\/wp\/v2\/product\/65?action=genpdf&amp;id=65\" class=\"pgfw-single-pdf-download-button\" ><img src=\"https:\/\/ikasougou.com\/noorhijab\/wp-content\/plugins\/pdf-generator-for-wp\/admin\/src\/images\/PDF_Tray.svg\" title=\"G\u00e9n\u00e9rer un PDF\" style=\"width:auto; height:45px;\"><\/a>\n\t\t<\/div>","protected":false},"excerpt":{"rendered":"<p>Une version bilingue du Noble Coran avec transcriptions phon\u00e9tiques afin de faciliter la lecture aux non-arabophones. La traduction est v\u00e9rifi\u00e9e et approuv\u00e9e par des instances officielles. Une tr\u00e8s bonne id\u00e9e de cadeau !<\/p>\n","protected":false},"featured_media":67,"comment_status":"open","ping_status":"closed","template":"","meta":{"jetpack_post_was_ever_published":false},"product_brand":[],"product_cat":[17],"product_tag":[],"class_list":{"0":"post-65","1":"product","2":"type-product","3":"status-publish","4":"has-post-thumbnail","6":"product_cat-religieux","8":"first","9":"instock","10":"shipping-taxable","11":"purchasable","12":"product-type-simple"},"ams_default_variation_id":0,"ams_product_points_reward":[],"ams_product_discount_percentage":0,"ams_price_to_display":12500,"aioseo_notices":[],"ams_acf":[],"jetpack_sharing_enabled":true,"jetpack-related-posts":[],"_links":{"self":[{"href":"https:\/\/ikasougou.com\/noorhijab\/wp-json\/wp\/v2\/product\/65","targetHints":{"allow":["GET"]}}],"collection":[{"href":"https:\/\/ikasougou.com\/noorhijab\/wp-json\/wp\/v2\/product"}],"about":[{"href":"https:\/\/ikasougou.com\/noorhijab\/wp-json\/wp\/v2\/types\/product"}],"replies":[{"embeddable":true,"href":"https:\/\/ikasougou.com\/noorhijab\/wp-json\/wp\/v2\/comments?post=65"}],"wp:featuredmedia":[{"embeddable":true,"href":"https:\/\/ikasougou.com\/noorhijab\/wp-json\/wp\/v2\/media\/67"}],"wp:attachment":[{"href":"https:\/\/ikasougou.com\/noorhijab\/wp-json\/wp\/v2\/media?parent=65"}],"wp:term":[{"taxonomy":"product_brand","embeddable":true,"href":"https:\/\/ikasougou.com\/noorhijab\/wp-json\/wp\/v2\/product_brand?post=65"},{"taxonomy":"product_cat","embeddable":true,"href":"https:\/\/ikasougou.com\/noorhijab\/wp-json\/wp\/v2\/product_cat?post=65"},{"taxonomy":"product_tag","embeddable":true,"href":"https:\/\/ikasougou.com\/noorhijab\/wp-json\/wp\/v2\/product_tag?post=65"}],"curies":[{"name":"wp","href":"https:\/\/api.w.org\/{rel}","templated":true}]}}