{"id":211,"date":"2023-01-26T18:11:55","date_gmt":"2023-01-26T17:11:55","guid":{"rendered":"https:\/\/ikasougou.com\/samsung\/?post_type=product&#038;p=211"},"modified":"2025-01-25T06:58:38","modified_gmt":"2025-01-25T05:58:38","slug":"samsung-b313","status":"publish","type":"product","link":"https:\/\/ikasougou.com\/samsung\/produit\/samsung-b313\/","title":{"rendered":"SAMSUNG B313"},"content":{"rendered":"<h2><strong>Avantages et inconv\u00e9nients<\/strong><\/h2>\n<p>Samsung Metro B313 Dual SIM est un beau smartphone livr\u00e9 avec GSM + GSM.\u00a0Le t\u00e9l\u00e9phone n&#8217;a pas de fonctions de charge sans fil ou de charge rapide.\u00a0La qualit\u00e9 de la cam\u00e9ra est inf\u00e9rieure \u00e0 la moyenne.\u00a0L&#8217;appareil est \u00e9quip\u00e9 d&#8217;une configuration moyenne et d&#8217;un espace insuffisant.\u00a0En g\u00e9n\u00e9ral, l&#8217;appareil est un t\u00e9l\u00e9phone moyen et bon march\u00e9<\/p>\n<h3><strong>Conception et \u00e9cran<\/strong><\/h3>\n<p>Le Samsung Metro B313 dispose d&#8217;un \u00e9cran de 2 pouces (5,08 cm) avec une r\u00e9solution de 176 x 220 pixels, TFT et 141 ppi.\u00a0Samsung Metro B313 Noir et Blanc sont disponibles en 2 belles options de couleurs.<\/p>\n<h4><strong>Appareil photo<\/strong><\/h4>\n<p>Cam\u00e9ra arri\u00e8re Samsung Metro B313 0,3 MP.\u00a0L&#8217;appareil photo dispose d&#8217;un zoom num\u00e9rique pour prendre de meilleures photos.<\/p>\n<h5><img data-recalc-dims=\"1\" loading=\"lazy\" decoding=\"async\" class=\"alignnone size-full wp-image-217\" src=\"https:\/\/i0.wp.com\/ikasougou.com\/samsung\/wp-content\/uploads\/sites\/113\/2023\/01\/Samsung-Metro-B313-2-1.png?resize=275%2C183&#038;ssl=1\" alt=\"\" width=\"275\" height=\"183\" \/><\/h5>\n<h5><strong>Performances et stockage<\/strong><\/h5>\n<p>&nbsp;<\/p>\n<p>sont le m\u00e9tro b313.\u00a0Pour des performances de jeu sans d\u00e9calage, fluides et meilleures, l&#8217;appareil dispose d&#8217;une RAM avec un processeur graphique int\u00e9gr\u00e9.\u00a0Le Samsung Metro B313 dispose d&#8217;une m\u00e9moire interne pouvant \u00eatre \u00e9tendue jusqu&#8217;\u00e0 16 Go.\u00a0Fonctionne sur Samsung M\u00e9tro B313.<\/p>\n<h6><strong>Connexion et fonctionnalit\u00e9s<\/strong><\/h6>\n<p>Le Samsung Metro B313 est \u00e9quip\u00e9 d&#8217;une batterie non amovible de 1000 mAh.\u00a0Cet appareil dispose de deux emplacements pour carte SIM.\u00a0Les options de connexion sur Samsung Metro B313 incluent 2G, 3G, 4G, Bluetooth, WiFi.<\/p>\n<h5><img data-recalc-dims=\"1\" loading=\"lazy\" decoding=\"async\" class=\"alignnone size-full wp-image-216\" src=\"https:\/\/i0.wp.com\/ikasougou.com\/samsung\/wp-content\/uploads\/sites\/113\/2023\/01\/Samsung-Metro-B313-1-1.png?resize=220%2C230&#038;ssl=1\" alt=\"\" width=\"220\" height=\"230\" \/><\/h5>\n<h3 class=\"sechead fll\"><strong>Sp\u00e9cifications du Samsung Metro B313<\/strong><\/h3>\n<table id=\"mobileSpecification\">\n<tbody>\n<tr>\n<th colspan=\"2\"><strong>G\u00c9N\u00c9RAL<\/strong><\/th>\n<\/tr>\n<tr>\n<td>SE<\/td>\n<td>\n<div class=\"for_list_icon\">\u2013<\/div>\n<\/td>\n<\/tr>\n<tr>\n<td>Marque<\/td>\n<td>Samsung<\/td>\n<\/tr>\n<tr>\n<td>Mod\u00e8le<\/td>\n<td>M\u00e9tro B313<\/td>\n<\/tr>\n<tr>\n<td>R\u00e9seau<\/td>\n<td>4G : Non disponible, 3G : Non disponible, 2G : Disponible<\/td>\n<\/tr>\n<tr>\n<th colspan=\"2\"><strong>AFFICHAGE<\/strong><\/th>\n<\/tr>\n<tr>\n<td>Taille<\/td>\n<td>2 pouces (5,08 cm)<\/td>\n<\/tr>\n<tr>\n<td>R\u00e9solution<\/td>\n<td>176 x 220 pixels<\/td>\n<\/tr>\n<tr>\n<td>Afficher<\/td>\n<td>5 centim\u00e8tres<\/td>\n<\/tr>\n<tr>\n<th colspan=\"2\"><strong>DATE DE LANCEMENT<\/strong><\/th>\n<\/tr>\n<tr>\n<td>Date de sortie<\/td>\n<td>22 juin 2015<\/td>\n<\/tr>\n<tr>\n<th colspan=\"2\"><strong>APPAREIL PHOTO<\/strong><\/th>\n<\/tr>\n<tr>\n<td>Cam\u00e9ra arri\u00e8re<\/td>\n<td>0,3 MP<\/td>\n<\/tr>\n<tr>\n<td>Cam\u00e9ra frontale<\/td>\n<td>Non<\/td>\n<\/tr>\n<tr>\n<td>Mise au point automatique<\/td>\n<td>Non<\/td>\n<\/tr>\n<tr>\n<td>Ouverture physique<\/td>\n<td>Non<\/td>\n<\/tr>\n<tr>\n<td>Stabilisation d&#8217;image optique<\/td>\n<td>Non<\/td>\n<\/tr>\n<tr>\n<td>\u00c9clair<\/td>\n<td>Non<\/td>\n<\/tr>\n<tr>\n<td>R\u00e9solution de l&#8217;image<\/td>\n<td>640 x 480 pixels<\/td>\n<\/tr>\n<tr>\n<td>Param\u00e8tres<\/td>\n<td>\u2013<\/td>\n<\/tr>\n<tr>\n<td>Modes de prise de vue<\/td>\n<td>\u2013<\/td>\n<\/tr>\n<tr>\n<td>Caract\u00e9ristiques de la cam\u00e9ra<\/td>\n<td>Zoom num\u00e9rique<\/td>\n<\/tr>\n<tr>\n<td>Enregistrement video<\/td>\n<td>\u2013<\/td>\n<\/tr>\n<tr>\n<th colspan=\"2\"><strong>MOTIF<\/strong><\/th>\n<\/tr>\n<tr>\n<td>Affichage sans lunette<\/td>\n<td>\u2013<\/td>\n<\/tr>\n<tr>\n<td>Densit\u00e9 de pixels<\/td>\n<td>141 ppp<\/td>\n<\/tr>\n<tr>\n<td>Capteurs d&#8217;empreintes digitales<\/td>\n<td>Non<\/td>\n<\/tr>\n<tr>\n<td>Type d&#8217;affichage<\/td>\n<td>TFT<\/td>\n<\/tr>\n<tr>\n<td>R\u00e9solution d&#8217;\u00e9cran<\/td>\n<td>176 x 220 pixels<\/td>\n<\/tr>\n<tr>\n<td>Taille de l&#8217;\u00e9cran<\/td>\n<td>\n<div class=\"for_list_icon\">2 pouces (5,08 cm)<\/div>\n<\/td>\n<\/tr>\n<tr>\n<td>Couleurs<\/td>\n<td>Noir blanc<\/td>\n<\/tr>\n<tr>\n<th colspan=\"2\"><strong>STOCKAGE DE M\u00c9MOIRE<\/strong><\/th>\n<\/tr>\n<tr>\n<td>M\u00e9moire<\/td>\n<td>\u2013<\/td>\n<\/tr>\n<tr>\n<td>Extensible<\/td>\n<td>\n<div class=\"for_list_icon\">Jusqu&#8217;\u00e0 16 Go<\/div>\n<\/td>\n<\/tr>\n<tr>\n<td>Stockage interne<\/td>\n<td>\u2013<\/td>\n<\/tr>\n<tr>\n<td>Espace de stockage disponible pour l&#8217;utilisateur<\/td>\n<td>\u2013<\/td>\n<\/tr>\n<tr>\n<th colspan=\"2\"><strong>PROCESSEUR<\/strong><\/th>\n<\/tr>\n<tr>\n<td>Jeu de puces<\/td>\n<td>\u2013<\/td>\n<\/tr>\n<tr>\n<td>Architecture<\/td>\n<td>\u2013<\/td>\n<\/tr>\n<tr>\n<td>Graphique<\/td>\n<td>\u2013<\/td>\n<\/tr>\n<tr>\n<td>CPU<\/td>\n<td>\u2013<\/td>\n<\/tr>\n<tr>\n<th colspan=\"2\"><strong>CONNECTIVIT\u00c9<\/strong><\/th>\n<\/tr>\n<tr>\n<td>Wifi<\/td>\n<td>Wi-Fi 802.11, a\/b\/g\/n\/n 5 GHz<\/td>\n<\/tr>\n<tr>\n<td>Fonctionnalit\u00e9s Wi-Fi<\/td>\n<td>Wi-Fi Direct, point d&#8217;acc\u00e8s mobile<\/td>\n<\/tr>\n<tr>\n<td>Bluetooth<\/td>\n<td>v2.1<\/td>\n<\/tr>\n<tr>\n<td>NFC<\/td>\n<td><span class=\"icon_no\">Non<\/span><\/td>\n<\/tr>\n<tr>\n<td>GPS<\/td>\n<td>avec A-GPS, Glonass<\/td>\n<\/tr>\n<tr>\n<td>Connectivit\u00e9 USB<\/td>\n<td>\n<div class=\"for_list_icon\">P\u00e9riph\u00e9rique de stockage de masse, microUSB 2.0<\/div>\n<\/td>\n<\/tr>\n<tr>\n<td>Prise en charge USB OTG<\/td>\n<td>\u2013<\/td>\n<\/tr>\n<tr>\n<td>Type USB<\/td>\n<td><span class=\"icon_no\">Non<\/span><\/td>\n<\/tr>\n<tr>\n<th colspan=\"2\"><strong>DIVERS<\/strong><\/th>\n<\/tr>\n<tr>\n<td>Capteurs<\/td>\n<td>Non<\/td>\n<\/tr>\n<tr>\n<td>D\u00e9tecteur d&#8217;empreintes digitales<\/td>\n<td>Non<\/td>\n<\/tr>\n<tr>\n<td>Position du capteur d&#8217;empreintes digitales<\/td>\n<td>Non<\/td>\n<\/tr>\n<tr>\n<td>Haut-parleur<\/td>\n<td><span class=\"icon_yes \">Oui<\/span><\/td>\n<\/tr>\n<tr>\n<td>Prise audio<\/td>\n<td>3,5 mm<\/td>\n<\/tr>\n<tr>\n<td>Fonctionnalit\u00e9s audio<\/td>\n<td>Dolby\u00a0Atmos<\/td>\n<\/tr>\n<tr>\n<td>Rempla\u00e7able par l&#8217;utilisateur<\/td>\n<td><span class=\"icon_yes \">Oui<\/span><\/td>\n<\/tr>\n<tr>\n<td>Taper<\/td>\n<td>TFT<\/td>\n<\/tr>\n<tr>\n<td>SBR (calcul\u00e9)<\/td>\n<td>\u2013<\/td>\n<\/tr>\n<tr>\n<td>\u00c9cran tactile<\/td>\n<td>Non<\/td>\n<\/tr>\n<tr>\n<td>Radio<\/td>\n<td><span class=\"icon_yes \">Oui<\/span><\/td>\n<\/tr>\n<tr>\n<td>Charge rapide<\/td>\n<td><\/td>\n<\/tr>\n<tr>\n<td>Prise en charge du r\u00e9seau<\/td>\n<td>2G<\/td>\n<\/tr>\n<tr>\n<td>VOLTE<\/td>\n<td>\u2013<\/td>\n<\/tr>\n<tr>\n<td>SIM 1<\/td>\n<td>Bandes 2G : GSM 1800\/900 MHz GPRS : disponible<\/td>\n<\/tr>\n<tr>\n<td>SIM 2<\/td>\n<td>Bandes 2G : GSM 1800 \/ 900 MHz<\/td>\n<\/tr>\n<tr>\n<td>Valeur DAS<\/td>\n<td>T\u00eate\u00a0: 0,710\u00a0W\/kg<\/td>\n<\/tr>\n<tr>\n<td>Chargement sans fil<\/td>\n<td><span class=\"icon_no\">Non<\/span><\/td>\n<\/tr>\n<\/tbody>\n<\/table>\n<h5><img data-recalc-dims=\"1\" loading=\"lazy\" decoding=\"async\" class=\"alignnone size-full wp-image-215\" src=\"https:\/\/i0.wp.com\/ikasougou.com\/samsung\/wp-content\/uploads\/sites\/113\/2023\/01\/samsung-metro-b313.png?resize=230%2C230&#038;ssl=1\" alt=\"\" width=\"230\" height=\"230\" srcset=\"https:\/\/i0.wp.com\/ikasougou.com\/samsung\/wp-content\/uploads\/sites\/113\/2023\/01\/samsung-metro-b313.png?w=230&amp;ssl=1 230w, https:\/\/i0.wp.com\/ikasougou.com\/samsung\/wp-content\/uploads\/sites\/113\/2023\/01\/samsung-metro-b313.png?resize=150%2C150&amp;ssl=1 150w, https:\/\/i0.wp.com\/ikasougou.com\/samsung\/wp-content\/uploads\/sites\/113\/2023\/01\/samsung-metro-b313.png?resize=100%2C100&amp;ssl=1 100w\" sizes=\"auto, (max-width: 230px) 100vw, 230px\" \/><\/h5>\n<div style=\"display:flex; gap:10px;justify-content:center\" class=\"wps-pgfw-pdf-generate-icon__wrapper-frontend\">\n\t\t<a  href=\"https:\/\/ikasougou.com\/samsung\/wp-json\/wp\/v2\/product\/211?action=genpdf&amp;id=211\" class=\"pgfw-single-pdf-download-button\" ><img src=\"https:\/\/ikasougou.com\/samsung\/wp-content\/plugins\/pdf-generator-for-wp\/admin\/src\/images\/PDF_Tray.svg\" title=\"G\u00e9n\u00e9rer un PDF\" style=\"width:auto; height:45px;\"><\/a>\n\t\t<\/div>","protected":false},"excerpt":{"rendered":"<p>Avantages et inconv\u00e9nients Samsung Metro B313 Dual SIM est un beau smartphone livr\u00e9 avec GSM + GSM.\u00a0Le t\u00e9l\u00e9phone n&#8217;a pas de fonctions de charge sans fil ou de charge rapide.\u00a0La qualit\u00e9 de la cam\u00e9ra est inf\u00e9rieure \u00e0 la moyenne.\u00a0L&#8217;appareil est \u00e9quip\u00e9 d&#8217;une configuration moyenne et d&#8217;un espace insuffisant.\u00a0En g\u00e9n\u00e9ral, l&#8217;appareil est un t\u00e9l\u00e9phone moyen et [&#8230;]\n","protected":false},"featured_media":217,"comment_status":"open","ping_status":"closed","template":"","meta":[],"product_brand":[],"product_cat":[55,39,30],"product_tag":[56],"class_list":{"0":"post-211","1":"product","2":"type-product","3":"status-publish","4":"has-post-thumbnail","6":"product_cat-autres-modeles-samsung","7":"product_cat-samsung","8":"product_cat-telephones-tablettes","9":"product_tag-samsung-b313","11":"first","12":"instock","13":"shipping-taxable","14":"purchasable","15":"product-type-simple"},"ams_default_variation_id":0,"ams_product_points_reward":[],"ams_product_discount_percentage":0,"ams_price_to_display":15000,"aioseo_notices":[],"ams_acf":[],"jetpack-related-posts":[],"jetpack_sharing_enabled":true,"_links":{"self":[{"href":"https:\/\/ikasougou.com\/samsung\/wp-json\/wp\/v2\/product\/211","targetHints":{"allow":["GET"]}}],"collection":[{"href":"https:\/\/ikasougou.com\/samsung\/wp-json\/wp\/v2\/product"}],"about":[{"href":"https:\/\/ikasougou.com\/samsung\/wp-json\/wp\/v2\/types\/product"}],"replies":[{"embeddable":true,"href":"https:\/\/ikasougou.com\/samsung\/wp-json\/wp\/v2\/comments?post=211"}],"wp:featuredmedia":[{"embeddable":true,"href":"https:\/\/ikasougou.com\/samsung\/wp-json\/wp\/v2\/media\/217"}],"wp:attachment":[{"href":"https:\/\/ikasougou.com\/samsung\/wp-json\/wp\/v2\/media?parent=211"}],"wp:term":[{"taxonomy":"product_brand","embeddable":true,"href":"https:\/\/ikasougou.com\/samsung\/wp-json\/wp\/v2\/product_brand?post=211"},{"taxonomy":"product_cat","embeddable":true,"href":"https:\/\/ikasougou.com\/samsung\/wp-json\/wp\/v2\/product_cat?post=211"},{"taxonomy":"product_tag","embeddable":true,"href":"https:\/\/ikasougou.com\/samsung\/wp-json\/wp\/v2\/product_tag?post=211"}],"curies":[{"name":"wp","href":"https:\/\/api.w.org\/{rel}","templated":true}]}}