{"id":229,"date":"2023-06-06T19:04:04","date_gmt":"2023-06-06T17:04:04","guid":{"rendered":"http:\/\/ikasougou.com\/samsung\/?post_type=product&#038;p=229"},"modified":"2023-06-06T19:04:04","modified_gmt":"2023-06-06T17:04:04","slug":"samsung-galaxy-a54","status":"publish","type":"product","link":"https:\/\/ikasougou.com\/samsung\/produit\/samsung-galaxy-a54\/","title":{"rendered":"Samsung Galaxy A54 (128 ou 256 Go)"},"content":{"rendered":"<div class=\"columns is-mobile\" style=\"margin: -12px;\">\n<div class=\"column has-text-weight-semibold\" style=\"flex: 1 1 0px; padding: 12px; font-weight: 600 !important;\">\n<p>Appareil photo (dorsal) :\u00a0\u00a0Capteur 1 : 50 Mp Capteur 2 : 12 Mp Capteur 3 : 5 Mp Nombre de capteurs (arri\u00e8re et avant) : <span style=\"font-size: 14.4px; font-weight: 400;\">4 <\/span>D\u00e9finition enregistrement vid\u00e9o : <span style=\"font-size: 14.4px; font-weight: 400;\">4K <\/span>Flash arri\u00e8re : <span style=\"font-size: 14.4px; font-weight: 400;\">Flash LED <\/span>Flash avant : <span style=\"font-size: 14.4px; font-weight: 400;\">Non <\/span>Stabilisateur d&#8217;image : <span style=\"font-size: 14.4px; font-weight: 400;\">Optique <\/span>Taille des photosites : <span style=\"font-size: 14.4px; font-weight: 400;\">1,12 \u00b5m <\/span>Ouverture objectif photo :<span style=\"font-size: 14.4px; font-weight: 400;\">f\/1.8 <\/span>Ouverture second objectif photo : <span style=\"font-size: 14.4px; font-weight: 400;\">f\/2.2 <\/span>Capteur photo frontal : <span style=\"font-size: 14.4px; font-weight: 400;\">32 Mp<\/span><\/p>\n<div style=\"width: 1020px;\" class=\"wp-video\"><video class=\"wp-video-shortcode\" id=\"video-229-1\" width=\"1020\" height=\"425\" preload=\"metadata\" controls=\"controls\"><source type=\"video\/mp4\" src=\"https:\/\/ikasougou.com\/wp-content\/uploads\/2023\/06\/A54-5G-Violet-D.mp4?_=1\" \/><a href=\"https:\/\/ikasougou.com\/wp-content\/uploads\/2023\/06\/A54-5G-Violet-D.mp4\">https:\/\/ikasougou.com\/wp-content\/uploads\/2023\/06\/A54-5G-Violet-D.mp4<\/a><\/video><\/div>\n<\/div>\n<\/div>\n<h4 class=\"product-technical-specs__list-title has-text-ternary is-uppercase is-size-4-tablet is-size-6-mobile has-text-weight-bold mb-4-mobile mb-4 mt-5-mobile mt-5 pt-4-mobile pt-4\" style=\"font-size: 1rem; line-height: 1.75em; max-width: 40.625rem; border-top: 1px solid var(--o); font-family: Montserrat, sans-serif; text-transform: uppercase !important; font-weight: 700 !important; color: var(--13) !important; padding: 1rem !important 0px 0px 0px; margin: 1.5rem !important auto 1rem !important auto;\">AUDIO : Nombre de haut-parleurs : 2<\/h4>\n<p><span style=\"font-size: 14.4px; font-weight: 400;\"><img data-recalc-dims=\"1\" decoding=\"async\" src=\"https:\/\/i0.wp.com\/image-us.samsung.com\/SamsungUS\/home\/smartphones\/galaxy-a54-5g\/03212023\/A54-MLP-Cam-m.jpg?w=1020&#038;ssl=1\" alt=\"Capturez des moments incroyables avec un appareil photo multi-objectifs\" \/><\/span><\/p>\n<h4 class=\"product-technical-specs__list-title has-text-ternary is-uppercase is-size-4-tablet is-size-6-mobile has-text-weight-bold mb-4-mobile mb-4 mt-5-mobile mt-5 pt-4-mobile pt-4\" style=\"font-size: 1rem; line-height: 1.75em; max-width: 40.625rem; border-top: 1px solid var(--o); font-family: Montserrat, sans-serif; text-transform: uppercase !important; font-weight: 700 !important; color: var(--13) !important; padding: 1rem !important 0px 0px 0px; margin: 1.5rem !important auto 1rem !important auto;\">BATTERIE : Capacit\u00e9 : 5000 mAh Technologie de la batterie Li-Po Batterie amovible Non Chargement sans fil Non Charge rapide Oui Puissance de la charge rapide 25 watts CAPTEURS Capteur d&#8217;empreinte digitale Oui Acc\u00e9l\u00e9rom\u00e8tre et boussole \u00e9lectronique Oui Gyroscope Oui Infrarouge Non Capteur de lumi\u00e8re ambiante Oui<img data-recalc-dims=\"1\" decoding=\"async\" src=\"https:\/\/i0.wp.com\/image-us.samsung.com\/SamsungUS\/home\/smartphones\/galaxy-a54-5g\/03212023\/A54-MLP-Video.jpg?w=1020&#038;ssl=1\" alt=\"Filmez de belles vid\u00e9os en toute simplicit\u00e9\" \/><\/h4>\n<div style=\"width: 1020px;\" class=\"wp-video\"><video class=\"wp-video-shortcode\" id=\"video-229-2\" width=\"1020\" height=\"425\" preload=\"metadata\" controls=\"controls\"><source type=\"video\/mp4\" src=\"https:\/\/ikasougou.com\/wp-content\/uploads\/2023\/06\/A54-5G-Graphite-D.mp4?_=2\" \/><a href=\"https:\/\/ikasougou.com\/wp-content\/uploads\/2023\/06\/A54-5G-Graphite-D.mp4\">https:\/\/ikasougou.com\/wp-content\/uploads\/2023\/06\/A54-5G-Graphite-D.mp4<\/a><\/video><\/div>\n<h4 class=\"product-technical-specs__list-title has-text-ternary is-uppercase is-size-4-tablet is-size-6-mobile has-text-weight-bold mb-4-mobile mb-4 mt-5-mobile mt-5 pt-4-mobile pt-4\" style=\"font-size: 1rem; line-height: 1.75em; max-width: 40.625rem; border-top: 1px solid var(--o); font-family: Montserrat, sans-serif; text-transform: uppercase !important; font-weight: 700 !important; color: var(--13) !important; padding: 1rem !important 0px 0px 0px; margin: 1.5rem !important auto 1rem !important auto;\">CONNECTIVIT\u00c9 Norme wifi <span style=\"font-family: Helvetica, Arial, sans-serif; font-size: 14.4px; font-weight: 400;\">Wi-Fi 6 (ax) <\/span><span style=\"font-family: Helvetica, Arial, sans-serif; font-size: 14.4px;\">NFC <\/span><span style=\"font-family: Helvetica, Arial, sans-serif; font-size: 14.4px; font-weight: 400;\">Oui <\/span><span style=\"font-family: Helvetica, Arial, sans-serif; font-size: 14.4px;\">Version du Bluetooth <\/span><span style=\"font-family: Helvetica, Arial, sans-serif; font-size: 14.4px; font-weight: 400;\">5.3 <\/span><span style=\"font-family: Helvetica, Arial, sans-serif; font-size: 14.4px;\">Prise jack <\/span><span style=\"font-family: Helvetica, Arial, sans-serif; font-size: 14.4px; font-weight: 400;\">Non <\/span><span style=\"font-family: Helvetica, Arial, sans-serif; font-size: 14.4px;\">Type de connecteur <\/span><span style=\"font-family: Helvetica, Arial, sans-serif; font-size: 14.4px; font-weight: 400;\">USB Type-C <\/span><span style=\"font-family: Helvetica, Arial, sans-serif; font-size: 14.4px;\">GPS <\/span><span style=\"font-family: Helvetica, Arial, sans-serif; font-size: 14.4px; font-weight: 400;\">Oui <\/span><span style=\"color: var(--13); font-size: 1rem;\">PERFORMANCES Mod\u00e8le du processeur <\/span><span style=\"color: var(--13); font-family: Helvetica, Arial, sans-serif; font-size: 14.4px; font-weight: 400;\">Samsung Exynos 1380 <\/span><span style=\"color: var(--13); font-family: Helvetica, Arial, sans-serif; font-size: 14.4px;\">Carte graphique <\/span><span style=\"color: var(--13); font-family: Helvetica, Arial, sans-serif; font-size: 14.4px; font-weight: 400;\">Mali-G68 MP5 <\/span><span style=\"color: var(--13); font-family: Helvetica, Arial, sans-serif; font-size: 14.4px;\">Fr\u00e9quence du processeur <\/span><span style=\"color: var(--13); font-family: Helvetica, Arial, sans-serif; font-size: 14.4px; font-weight: 400;\">2,4 GHz <\/span><span style=\"color: var(--13); font-family: Helvetica, Arial, sans-serif; font-size: 14.4px;\">CPU <\/span><span style=\"color: var(--13); font-family: Helvetica, Arial, sans-serif; font-size: 14.4px; font-weight: 400;\">Octa-core <\/span><span style=\"color: var(--13); font-family: Helvetica, Arial, sans-serif; font-size: 14.4px;\">Finesse de gravure <\/span><span style=\"color: var(--13); font-family: Helvetica, Arial, sans-serif; font-size: 14.4px; font-weight: 400;\">5 nm <\/span><span style=\"color: var(--13); font-size: 1rem;\">POIDS ET DIMENSIONS Poids <\/span><span style=\"color: var(--13); font-family: Helvetica, Arial, sans-serif; font-size: 14.4px; font-weight: 400;\">202 g <\/span><span style=\"color: var(--13); font-family: Helvetica, Arial, sans-serif; font-size: 14.4px;\">\u00c9paisseur <\/span><span style=\"color: var(--13); font-family: Helvetica, Arial, sans-serif; font-size: 14.4px; font-weight: 400;\">8,2 mm <\/span><span style=\"color: var(--13); font-family: Helvetica, Arial, sans-serif; font-size: 14.4px;\">Largeur <\/span><span style=\"color: var(--13); font-family: Helvetica, Arial, sans-serif; font-size: 14.4px; font-weight: 400;\">7,67 cm <\/span><span style=\"color: var(--13); font-family: Helvetica, Arial, sans-serif; font-size: 14.4px;\">Hauteur <\/span><span style=\"color: var(--13); font-family: Helvetica, Arial, sans-serif; font-size: 14.4px; font-weight: 400;\">15,82 cm <\/span><span style=\"color: var(--13); font-size: 1rem;\">R\u00c9SEAU Type de SIM : <\/span><span style=\"color: var(--13); font-family: Helvetica, Arial, sans-serif; font-size: 14.4px; font-weight: 400;\">nano SIM <\/span><span style=\"color: var(--13); font-family: Helvetica, Arial, sans-serif; font-size: 14.4px;\">Compatibilit\u00e9 double SIM : <\/span><span style=\"color: var(--13); font-family: Helvetica, Arial, sans-serif; font-size: 14.4px; font-weight: 400;\">Oui<img data-recalc-dims=\"1\" decoding=\"async\" src=\"https:\/\/i0.wp.com\/image-us.samsung.com\/SamsungUS\/home\/smartphones\/galaxy-a54-5g\/03212023\/A54-MLP-Bat-m.jpg?w=1020&#038;ssl=1\" alt=\"Galaxie A54 5G\" \/><\/span><\/h4>\n<div class=\"column has-text-weight-semibold\" style=\"flex: 1 1 0px; padding: 12px; font-weight: 600 !important;\">\n<div class=\"pl-5 pr-5\" style=\"padding-right: 1.5rem !important; padding-left: 1.5rem !important;\">Compatibilit\u00e9 4G : <span style=\"font-weight: 400; font-size: 14.4px;\">Oui <\/span><span style=\"font-size: 14.4px;\">Compatibilit\u00e9 5G : <\/span><span style=\"font-size: 14.4px; font-weight: 400;\">Oui <\/span><span style=\"font-size: 14.4px;\">VoLTE: <\/span><span style=\"font-size: 14.4px; font-weight: 400;\">Oui<\/span><\/div>\n<\/div>\n<h4 class=\"product-technical-specs__list-title has-text-ternary is-uppercase is-size-4-tablet is-size-6-mobile has-text-weight-bold mb-4-mobile mb-4 mt-5-mobile mt-5 pt-4-mobile pt-4\" style=\"font-size: 1rem; line-height: 1.75em; max-width: 40.625rem; border-top: 1px solid var(--o); font-family: Montserrat, sans-serif; text-transform: uppercase !important; font-weight: 700 !important; color: var(--13) !important; padding: 1rem !important 0px 0px 0px; margin: 1.5rem !important auto 1rem !important auto;\">STOCKAGE M\u00e9moire :<span style=\"font-family: Helvetica, Arial, sans-serif; font-size: 14.4px; font-weight: 400;\">128 Go, 256 Go <\/span><span style=\"font-family: Helvetica, Arial, sans-serif; font-size: 14.4px;\">Stockage extensible : <\/span><span style=\"font-family: Helvetica, Arial, sans-serif; font-size: 14.4px; font-weight: 400;\">microSD <\/span><span style=\"font-family: Helvetica, Arial, sans-serif; font-size: 14.4px;\">OTG : <\/span><span style=\"font-family: Helvetica, Arial, sans-serif; font-size: 14.4px; font-weight: 400;\">Oui <\/span><span style=\"color: var(--13); font-size: 1rem;\">SYST\u00c8ME D&#8217;EXPLOITATION (OS)\u00a0\u00a0<\/span><span style=\"color: var(--13); font-size: 1rem;\"> Syst\u00e8me d&#8217;exploitation : Android : Version : <\/span><span style=\"color: var(--13); font-family: Helvetica, Arial, sans-serif; font-size: 14.4px; font-weight: 400;\">Android 13<\/span><\/h4>\n<div class=\"column has-text-weight-semibold\" style=\"flex: 1 1 0px; padding: 12px; font-weight: 600 !important;\">\n<div class=\"pl-5 pr-5\" style=\"padding-right: 1.5rem !important; padding-left: 1.5rem !important;\">Interface : <span style=\"font-weight: 400; font-size: 14.4px;\">One UI <\/span><span style=\"font-size: 14.4px;\">Assistant : <\/span><span style=\"font-size: 14.4px; font-weight: 400;\">Google Assistant, Samsung Bixby<img data-recalc-dims=\"1\" decoding=\"async\" src=\"https:\/\/i0.wp.com\/image-us.samsung.com\/SamsungUS\/home\/smartphones\/galaxy-a54-5g\/03212023\/updated_images\/A54-MLP-Promo-sirius.jpg.png?w=1020&#038;ssl=1\" alt=\"6 mois gratuits de diffusion SiriusXM\" \/><\/span><\/div>\n<\/div>\n<h4 class=\"product-technical-specs__list-title has-text-ternary is-uppercase is-size-4-tablet is-size-6-mobile has-text-weight-bold mb-4-mobile mb-4 mt-5-mobile mt-5 pt-4-mobile pt-4\" style=\"font-size: 1rem; line-height: 1.75em; max-width: 40.625rem; border-top: 1px solid var(--o); font-family: Montserrat, sans-serif; text-transform: uppercase !important; font-weight: 700 !important; color: var(--13) !important; padding: 1rem !important 0px 0px 0px; margin: 1.5rem !important auto 1rem !important auto;\">\u00c9CRAN : Taille de l&#8217;\u00e9cran : <span style=\"font-family: Helvetica, Arial, sans-serif; font-size: 14.4px; font-weight: 400;\">6,4 pouces <\/span>D\u00e9finition : <span style=\"font-family: Helvetica, Arial, sans-serif; font-size: 14.4px; font-weight: 400;\">2340 x 1080 pixels <\/span>Dalle : <span style=\"font-family: Helvetica, Arial, sans-serif; font-size: 14.4px; font-weight: 400;\">Super AMOLED <\/span>Fr\u00e9quence d&#8217;affichage : <span style=\"font-family: Helvetica, Arial, sans-serif; font-size: 14.4px; font-weight: 400;\">120 Hz <\/span>DPI :<span style=\"font-family: Helvetica, Arial, sans-serif; font-size: 14.4px; font-weight: 400;\">403 ppp<img data-recalc-dims=\"1\" decoding=\"async\" src=\"https:\/\/i0.wp.com\/image-us.samsung.com\/SamsungUS\/home\/smartphones\/galaxy-a54-5g\/03212023\/updated_images\/A54-MLP-Promo-lr.jpg.png?w=1020&#038;ssl=1\" alt=\"B\u00e9n\u00e9ficiez de 2 mois d'Adobe Lightroom offerts\" \/><\/span><\/h4>\n<h4 class=\"product-technical-specs__list-title has-text-ternary is-uppercase is-size-4-tablet is-size-6-mobile has-text-weight-bold mb-4-mobile mb-4 mt-5-mobile mt-5 pt-4-mobile pt-4\" style=\"font-size: 1rem; line-height: 1.75em; max-width: 40.625rem; border-top: 1px solid var(--o); font-family: Montserrat, sans-serif; text-transform: uppercase !important; font-weight: 700 !important; color: var(--13) !important; padding: 1rem !important 0px 0px 0px; margin: 1.5rem !important auto 1rem !important auto;\">DIVERS : Famille : <span style=\"font-family: Helvetica, Arial, sans-serif; font-size: 14.4px; font-weight: 400;\">Galaxy A <\/span>Couleur : <span style=\"font-family: Helvetica, Arial, sans-serif; font-size: 14.4px; font-weight: 400;\">Blanc, Violet, Vert, Gris <\/span>Apparence : <span style=\"font-family: Helvetica, Arial, sans-serif; font-size: 14.4px; font-weight: 400;\">Plastique <\/span>Clavier complet :<span style=\"font-family: Helvetica, Arial, sans-serif; font-size: 14.4px; font-weight: 400;\">Non <\/span>\u00c9tanche : <span style=\"font-family: Helvetica, Arial, sans-serif; font-size: 14.4px; font-weight: 400;\">Oui <\/span>Indice de protection :<span style=\"font-family: Helvetica, Arial, sans-serif; font-size: 14.4px; font-weight: 400;\">IP67<\/span><\/h4>\n<div class=\"columns is-mobile\" style=\"margin: -12px;\">\n<div class=\"column\" style=\"flex: 1 1 0px; padding: 12px;\">\n<h4><img data-recalc-dims=\"1\" decoding=\"async\" src=\"https:\/\/i0.wp.com\/image-us.samsung.com\/SamsungUS\/home\/smartphones\/galaxy-a54-5g\/03222023\/FeatureBenefit_B2B_A545G-GoogleMeet-LockupGeneric-M.jpg.png?w=1020&#038;ssl=1\" alt=\"Galaxy A54 5G pour les entreprises\" \/><\/h4>\n<\/div>\n<\/div>\n<div style=\"display:flex; gap:10px;justify-content:center\" class=\"wps-pgfw-pdf-generate-icon__wrapper-frontend\">\n\t\t<a  href=\"https:\/\/ikasougou.com\/samsung\/wp-json\/wp\/v2\/product\/229?action=genpdf&amp;id=229\" class=\"pgfw-single-pdf-download-button\" ><img src=\"https:\/\/ikasougou.com\/samsung\/wp-content\/plugins\/pdf-generator-for-wp\/admin\/src\/images\/PDF_Tray.svg\" title=\"G\u00e9n\u00e9rer un PDF\" style=\"width:auto; height:45px;\"><\/a>\n\t\t<\/div>","protected":false},"excerpt":{"rendered":"<p>Appareil photo (dorsal) :\u00a0\u00a0Capteur 1 : 50 Mp Capteur 2 : 12 Mp Capteur 3 : 5 Mp Nombre de capteurs (arri\u00e8re et avant) : 4 D\u00e9finition enregistrement vid\u00e9o : 4K Flash arri\u00e8re : Flash LED Flash avant : Non Stabilisateur d&#8217;image : Optique Taille des photosites : 1,12 \u00b5m Ouverture objectif photo :f\/1.8 Ouverture [&#8230;]\n","protected":false},"featured_media":230,"comment_status":"open","ping_status":"closed","template":"","meta":[],"product_brand":[],"product_cat":[29,87],"product_tag":[22,33,21,88,24,23,25],"class_list":{"0":"post-229","1":"product","2":"type-product","3":"status-publish","4":"has-post-thumbnail","6":"product_cat-high-tech","7":"product_cat-telephone-tablette","8":"product_tag-bamako","9":"product_tag-besthigh-tech","10":"product_tag-mali","11":"product_tag-samsung-galaxy-a54","12":"product_tag-telephone","13":"product_tag-telephone-haut-de-gamme","14":"product_tag-top-produits","16":"first","17":"outofstock","18":"shipping-taxable","19":"purchasable","20":"product-type-variable"},"ams_default_variation_id":0,"ams_product_points_reward":[],"ams_product_discount_percentage":0,"ams_price_to_display":275000,"aioseo_notices":[],"ams_acf":[],"jetpack-related-posts":[],"jetpack_sharing_enabled":true,"_links":{"self":[{"href":"https:\/\/ikasougou.com\/samsung\/wp-json\/wp\/v2\/product\/229","targetHints":{"allow":["GET"]}}],"collection":[{"href":"https:\/\/ikasougou.com\/samsung\/wp-json\/wp\/v2\/product"}],"about":[{"href":"https:\/\/ikasougou.com\/samsung\/wp-json\/wp\/v2\/types\/product"}],"replies":[{"embeddable":true,"href":"https:\/\/ikasougou.com\/samsung\/wp-json\/wp\/v2\/comments?post=229"}],"wp:featuredmedia":[{"embeddable":true,"href":"https:\/\/ikasougou.com\/samsung\/wp-json\/wp\/v2\/media\/230"}],"wp:attachment":[{"href":"https:\/\/ikasougou.com\/samsung\/wp-json\/wp\/v2\/media?parent=229"}],"wp:term":[{"taxonomy":"product_brand","embeddable":true,"href":"https:\/\/ikasougou.com\/samsung\/wp-json\/wp\/v2\/product_brand?post=229"},{"taxonomy":"product_cat","embeddable":true,"href":"https:\/\/ikasougou.com\/samsung\/wp-json\/wp\/v2\/product_cat?post=229"},{"taxonomy":"product_tag","embeddable":true,"href":"https:\/\/ikasougou.com\/samsung\/wp-json\/wp\/v2\/product_tag?post=229"}],"curies":[{"name":"wp","href":"https:\/\/api.w.org\/{rel}","templated":true}]}}