{"id":247,"date":"2023-06-06T23:23:32","date_gmt":"2023-06-06T21:23:32","guid":{"rendered":"https:\/\/ikasougou.com\/samsung\/?post_type=product&#038;p=247"},"modified":"2023-06-30T14:18:12","modified_gmt":"2023-06-30T12:18:12","slug":"samsung-galaxy-a24-4-128-go","status":"publish","type":"product","link":"https:\/\/ikasougou.com\/samsung\/produit\/samsung-galaxy-a24-4-128-go\/","title":{"rendered":"Samsung Galaxy A24 (4\/128 GO)"},"content":{"rendered":"<p>R\u00e9seau \/ Porteur4GClasseGalaxy ATaille De L&#8217;\u00e9cran6.5&#8243;Technologie D&#8217;affichageSuper AMOLEDDimension162.1 X 77.6 X 8.3R\u00e9solution1080 X 2340 (FHD+)Poids195 GProcesseur Type2.2GHz, 2GHzSIM2 SIMStockage128 GoM\u00e9moire RAM (Go).4 Go RAMCam\u00e9ra Arri\u00e8re50.0 MP + 5.0 MP + 2.0 MPCam\u00e9ra Frontale SELFIE13.0 MPCapacit\u00e9 De La Batterie (MAh)5000 MAhProcesseur Vid\u00e9oFHD (1920 X 1080) @30fpsPerformancesAndroidVersion Bluetooth5.0<\/p>\n<p>&nbsp;<\/p>\n<h2>Super AMOLED donne vie aux couleurs<\/h2>\n<p>Profitez de couleurs et de d\u00e9tails ultra r\u00e9alistes sur l\u2019\u00e9cran FHD+ Super AMOLED de 6,5 pouces. Regardez vos s\u00e9ries et streams avec 1 000 nits de luminosit\u00e9 pour une visibilit\u00e9 optimale. De plus, avec une protection renforc\u00e9e contre la lumi\u00e8re bleue, vous pouvez regarder votre contenu confortablement, de jour comme de nuit.<\/p>\n<p>&nbsp;<\/p>\n<p><img data-recalc-dims=\"1\" decoding=\"async\" class=\"responsive-image\" src=\"https:\/\/i0.wp.com\/www.samsungshop.tn\/img\/cms\/galaxy-a24\/galaxy-a24-1.png?w=1020&#038;ssl=1\" alt=\"galaxy-a34-4.jpg\"  \/><\/p>\n<p>&nbsp;<\/p>\n<h2>Simple et \u00e9l\u00e9gant<\/h2>\n<p>D\u00e9couvrez une version moderne d\u2019un look classique avec une finition brillante. Choisissez une couleur qui refl\u00e8te votre style. Disponible en Noir, Vert clair ou Argent.<\/p>\n<p>&nbsp;<\/p>\n<p>&nbsp;<\/p>\n<p><img data-recalc-dims=\"1\" decoding=\"async\" class=\"responsive-image\" src=\"https:\/\/i0.wp.com\/www.samsungshop.tn\/img\/cms\/galaxy-a24\/galaxy-a24-2.png?w=1020&#038;ssl=1\" alt=\"design de qualit\u00e9\"  \/><\/p>\n<p>&nbsp;<\/p>\n<h2>Capturez sans limite avec plusieurs objectifs<\/h2>\n<p>&nbsp;<\/p>\n<p>&nbsp;<\/p>\n<p><img data-recalc-dims=\"1\" decoding=\"async\" class=\"responsive-image\" src=\"https:\/\/i0.wp.com\/www.samsungshop.tn\/img\/cms\/galaxy-a24\/galaxy-a24-3.png?w=1020&#038;ssl=1\" alt=\"appareil photo 50 MP magistral\"  \/><\/p>\n<p>&nbsp;<\/p>\n<p>&nbsp;<\/p>\n<h2>Acc\u00e9l\u00e9rez votre quotidien avec Octa-Core<\/h2>\n<p>Profitez d\u2019un d\u00e9filement et d\u2019un streaming fluides gr\u00e2ce au puissant processeur Octa-Core. Faites-en plus et profitez pleinement de votre contenu \u00e0 des vitesses fulgurantes.<\/p>\n<p>&nbsp;<\/p>\n<p>&nbsp;<\/p>\n<p><img data-recalc-dims=\"1\" decoding=\"async\" class=\"responsive-image\" src=\"https:\/\/i0.wp.com\/www.samsungshop.tn\/img\/cms\/galaxy-a24\/galaxy-a24-4.png?w=1020&#038;ssl=1\" alt=\"audio unique avec Dolby Atmos\"  \/><\/p>\n<p>&nbsp;<\/p>\n<p>&nbsp;<\/p>\n<h2>D\u00e9couvrez la libert\u00e9 de l\u2019espace<\/h2>\n<p>Profitez d\u2019un vaste espace de stockage de 128 Go. Avec jusqu&#8217;\u00e0 1 To de stockage suppl\u00e9mentaire sur une carte microSD, vous ne manquerez plus jamais d\u2019espace.<\/p>\n<p>&nbsp;<\/p>\n<p>&nbsp;<\/p>\n<p><img data-recalc-dims=\"1\" decoding=\"async\" class=\"responsive-image\" src=\"https:\/\/i0.wp.com\/www.samsungshop.tn\/img\/cms\/galaxy-a24\/galaxy-a24-5.png?w=1020&#038;ssl=1\" alt=\"selfies avec l\u2019effet bokeh\"  \/><\/p>\n<p>&nbsp;<\/p>\n<h2>Une batterie pour vos journ\u00e9es de loisirs<\/h2>\n<p>Diffusez, publiez et partagez avec une batterie de 5 000 mAh (typique) qui tient plus de 2 jours sur une seule charge.<\/p>\n<p>&nbsp;<\/p>\n<p><img data-recalc-dims=\"1\" decoding=\"async\" class=\"responsive-image\" src=\"https:\/\/i0.wp.com\/www.samsungshop.tn\/img\/cms\/galaxy-a24\/galaxy-a24-6.png?w=1020&#038;ssl=1\" alt=\"galaxy-a34-1.jpg\"  \/><\/p>\n<div style=\"display:flex; gap:10px;justify-content:center\" class=\"wps-pgfw-pdf-generate-icon__wrapper-frontend\">\n\t\t<a  href=\"https:\/\/ikasougou.com\/samsung\/wp-json\/wp\/v2\/product\/247?action=genpdf&amp;id=247\" class=\"pgfw-single-pdf-download-button\" ><img src=\"https:\/\/ikasougou.com\/samsung\/wp-content\/plugins\/pdf-generator-for-wp\/admin\/src\/images\/PDF_Tray.svg\" title=\"G\u00e9n\u00e9rer un PDF\" style=\"width:auto; height:45px;\"><\/a>\n\t\t<\/div>","protected":false},"excerpt":{"rendered":"<p>R\u00e9seau \/ Porteur4GClasseGalaxy ATaille De L&#8217;\u00e9cran6.5&#8243;Technologie D&#8217;affichageSuper AMOLEDDimension162.1 X 77.6 X 8.3R\u00e9solution1080 X 2340 (FHD+)Poids195 GProcesseur Type2.2GHz, 2GHzSIM2 SIMStockage128 GoM\u00e9moire RAM (Go).4 Go RAMCam\u00e9ra Arri\u00e8re50.0 MP + 5.0 MP + 2.0 MPCam\u00e9ra Frontale SELFIE13.0 MPCapacit\u00e9 De La Batterie (MAh)5000 MAhProcesseur Vid\u00e9oFHD (1920 X 1080) @30fpsPerformancesAndroidVersion Bluetooth5.0 &nbsp; Super AMOLED donne vie aux couleurs Profitez de [&#8230;]\n","protected":false},"featured_media":251,"comment_status":"open","ping_status":"closed","template":"","meta":[],"product_brand":[],"product_cat":[27,29,39,87],"product_tag":[],"class_list":{"0":"post-247","1":"product","2":"type-product","3":"status-publish","4":"has-post-thumbnail","6":"product_cat-galaxya","7":"product_cat-high-tech","8":"product_cat-samsung","9":"product_cat-telephone-tablette","11":"first","12":"instock","13":"shipping-taxable","14":"purchasable","15":"product-type-simple"},"ams_default_variation_id":0,"ams_product_points_reward":[],"ams_product_discount_percentage":0,"ams_price_to_display":155000,"aioseo_notices":[],"ams_acf":[],"jetpack-related-posts":[],"jetpack_sharing_enabled":true,"_links":{"self":[{"href":"https:\/\/ikasougou.com\/samsung\/wp-json\/wp\/v2\/product\/247","targetHints":{"allow":["GET"]}}],"collection":[{"href":"https:\/\/ikasougou.com\/samsung\/wp-json\/wp\/v2\/product"}],"about":[{"href":"https:\/\/ikasougou.com\/samsung\/wp-json\/wp\/v2\/types\/product"}],"replies":[{"embeddable":true,"href":"https:\/\/ikasougou.com\/samsung\/wp-json\/wp\/v2\/comments?post=247"}],"wp:featuredmedia":[{"embeddable":true,"href":"https:\/\/ikasougou.com\/samsung\/wp-json\/wp\/v2\/media\/251"}],"wp:attachment":[{"href":"https:\/\/ikasougou.com\/samsung\/wp-json\/wp\/v2\/media?parent=247"}],"wp:term":[{"taxonomy":"product_brand","embeddable":true,"href":"https:\/\/ikasougou.com\/samsung\/wp-json\/wp\/v2\/product_brand?post=247"},{"taxonomy":"product_cat","embeddable":true,"href":"https:\/\/ikasougou.com\/samsung\/wp-json\/wp\/v2\/product_cat?post=247"},{"taxonomy":"product_tag","embeddable":true,"href":"https:\/\/ikasougou.com\/samsung\/wp-json\/wp\/v2\/product_tag?post=247"}],"curies":[{"name":"wp","href":"https:\/\/api.w.org\/{rel}","templated":true}]}}