{"id":18,"date":"2022-04-19T12:49:24","date_gmt":"2022-04-19T10:49:24","guid":{"rendered":"https:\/\/ikasougou.com\/sara\/?post_type=product&#038;p=18"},"modified":"2022-04-19T14:58:36","modified_gmt":"2022-04-19T12:58:36","slug":"tunique-manche-evasee","status":"publish","type":"product","link":"https:\/\/ikasougou.com\/sara\/produit\/tunique-manche-evasee\/","title":{"rendered":"Robe \u00c9vas\u00e9e avec Dentelle"},"content":{"rendered":"<p>Cette collection de grandes dames est compos\u00e9e de beaucoup de vari\u00e9t\u00e9s de magnifiques robes en coton que vous aimerez , \u00e0 coup s\u00fbr, avoir dans votre garde-robe. Des robes tr\u00e8s \u00e9l\u00e9gantes et chic, pr\u00eates \u00e0 \u00eatre port\u00e9es \u00e0 de divers occasions, telles que la f\u00eate de Ramadan qui s\u2019approche.<\/p>\n<div style=\"display:flex; gap:10px;justify-content:center\" class=\"wps-pgfw-pdf-generate-icon__wrapper-frontend\">\n\t\t<a  href=\"https:\/\/ikasougou.com\/sara\/wp-json\/wp\/v2\/product\/18?action=genpdf&amp;id=18\" class=\"pgfw-single-pdf-download-button\" ><img src=\"https:\/\/ikasougou.com\/sara\/wp-content\/plugins\/pdf-generator-for-wp\/admin\/src\/images\/PDF_Tray.svg\" title=\"G\u00e9n\u00e9rer un PDF\" style=\"width:auto; height:45px;\"><\/a>\n\t\t<\/div>","protected":false},"excerpt":{"rendered":"<p>Cette collection de grandes dames est compos\u00e9e de beaucoup de vari\u00e9t\u00e9s de magnifiques robes en coton que vous aimerez , \u00e0 coup s\u00fbr, avoir dans votre garde-robe. Des robes tr\u00e8s \u00e9l\u00e9gantes et chic, pr\u00eates \u00e0 \u00eatre port\u00e9es \u00e0 de divers occasions, telles que la f\u00eate de Ramadan qui s\u2019approche.<\/p>\n","protected":false},"featured_media":19,"comment_status":"open","ping_status":"closed","template":"","meta":[],"product_brand":[],"product_cat":[21],"product_tag":[19,18,17],"class_list":{"0":"post-18","1":"product","2":"type-product","3":"status-publish","4":"has-post-thumbnail","6":"product_cat-robe","7":"product_tag-evase","8":"product_tag-manche","9":"product_tag-tunique","11":"first","12":"instock","13":"shipping-taxable","14":"purchasable","15":"product-type-simple"},"ams_default_variation_id":0,"ams_product_points_reward":[],"ams_product_discount_percentage":0,"ams_price_to_display":55000,"aioseo_notices":[],"ams_acf":[],"_links":{"self":[{"href":"https:\/\/ikasougou.com\/sara\/wp-json\/wp\/v2\/product\/18","targetHints":{"allow":["GET"]}}],"collection":[{"href":"https:\/\/ikasougou.com\/sara\/wp-json\/wp\/v2\/product"}],"about":[{"href":"https:\/\/ikasougou.com\/sara\/wp-json\/wp\/v2\/types\/product"}],"replies":[{"embeddable":true,"href":"https:\/\/ikasougou.com\/sara\/wp-json\/wp\/v2\/comments?post=18"}],"wp:featuredmedia":[{"embeddable":true,"href":"https:\/\/ikasougou.com\/sara\/wp-json\/wp\/v2\/media\/19"}],"wp:attachment":[{"href":"https:\/\/ikasougou.com\/sara\/wp-json\/wp\/v2\/media?parent=18"}],"wp:term":[{"taxonomy":"product_brand","embeddable":true,"href":"https:\/\/ikasougou.com\/sara\/wp-json\/wp\/v2\/product_brand?post=18"},{"taxonomy":"product_cat","embeddable":true,"href":"https:\/\/ikasougou.com\/sara\/wp-json\/wp\/v2\/product_cat?post=18"},{"taxonomy":"product_tag","embeddable":true,"href":"https:\/\/ikasougou.com\/sara\/wp-json\/wp\/v2\/product_tag?post=18"}],"curies":[{"name":"wp","href":"https:\/\/api.w.org\/{rel}","templated":true}]}}