{"id":2432,"date":"2019-10-27T21:09:02","date_gmt":"2019-10-27T20:09:02","guid":{"rendered":"https:\/\/ikasougou.com\/sidishop\/?post_type=product&#038;p=2432"},"modified":"2019-10-27T21:09:02","modified_gmt":"2019-10-27T20:09:02","slug":"chaussure-nike","status":"publish","type":"product","link":"https:\/\/ikasougou.com\/sidifashion\/produit\/chaussure-nike\/","title":{"rendered":"Chaussure NIKE"},"content":{"rendered":"<div class=\"column left\">\n<div id=\"ProductDescription\">\n<p>Rien ne pourra l&#8217;arr\u00eater dans la chaussure de sport Air Max Axis de Nike.<\/p>\n<ul>\n<li>Dessus en filet respirant, bout rond<\/li>\n<li>Fermeture lac\u00e9e pour un ajustement s\u00fbr<\/li>\n<li>Logo et appliques durables<\/li>\n<li>Doublure douce et assise plantaire rembourr\u00e9e confortable<\/li>\n<li>Coussinet Max Air au talon offrant un soutien tout au long de la journ\u00e9e<\/li>\n<li>Semelle ext\u00e9rieure de traction durable<\/li>\n<li><img loading=\"lazy\" decoding=\"async\" class=\"size-medium wp-image-2428 aligncenter\" src=\"https:\/\/ikasougou.com\/sidishop\/wp-content\/uploads\/sites\/50\/2019\/10\/73149265_777509056014576_18894286984577024_n-225x300.jpg\" alt=\"\" width=\"225\" height=\"300\" srcset=\"https:\/\/ikasougou.com\/sidifashion\/wp-content\/uploads\/sites\/50\/2019\/10\/73149265_777509056014576_18894286984577024_n-225x300.jpg 225w, https:\/\/ikasougou.com\/sidifashion\/wp-content\/uploads\/sites\/50\/2019\/10\/73149265_777509056014576_18894286984577024_n-768x1025.jpg 768w, https:\/\/ikasougou.com\/sidifashion\/wp-content\/uploads\/sites\/50\/2019\/10\/73149265_777509056014576_18894286984577024_n-767x1024.jpg 767w, https:\/\/ikasougou.com\/sidifashion\/wp-content\/uploads\/sites\/50\/2019\/10\/73149265_777509056014576_18894286984577024_n-510x681.jpg 510w, https:\/\/ikasougou.com\/sidifashion\/wp-content\/uploads\/sites\/50\/2019\/10\/73149265_777509056014576_18894286984577024_n.jpg 809w\" sizes=\"auto, (max-width: 225px) 100vw, 225px\" \/><\/li>\n<\/ul>\n<\/div>\n<\/div>\n<div class=\"column right\">\n<div id=\"ctl00_cphPageMain_divMarketingAds\" class=\"rightCol-infos\">\n<div id=\"ctl00_cphPageMain_divMarketingAdAOvd\" class=\"ovd-marketing-ad-contain\"><\/div>\n<div id=\"ctl00_cphPageMain_divMarketingAdBOvd\" class=\"ovd-marketing-ad-contain\"><\/div>\n<div id=\"ctl00_cphPageMain_divMarketingAdCOvd\" class=\"ovd-marketing-ad-contain\"><\/div>\n<div id=\"ctl00_cphPageMain_divMarketingAdDOvd\" class=\"ovd-marketing-ad-contain\"><\/div>\n<div id=\"ctl00_cphPageMain_divMarketingAdShipOvd\" class=\"ovd-marketing-ad-contain\"><\/div>\n<\/div>\n<\/div>\n<div style=\"display:flex; gap:10px;justify-content:center\" class=\"wps-pgfw-pdf-generate-icon__wrapper-frontend\">\n\t\t<a  href=\"https:\/\/ikasougou.com\/sidifashion\/wp-json\/wp\/v2\/product\/2432?action=genpdf&amp;id=2432\" class=\"pgfw-single-pdf-download-button\" ><img src=\"https:\/\/ikasougou.com\/sidifashion\/wp-content\/plugins\/pdf-generator-for-wp\/admin\/src\/images\/PDF_Tray.svg\" title=\"G\u00e9n\u00e9rer un PDF\" style=\"width:auto; height:45px;\"><\/a>\n\t\t<\/div>","protected":false},"excerpt":{"rendered":"<p>Rien ne pourra l&#8217;arr\u00eater dans la chaussure de sport Air Max Axis de Nike. Dessus en filet respirant, bout rond Fermeture lac\u00e9e pour un ajustement s\u00fbr Logo et appliques durables Doublure douce et assise plantaire rembourr\u00e9e confortable Coussinet Max Air au talon offrant un soutien tout au long de la journ\u00e9e Semelle ext\u00e9rieure de traction [&#8230;]\n","protected":false},"featured_media":2428,"comment_status":"open","ping_status":"closed","template":"","meta":{"jetpack_post_was_ever_published":false,"jetpack_publicize_message":"","jetpack_publicize_feature_enabled":true,"jetpack_social_post_already_shared":true,"jetpack_social_options":{"image_generator_settings":{"template":"highway","default_image_id":0,"font":"","enabled":false},"version":2}},"product_brand":[],"product_cat":[19,28,17],"product_tag":[29],"class_list":{"0":"post-2432","1":"product","2":"type-product","3":"status-publish","4":"has-post-thumbnail","6":"product_cat-chaussures-homme-textile-bijoux","7":"product_cat-nike","8":"product_cat-textile-bijoux","9":"product_tag-nike","11":"first","12":"instock","13":"sale","14":"shipping-taxable","15":"purchasable","16":"product-type-simple"},"ams_default_variation_id":0,"ams_product_points_reward":[],"ams_product_discount_percentage":12.5,"ams_price_to_display":17500,"aioseo_notices":[],"ams_acf":[],"jetpack_publicize_connections":[],"jetpack_sharing_enabled":true,"jetpack_likes_enabled":true,"_links":{"self":[{"href":"https:\/\/ikasougou.com\/sidifashion\/wp-json\/wp\/v2\/product\/2432","targetHints":{"allow":["GET"]}}],"collection":[{"href":"https:\/\/ikasougou.com\/sidifashion\/wp-json\/wp\/v2\/product"}],"about":[{"href":"https:\/\/ikasougou.com\/sidifashion\/wp-json\/wp\/v2\/types\/product"}],"replies":[{"embeddable":true,"href":"https:\/\/ikasougou.com\/sidifashion\/wp-json\/wp\/v2\/comments?post=2432"}],"wp:featuredmedia":[{"embeddable":true,"href":"https:\/\/ikasougou.com\/sidifashion\/wp-json\/wp\/v2\/media\/2428"}],"wp:attachment":[{"href":"https:\/\/ikasougou.com\/sidifashion\/wp-json\/wp\/v2\/media?parent=2432"}],"wp:term":[{"taxonomy":"product_brand","embeddable":true,"href":"https:\/\/ikasougou.com\/sidifashion\/wp-json\/wp\/v2\/product_brand?post=2432"},{"taxonomy":"product_cat","embeddable":true,"href":"https:\/\/ikasougou.com\/sidifashion\/wp-json\/wp\/v2\/product_cat?post=2432"},{"taxonomy":"product_tag","embeddable":true,"href":"https:\/\/ikasougou.com\/sidifashion\/wp-json\/wp\/v2\/product_tag?post=2432"}],"curies":[{"name":"wp","href":"https:\/\/api.w.org\/{rel}","templated":true}]}}