{"id":2434,"date":"2019-10-27T21:25:57","date_gmt":"2019-10-27T20:25:57","guid":{"rendered":"https:\/\/ikasougou.com\/sidishop\/?post_type=product&#038;p=2434"},"modified":"2019-10-27T21:25:58","modified_gmt":"2019-10-27T20:25:58","slug":"nike-air-force-one-vert","status":"publish","type":"product","link":"https:\/\/ikasougou.com\/sidifashion\/produit\/nike-air-force-one-vert\/","title":{"rendered":"Nike Air Force ONE VERT"},"content":{"rendered":"<p>&nbsp;<\/p>\n<ul>\n<li class=\"item_description\">Inspir\u00e9e des bo\u00eetes de nuits et des clubs europ\u00e9ens, la Nike Air Force 1 Jester XX est pr\u00eate \u00e0 mettre le feu au dancefloor. Rendant hommage aux n\u00e9ons et lumi\u00e8res noires des ann\u00e9es 90, ce mod\u00e8le arbore un logo brillant sur une empeigne neutre.<br \/>\nEmpeigne int\u00e9grant du cuir pour un look et un confort incomparables.<br \/>\nLogos qui semblent \u00eatre tomb\u00e9s, puis recoll\u00e9s n&#8217;importe comment.<br \/>\n&#8211; Contour du logo Swoosh de la marque cousu sur la chaussure pour montrer sa position originale.<br \/>\n&#8211; C\u00f4t\u00e9 relev\u00e9 cr\u00e9ant un style l\u00e9g\u00e8rement compens\u00e9.<br \/>\n&#8211; Semelle interm\u00e9diaire en mousse offrant un amorti durable.<\/li>\n<li><img loading=\"lazy\" decoding=\"async\" class=\"size-medium wp-image-2430 aligncenter\" src=\"https:\/\/ikasougou.com\/sidishop\/wp-content\/uploads\/sites\/50\/2019\/10\/74216766_2456334694609208_257967061626519552_n-225x300.jpg\" alt=\"\" width=\"225\" height=\"300\" srcset=\"https:\/\/ikasougou.com\/sidifashion\/wp-content\/uploads\/sites\/50\/2019\/10\/74216766_2456334694609208_257967061626519552_n-225x300.jpg 225w, https:\/\/ikasougou.com\/sidifashion\/wp-content\/uploads\/sites\/50\/2019\/10\/74216766_2456334694609208_257967061626519552_n-768x1025.jpg 768w, https:\/\/ikasougou.com\/sidifashion\/wp-content\/uploads\/sites\/50\/2019\/10\/74216766_2456334694609208_257967061626519552_n-767x1024.jpg 767w, https:\/\/ikasougou.com\/sidifashion\/wp-content\/uploads\/sites\/50\/2019\/10\/74216766_2456334694609208_257967061626519552_n-510x681.jpg 510w, https:\/\/ikasougou.com\/sidifashion\/wp-content\/uploads\/sites\/50\/2019\/10\/74216766_2456334694609208_257967061626519552_n.jpg 809w\" sizes=\"auto, (max-width: 225px) 100vw, 225px\" \/><\/li>\n<\/ul>\n<p>&nbsp;<\/p>\n<div style=\"display:flex; gap:10px;justify-content:center\" class=\"wps-pgfw-pdf-generate-icon__wrapper-frontend\">\n\t\t<a  href=\"https:\/\/ikasougou.com\/sidifashion\/wp-json\/wp\/v2\/product\/2434?action=genpdf&amp;id=2434\" class=\"pgfw-single-pdf-download-button\" ><img src=\"https:\/\/ikasougou.com\/sidifashion\/wp-content\/plugins\/pdf-generator-for-wp\/admin\/src\/images\/PDF_Tray.svg\" title=\"G\u00e9n\u00e9rer un PDF\" style=\"width:auto; height:45px;\"><\/a>\n\t\t<\/div>","protected":false},"excerpt":{"rendered":"<p>&nbsp; Inspir\u00e9e des bo\u00eetes de nuits et des clubs europ\u00e9ens, la Nike Air Force 1 Jester XX est pr\u00eate \u00e0 mettre le feu au dancefloor. Rendant hommage aux n\u00e9ons et lumi\u00e8res noires des ann\u00e9es 90, ce mod\u00e8le arbore un logo brillant sur une empeigne neutre. Empeigne int\u00e9grant du cuir pour un look et un confort [&#8230;]\n","protected":false},"featured_media":2430,"comment_status":"open","ping_status":"closed","template":"","meta":{"jetpack_post_was_ever_published":false,"jetpack_publicize_message":"","jetpack_publicize_feature_enabled":true,"jetpack_social_post_already_shared":true,"jetpack_social_options":{"image_generator_settings":{"template":"highway","default_image_id":0,"font":"","enabled":false},"version":2}},"product_brand":[],"product_cat":[19,28,17],"product_tag":[30],"class_list":{"0":"post-2434","1":"product","2":"type-product","3":"status-publish","4":"has-post-thumbnail","6":"product_cat-chaussures-homme-textile-bijoux","7":"product_cat-nike","8":"product_cat-textile-bijoux","9":"product_tag-nike-air-force-one-vert","11":"first","12":"instock","13":"sale","14":"shipping-taxable","15":"purchasable","16":"product-type-simple"},"ams_default_variation_id":0,"ams_product_points_reward":[],"ams_product_discount_percentage":12.5,"ams_price_to_display":17500,"aioseo_notices":[],"ams_acf":[],"jetpack_publicize_connections":[],"jetpack_sharing_enabled":true,"jetpack_likes_enabled":true,"_links":{"self":[{"href":"https:\/\/ikasougou.com\/sidifashion\/wp-json\/wp\/v2\/product\/2434","targetHints":{"allow":["GET"]}}],"collection":[{"href":"https:\/\/ikasougou.com\/sidifashion\/wp-json\/wp\/v2\/product"}],"about":[{"href":"https:\/\/ikasougou.com\/sidifashion\/wp-json\/wp\/v2\/types\/product"}],"replies":[{"embeddable":true,"href":"https:\/\/ikasougou.com\/sidifashion\/wp-json\/wp\/v2\/comments?post=2434"}],"wp:featuredmedia":[{"embeddable":true,"href":"https:\/\/ikasougou.com\/sidifashion\/wp-json\/wp\/v2\/media\/2430"}],"wp:attachment":[{"href":"https:\/\/ikasougou.com\/sidifashion\/wp-json\/wp\/v2\/media?parent=2434"}],"wp:term":[{"taxonomy":"product_brand","embeddable":true,"href":"https:\/\/ikasougou.com\/sidifashion\/wp-json\/wp\/v2\/product_brand?post=2434"},{"taxonomy":"product_cat","embeddable":true,"href":"https:\/\/ikasougou.com\/sidifashion\/wp-json\/wp\/v2\/product_cat?post=2434"},{"taxonomy":"product_tag","embeddable":true,"href":"https:\/\/ikasougou.com\/sidifashion\/wp-json\/wp\/v2\/product_tag?post=2434"}],"curies":[{"name":"wp","href":"https:\/\/api.w.org\/{rel}","templated":true}]}}