{"id":2436,"date":"2019-10-27T22:09:23","date_gmt":"2019-10-27T21:09:23","guid":{"rendered":"https:\/\/ikasougou.com\/sidishop\/?post_type=product&#038;p=2436"},"modified":"2019-10-27T22:09:23","modified_gmt":"2019-10-27T21:09:23","slug":"air-jordan-i-vert-pin","status":"publish","type":"product","link":"https:\/\/ikasougou.com\/sidifashion\/produit\/air-jordan-i-vert-pin\/","title":{"rendered":"AIR JORDAN I VERT PIN"},"content":{"rendered":"<div class=\"product-info ncss-col-sm-12 full\">\n<div class=\"ncss-brand pb6-sm fs14-sm fs16-md\"><\/div>\n<div class=\"description-text text-color-grey\">\n<p>Lors de son lancement en 1985, la Air Jordan I r\u00e9volutionnaire a pos\u00e9 les bases de la gamme de sneakers la plus c\u00e9l\u00e8bre dans l&#8217;univers du basketball. Dans cette toute derni\u00e8re \u00e9dition, un m\u00e9lange in\u00e9dit de blanc, noir et vert prend le relais du coloris phare de l&#8217;hiver dernier, \u00ab Bred Toe \u00bb. Cette chaussure arbore une empeigne en cuir pleine fleur, une \u00e9tiquette Nike Air sur la languette et l&#8217;embl\u00e9matique logo Wings.<\/p>\n<p><img loading=\"lazy\" decoding=\"async\" class=\"alignnone size-medium wp-image-2431\" src=\"https:\/\/ikasougou.com\/sidishop\/wp-content\/uploads\/sites\/50\/2019\/10\/74614129_498572934088991_5174466917640962048_n-169x300.jpg\" alt=\"\" width=\"169\" height=\"300\" srcset=\"https:\/\/ikasougou.com\/sidifashion\/wp-content\/uploads\/sites\/50\/2019\/10\/74614129_498572934088991_5174466917640962048_n-169x300.jpg 169w, https:\/\/ikasougou.com\/sidifashion\/wp-content\/uploads\/sites\/50\/2019\/10\/74614129_498572934088991_5174466917640962048_n-510x907.jpg 510w, https:\/\/ikasougou.com\/sidifashion\/wp-content\/uploads\/sites\/50\/2019\/10\/74614129_498572934088991_5174466917640962048_n.jpg 540w\" sizes=\"auto, (max-width: 169px) 100vw, 169px\" \/>\u00a0\u00a0 <img loading=\"lazy\" decoding=\"async\" class=\"alignnone size-medium wp-image-2442\" src=\"https:\/\/ikasougou.com\/sidishop\/wp-content\/uploads\/sites\/50\/2019\/10\/Capture-300x236.jpg\" alt=\"\" width=\"300\" height=\"236\" srcset=\"https:\/\/ikasougou.com\/sidifashion\/wp-content\/uploads\/sites\/50\/2019\/10\/Capture-300x236.jpg 300w, https:\/\/ikasougou.com\/sidifashion\/wp-content\/uploads\/sites\/50\/2019\/10\/Capture-768x604.jpg 768w, https:\/\/ikasougou.com\/sidifashion\/wp-content\/uploads\/sites\/50\/2019\/10\/Capture-510x401.jpg 510w, https:\/\/ikasougou.com\/sidifashion\/wp-content\/uploads\/sites\/50\/2019\/10\/Capture.jpg 771w\" sizes=\"auto, (max-width: 300px) 100vw, 300px\" \/> <img loading=\"lazy\" decoding=\"async\" class=\"alignnone size-medium wp-image-2443\" src=\"https:\/\/ikasougou.com\/sidishop\/wp-content\/uploads\/sites\/50\/2019\/10\/Capture1-268x300.jpg\" alt=\"\" width=\"268\" height=\"300\" srcset=\"https:\/\/ikasougou.com\/sidifashion\/wp-content\/uploads\/sites\/50\/2019\/10\/Capture1-268x300.jpg 268w, https:\/\/ikasougou.com\/sidifashion\/wp-content\/uploads\/sites\/50\/2019\/10\/Capture1.jpg 424w\" sizes=\"auto, (max-width: 268px) 100vw, 268px\" \/> <img loading=\"lazy\" decoding=\"async\" class=\"alignnone size-medium wp-image-2444\" src=\"https:\/\/ikasougou.com\/sidishop\/wp-content\/uploads\/sites\/50\/2019\/10\/Capture2-300x222.jpg\" alt=\"\" width=\"300\" height=\"222\" srcset=\"https:\/\/ikasougou.com\/sidifashion\/wp-content\/uploads\/sites\/50\/2019\/10\/Capture2-300x222.jpg 300w, https:\/\/ikasougou.com\/sidifashion\/wp-content\/uploads\/sites\/50\/2019\/10\/Capture2-768x569.jpg 768w, https:\/\/ikasougou.com\/sidifashion\/wp-content\/uploads\/sites\/50\/2019\/10\/Capture2-510x378.jpg 510w, https:\/\/ikasougou.com\/sidifashion\/wp-content\/uploads\/sites\/50\/2019\/10\/Capture2.jpg 776w\" sizes=\"auto, (max-width: 300px) 100vw, 300px\" \/> <img loading=\"lazy\" decoding=\"async\" class=\"alignnone size-medium wp-image-2445\" src=\"https:\/\/ikasougou.com\/sidishop\/wp-content\/uploads\/sites\/50\/2019\/10\/Capture3-300x208.jpg\" alt=\"\" width=\"300\" height=\"208\" srcset=\"https:\/\/ikasougou.com\/sidifashion\/wp-content\/uploads\/sites\/50\/2019\/10\/Capture3-300x208.jpg 300w, https:\/\/ikasougou.com\/sidifashion\/wp-content\/uploads\/sites\/50\/2019\/10\/Capture3-510x353.jpg 510w, https:\/\/ikasougou.com\/sidifashion\/wp-content\/uploads\/sites\/50\/2019\/10\/Capture3.jpg 681w\" sizes=\"auto, (max-width: 300px) 100vw, 300px\" \/><\/p>\n<\/div>\n<\/div>\n<section class=\"text-block-component ncss-row mb2-sm mb7-md\" data-qa=\"TextCard\">\n<div class=\"ncss-col-sm-12 pr7-sm pl7-sm pt10-sm pb10-sm\">\n<div class=\"product-info ta-sm-c pt6-sm pb6-sm prl7-sm\">\n<h1 class=\"ncss-brand u-uppercase mb-1-sm mb0-md fs30-sm fs40-md\">UNE RICHE HISTOIRE<\/h1>\n<h5 class=\"ncss-brand pb4-sm text-color-grey u-uppercase mb-1-sm mb0-md fs14-sm fs16-md\"><\/h5>\n<div class=\"description-text text-color-grey\">\n<div class=\"text-color-grey\" data-qa=\"text-card-body\">\n<p>Depuis son tir d\u00e9cisif qui a permis \u00e0 l&#8217;universit\u00e9 de Caroline du Nord de remporter le championnat, Michael Jordan est rest\u00e9 omnipr\u00e9sent sur la sc\u00e8ne du basketball. En 1985, la Air Jordan I fait ses d\u00e9buts sur les parquets professionnels. Bravant les r\u00e8gles de la ligue tout en surclassant ses adversaires, Michael Jordan enflamme l&#8217;imagination des fans du monde entier.<img loading=\"lazy\" decoding=\"async\" class=\"alignnone size-medium wp-image-2446\" src=\"https:\/\/ikasougou.com\/sidishop\/wp-content\/uploads\/sites\/50\/2019\/10\/Capture4-300x203.jpg\" alt=\"\" width=\"300\" height=\"203\" srcset=\"https:\/\/ikasougou.com\/sidifashion\/wp-content\/uploads\/sites\/50\/2019\/10\/Capture4-300x203.jpg 300w, https:\/\/ikasougou.com\/sidifashion\/wp-content\/uploads\/sites\/50\/2019\/10\/Capture4-510x345.jpg 510w, https:\/\/ikasougou.com\/sidifashion\/wp-content\/uploads\/sites\/50\/2019\/10\/Capture4.jpg 706w\" sizes=\"auto, (max-width: 300px) 100vw, 300px\" \/><img loading=\"lazy\" decoding=\"async\" class=\"alignnone size-medium wp-image-2448\" src=\"https:\/\/ikasougou.com\/sidishop\/wp-content\/uploads\/sites\/50\/2019\/10\/Capture6-300x300.jpg\" alt=\"\" width=\"300\" height=\"300\" srcset=\"https:\/\/ikasougou.com\/sidifashion\/wp-content\/uploads\/sites\/50\/2019\/10\/Capture6-300x300.jpg 300w, https:\/\/ikasougou.com\/sidifashion\/wp-content\/uploads\/sites\/50\/2019\/10\/Capture6-150x150.jpg 150w, https:\/\/ikasougou.com\/sidifashion\/wp-content\/uploads\/sites\/50\/2019\/10\/Capture6-100x100.jpg 100w, https:\/\/ikasougou.com\/sidifashion\/wp-content\/uploads\/sites\/50\/2019\/10\/Capture6.jpg 501w\" sizes=\"auto, (max-width: 300px) 100vw, 300px\" \/><img loading=\"lazy\" decoding=\"async\" class=\"alignnone size-medium wp-image-2447\" src=\"https:\/\/ikasougou.com\/sidishop\/wp-content\/uploads\/sites\/50\/2019\/10\/Capture5-268x300.jpg\" alt=\"\" width=\"268\" height=\"300\" srcset=\"https:\/\/ikasougou.com\/sidifashion\/wp-content\/uploads\/sites\/50\/2019\/10\/Capture5-268x300.jpg 268w, https:\/\/ikasougou.com\/sidifashion\/wp-content\/uploads\/sites\/50\/2019\/10\/Capture5.jpg 505w\" sizes=\"auto, (max-width: 268px) 100vw, 268px\" \/><\/p>\n<\/div>\n<\/div>\n<\/div>\n<\/div>\n<\/section>\n<div style=\"display:flex; gap:10px;justify-content:center\" class=\"wps-pgfw-pdf-generate-icon__wrapper-frontend\">\n\t\t<a  href=\"https:\/\/ikasougou.com\/sidifashion\/wp-json\/wp\/v2\/product\/2436?action=genpdf&amp;id=2436\" class=\"pgfw-single-pdf-download-button\" ><img src=\"https:\/\/ikasougou.com\/sidifashion\/wp-content\/plugins\/pdf-generator-for-wp\/admin\/src\/images\/PDF_Tray.svg\" title=\"G\u00e9n\u00e9rer un PDF\" style=\"width:auto; height:45px;\"><\/a>\n\t\t<\/div>","protected":false},"excerpt":{"rendered":"<p>Lors de son lancement en 1985, la Air Jordan I r\u00e9volutionnaire a pos\u00e9 les bases de la gamme de sneakers la plus c\u00e9l\u00e8bre dans l&#8217;univers du basketball. Dans cette toute derni\u00e8re \u00e9dition, un m\u00e9lange in\u00e9dit de blanc, noir et vert prend le relais du coloris phare de l&#8217;hiver dernier, \u00ab Bred Toe \u00bb. Cette chaussure [&#8230;]\n","protected":false},"featured_media":2443,"comment_status":"open","ping_status":"closed","template":"","meta":{"jetpack_post_was_ever_published":false,"jetpack_publicize_message":"","jetpack_publicize_feature_enabled":true,"jetpack_social_post_already_shared":true,"jetpack_social_options":{"image_generator_settings":{"template":"highway","default_image_id":0,"font":"","enabled":false},"version":2}},"product_brand":[],"product_cat":[19,28,17],"product_tag":[],"class_list":{"0":"post-2436","1":"product","2":"type-product","3":"status-publish","4":"has-post-thumbnail","6":"product_cat-chaussures-homme-textile-bijoux","7":"product_cat-nike","8":"product_cat-textile-bijoux","10":"first","11":"instock","12":"sale","13":"shipping-taxable","14":"purchasable","15":"product-type-simple"},"ams_default_variation_id":0,"ams_product_points_reward":[],"ams_product_discount_percentage":10,"ams_price_to_display":22500,"aioseo_notices":[],"ams_acf":[],"jetpack_publicize_connections":[],"jetpack_sharing_enabled":true,"jetpack_likes_enabled":true,"_links":{"self":[{"href":"https:\/\/ikasougou.com\/sidifashion\/wp-json\/wp\/v2\/product\/2436","targetHints":{"allow":["GET"]}}],"collection":[{"href":"https:\/\/ikasougou.com\/sidifashion\/wp-json\/wp\/v2\/product"}],"about":[{"href":"https:\/\/ikasougou.com\/sidifashion\/wp-json\/wp\/v2\/types\/product"}],"replies":[{"embeddable":true,"href":"https:\/\/ikasougou.com\/sidifashion\/wp-json\/wp\/v2\/comments?post=2436"}],"wp:featuredmedia":[{"embeddable":true,"href":"https:\/\/ikasougou.com\/sidifashion\/wp-json\/wp\/v2\/media\/2443"}],"wp:attachment":[{"href":"https:\/\/ikasougou.com\/sidifashion\/wp-json\/wp\/v2\/media?parent=2436"}],"wp:term":[{"taxonomy":"product_brand","embeddable":true,"href":"https:\/\/ikasougou.com\/sidifashion\/wp-json\/wp\/v2\/product_brand?post=2436"},{"taxonomy":"product_cat","embeddable":true,"href":"https:\/\/ikasougou.com\/sidifashion\/wp-json\/wp\/v2\/product_cat?post=2436"},{"taxonomy":"product_tag","embeddable":true,"href":"https:\/\/ikasougou.com\/sidifashion\/wp-json\/wp\/v2\/product_tag?post=2436"}],"curies":[{"name":"wp","href":"https:\/\/api.w.org\/{rel}","templated":true}]}}