{"id":2451,"date":"2019-10-27T23:40:20","date_gmt":"2019-10-27T22:40:20","guid":{"rendered":"https:\/\/ikasougou.com\/sidishop\/?post_type=product&#038;p=2451"},"modified":"2019-10-27T23:40:20","modified_gmt":"2019-10-27T22:40:20","slug":"louis-vuitton-basket-marron","status":"publish","type":"product","link":"https:\/\/ikasougou.com\/sidifashion\/produit\/louis-vuitton-basket-marron\/","title":{"rendered":"LOUIS VUITTON BASKET Marron"},"content":{"rendered":"<p>Ce Basket Louis vuitton Marron affiche un look classique et \u00e9pur\u00e9, \u00e0 la fois familier et tr\u00e8s actuel. Affichant un style d\u00e9contract\u00e9, son design embl\u00e9matique peut accompagner n&#8217;importe quel v\u00eatement sans jamais para\u00eetre d\u00e9mod\u00e9.<\/p>\n<p>&nbsp;<\/p>\n<p><img loading=\"lazy\" decoding=\"async\" class=\"size-medium wp-image-2426 aligncenter\" src=\"https:\/\/ikasougou.com\/sidishop\/wp-content\/uploads\/sites\/50\/2019\/10\/72642029_540409470058672_1280446990659878912_n-169x300.jpg\" alt=\"\" width=\"169\" height=\"300\" srcset=\"https:\/\/ikasougou.com\/sidifashion\/wp-content\/uploads\/sites\/50\/2019\/10\/72642029_540409470058672_1280446990659878912_n-169x300.jpg 169w, https:\/\/ikasougou.com\/sidifashion\/wp-content\/uploads\/sites\/50\/2019\/10\/72642029_540409470058672_1280446990659878912_n-510x907.jpg 510w, https:\/\/ikasougou.com\/sidifashion\/wp-content\/uploads\/sites\/50\/2019\/10\/72642029_540409470058672_1280446990659878912_n.jpg 540w\" sizes=\"auto, (max-width: 169px) 100vw, 169px\" \/><\/p>\n<div style=\"display:flex; gap:10px;justify-content:center\" class=\"wps-pgfw-pdf-generate-icon__wrapper-frontend\">\n\t\t<a  href=\"https:\/\/ikasougou.com\/sidifashion\/wp-json\/wp\/v2\/product\/2451?action=genpdf&amp;id=2451\" class=\"pgfw-single-pdf-download-button\" ><img src=\"https:\/\/ikasougou.com\/sidifashion\/wp-content\/plugins\/pdf-generator-for-wp\/admin\/src\/images\/PDF_Tray.svg\" title=\"G\u00e9n\u00e9rer un PDF\" style=\"width:auto; height:45px;\"><\/a>\n\t\t<\/div>","protected":false},"excerpt":{"rendered":"<p>Ce Basket Louis vuitton Marron affiche un look classique et \u00e9pur\u00e9, \u00e0 la fois familier et tr\u00e8s actuel. Affichant un style d\u00e9contract\u00e9, son design embl\u00e9matique peut accompagner n&#8217;importe quel v\u00eatement sans jamais para\u00eetre d\u00e9mod\u00e9. &nbsp;<\/p>\n","protected":false},"featured_media":2426,"comment_status":"open","ping_status":"closed","template":"","meta":{"jetpack_post_was_ever_published":false,"jetpack_publicize_message":"","jetpack_publicize_feature_enabled":true,"jetpack_social_post_already_shared":true,"jetpack_social_options":{"image_generator_settings":{"template":"highway","default_image_id":0,"font":"","enabled":false},"version":2}},"product_brand":[],"product_cat":[19,17],"product_tag":[32],"class_list":{"0":"post-2451","1":"product","2":"type-product","3":"status-publish","4":"has-post-thumbnail","6":"product_cat-chaussures-homme-textile-bijoux","7":"product_cat-textile-bijoux","8":"product_tag-louis-vuitton","10":"first","11":"instock","12":"sale","13":"shipping-taxable","14":"purchasable","15":"product-type-simple"},"ams_default_variation_id":0,"ams_product_points_reward":[],"ams_product_discount_percentage":12.5,"ams_price_to_display":17500,"aioseo_notices":[],"ams_acf":[],"jetpack_publicize_connections":[],"jetpack_sharing_enabled":true,"jetpack_likes_enabled":true,"_links":{"self":[{"href":"https:\/\/ikasougou.com\/sidifashion\/wp-json\/wp\/v2\/product\/2451","targetHints":{"allow":["GET"]}}],"collection":[{"href":"https:\/\/ikasougou.com\/sidifashion\/wp-json\/wp\/v2\/product"}],"about":[{"href":"https:\/\/ikasougou.com\/sidifashion\/wp-json\/wp\/v2\/types\/product"}],"replies":[{"embeddable":true,"href":"https:\/\/ikasougou.com\/sidifashion\/wp-json\/wp\/v2\/comments?post=2451"}],"wp:featuredmedia":[{"embeddable":true,"href":"https:\/\/ikasougou.com\/sidifashion\/wp-json\/wp\/v2\/media\/2426"}],"wp:attachment":[{"href":"https:\/\/ikasougou.com\/sidifashion\/wp-json\/wp\/v2\/media?parent=2451"}],"wp:term":[{"taxonomy":"product_brand","embeddable":true,"href":"https:\/\/ikasougou.com\/sidifashion\/wp-json\/wp\/v2\/product_brand?post=2451"},{"taxonomy":"product_cat","embeddable":true,"href":"https:\/\/ikasougou.com\/sidifashion\/wp-json\/wp\/v2\/product_cat?post=2451"},{"taxonomy":"product_tag","embeddable":true,"href":"https:\/\/ikasougou.com\/sidifashion\/wp-json\/wp\/v2\/product_tag?post=2451"}],"curies":[{"name":"wp","href":"https:\/\/api.w.org\/{rel}","templated":true}]}}