{"id":3934,"date":"2020-03-16T01:43:40","date_gmt":"2020-03-16T00:43:40","guid":{"rendered":"https:\/\/ikasougou.com\/sidishop\/?post_type=product&#038;p=3934"},"modified":"2020-03-16T01:44:55","modified_gmt":"2020-03-16T00:44:55","slug":"t-shirt-emporio-armani-colle-v-rayee-jaune-noir-bleu-rose","status":"publish","type":"product","link":"https:\/\/ikasougou.com\/sidifashion\/produit\/t-shirt-emporio-armani-colle-v-rayee-jaune-noir-bleu-rose\/","title":{"rendered":"T-SHIRT EMPORIO ARMANI COLLE V RAY\u00c9E ( JAUNE, NOIR, BLEU, ROSE)"},"content":{"rendered":"<h1>Restez classe, styl\u00e9 et brancher avec ce T-SHIRT EMPORIO ARMANI COLLE V RAYEE ( JAUNE, NOIR, BLEU, ROSE) qui s&#8217;adaptera \u00e0 tout vos style .<\/h1>\n<p><img loading=\"lazy\" decoding=\"async\" class=\"alignnone size-medium wp-image-3935\" src=\"https:\/\/ikasougou.com\/sidishop\/wp-content\/uploads\/sites\/50\/2020\/03\/blzu-169x300.jpg\" alt=\"\" width=\"169\" height=\"300\" srcset=\"https:\/\/ikasougou.com\/sidifashion\/wp-content\/uploads\/sites\/50\/2020\/03\/blzu-169x300.jpg 169w, https:\/\/ikasougou.com\/sidifashion\/wp-content\/uploads\/sites\/50\/2020\/03\/blzu-576x1024.jpg 576w, https:\/\/ikasougou.com\/sidifashion\/wp-content\/uploads\/sites\/50\/2020\/03\/blzu-510x906.jpg 510w, https:\/\/ikasougou.com\/sidifashion\/wp-content\/uploads\/sites\/50\/2020\/03\/blzu.jpg 581w\" sizes=\"auto, (max-width: 169px) 100vw, 169px\" \/> <img loading=\"lazy\" decoding=\"async\" class=\"alignnone size-medium wp-image-3936\" src=\"https:\/\/ikasougou.com\/sidishop\/wp-content\/uploads\/sites\/50\/2020\/03\/jaune-169x300.jpg\" alt=\"\" width=\"169\" height=\"300\" srcset=\"https:\/\/ikasougou.com\/sidifashion\/wp-content\/uploads\/sites\/50\/2020\/03\/jaune-169x300.jpg 169w, https:\/\/ikasougou.com\/sidifashion\/wp-content\/uploads\/sites\/50\/2020\/03\/jaune-576x1024.jpg 576w, https:\/\/ikasougou.com\/sidifashion\/wp-content\/uploads\/sites\/50\/2020\/03\/jaune-510x906.jpg 510w, https:\/\/ikasougou.com\/sidifashion\/wp-content\/uploads\/sites\/50\/2020\/03\/jaune.jpg 581w\" sizes=\"auto, (max-width: 169px) 100vw, 169px\" \/> <img loading=\"lazy\" decoding=\"async\" class=\"alignnone size-medium wp-image-3937\" src=\"https:\/\/ikasougou.com\/sidishop\/wp-content\/uploads\/sites\/50\/2020\/03\/noir-169x300.jpg\" alt=\"\" width=\"169\" height=\"300\" srcset=\"https:\/\/ikasougou.com\/sidifashion\/wp-content\/uploads\/sites\/50\/2020\/03\/noir-169x300.jpg 169w, https:\/\/ikasougou.com\/sidifashion\/wp-content\/uploads\/sites\/50\/2020\/03\/noir-576x1024.jpg 576w, https:\/\/ikasougou.com\/sidifashion\/wp-content\/uploads\/sites\/50\/2020\/03\/noir-510x906.jpg 510w, https:\/\/ikasougou.com\/sidifashion\/wp-content\/uploads\/sites\/50\/2020\/03\/noir.jpg 581w\" sizes=\"auto, (max-width: 169px) 100vw, 169px\" \/> <img loading=\"lazy\" decoding=\"async\" class=\"alignnone size-medium wp-image-3938\" src=\"https:\/\/ikasougou.com\/sidishop\/wp-content\/uploads\/sites\/50\/2020\/03\/rose-169x300.jpg\" alt=\"\" width=\"169\" height=\"300\" srcset=\"https:\/\/ikasougou.com\/sidifashion\/wp-content\/uploads\/sites\/50\/2020\/03\/rose-169x300.jpg 169w, https:\/\/ikasougou.com\/sidifashion\/wp-content\/uploads\/sites\/50\/2020\/03\/rose-576x1024.jpg 576w, https:\/\/ikasougou.com\/sidifashion\/wp-content\/uploads\/sites\/50\/2020\/03\/rose-510x906.jpg 510w, https:\/\/ikasougou.com\/sidifashion\/wp-content\/uploads\/sites\/50\/2020\/03\/rose.jpg 581w\" sizes=\"auto, (max-width: 169px) 100vw, 169px\" \/> <img loading=\"lazy\" decoding=\"async\" class=\"alignnone size-medium wp-image-3939\" src=\"https:\/\/ikasougou.com\/sidishop\/wp-content\/uploads\/sites\/50\/2020\/03\/WhatsApp-Image-2020-03-14-at-16.13.43-1-169x300.jpeg\" alt=\"\" width=\"169\" height=\"300\" srcset=\"https:\/\/ikasougou.com\/sidifashion\/wp-content\/uploads\/sites\/50\/2020\/03\/WhatsApp-Image-2020-03-14-at-16.13.43-1-169x300.jpeg 169w, https:\/\/ikasougou.com\/sidifashion\/wp-content\/uploads\/sites\/50\/2020\/03\/WhatsApp-Image-2020-03-14-at-16.13.43-1-576x1024.jpeg 576w, https:\/\/ikasougou.com\/sidifashion\/wp-content\/uploads\/sites\/50\/2020\/03\/WhatsApp-Image-2020-03-14-at-16.13.43-1-510x906.jpeg 510w, https:\/\/ikasougou.com\/sidifashion\/wp-content\/uploads\/sites\/50\/2020\/03\/WhatsApp-Image-2020-03-14-at-16.13.43-1.jpeg 581w\" sizes=\"auto, (max-width: 169px) 100vw, 169px\" \/><\/p>\n<div style=\"display:flex; gap:10px;justify-content:center\" class=\"wps-pgfw-pdf-generate-icon__wrapper-frontend\">\n\t\t<a  href=\"https:\/\/ikasougou.com\/sidifashion\/wp-json\/wp\/v2\/product\/3934?action=genpdf&amp;id=3934\" class=\"pgfw-single-pdf-download-button\" ><img src=\"https:\/\/ikasougou.com\/sidifashion\/wp-content\/plugins\/pdf-generator-for-wp\/admin\/src\/images\/PDF_Tray.svg\" title=\"G\u00e9n\u00e9rer un PDF\" style=\"width:auto; height:45px;\"><\/a>\n\t\t<\/div>","protected":false},"excerpt":{"rendered":"<p>Restez classe, styl\u00e9 et brancher avec ce T-SHIRT EMPORIO ARMANI COLLE V RAYEE ( JAUNE, NOIR, BLEU, ROSE) qui s&#8217;adaptera \u00e0 tout vos style .<\/p>\n","protected":false},"featured_media":3936,"comment_status":"open","ping_status":"closed","template":"","meta":{"jetpack_post_was_ever_published":false,"jetpack_publicize_message":"","jetpack_publicize_feature_enabled":true,"jetpack_social_post_already_shared":true,"jetpack_social_options":{"image_generator_settings":{"template":"highway","default_image_id":0,"font":"","enabled":false},"version":2}},"product_brand":[],"product_cat":[25,17,20],"product_tag":[],"class_list":{"0":"post-3934","1":"product","2":"type-product","3":"status-publish","4":"has-post-thumbnail","6":"product_cat-polos","7":"product_cat-textile-bijoux","8":"product_cat-vetemenets-homme","10":"first","11":"instock","12":"shipping-taxable","13":"purchasable","14":"product-type-variable"},"ams_default_variation_id":0,"ams_product_points_reward":[],"ams_product_discount_percentage":0,"ams_price_to_display":10000,"aioseo_notices":[],"ams_acf":[],"jetpack_publicize_connections":[],"jetpack_sharing_enabled":true,"jetpack_likes_enabled":true,"_links":{"self":[{"href":"https:\/\/ikasougou.com\/sidifashion\/wp-json\/wp\/v2\/product\/3934","targetHints":{"allow":["GET"]}}],"collection":[{"href":"https:\/\/ikasougou.com\/sidifashion\/wp-json\/wp\/v2\/product"}],"about":[{"href":"https:\/\/ikasougou.com\/sidifashion\/wp-json\/wp\/v2\/types\/product"}],"replies":[{"embeddable":true,"href":"https:\/\/ikasougou.com\/sidifashion\/wp-json\/wp\/v2\/comments?post=3934"}],"wp:featuredmedia":[{"embeddable":true,"href":"https:\/\/ikasougou.com\/sidifashion\/wp-json\/wp\/v2\/media\/3936"}],"wp:attachment":[{"href":"https:\/\/ikasougou.com\/sidifashion\/wp-json\/wp\/v2\/media?parent=3934"}],"wp:term":[{"taxonomy":"product_brand","embeddable":true,"href":"https:\/\/ikasougou.com\/sidifashion\/wp-json\/wp\/v2\/product_brand?post=3934"},{"taxonomy":"product_cat","embeddable":true,"href":"https:\/\/ikasougou.com\/sidifashion\/wp-json\/wp\/v2\/product_cat?post=3934"},{"taxonomy":"product_tag","embeddable":true,"href":"https:\/\/ikasougou.com\/sidifashion\/wp-json\/wp\/v2\/product_tag?post=3934"}],"curies":[{"name":"wp","href":"https:\/\/api.w.org\/{rel}","templated":true}]}}