{"id":251,"date":"2020-02-16T23:09:52","date_gmt":"2020-02-16T22:09:52","guid":{"rendered":"https:\/\/ikasougou.com\/superbb\/?post_type=product&#038;p=251"},"modified":"2020-02-16T23:09:52","modified_gmt":"2020-02-16T22:09:52","slug":"bazin-facebook-blanc-motif-rose","status":"publish","type":"product","link":"https:\/\/ikasougou.com\/superbb\/produit\/bazin-facebook-blanc-motif-rose\/","title":{"rendered":"Bazin FACEBOOK BLANC MOTIF ROSE"},"content":{"rendered":"<h1>D\u00e9couvrez en exclusivit\u00e9 ce Bazin FACEBOOK en 3metres, 4metres et 5m\u00e8tres 6m\u00e8tres id\u00e9al pour faire des tenues pour les grand \u00e9ventrements chic et classe vous ne jamais pas passer inaper\u00e7u.<\/h1>\n<p><img loading=\"lazy\" decoding=\"async\" class=\"alignnone size-medium wp-image-253\" src=\"https:\/\/ikasougou.com\/superbb\/wp-content\/uploads\/sites\/72\/2020\/02\/tf-f-14-600x400.jpg\" alt=\"\" width=\"600\" height=\"400\" srcset=\"https:\/\/ikasougou.com\/superbb\/wp-content\/uploads\/sites\/72\/2020\/02\/tf-f-14-600x400.jpg 600w, https:\/\/ikasougou.com\/superbb\/wp-content\/uploads\/sites\/72\/2020\/02\/tf-f-14-1200x800.jpg 1200w, https:\/\/ikasougou.com\/superbb\/wp-content\/uploads\/sites\/72\/2020\/02\/tf-f-14-768x512.jpg 768w, https:\/\/ikasougou.com\/superbb\/wp-content\/uploads\/sites\/72\/2020\/02\/tf-f-14-510x340.jpg 510w, https:\/\/ikasougou.com\/superbb\/wp-content\/uploads\/sites\/72\/2020\/02\/tf-f-14.jpg 1417w\" sizes=\"auto, (max-width: 600px) 100vw, 600px\" \/> <img loading=\"lazy\" decoding=\"async\" class=\"alignnone size-medium wp-image-254\" src=\"https:\/\/ikasougou.com\/superbb\/wp-content\/uploads\/sites\/72\/2020\/02\/tf-f-57-267x400.jpg\" alt=\"\" width=\"267\" height=\"400\" srcset=\"https:\/\/ikasougou.com\/superbb\/wp-content\/uploads\/sites\/72\/2020\/02\/tf-f-57-267x400.jpg 267w, https:\/\/ikasougou.com\/superbb\/wp-content\/uploads\/sites\/72\/2020\/02\/tf-f-57-533x800.jpg 533w, https:\/\/ikasougou.com\/superbb\/wp-content\/uploads\/sites\/72\/2020\/02\/tf-f-57-768x1152.jpg 768w, https:\/\/ikasougou.com\/superbb\/wp-content\/uploads\/sites\/72\/2020\/02\/tf-f-57-1024x1536.jpg 1024w, https:\/\/ikasougou.com\/superbb\/wp-content\/uploads\/sites\/72\/2020\/02\/tf-f-57-510x765.jpg 510w, https:\/\/ikasougou.com\/superbb\/wp-content\/uploads\/sites\/72\/2020\/02\/tf-f-57.jpg 1323w\" sizes=\"auto, (max-width: 267px) 100vw, 267px\" \/><\/p>\n<div style=\"display:flex; gap:10px;justify-content:center\" class=\"wps-pgfw-pdf-generate-icon__wrapper-frontend\">\n\t\t<a  href=\"https:\/\/ikasougou.com\/superbb\/wp-json\/wp\/v2\/product\/251?action=genpdf&amp;id=251\" class=\"pgfw-single-pdf-download-button\" ><img src=\"https:\/\/ikasougou.com\/superbb\/wp-content\/plugins\/pdf-generator-for-wp\/admin\/src\/images\/PDF_Tray.svg\" title=\"G\u00e9n\u00e9rer un PDF\" style=\"width:auto; height:45px;\"><\/a>\n\t\t<\/div>","protected":false},"excerpt":{"rendered":"<p>D\u00e9couvrez en exclusivit\u00e9 ce Bazin FACEBOOK en 3metres, 4metres et 5m\u00e8tres 6m\u00e8tres id\u00e9al pour faire des tenues pour les grand \u00e9ventrements chic et classe vous ne jamais pas passer inaper\u00e7u.<\/p>\n","protected":false},"featured_media":253,"comment_status":"open","ping_status":"closed","template":"","meta":[],"product_brand":[],"product_cat":[17,19,18],"product_tag":[],"class_list":{"0":"post-251","1":"product","2":"type-product","3":"status-publish","4":"has-post-thumbnail","6":"product_cat-bazin","7":"product_cat-facebook","8":"product_cat-getzner","10":"first","11":"instock","12":"shipping-taxable","13":"purchasable","14":"product-type-variable"},"ams_default_variation_id":0,"ams_product_points_reward":[],"ams_product_discount_percentage":0,"ams_price_to_display":30000,"aioseo_notices":[],"ams_acf":[],"jetpack_sharing_enabled":true,"jetpack_likes_enabled":true,"_links":{"self":[{"href":"https:\/\/ikasougou.com\/superbb\/wp-json\/wp\/v2\/product\/251","targetHints":{"allow":["GET"]}}],"collection":[{"href":"https:\/\/ikasougou.com\/superbb\/wp-json\/wp\/v2\/product"}],"about":[{"href":"https:\/\/ikasougou.com\/superbb\/wp-json\/wp\/v2\/types\/product"}],"replies":[{"embeddable":true,"href":"https:\/\/ikasougou.com\/superbb\/wp-json\/wp\/v2\/comments?post=251"}],"wp:featuredmedia":[{"embeddable":true,"href":"https:\/\/ikasougou.com\/superbb\/wp-json\/wp\/v2\/media\/253"}],"wp:attachment":[{"href":"https:\/\/ikasougou.com\/superbb\/wp-json\/wp\/v2\/media?parent=251"}],"wp:term":[{"taxonomy":"product_brand","embeddable":true,"href":"https:\/\/ikasougou.com\/superbb\/wp-json\/wp\/v2\/product_brand?post=251"},{"taxonomy":"product_cat","embeddable":true,"href":"https:\/\/ikasougou.com\/superbb\/wp-json\/wp\/v2\/product_cat?post=251"},{"taxonomy":"product_tag","embeddable":true,"href":"https:\/\/ikasougou.com\/superbb\/wp-json\/wp\/v2\/product_tag?post=251"}],"curies":[{"name":"wp","href":"https:\/\/api.w.org\/{rel}","templated":true}]}}