{"id":283,"date":"2020-02-17T00:17:31","date_gmt":"2020-02-16T23:17:31","guid":{"rendered":"https:\/\/ikasougou.com\/superbb\/?post_type=product&#038;p=283"},"modified":"2020-02-17T00:17:31","modified_gmt":"2020-02-16T23:17:31","slug":"le-metre-de-bazin-getzner-noir","status":"publish","type":"product","link":"https:\/\/ikasougou.com\/superbb\/produit\/le-metre-de-bazin-getzner-noir\/","title":{"rendered":"LE M\u00c8TRE DE BAZIN GETZNER NOIR"},"content":{"rendered":"<h1>Sublimez avec ce Bazin Riche NOIR id\u00e9al pour vos tenues de grande c\u00e9r\u00e9monies .<\/h1>\n<p><img loading=\"lazy\" decoding=\"async\" class=\"alignnone size-medium wp-image-284\" src=\"https:\/\/ikasougou.com\/superbb\/wp-content\/uploads\/sites\/72\/2020\/02\/noir-600x400.jpg\" alt=\"\" width=\"600\" height=\"400\" srcset=\"https:\/\/ikasougou.com\/superbb\/wp-content\/uploads\/sites\/72\/2020\/02\/noir-600x400.jpg 600w, https:\/\/ikasougou.com\/superbb\/wp-content\/uploads\/sites\/72\/2020\/02\/noir-1200x800.jpg 1200w, https:\/\/ikasougou.com\/superbb\/wp-content\/uploads\/sites\/72\/2020\/02\/noir-768x512.jpg 768w, https:\/\/ikasougou.com\/superbb\/wp-content\/uploads\/sites\/72\/2020\/02\/noir-510x340.jpg 510w, https:\/\/ikasougou.com\/superbb\/wp-content\/uploads\/sites\/72\/2020\/02\/noir.jpg 1417w\" sizes=\"auto, (max-width: 600px) 100vw, 600px\" \/><\/p>\n<div style=\"display:flex; gap:10px;justify-content:center\" class=\"wps-pgfw-pdf-generate-icon__wrapper-frontend\">\n\t\t<a  href=\"https:\/\/ikasougou.com\/superbb\/wp-json\/wp\/v2\/product\/283?action=genpdf&amp;id=283\" class=\"pgfw-single-pdf-download-button\" ><img src=\"https:\/\/ikasougou.com\/superbb\/wp-content\/plugins\/pdf-generator-for-wp\/admin\/src\/images\/PDF_Tray.svg\" title=\"G\u00e9n\u00e9rer un PDF\" style=\"width:auto; height:45px;\"><\/a>\n\t\t<\/div>","protected":false},"excerpt":{"rendered":"<p>Sublimez avec ce Bazin Riche NOIR id\u00e9al pour vos tenues de grande c\u00e9r\u00e9monies .<\/p>\n","protected":false},"featured_media":284,"comment_status":"open","ping_status":"closed","template":"","meta":[],"product_brand":[],"product_cat":[17,18,21],"product_tag":[],"class_list":{"0":"post-283","1":"product","2":"type-product","3":"status-publish","4":"has-post-thumbnail","6":"product_cat-bazin","7":"product_cat-getzner","8":"product_cat-unique","10":"first","11":"instock","12":"shipping-taxable","13":"purchasable","14":"product-type-simple"},"ams_default_variation_id":0,"ams_product_points_reward":[],"ams_product_discount_percentage":0,"ams_price_to_display":10000,"aioseo_notices":[],"ams_acf":[],"jetpack_sharing_enabled":true,"jetpack_likes_enabled":true,"_links":{"self":[{"href":"https:\/\/ikasougou.com\/superbb\/wp-json\/wp\/v2\/product\/283","targetHints":{"allow":["GET"]}}],"collection":[{"href":"https:\/\/ikasougou.com\/superbb\/wp-json\/wp\/v2\/product"}],"about":[{"href":"https:\/\/ikasougou.com\/superbb\/wp-json\/wp\/v2\/types\/product"}],"replies":[{"embeddable":true,"href":"https:\/\/ikasougou.com\/superbb\/wp-json\/wp\/v2\/comments?post=283"}],"wp:featuredmedia":[{"embeddable":true,"href":"https:\/\/ikasougou.com\/superbb\/wp-json\/wp\/v2\/media\/284"}],"wp:attachment":[{"href":"https:\/\/ikasougou.com\/superbb\/wp-json\/wp\/v2\/media?parent=283"}],"wp:term":[{"taxonomy":"product_brand","embeddable":true,"href":"https:\/\/ikasougou.com\/superbb\/wp-json\/wp\/v2\/product_brand?post=283"},{"taxonomy":"product_cat","embeddable":true,"href":"https:\/\/ikasougou.com\/superbb\/wp-json\/wp\/v2\/product_cat?post=283"},{"taxonomy":"product_tag","embeddable":true,"href":"https:\/\/ikasougou.com\/superbb\/wp-json\/wp\/v2\/product_tag?post=283"}],"curies":[{"name":"wp","href":"https:\/\/api.w.org\/{rel}","templated":true}]}}