{"id":305,"date":"2020-05-18T23:56:43","date_gmt":"2020-05-18T21:56:43","guid":{"rendered":"https:\/\/ikasougou.com\/superbb\/?post_type=product&#038;p=305"},"modified":"2020-05-18T23:56:43","modified_gmt":"2020-05-18T21:56:43","slug":"le-metre-de-bazin-riche-getzner-princesse-jaune-3-modeles","status":"publish","type":"product","link":"https:\/\/ikasougou.com\/superbb\/produit\/le-metre-de-bazin-riche-getzner-princesse-jaune-3-modeles\/","title":{"rendered":"Le M\u00e8tre de Bazin Riche Getzner Princesse Jaune (3 mod\u00e8les)"},"content":{"rendered":"<h1>Voici une s\u00e9lection de 3 mod\u00e8les de bazin riche getzner jaune\u00a0 est destin\u00e9 \u00e0 vous faire briller comme une princesse avec des motifs fleurie qui vous ferra briller partout .<\/h1>\n<p><img loading=\"lazy\" decoding=\"async\" class=\"alignnone size-medium wp-image-306\" src=\"https:\/\/ikasougou.com\/superbb\/wp-content\/uploads\/sites\/72\/2020\/05\/WhatsApp-Image-2020-05-18-at-20.40.29-533x400.jpeg\" alt=\"\" width=\"533\" height=\"400\" srcset=\"https:\/\/ikasougou.com\/superbb\/wp-content\/uploads\/sites\/72\/2020\/05\/WhatsApp-Image-2020-05-18-at-20.40.29-533x400.jpeg 533w, https:\/\/ikasougou.com\/superbb\/wp-content\/uploads\/sites\/72\/2020\/05\/WhatsApp-Image-2020-05-18-at-20.40.29-1067x800.jpeg 1067w, https:\/\/ikasougou.com\/superbb\/wp-content\/uploads\/sites\/72\/2020\/05\/WhatsApp-Image-2020-05-18-at-20.40.29-768x576.jpeg 768w, https:\/\/ikasougou.com\/superbb\/wp-content\/uploads\/sites\/72\/2020\/05\/WhatsApp-Image-2020-05-18-at-20.40.29-510x383.jpeg 510w, https:\/\/ikasougou.com\/superbb\/wp-content\/uploads\/sites\/72\/2020\/05\/WhatsApp-Image-2020-05-18-at-20.40.29.jpeg 1080w\" sizes=\"auto, (max-width: 533px) 100vw, 533px\" \/> <img loading=\"lazy\" decoding=\"async\" class=\"alignnone size-medium wp-image-307\" src=\"https:\/\/ikasougou.com\/superbb\/wp-content\/uploads\/sites\/72\/2020\/05\/WhatsApp-Image-2020-05-18-at-20.40.30-533x400.jpeg\" alt=\"\" width=\"533\" height=\"400\" srcset=\"https:\/\/ikasougou.com\/superbb\/wp-content\/uploads\/sites\/72\/2020\/05\/WhatsApp-Image-2020-05-18-at-20.40.30-533x400.jpeg 533w, https:\/\/ikasougou.com\/superbb\/wp-content\/uploads\/sites\/72\/2020\/05\/WhatsApp-Image-2020-05-18-at-20.40.30-1067x800.jpeg 1067w, https:\/\/ikasougou.com\/superbb\/wp-content\/uploads\/sites\/72\/2020\/05\/WhatsApp-Image-2020-05-18-at-20.40.30-768x576.jpeg 768w, https:\/\/ikasougou.com\/superbb\/wp-content\/uploads\/sites\/72\/2020\/05\/WhatsApp-Image-2020-05-18-at-20.40.30-510x383.jpeg 510w, https:\/\/ikasougou.com\/superbb\/wp-content\/uploads\/sites\/72\/2020\/05\/WhatsApp-Image-2020-05-18-at-20.40.30.jpeg 1080w\" sizes=\"auto, (max-width: 533px) 100vw, 533px\" \/> <img loading=\"lazy\" decoding=\"async\" class=\"alignnone size-medium wp-image-308\" src=\"https:\/\/ikasougou.com\/superbb\/wp-content\/uploads\/sites\/72\/2020\/05\/WhatsApp-Image-2020-05-18-at-20.40.32-2-300x400.jpeg\" alt=\"\" width=\"300\" height=\"400\" srcset=\"https:\/\/ikasougou.com\/superbb\/wp-content\/uploads\/sites\/72\/2020\/05\/WhatsApp-Image-2020-05-18-at-20.40.32-2-300x400.jpeg 300w, https:\/\/ikasougou.com\/superbb\/wp-content\/uploads\/sites\/72\/2020\/05\/WhatsApp-Image-2020-05-18-at-20.40.32-2-600x800.jpeg 600w, https:\/\/ikasougou.com\/superbb\/wp-content\/uploads\/sites\/72\/2020\/05\/WhatsApp-Image-2020-05-18-at-20.40.32-2-768x1024.jpeg 768w, https:\/\/ikasougou.com\/superbb\/wp-content\/uploads\/sites\/72\/2020\/05\/WhatsApp-Image-2020-05-18-at-20.40.32-2-510x680.jpeg 510w, https:\/\/ikasougou.com\/superbb\/wp-content\/uploads\/sites\/72\/2020\/05\/WhatsApp-Image-2020-05-18-at-20.40.32-2.jpeg 810w\" sizes=\"auto, (max-width: 300px) 100vw, 300px\" \/><\/p>\n<div style=\"display:flex; gap:10px;justify-content:center\" class=\"wps-pgfw-pdf-generate-icon__wrapper-frontend\">\n\t\t<a  href=\"https:\/\/ikasougou.com\/superbb\/wp-json\/wp\/v2\/product\/305?action=genpdf&amp;id=305\" class=\"pgfw-single-pdf-download-button\" ><img src=\"https:\/\/ikasougou.com\/superbb\/wp-content\/plugins\/pdf-generator-for-wp\/admin\/src\/images\/PDF_Tray.svg\" title=\"G\u00e9n\u00e9rer un PDF\" style=\"width:auto; height:45px;\"><\/a>\n\t\t<\/div>","protected":false},"excerpt":{"rendered":"<p>Voici une s\u00e9lection de 3 mod\u00e8les de bazin riche getzner jaune\u00a0 est destin\u00e9 \u00e0 vous faire briller comme une princesse avec des motifs fleurie qui vous ferra briller partout .<\/p>\n","protected":false},"featured_media":306,"comment_status":"open","ping_status":"closed","template":"","meta":[],"product_brand":[],"product_cat":[17,18,29],"product_tag":[],"class_list":{"0":"post-305","1":"product","2":"type-product","3":"status-publish","4":"has-post-thumbnail","6":"product_cat-bazin","7":"product_cat-getzner","8":"product_cat-princesse","10":"first","11":"instock","12":"shipping-taxable","13":"purchasable","14":"product-type-variable"},"ams_default_variation_id":0,"ams_product_points_reward":[],"ams_product_discount_percentage":0,"ams_price_to_display":15000,"aioseo_notices":[],"ams_acf":[],"jetpack_sharing_enabled":true,"jetpack_likes_enabled":true,"_links":{"self":[{"href":"https:\/\/ikasougou.com\/superbb\/wp-json\/wp\/v2\/product\/305","targetHints":{"allow":["GET"]}}],"collection":[{"href":"https:\/\/ikasougou.com\/superbb\/wp-json\/wp\/v2\/product"}],"about":[{"href":"https:\/\/ikasougou.com\/superbb\/wp-json\/wp\/v2\/types\/product"}],"replies":[{"embeddable":true,"href":"https:\/\/ikasougou.com\/superbb\/wp-json\/wp\/v2\/comments?post=305"}],"wp:featuredmedia":[{"embeddable":true,"href":"https:\/\/ikasougou.com\/superbb\/wp-json\/wp\/v2\/media\/306"}],"wp:attachment":[{"href":"https:\/\/ikasougou.com\/superbb\/wp-json\/wp\/v2\/media?parent=305"}],"wp:term":[{"taxonomy":"product_brand","embeddable":true,"href":"https:\/\/ikasougou.com\/superbb\/wp-json\/wp\/v2\/product_brand?post=305"},{"taxonomy":"product_cat","embeddable":true,"href":"https:\/\/ikasougou.com\/superbb\/wp-json\/wp\/v2\/product_cat?post=305"},{"taxonomy":"product_tag","embeddable":true,"href":"https:\/\/ikasougou.com\/superbb\/wp-json\/wp\/v2\/product_tag?post=305"}],"curies":[{"name":"wp","href":"https:\/\/api.w.org\/{rel}","templated":true}]}}