{"id":71,"date":"2020-01-15T18:07:07","date_gmt":"2020-01-15T17:07:07","guid":{"rendered":"https:\/\/ikasougou.com\/superbb\/?post_type=product&#038;p=71"},"modified":"2020-02-17T00:35:13","modified_gmt":"2020-02-16T23:35:13","slug":"bazin-motif-4","status":"publish","type":"product","link":"https:\/\/ikasougou.com\/superbb\/produit\/bazin-motif-4\/","title":{"rendered":"BAZIN MOTIF"},"content":{"rendered":"<h1>D\u00e9couvrez en exclusivit\u00e9 ce Bazin Riche Teint\u00e9 Motif VIP\u00a0 en 3metres, 4metres et 5m\u00e8tres 6m\u00e8tres id\u00e9al pour faire des tenues pour les grand \u00e9ventrements chic et classe vous ne jamais pas passer inaper\u00e7u.<\/h1>\n<p><img loading=\"lazy\" decoding=\"async\" class=\"alignnone size-medium wp-image-72\" src=\"https:\/\/ikasougou.com\/superbb\/wp-content\/uploads\/sites\/72\/2020\/01\/tf-f-6-600x400.jpg\" alt=\"\" width=\"600\" height=\"400\" srcset=\"https:\/\/ikasougou.com\/superbb\/wp-content\/uploads\/sites\/72\/2020\/01\/tf-f-6-600x400.jpg 600w, https:\/\/ikasougou.com\/superbb\/wp-content\/uploads\/sites\/72\/2020\/01\/tf-f-6-1200x800.jpg 1200w, https:\/\/ikasougou.com\/superbb\/wp-content\/uploads\/sites\/72\/2020\/01\/tf-f-6-768x512.jpg 768w, https:\/\/ikasougou.com\/superbb\/wp-content\/uploads\/sites\/72\/2020\/01\/tf-f-6-510x340.jpg 510w, https:\/\/ikasougou.com\/superbb\/wp-content\/uploads\/sites\/72\/2020\/01\/tf-f-6.jpg 1417w\" sizes=\"auto, (max-width: 600px) 100vw, 600px\" \/> <img loading=\"lazy\" decoding=\"async\" class=\"alignnone size-medium wp-image-73\" src=\"https:\/\/ikasougou.com\/superbb\/wp-content\/uploads\/sites\/72\/2020\/01\/tf-f-45-267x400.jpg\" alt=\"\" width=\"267\" height=\"400\" srcset=\"https:\/\/ikasougou.com\/superbb\/wp-content\/uploads\/sites\/72\/2020\/01\/tf-f-45-267x400.jpg 267w, https:\/\/ikasougou.com\/superbb\/wp-content\/uploads\/sites\/72\/2020\/01\/tf-f-45-533x800.jpg 533w, https:\/\/ikasougou.com\/superbb\/wp-content\/uploads\/sites\/72\/2020\/01\/tf-f-45-768x1152.jpg 768w, https:\/\/ikasougou.com\/superbb\/wp-content\/uploads\/sites\/72\/2020\/01\/tf-f-45-1024x1536.jpg 1024w, https:\/\/ikasougou.com\/superbb\/wp-content\/uploads\/sites\/72\/2020\/01\/tf-f-45-510x765.jpg 510w, https:\/\/ikasougou.com\/superbb\/wp-content\/uploads\/sites\/72\/2020\/01\/tf-f-45.jpg 1323w\" sizes=\"auto, (max-width: 267px) 100vw, 267px\" \/><\/p>\n<div style=\"display:flex; gap:10px;justify-content:center\" class=\"wps-pgfw-pdf-generate-icon__wrapper-frontend\">\n\t\t<a  href=\"https:\/\/ikasougou.com\/superbb\/wp-json\/wp\/v2\/product\/71?action=genpdf&amp;id=71\" class=\"pgfw-single-pdf-download-button\" ><img src=\"https:\/\/ikasougou.com\/superbb\/wp-content\/plugins\/pdf-generator-for-wp\/admin\/src\/images\/PDF_Tray.svg\" title=\"G\u00e9n\u00e9rer un PDF\" style=\"width:auto; height:45px;\"><\/a>\n\t\t<\/div>","protected":false},"excerpt":{"rendered":"<p>D\u00e9couvrez en exclusivit\u00e9 ce Bazin Riche Teint\u00e9 Motif VIP\u00a0 en 3metres, 4metres et 5m\u00e8tres 6m\u00e8tres id\u00e9al pour faire des tenues pour les grand \u00e9ventrements chic et classe vous ne jamais pas passer inaper\u00e7u.<\/p>\n","protected":false},"featured_media":72,"comment_status":"open","ping_status":"closed","template":"","meta":[],"product_brand":[],"product_cat":[17,18,20,24],"product_tag":[],"class_list":{"0":"post-71","1":"product","2":"type-product","3":"status-publish","4":"has-post-thumbnail","6":"product_cat-bazin","7":"product_cat-getzner","8":"product_cat-motif","9":"product_cat-teinte","11":"first","12":"instock","13":"shipping-taxable","14":"purchasable","15":"product-type-variable"},"ams_default_variation_id":0,"ams_product_points_reward":[],"ams_product_discount_percentage":0,"ams_price_to_display":30000,"aioseo_notices":[],"ams_acf":[],"jetpack_sharing_enabled":true,"jetpack_likes_enabled":true,"_links":{"self":[{"href":"https:\/\/ikasougou.com\/superbb\/wp-json\/wp\/v2\/product\/71","targetHints":{"allow":["GET"]}}],"collection":[{"href":"https:\/\/ikasougou.com\/superbb\/wp-json\/wp\/v2\/product"}],"about":[{"href":"https:\/\/ikasougou.com\/superbb\/wp-json\/wp\/v2\/types\/product"}],"replies":[{"embeddable":true,"href":"https:\/\/ikasougou.com\/superbb\/wp-json\/wp\/v2\/comments?post=71"}],"wp:featuredmedia":[{"embeddable":true,"href":"https:\/\/ikasougou.com\/superbb\/wp-json\/wp\/v2\/media\/72"}],"wp:attachment":[{"href":"https:\/\/ikasougou.com\/superbb\/wp-json\/wp\/v2\/media?parent=71"}],"wp:term":[{"taxonomy":"product_brand","embeddable":true,"href":"https:\/\/ikasougou.com\/superbb\/wp-json\/wp\/v2\/product_brand?post=71"},{"taxonomy":"product_cat","embeddable":true,"href":"https:\/\/ikasougou.com\/superbb\/wp-json\/wp\/v2\/product_cat?post=71"},{"taxonomy":"product_tag","embeddable":true,"href":"https:\/\/ikasougou.com\/superbb\/wp-json\/wp\/v2\/product_tag?post=71"}],"curies":[{"name":"wp","href":"https:\/\/api.w.org\/{rel}","templated":true}]}}