{"id":132,"date":"2021-06-16T18:44:16","date_gmt":"2021-06-16T16:44:16","guid":{"rendered":"https:\/\/ikasougou.com\/supermarchekane\/?post_type=product&#038;p=132"},"modified":"2021-06-16T18:44:17","modified_gmt":"2021-06-16T16:44:17","slug":"pressea-nectar-de-goyave-1l","status":"publish","type":"product","link":"https:\/\/ikasougou.com\/supermarchekane\/produit\/pressea-nectar-de-goyave-1l\/","title":{"rendered":"Pressea &#8211; Nectar de Goyave 1L"},"content":{"rendered":"<p>Gr\u00e2ce \u00e0 un proc\u00e9d\u00e9 unique de pasteurisation et \u00e0 leurs emballages Tetra Pak, les jus Pr\u00e9ss\u00e9a pr\u00e9servent toutes les qualit\u00e9s originelles des fruits\u00a0: vitamines, \u00e9nergie, nutriments essentiels et une saveur comparable \u00e0 celle d\u2019un vrai fruit \u00ab\u00a0press\u00e9\u00a0\u00bb\u00a0!<\/p>\n<div style=\"display:flex; gap:10px;justify-content:center\" class=\"wps-pgfw-pdf-generate-icon__wrapper-frontend\">\n\t\t<a  href=\"https:\/\/ikasougou.com\/supermarchekane\/wp-json\/wp\/v2\/product\/132?action=genpdf&amp;id=132\" class=\"pgfw-single-pdf-download-button\" ><img src=\"https:\/\/ikasougou.com\/supermarchekane\/wp-content\/plugins\/pdf-generator-for-wp\/admin\/src\/images\/PDF_Tray.svg\" title=\"G\u00e9n\u00e9rer un PDF\" style=\"width:auto; height:45px;\"><\/a>\n\t\t<\/div>","protected":false},"excerpt":{"rendered":"<p>Gr\u00e2ce \u00e0 un proc\u00e9d\u00e9 unique de pasteurisation et \u00e0 leurs emballages Tetra Pak, les jus Pr\u00e9ss\u00e9a pr\u00e9servent toutes les qualit\u00e9s originelles des fruits\u00a0: vitamines, \u00e9nergie, nutriments essentiels et une saveur comparable \u00e0 celle d\u2019un vrai fruit \u00ab\u00a0press\u00e9\u00a0\u00bb\u00a0!<\/p>\n","protected":false},"featured_media":133,"comment_status":"open","ping_status":"closed","template":"","meta":[],"product_brand":[],"product_cat":[16,20,74],"product_tag":[30,41,31,95,94,49],"class_list":{"0":"post-132","1":"product","2":"type-product","3":"status-publish","4":"has-post-thumbnail","6":"product_cat-alimentaires","7":"product_cat-boissons","8":"product_cat-fruits-legumes","9":"product_tag-bamako","10":"product_tag-ikasougou","11":"product_tag-mali","12":"product_tag-nectar-de-goyave","13":"product_tag-pressea","14":"product_tag-supermarchekane","16":"first","17":"instock","18":"shipping-taxable","19":"purchasable","20":"product-type-simple"},"ams_default_variation_id":0,"ams_product_points_reward":[],"ams_product_discount_percentage":0,"ams_price_to_display":1000,"aioseo_notices":[],"ams_acf":[],"_links":{"self":[{"href":"https:\/\/ikasougou.com\/supermarchekane\/wp-json\/wp\/v2\/product\/132","targetHints":{"allow":["GET"]}}],"collection":[{"href":"https:\/\/ikasougou.com\/supermarchekane\/wp-json\/wp\/v2\/product"}],"about":[{"href":"https:\/\/ikasougou.com\/supermarchekane\/wp-json\/wp\/v2\/types\/product"}],"replies":[{"embeddable":true,"href":"https:\/\/ikasougou.com\/supermarchekane\/wp-json\/wp\/v2\/comments?post=132"}],"wp:featuredmedia":[{"embeddable":true,"href":"https:\/\/ikasougou.com\/supermarchekane\/wp-json\/wp\/v2\/media\/133"}],"wp:attachment":[{"href":"https:\/\/ikasougou.com\/supermarchekane\/wp-json\/wp\/v2\/media?parent=132"}],"wp:term":[{"taxonomy":"product_brand","embeddable":true,"href":"https:\/\/ikasougou.com\/supermarchekane\/wp-json\/wp\/v2\/product_brand?post=132"},{"taxonomy":"product_cat","embeddable":true,"href":"https:\/\/ikasougou.com\/supermarchekane\/wp-json\/wp\/v2\/product_cat?post=132"},{"taxonomy":"product_tag","embeddable":true,"href":"https:\/\/ikasougou.com\/supermarchekane\/wp-json\/wp\/v2\/product_tag?post=132"}],"curies":[{"name":"wp","href":"https:\/\/api.w.org\/{rel}","templated":true}]}}