{"id":190,"date":"2022-05-31T19:17:54","date_gmt":"2022-05-31T17:17:54","guid":{"rendered":"https:\/\/ikasougou.com\/supermarchekane\/?post_type=product&#038;p=190"},"modified":"2022-05-31T19:17:54","modified_gmt":"2022-05-31T17:17:54","slug":"charbon-chicha-al-fakher-x-10","status":"publish","type":"product","link":"https:\/\/ikasougou.com\/supermarchekane\/produit\/charbon-chicha-al-fakher-x-10\/","title":{"rendered":"Charbon chicha Al Fakher x 10"},"content":{"rendered":"<section class=\"m-t-60 product_description\">\n<div class=\"container\">\n<div>\n<p>Le\u00a0<a href=\"https:\/\/www.smoking.fr\/chicha-charbon-chicha-c-23_268.html\"><strong>charbon \u00e0 chicha<\/strong><\/a>\u00a0Al Fakher est un charbon auto allumant \u00e0 allumage rapide. Pr\u00e9sent\u00e9 sous forme de disque et de 33 mm de diam\u00e8tre, ce charbon s\u2019utilise de fa\u00e7on traditionnelle sur une feuille d\u2019aluminium. Propos\u00e9 ici en 10 rouleaux de 10 charbons.<\/p>\n<div class=\"h2\">MATI\u00c8RE<\/div>\n<p>Charbon<\/p>\n<div class=\"h2\">Contenu<\/div>\n<p>10 x 1 rouleau de 10 charbons<\/p>\n<div class=\"h2\">Sp\u00e9cificit\u00e9s<\/div>\n<ul>\n<li>Naturel<\/li>\n<li>\u00c0 allumage facile et rapide<\/li>\n<li>Haute qualit\u00e9<\/li>\n<\/ul>\n<div class=\"h2\">Dimensions<\/div>\n<p>Diam\u00e8tre (cm)<br \/>\n3.3 cm<\/p><\/div>\n<\/div>\n<\/section>\n<div id=\"extrafields\"><\/div>\n<section class=\"m-t-60\">\n<div class=\"container\">\n<h2 class=\"section_title\">Caract\u00e9ristiques pour Charbon chicha Al Fakher x 10<\/h2>\n<div>\n<table class=\"table table-bordered extrafields\">\n<tbody>\n<tr>\n<th>Ref.<\/th>\n<td>PID 22788<\/td>\n<\/tr>\n<tr>\n<th>Style<\/th>\n<td>Auto allumant<\/td>\n<\/tr>\n<tr>\n<th>Puissance de chauffe<\/th>\n<td>Standard<\/td>\n<\/tr>\n<\/tbody>\n<\/table>\n<\/div>\n<\/div>\n<\/section>\n<div style=\"display:flex; gap:10px;justify-content:center\" class=\"wps-pgfw-pdf-generate-icon__wrapper-frontend\">\n\t\t<a  href=\"https:\/\/ikasougou.com\/supermarchekane\/wp-json\/wp\/v2\/product\/190?action=genpdf&amp;id=190\" class=\"pgfw-single-pdf-download-button\" ><img src=\"https:\/\/ikasougou.com\/supermarchekane\/wp-content\/plugins\/pdf-generator-for-wp\/admin\/src\/images\/PDF_Tray.svg\" title=\"G\u00e9n\u00e9rer un PDF\" style=\"width:auto; height:45px;\"><\/a>\n\t\t<\/div>","protected":false},"excerpt":{"rendered":"<p>Le charbon \u00e0 chicha Al Fakher est un charbon auto allumant \u00e0 allumage rapide. Pr\u00e9sent\u00e9 sous forme de disque et de 33 mm de diam\u00e8tre, ce charbon &#8230;<\/p>\n","protected":false},"featured_media":192,"comment_status":"open","ping_status":"closed","template":"","meta":[],"product_brand":[],"product_cat":[44],"product_tag":[30,118,119,120,121,122,31,123],"class_list":{"0":"post-190","1":"product","2":"type-product","3":"status-publish","4":"has-post-thumbnail","6":"product_cat-maison","7":"product_tag-bamako","8":"product_tag-charbon-chicha-al-fakher-x-10","9":"product_tag-chicha","10":"product_tag-disque-et-de-33-mm","11":"product_tag-encens-arabe","12":"product_tag-encens-femme","13":"product_tag-mali","14":"product_tag-parfum","16":"first","17":"instock","18":"shipping-taxable","19":"purchasable","20":"product-type-simple"},"ams_default_variation_id":0,"ams_product_points_reward":[],"ams_product_discount_percentage":0,"ams_price_to_display":6000,"aioseo_notices":[],"ams_acf":[],"_links":{"self":[{"href":"https:\/\/ikasougou.com\/supermarchekane\/wp-json\/wp\/v2\/product\/190","targetHints":{"allow":["GET"]}}],"collection":[{"href":"https:\/\/ikasougou.com\/supermarchekane\/wp-json\/wp\/v2\/product"}],"about":[{"href":"https:\/\/ikasougou.com\/supermarchekane\/wp-json\/wp\/v2\/types\/product"}],"replies":[{"embeddable":true,"href":"https:\/\/ikasougou.com\/supermarchekane\/wp-json\/wp\/v2\/comments?post=190"}],"wp:featuredmedia":[{"embeddable":true,"href":"https:\/\/ikasougou.com\/supermarchekane\/wp-json\/wp\/v2\/media\/192"}],"wp:attachment":[{"href":"https:\/\/ikasougou.com\/supermarchekane\/wp-json\/wp\/v2\/media?parent=190"}],"wp:term":[{"taxonomy":"product_brand","embeddable":true,"href":"https:\/\/ikasougou.com\/supermarchekane\/wp-json\/wp\/v2\/product_brand?post=190"},{"taxonomy":"product_cat","embeddable":true,"href":"https:\/\/ikasougou.com\/supermarchekane\/wp-json\/wp\/v2\/product_cat?post=190"},{"taxonomy":"product_tag","embeddable":true,"href":"https:\/\/ikasougou.com\/supermarchekane\/wp-json\/wp\/v2\/product_tag?post=190"}],"curies":[{"name":"wp","href":"https:\/\/api.w.org\/{rel}","templated":true}]}}