{"id":53,"date":"2021-06-11T21:49:11","date_gmt":"2021-06-11T19:49:11","guid":{"rendered":"https:\/\/ikasougou.com\/supermarchekane\/sample-product\/nutella-a-tartiner-750g\/"},"modified":"2021-06-11T21:49:15","modified_gmt":"2021-06-11T19:49:15","slug":"nutella-a-tartiner-750g","status":"publish","type":"product","link":"https:\/\/ikasougou.com\/supermarchekane\/produit\/nutella-a-tartiner-750g\/","title":{"rendered":"Nutella \u00e0 tartiner 750g"},"content":{"rendered":"<div class=\"product-description__feature-wrapper\">\n<div>\n<div class=\"product-description__feature-group-wrapper\">\n<h1 class=\"product-description__feature-values\"><span class=\"product-description__feature-value\">Nutella, c\u2019est une p\u00e2te \u00e0 tartiner onctueuse, au go\u00fbt unique de cacao et de noisettes. Le secret de son go\u00fbt inimitable ? Seulement 7 ingr\u00e9dients de qualit\u00e9, soigneusement s\u00e9lectionn\u00e9s, et un savoir-faire de plus de 50 ans !<\/span><\/h1>\n<p><img loading=\"lazy\" decoding=\"async\" class=\"alignnone size-medium wp-image-54\" src=\"https:\/\/ikasougou.com\/supermarchekane\/wp-content\/uploads\/sites\/89\/2021\/06\/22452-01-300x300.jpg\" alt=\"\" width=\"300\" height=\"300\" \/><\/p>\n<\/div>\n<\/div>\n<\/div>\n<ul class=\"a-unordered-list a-vertical a-spacing-mini\">\n<li>\n<h1><span class=\"a-list-item\">P\u00e2te \u00e0 tartiner \u00e0 la noisette et au cacao,<\/span><\/h1>\n<\/li>\n<li>\n<h1><span class=\"a-list-item\">Commencez votre journ\u00e9e avec Nutella,<\/span><\/h1>\n<\/li>\n<li>\n<h1><span class=\"a-list-item\">Savourez votre petit d\u00e9jeuner avec le go\u00fbt d\u00e9licieux et unique de Nutella,<\/span><\/h1>\n<\/li>\n<li>\n<h1><span class=\"a-list-item\">Convient aux v\u00e9g\u00e9tariens<\/span><\/h1>\n<\/li>\n<\/ul>\n<div class=\"product-description__feature-wrapper\">\n<h1 class=\"product-description__feature-group-wrapper\"><span class=\"product-description__feature-label\">Avantages consommateur<\/span><\/h1>\n<div class=\"product-description__feature-values\"><span class=\"product-description__feature-value\">Nutella, c\u2019est une p\u00e2te \u00e0 tartiner onctueuse, au go\u00fbt unique de cacao et de noisettes. Le secret de son go\u00fbt inimitable ? Seulement 7 ingr\u00e9dients de qualit\u00e9, soigneusement s\u00e9lectionn\u00e9s, et un savoir-faire de plus de 50 ans !Sur votre tartine de pain, au petit-d\u00e9jeuner, au go\u00fbter ou comme ingr\u00e9dient pour vos recettes, Nutella saura ravir petits et grands en toute occasion !<\/span><\/div>\n<div><img loading=\"lazy\" decoding=\"async\" class=\"alignnone size-medium wp-image-55\" src=\"https:\/\/ikasougou.com\/supermarchekane\/wp-content\/uploads\/sites\/89\/2021\/06\/61ZYlkkkI1L._AC_SL1000_-231x300.jpg\" alt=\"\" width=\"231\" height=\"300\" \/><\/div>\n<h1 class=\"product-description__feature-group-wrapper\"><\/h1>\n<div class=\"product-description__feature-values\"><span class=\"product-description__feature-value\">Vous \u00eates nombreux \u00e0 appr\u00e9cier le go\u00fbt unique du Nutella sur une tranche de pain mais il existe aussi beaucoup d\u2019autres recettes originales \u00e0 essayer ! Pourquoi ne pas laisser place \u00e0 votre cr\u00e9ativit\u00e9 et tenter l\u2019exp\u00e9rience avec Nutella ? Essayez quelque chose de nouveau pour r\u00e9veiller votre enthousiasme !<\/span><\/div>\n<\/div>\n<div class=\"product-description__feature--single\">\n<h5 class=\"product-description__feature-title\">Ingr\u00e9dients<\/h5>\n<div class=\"product-description__feature-values\"><span class=\"product-description__feature-value\">sucre, huile de palme, NOISETTES 13%, LAIT \u00e9cr\u00e9m\u00e9 en poudre 8,7%, cacao maigre7,4%, \u00e9mulsifiants : l\u00e9cithines [ SOJA ] vanilline<\/span><\/div>\n<\/div>\n<div class=\"product-description__feature--single\">\n<h5 class=\"product-description__feature-title\">D\u00e9nomination l\u00e9gale de vente<\/h5>\n<div class=\"product-description__feature-values\"><span class=\"product-description__feature-value\">NUTELLA : P\u00e2te \u00e0 tartiner aux noisettes<\/span><\/div>\n<\/div>\n<div class=\"product-description__feature-wrapper\">\n<div class=\"product-description__feature--single\">\n<h1 class=\"product-description__feature-title\">Conditions particuli\u00e8res de conservation<\/h1>\n<h1 class=\"product-description__feature-values\"><span class=\"product-description__feature-value\">A conserver au sec et \u00e0 l\u2019abri de la chaleur. Ne pas mettre au r\u00e9frig\u00e9rateur.<\/span><\/h1>\n<\/div>\n<\/div>\n<div style=\"display:flex; gap:10px;justify-content:center\" class=\"wps-pgfw-pdf-generate-icon__wrapper-frontend\">\n\t\t<a  href=\"https:\/\/ikasougou.com\/supermarchekane\/wp-json\/wp\/v2\/product\/53?action=genpdf&amp;id=53\" class=\"pgfw-single-pdf-download-button\" ><img src=\"https:\/\/ikasougou.com\/supermarchekane\/wp-content\/plugins\/pdf-generator-for-wp\/admin\/src\/images\/PDF_Tray.svg\" title=\"G\u00e9n\u00e9rer un PDF\" style=\"width:auto; height:45px;\"><\/a>\n\t\t<\/div>","protected":false},"excerpt":{"rendered":"<p>Nutella, c\u2019est une p\u00e2te \u00e0 tartiner onctueuse, au go\u00fbt unique de cacao et de noisettes. Le secret de son go\u00fbt inimitable ? Seulement 7 ingr\u00e9dients de qualit\u00e9, soigneusement s\u00e9lectionn\u00e9s, et un savoir-faire de plus de 50 ans ! P\u00e2te \u00e0 tartiner \u00e0 la noisette et au cacao, Commencez votre journ\u00e9e avec Nutella, Savourez votre petit [&#8230;]\n","protected":false},"featured_media":54,"comment_status":"open","ping_status":"closed","template":"","meta":[],"product_brand":[],"product_cat":[16],"product_tag":[33,34,35,39,36,38],"class_list":{"0":"post-53","1":"product","2":"type-product","3":"status-publish","4":"has-post-thumbnail","6":"product_cat-alimentaires","7":"product_tag-cacao","8":"product_tag-chocolat","9":"product_tag-gout-delicieux","10":"product_tag-noisettes","11":"product_tag-nutella","12":"product_tag-pate-a-tartiner","14":"first","15":"instock","16":"sale","17":"shipping-taxable","18":"purchasable","19":"product-type-simple"},"ams_default_variation_id":0,"ams_product_points_reward":[],"ams_product_discount_percentage":10,"ams_price_to_display":4500,"aioseo_notices":[],"ams_acf":[],"_links":{"self":[{"href":"https:\/\/ikasougou.com\/supermarchekane\/wp-json\/wp\/v2\/product\/53","targetHints":{"allow":["GET"]}}],"collection":[{"href":"https:\/\/ikasougou.com\/supermarchekane\/wp-json\/wp\/v2\/product"}],"about":[{"href":"https:\/\/ikasougou.com\/supermarchekane\/wp-json\/wp\/v2\/types\/product"}],"replies":[{"embeddable":true,"href":"https:\/\/ikasougou.com\/supermarchekane\/wp-json\/wp\/v2\/comments?post=53"}],"wp:featuredmedia":[{"embeddable":true,"href":"https:\/\/ikasougou.com\/supermarchekane\/wp-json\/wp\/v2\/media\/54"}],"wp:attachment":[{"href":"https:\/\/ikasougou.com\/supermarchekane\/wp-json\/wp\/v2\/media?parent=53"}],"wp:term":[{"taxonomy":"product_brand","embeddable":true,"href":"https:\/\/ikasougou.com\/supermarchekane\/wp-json\/wp\/v2\/product_brand?post=53"},{"taxonomy":"product_cat","embeddable":true,"href":"https:\/\/ikasougou.com\/supermarchekane\/wp-json\/wp\/v2\/product_cat?post=53"},{"taxonomy":"product_tag","embeddable":true,"href":"https:\/\/ikasougou.com\/supermarchekane\/wp-json\/wp\/v2\/product_tag?post=53"}],"curies":[{"name":"wp","href":"https:\/\/api.w.org\/{rel}","templated":true}]}}