{"id":202,"date":"2022-11-24T14:05:03","date_gmt":"2022-11-24T13:05:03","guid":{"rendered":"https:\/\/ikasougou.com\/tvsmotors\/?post_type=product&#038;p=202"},"modified":"2022-12-14T17:39:34","modified_gmt":"2022-12-14T16:39:34","slug":"casque-motocross-vert","status":"publish","type":"product","link":"https:\/\/ikasougou.com\/tvsmotors\/produit\/casque-motocross-vert\/","title":{"rendered":"Casque Motocross Vert"},"content":{"rendered":"<p>Casque de moto, pour moto cross, id\u00e9ale pour les randonn\u00e9es, courses et tout terrain. Sa coque en plastique ABS est l\u00e9g\u00e8re et r\u00e9sistante aux chocs. La doublure de rembourrage est douce, confortable, hypoallerg\u00e9nique, enti\u00e8rement amovible et lavable. Port pour les yeux Ultra large convient \u00e0 la plupart des grandes marques de lunettes. Boucle de s\u00e9curit\u00e9 \u00e0 d\u00e9gagement rapide pour un ajustement s\u00fbr qui restera sur votre t\u00eate.<\/p>\n<div style=\"display:flex; gap:10px;justify-content:center\" class=\"wps-pgfw-pdf-generate-icon__wrapper-frontend\">\n\t\t<a  href=\"https:\/\/ikasougou.com\/tvsmotors\/wp-json\/wp\/v2\/product\/202?action=genpdf&amp;id=202\" class=\"pgfw-single-pdf-download-button\" ><img src=\"https:\/\/ikasougou.com\/tvsmotors\/wp-content\/plugins\/pdf-generator-for-wp\/admin\/src\/images\/PDF_Tray.svg\" title=\"G\u00e9n\u00e9rer un PDF\" style=\"width:auto; height:45px;\"><\/a>\n\t\t<\/div>","protected":false},"excerpt":{"rendered":"<p>Casque de moto, pour moto cross, id\u00e9ale pour les randonn\u00e9es, courses et tout terrain. Sa coque en plastique ABS est l\u00e9g\u00e8re et r\u00e9sistante aux chocs. La doublure de rembourrage est douce, confortable, hypoallerg\u00e9nique, enti\u00e8rement amovible et lavable. Port pour les yeux Ultra large convient \u00e0 la plupart des grandes marques de lunettes. Boucle de s\u00e9curit\u00e9 [&#8230;]\n","protected":false},"featured_media":285,"comment_status":"open","ping_status":"closed","template":"","meta":[],"product_brand":[],"product_cat":[17],"product_tag":[22,26,25,21,23,19,20],"class_list":{"0":"post-202","1":"product","2":"type-product","3":"status-publish","4":"has-post-thumbnail","6":"product_cat-casquemotos","7":"product_tag-bamako","8":"product_tag-bestcasquetvs","9":"product_tag-casque-motocross","10":"product_tag-indienne","11":"product_tag-mali","12":"product_tag-moto","13":"product_tag-tvs","15":"first","16":"instock","17":"shipping-taxable","18":"purchasable","19":"product-type-simple"},"ams_default_variation_id":0,"ams_product_points_reward":[],"ams_product_discount_percentage":0,"ams_price_to_display":25000,"aioseo_notices":[],"ams_acf":[],"jetpack-related-posts":[],"jetpack_sharing_enabled":true,"_links":{"self":[{"href":"https:\/\/ikasougou.com\/tvsmotors\/wp-json\/wp\/v2\/product\/202","targetHints":{"allow":["GET"]}}],"collection":[{"href":"https:\/\/ikasougou.com\/tvsmotors\/wp-json\/wp\/v2\/product"}],"about":[{"href":"https:\/\/ikasougou.com\/tvsmotors\/wp-json\/wp\/v2\/types\/product"}],"replies":[{"embeddable":true,"href":"https:\/\/ikasougou.com\/tvsmotors\/wp-json\/wp\/v2\/comments?post=202"}],"wp:featuredmedia":[{"embeddable":true,"href":"https:\/\/ikasougou.com\/tvsmotors\/wp-json\/wp\/v2\/media\/285"}],"wp:attachment":[{"href":"https:\/\/ikasougou.com\/tvsmotors\/wp-json\/wp\/v2\/media?parent=202"}],"wp:term":[{"taxonomy":"product_brand","embeddable":true,"href":"https:\/\/ikasougou.com\/tvsmotors\/wp-json\/wp\/v2\/product_brand?post=202"},{"taxonomy":"product_cat","embeddable":true,"href":"https:\/\/ikasougou.com\/tvsmotors\/wp-json\/wp\/v2\/product_cat?post=202"},{"taxonomy":"product_tag","embeddable":true,"href":"https:\/\/ikasougou.com\/tvsmotors\/wp-json\/wp\/v2\/product_tag?post=202"}],"curies":[{"name":"wp","href":"https:\/\/api.w.org\/{rel}","templated":true}]}}