{"id":28,"date":"2022-11-01T16:40:50","date_gmt":"2022-11-01T15:40:50","guid":{"rendered":"https:\/\/ikasougou.com\/tvsmotor\/?post_type=product&#038;p=28"},"modified":"2025-08-09T18:21:53","modified_gmt":"2025-08-09T16:21:53","slug":"moto-tvs-star-hlx-125","status":"publish","type":"product","link":"https:\/\/ikasougou.com\/tvsmotors\/produit\/moto-tvs-star-hlx-125\/","title":{"rendered":"MOTO TVS STAR HLX 125"},"content":{"rendered":"<h4>CH\u00c2SSIS : Type de cardan Tubulaire<\/h4>\n<h1>SUSPENSION Avant T\u00e9lescopique Arri\u00e8re Amortisseur arri\u00e8re<\/h1>\n<h1>DIMENSION DU FREIN : Avant 130 mm \u2013 Tambour de freinage . Arri\u00e8re :130 mm \u2013 Tambour de freinage<\/h1>\n<div class=\"inn_tech_Spec\">\n<div class=\"tc_row\">\n<div class=\"clear_both\"><img data-recalc-dims=\"1\" loading=\"lazy\" decoding=\"async\" class=\"alignnone size-medium wp-image-331\" src=\"https:\/\/i0.wp.com\/ikasougou.com\/tvsmotors\/wp-content\/uploads\/sites\/112\/2022\/11\/Capture-decran-2022-12-03-a-13.02.38.png?resize=300%2C143&#038;ssl=1\" alt=\"\" width=\"300\" height=\"143\" srcset=\"https:\/\/i0.wp.com\/ikasougou.com\/tvsmotors\/wp-content\/uploads\/sites\/112\/2022\/11\/Capture-decran-2022-12-03-a-13.02.38.png?resize=300%2C143&amp;ssl=1 300w, https:\/\/i0.wp.com\/ikasougou.com\/tvsmotors\/wp-content\/uploads\/sites\/112\/2022\/11\/Capture-decran-2022-12-03-a-13.02.38.png?resize=1024%2C489&amp;ssl=1 1024w, https:\/\/i0.wp.com\/ikasougou.com\/tvsmotors\/wp-content\/uploads\/sites\/112\/2022\/11\/Capture-decran-2022-12-03-a-13.02.38.png?resize=768%2C367&amp;ssl=1 768w, https:\/\/i0.wp.com\/ikasougou.com\/tvsmotors\/wp-content\/uploads\/sites\/112\/2022\/11\/Capture-decran-2022-12-03-a-13.02.38.png?w=1142&amp;ssl=1 1142w\" sizes=\"auto, (max-width: 300px) 100vw, 300px\" \/><\/div>\n<\/div>\n<\/div>\n<h1>PNEUS : Avant 2.75 X 17 Arri\u00e8re 90\/90 X 17 : Capacit\u00e9 du r\u00e9servoir : <span style=\"font-size: 14.4px;\">10.5 Lit\u00a0 <\/span><\/h1>\n<h1>La capacit\u00e9 de r\u00e9serve :\u00a0<span style=\"font-size: 14.4px;\">2 ltrs<\/span><\/h1>\n<div class=\"inn_tech_Spec\">\n<div class=\"tc_row\">\n<div class=\"clear_both\"><\/div>\n<\/div>\n<\/div>\n<h1>DIMENSIONS<\/h1>\n<div class=\"inn_tech_Spec\">\n<div class=\"tc_row\">\n<div class=\"tc_rowL\">Longueur : 2000 mm\u00a0<span style=\"font-size: 14.4px;\">Largeur\u00a0 <\/span><span style=\"font-size: 14.4px;\">745 mm. <\/span><span style=\"font-size: 14.4px;\">Hauteur <\/span><span style=\"font-size: 14.4px;\">1030 mm <\/span><span style=\"font-size: 14.4px;\">Volant. <\/span><span style=\"font-size: 14.4px;\">1260 mm. <\/span><span style=\"font-size: 14.4px;\">Distance avec le sol\u00a0 <\/span><span style=\"font-size: 14.4px;\">180 mm<\/span><\/div>\n<\/div>\n<div class=\"tc_row\">\n<div class=\"clear_both\"><span style=\"font-size: 25.92px;\">POIDS : <\/span><span style=\"font-size: 14.4px;\">Poids du kerb. 115 Kg.\u00a0<\/span><span style=\"font-size: 14.4px;\">MOTEUR ET TRANSMISSION. <\/span><span style=\"font-size: 14.4px;\">Type. <\/span><span style=\"font-size: 14.4px;\">Quatre temps, Refroidissement naturel par air\u00a0 <\/span><span style=\"font-size: 14.4px;\">D\u00e9placement du moteur <\/span><span style=\"font-size: 14.4px;\">124.53 cc <\/span><span style=\"font-size: 14.4px;\">Puissance max 8.1 kw @ 8000 tpm\u00a0\u00a0<\/span><span style=\"font-size: 14.4px;\">Couple max <\/span><span style=\"font-size: 14.4px;\">10.8 Nm@ 5500 tpm<\/span><\/div>\n<\/div>\n<\/div>\n<div class=\"inn_tech_Spec\">\n<div class=\"tc_row\">\n<div class=\"tc_rowL\"><span style=\"font-size: 25.92px;\">ELECTRIQUE : <\/span><span style=\"font-size: 14.4px;\">Syst\u00e8me :\u00a0<\/span><span style=\"font-size: 14.4px;\">12V (AC\/DC)<\/span><\/div>\n<\/div>\n<\/div>\n<h1>DEMARRAGE : Syst\u00e8me de d\u00e9marrage TCI Carburant L&#8217;essence sans plomb, 87 RON minimum. D\u00e9part\u00a0 D\u00e9marrage Electrique et Kick Start<\/h1>\n<h1>EMBRAYAGE ET TRANSMISSION : Embrayage Mouill\u00e9, Type disque multiple Transmission 4 vitesses, Prise constante<\/h1>\n<div class=\"inn_tech_Spec\">\n<div class=\"tc_row\">\n<div class=\"clear_both\"><\/div>\n<\/div>\n<\/div>\n<div class=\"tech_spec\">\n<h4>HUILE RECOMMAND\u00c9E Huile de lubrification SAE 20W50, JASO MA \/ MA2, API SG ou de grade sup\u00e9rieur<\/h4>\n<\/div>\n<div style=\"display:flex; gap:10px;justify-content:center\" class=\"wps-pgfw-pdf-generate-icon__wrapper-frontend\">\n\t\t<a  href=\"https:\/\/ikasougou.com\/tvsmotors\/wp-json\/wp\/v2\/product\/28?action=genpdf&amp;id=28\" class=\"pgfw-single-pdf-download-button\" ><img src=\"https:\/\/ikasougou.com\/tvsmotors\/wp-content\/plugins\/pdf-generator-for-wp\/admin\/src\/images\/PDF_Tray.svg\" title=\"G\u00e9n\u00e9rer un PDF\" style=\"width:auto; height:45px;\"><\/a>\n\t\t<\/div>","protected":false},"excerpt":{"rendered":"<p>CH\u00c2SSIS : Type de cardan Tubulaire SUSPENSION Avant T\u00e9lescopique Arri\u00e8re Amortisseur arri\u00e8re DIMENSION DU FREIN : Avant 130 mm \u2013 Tambour de freinage . Arri\u00e8re :130 mm \u2013 Tambour de freinage PNEUS : Avant 2.75 X 17 Arri\u00e8re 90\/90 X 17 : Capacit\u00e9 du r\u00e9servoir : 10.5 Lit\u00a0 La capacit\u00e9 de r\u00e9serve :\u00a02 ltrs DIMENSIONS [&#8230;]\n","protected":false},"featured_media":121,"comment_status":"open","ping_status":"closed","template":"","meta":[],"product_brand":[],"product_cat":[60,16],"product_tag":[22,27,23,19,20],"class_list":{"0":"post-28","1":"product","2":"type-product","3":"status-publish","4":"has-post-thumbnail","6":"product_cat-hlx","7":"product_cat-motostvs","8":"product_tag-bamako","9":"product_tag-bestmototvs","10":"product_tag-mali","11":"product_tag-moto","12":"product_tag-tvs","14":"first","15":"instock","16":"shipping-taxable","17":"purchasable","18":"product-type-simple"},"ams_default_variation_id":0,"ams_product_points_reward":[],"ams_product_discount_percentage":0,"ams_price_to_display":600000,"aioseo_notices":[],"ams_acf":[],"jetpack-related-posts":[],"jetpack_sharing_enabled":true,"_links":{"self":[{"href":"https:\/\/ikasougou.com\/tvsmotors\/wp-json\/wp\/v2\/product\/28","targetHints":{"allow":["GET"]}}],"collection":[{"href":"https:\/\/ikasougou.com\/tvsmotors\/wp-json\/wp\/v2\/product"}],"about":[{"href":"https:\/\/ikasougou.com\/tvsmotors\/wp-json\/wp\/v2\/types\/product"}],"replies":[{"embeddable":true,"href":"https:\/\/ikasougou.com\/tvsmotors\/wp-json\/wp\/v2\/comments?post=28"}],"wp:featuredmedia":[{"embeddable":true,"href":"https:\/\/ikasougou.com\/tvsmotors\/wp-json\/wp\/v2\/media\/121"}],"wp:attachment":[{"href":"https:\/\/ikasougou.com\/tvsmotors\/wp-json\/wp\/v2\/media?parent=28"}],"wp:term":[{"taxonomy":"product_brand","embeddable":true,"href":"https:\/\/ikasougou.com\/tvsmotors\/wp-json\/wp\/v2\/product_brand?post=28"},{"taxonomy":"product_cat","embeddable":true,"href":"https:\/\/ikasougou.com\/tvsmotors\/wp-json\/wp\/v2\/product_cat?post=28"},{"taxonomy":"product_tag","embeddable":true,"href":"https:\/\/ikasougou.com\/tvsmotors\/wp-json\/wp\/v2\/product_tag?post=28"}],"curies":[{"name":"wp","href":"https:\/\/api.w.org\/{rel}","templated":true}]}}