{"id":383,"date":"2024-12-16T16:45:50","date_gmt":"2024-12-16T15:45:50","guid":{"rendered":"https:\/\/ikasougou.com\/tvsmotors\/?post_type=product&#038;p=383"},"modified":"2024-12-16T18:35:11","modified_gmt":"2024-12-16T17:35:11","slug":"tvs-hlx-150-5v","status":"publish","type":"product","link":"https:\/\/ikasougou.com\/tvsmotors\/produit\/tvs-hlx-150-5v\/","title":{"rendered":"TVS HLX 150 5V"},"content":{"rendered":"<p><strong>MOTEUR ET TRANSMISSION<\/strong><\/p>\n<p>Type\u00a04 impactes. OHC refroidi \u00e0 l&#8217;air\u00a0CC\u00a0124.8 cc\u00a0Maximum d&#8217;\u00e9nergie\u00a07.36 kW (10 bhp) @ 7500 rpm\u00a0Couple maximal\u00a09.8 Nm @ 6000 rpm<\/p>\n<p>Bore et AVC\u00a054.5 x 53.5 mm\u00a0Compression de ratio\u00a09.2:1\u00a0Transmission\u00a0Maille constante \u00e0 4 vitesses<\/p>\n<p><img data-recalc-dims=\"1\" loading=\"lazy\" decoding=\"async\" class=\"alignnone size-medium wp-image-48\" src=\"https:\/\/i0.wp.com\/ikasougou.com\/tvsmotors\/wp-content\/uploads\/sites\/112\/2022\/11\/ikasougou-30.jpg?resize=300%2C200&#038;ssl=1\" alt=\"\" width=\"300\" height=\"200\" srcset=\"https:\/\/i0.wp.com\/ikasougou.com\/tvsmotors\/wp-content\/uploads\/sites\/112\/2022\/11\/ikasougou-30-scaled.jpg?resize=300%2C200&amp;ssl=1 300w, https:\/\/i0.wp.com\/ikasougou.com\/tvsmotors\/wp-content\/uploads\/sites\/112\/2022\/11\/ikasougou-30-scaled.jpg?resize=1024%2C683&amp;ssl=1 1024w, https:\/\/i0.wp.com\/ikasougou.com\/tvsmotors\/wp-content\/uploads\/sites\/112\/2022\/11\/ikasougou-30-scaled.jpg?resize=768%2C512&amp;ssl=1 768w, https:\/\/i0.wp.com\/ikasougou.com\/tvsmotors\/wp-content\/uploads\/sites\/112\/2022\/11\/ikasougou-30-scaled.jpg?resize=1536%2C1024&amp;ssl=1 1536w, https:\/\/i0.wp.com\/ikasougou.com\/tvsmotors\/wp-content\/uploads\/sites\/112\/2022\/11\/ikasougou-30-scaled.jpg?resize=2048%2C1365&amp;ssl=1 2048w, https:\/\/i0.wp.com\/ikasougou.com\/tvsmotors\/wp-content\/uploads\/sites\/112\/2022\/11\/ikasougou-30-scaled.jpg?resize=600%2C400&amp;ssl=1 600w\" sizes=\"auto, (max-width: 300px) 100vw, 300px\" \/><\/p>\n<p><strong>\u00c9LECTRICIT\u00c9<\/strong><\/p>\n<p>Lampe frontale\u00a012 V, 35\/35 W\u00a0Queue \/ feu de freinage\u00a012 V, 21\/5 W\u00a0Indicateurs\u00a012 V, 10\/10 W\u00a0Syst\u00e8me de mise \u00e0 feu\u00a0CDI num\u00e9rique A \/ C<\/p>\n<p><img data-recalc-dims=\"1\" loading=\"lazy\" decoding=\"async\" class=\"alignnone size-medium wp-image-49\" style=\"font-size: 14.4px; color: #333333;\" src=\"https:\/\/i0.wp.com\/ikasougou.com\/tvsmotors\/wp-content\/uploads\/sites\/112\/2022\/11\/ikasougou-31.jpg?resize=300%2C200&#038;ssl=1\" alt=\"\" width=\"300\" height=\"200\" srcset=\"https:\/\/i0.wp.com\/ikasougou.com\/tvsmotors\/wp-content\/uploads\/sites\/112\/2022\/11\/ikasougou-31-scaled.jpg?resize=300%2C200&amp;ssl=1 300w, https:\/\/i0.wp.com\/ikasougou.com\/tvsmotors\/wp-content\/uploads\/sites\/112\/2022\/11\/ikasougou-31-scaled.jpg?resize=1024%2C683&amp;ssl=1 1024w, https:\/\/i0.wp.com\/ikasougou.com\/tvsmotors\/wp-content\/uploads\/sites\/112\/2022\/11\/ikasougou-31-scaled.jpg?resize=768%2C512&amp;ssl=1 768w, https:\/\/i0.wp.com\/ikasougou.com\/tvsmotors\/wp-content\/uploads\/sites\/112\/2022\/11\/ikasougou-31-scaled.jpg?resize=1536%2C1024&amp;ssl=1 1536w, https:\/\/i0.wp.com\/ikasougou.com\/tvsmotors\/wp-content\/uploads\/sites\/112\/2022\/11\/ikasougou-31-scaled.jpg?resize=2048%2C1365&amp;ssl=1 2048w, https:\/\/i0.wp.com\/ikasougou.com\/tvsmotors\/wp-content\/uploads\/sites\/112\/2022\/11\/ikasougou-31-scaled.jpg?resize=600%2C400&amp;ssl=1 600w\" sizes=\"auto, (max-width: 300px) 100vw, 300px\" \/><\/p>\n<p><strong>CH\u00c2SSIS ET SUSPENSION<\/strong><\/p>\n<p>Suspension avant\u00a0Fourche t\u00e9lescopique hydraulique (course de 110 millim\u00e8tres) Suspension arri\u00e8re Avec 5 niveaux de choc r\u00e9glable (course de 79 mm)<\/p>\n<p><img data-recalc-dims=\"1\" loading=\"lazy\" decoding=\"async\" class=\"alignnone size-medium wp-image-51\" style=\"font-size: 14.4px;\" src=\"https:\/\/i0.wp.com\/ikasougou.com\/tvsmotors\/wp-content\/uploads\/sites\/112\/2022\/11\/ikasougou-33.jpg?resize=300%2C200&#038;ssl=1\" alt=\"\" width=\"300\" height=\"200\" srcset=\"https:\/\/i0.wp.com\/ikasougou.com\/tvsmotors\/wp-content\/uploads\/sites\/112\/2022\/11\/ikasougou-33-scaled.jpg?resize=300%2C200&amp;ssl=1 300w, https:\/\/i0.wp.com\/ikasougou.com\/tvsmotors\/wp-content\/uploads\/sites\/112\/2022\/11\/ikasougou-33-scaled.jpg?resize=1024%2C683&amp;ssl=1 1024w, https:\/\/i0.wp.com\/ikasougou.com\/tvsmotors\/wp-content\/uploads\/sites\/112\/2022\/11\/ikasougou-33-scaled.jpg?resize=768%2C512&amp;ssl=1 768w, https:\/\/i0.wp.com\/ikasougou.com\/tvsmotors\/wp-content\/uploads\/sites\/112\/2022\/11\/ikasougou-33-scaled.jpg?resize=1536%2C1024&amp;ssl=1 1536w, https:\/\/i0.wp.com\/ikasougou.com\/tvsmotors\/wp-content\/uploads\/sites\/112\/2022\/11\/ikasougou-33-scaled.jpg?resize=2048%2C1365&amp;ssl=1 2048w, https:\/\/i0.wp.com\/ikasougou.com\/tvsmotors\/wp-content\/uploads\/sites\/112\/2022\/11\/ikasougou-33-scaled.jpg?resize=600%2C400&amp;ssl=1 600w\" sizes=\"auto, (max-width: 300px) 100vw, 300px\" \/><\/p>\n<p><strong>FREINS ET ROUE<\/strong><\/p>\n<p>Pneu avant\u00a02.75 x 17\u00a0Pneu arri\u00e8re\u00a03.00 x 17\u00a0Tambour de frein avant\u00a0130 MM DIA\u00a0Tambour de frein arri\u00e8re\u00a0110 MM DIA<\/p>\n<p><strong>DIMENSION ET POIDS<\/strong><\/p>\n<p>Empattement\u00a01250 MM\u00a0Masse s\u00e8che\u00a0106 KG<\/p>\n<p>&nbsp;<\/p>\n<p><strong>CAPACIT\u00c9S<\/strong><\/p>\n<p>Capacit\u00e9 du r\u00e9servoir de carburant\u00a016 \/ 2.5 Liters\u00a0r\u00e9serve\u00a02 Liters<\/p>\n<p><img data-recalc-dims=\"1\" loading=\"lazy\" decoding=\"async\" class=\"alignnone size-medium wp-image-137\" style=\"font-size: 14.4px;\" src=\"https:\/\/i0.wp.com\/ikasougou.com\/tvsmotors\/wp-content\/uploads\/sites\/112\/2022\/11\/01tvs-jive.png?resize=300%2C180&#038;ssl=1\" alt=\"\" width=\"300\" height=\"180\" srcset=\"https:\/\/i0.wp.com\/ikasougou.com\/tvsmotors\/wp-content\/uploads\/sites\/112\/2022\/11\/01tvs-jive.png?resize=300%2C180&amp;ssl=1 300w, https:\/\/i0.wp.com\/ikasougou.com\/tvsmotors\/wp-content\/uploads\/sites\/112\/2022\/11\/01tvs-jive.png?resize=768%2C461&amp;ssl=1 768w, https:\/\/i0.wp.com\/ikasougou.com\/tvsmotors\/wp-content\/uploads\/sites\/112\/2022\/11\/01tvs-jive.png?resize=600%2C360&amp;ssl=1 600w, https:\/\/i0.wp.com\/ikasougou.com\/tvsmotors\/wp-content\/uploads\/sites\/112\/2022\/11\/01tvs-jive.png?w=1000&amp;ssl=1 1000w\" sizes=\"auto, (max-width: 300px) 100vw, 300px\" \/><\/p>\n<p>&nbsp;<\/p>\n<div style=\"display:flex; gap:10px;justify-content:center\" class=\"wps-pgfw-pdf-generate-icon__wrapper-frontend\">\n\t\t<a  href=\"https:\/\/ikasougou.com\/tvsmotors\/wp-json\/wp\/v2\/product\/383?action=genpdf&amp;id=383\" class=\"pgfw-single-pdf-download-button\" ><img src=\"https:\/\/ikasougou.com\/tvsmotors\/wp-content\/plugins\/pdf-generator-for-wp\/admin\/src\/images\/PDF_Tray.svg\" title=\"G\u00e9n\u00e9rer un PDF\" style=\"width:auto; height:45px;\"><\/a>\n\t\t<\/div>","protected":false},"excerpt":{"rendered":"<p>MOTEUR ET TRANSMISSION Type\u00a04 impactes. OHC refroidi \u00e0 l&#8217;air\u00a0CC\u00a0124.8 cc\u00a0Maximum d&#8217;\u00e9nergie\u00a07.36 kW (10 bhp) @ 7500 rpm\u00a0Couple maximal\u00a09.8 Nm @ 6000 rpm Bore et AVC\u00a054.5 x 53.5 mm\u00a0Compression de ratio\u00a09.2:1\u00a0Transmission\u00a0Maille constante \u00e0 4 vitesses \u00c9LECTRICIT\u00c9 Lampe frontale\u00a012 V, 35\/35 W\u00a0Queue \/ feu de freinage\u00a012 V, 21\/5 W\u00a0Indicateurs\u00a012 V, 10\/10 W\u00a0Syst\u00e8me de mise \u00e0 feu\u00a0CDI num\u00e9rique [&#8230;]\n","protected":false},"featured_media":399,"comment_status":"open","ping_status":"closed","template":"","meta":[],"product_brand":[],"product_cat":[60,16],"product_tag":[22,24,27,21,23,19,20],"class_list":{"0":"post-383","1":"product","2":"type-product","3":"status-publish","4":"has-post-thumbnail","6":"product_cat-hlx","7":"product_cat-motostvs","8":"product_tag-bamako","9":"product_tag-bestmoto","10":"product_tag-bestmototvs","11":"product_tag-indienne","12":"product_tag-mali","13":"product_tag-moto","14":"product_tag-tvs","16":"first","17":"instock","18":"shipping-taxable","19":"purchasable","20":"product-type-variable"},"ams_default_variation_id":0,"ams_product_points_reward":[],"ams_product_discount_percentage":0,"ams_price_to_display":650000,"aioseo_notices":[],"ams_acf":[],"jetpack-related-posts":[],"jetpack_sharing_enabled":true,"_links":{"self":[{"href":"https:\/\/ikasougou.com\/tvsmotors\/wp-json\/wp\/v2\/product\/383","targetHints":{"allow":["GET"]}}],"collection":[{"href":"https:\/\/ikasougou.com\/tvsmotors\/wp-json\/wp\/v2\/product"}],"about":[{"href":"https:\/\/ikasougou.com\/tvsmotors\/wp-json\/wp\/v2\/types\/product"}],"replies":[{"embeddable":true,"href":"https:\/\/ikasougou.com\/tvsmotors\/wp-json\/wp\/v2\/comments?post=383"}],"wp:featuredmedia":[{"embeddable":true,"href":"https:\/\/ikasougou.com\/tvsmotors\/wp-json\/wp\/v2\/media\/399"}],"wp:attachment":[{"href":"https:\/\/ikasougou.com\/tvsmotors\/wp-json\/wp\/v2\/media?parent=383"}],"wp:term":[{"taxonomy":"product_brand","embeddable":true,"href":"https:\/\/ikasougou.com\/tvsmotors\/wp-json\/wp\/v2\/product_brand?post=383"},{"taxonomy":"product_cat","embeddable":true,"href":"https:\/\/ikasougou.com\/tvsmotors\/wp-json\/wp\/v2\/product_cat?post=383"},{"taxonomy":"product_tag","embeddable":true,"href":"https:\/\/ikasougou.com\/tvsmotors\/wp-json\/wp\/v2\/product_tag?post=383"}],"curies":[{"name":"wp","href":"https:\/\/api.w.org\/{rel}","templated":true}]}}