{"id":450,"date":"2024-12-17T16:30:31","date_gmt":"2024-12-17T15:30:31","guid":{"rendered":"https:\/\/ikasougou.com\/tvsmotors\/?post_type=product&#038;p=450"},"modified":"2024-12-19T13:51:52","modified_gmt":"2024-12-19T12:51:52","slug":"ntorq-125-cc","status":"publish","type":"product","link":"https:\/\/ikasougou.com\/tvsmotors\/produit\/ntorq-125-cc\/","title":{"rendered":"NTORQ 125 CC"},"content":{"rendered":"<div class=\"paragraph normal ng-star-inserted\" data-start-index=\"128\"><span class=\"ng-star-inserted\" data-start-index=\"128\">Le <\/span><span class=\"bold ng-star-inserted\" data-start-index=\"131\">TVS Ntorq 125<\/span><span class=\"ng-star-inserted\" data-start-index=\"144\"> est un scooter <\/span><span class=\"bold ng-star-inserted\" data-start-index=\"160\">sportif et connect\u00e9<\/span><span class=\"ng-star-inserted\" data-start-index=\"179\">, con\u00e7u pour offrir une <\/span><span class=\"bold ng-star-inserted\" data-start-index=\"203\">exp\u00e9rience de conduite r\u00e9volutionnaire<\/span><span class=\"ng-star-inserted\" data-start-index=\"241\">. Il se distingue par son <\/span><span class=\"bold ng-star-inserted\" data-start-index=\"267\">design inspir\u00e9 des avions furtifs <\/span><span class=\"ng-star-inserted\" data-start-index=\"300\">et ses <\/span><span class=\"bold ng-star-inserted\" data-start-index=\"308\">performances inspir\u00e9es des courses TVS<\/span><span class=\"ng-star-inserted\" data-start-index=\"346\">.<\/span><\/div>\n<div class=\"paragraph normal ng-star-inserted\" data-start-index=\"347\"><span class=\"bold ng-star-inserted\" data-start-index=\"347\">Caract\u00e9ristiques principales\u00a0:<\/span><\/div>\n<div data-start-index=\"347\">\u00a0 \u00a0\u00a0<img data-recalc-dims=\"1\" loading=\"lazy\" decoding=\"async\" class=\"alignnone wp-image-455\" src=\"https:\/\/i0.wp.com\/ikasougou.com\/tvsmotors\/wp-content\/uploads\/sites\/112\/2024\/12\/typeN1.png?resize=242%2C190&#038;ssl=1\" alt=\"\" width=\"242\" height=\"190\" srcset=\"https:\/\/i0.wp.com\/ikasougou.com\/tvsmotors\/wp-content\/uploads\/sites\/112\/2024\/12\/typeN1.png?resize=300%2C236&amp;ssl=1 300w, https:\/\/i0.wp.com\/ikasougou.com\/tvsmotors\/wp-content\/uploads\/sites\/112\/2024\/12\/typeN1.png?w=660&amp;ssl=1 660w\" sizes=\"auto, (max-width: 242px) 100vw, 242px\" \/> <img data-recalc-dims=\"1\" loading=\"lazy\" decoding=\"async\" class=\"alignnone wp-image-456\" src=\"https:\/\/i0.wp.com\/ikasougou.com\/tvsmotors\/wp-content\/uploads\/sites\/112\/2024\/12\/typeN2.png?resize=249%2C196&#038;ssl=1\" alt=\"\" width=\"249\" height=\"196\" srcset=\"https:\/\/i0.wp.com\/ikasougou.com\/tvsmotors\/wp-content\/uploads\/sites\/112\/2024\/12\/typeN2.png?resize=300%2C236&amp;ssl=1 300w, https:\/\/i0.wp.com\/ikasougou.com\/tvsmotors\/wp-content\/uploads\/sites\/112\/2024\/12\/typeN2.png?w=660&amp;ssl=1 660w\" sizes=\"auto, (max-width: 249px) 100vw, 249px\" \/> <img data-recalc-dims=\"1\" loading=\"lazy\" decoding=\"async\" class=\"alignnone wp-image-457\" src=\"https:\/\/i0.wp.com\/ikasougou.com\/tvsmotors\/wp-content\/uploads\/sites\/112\/2024\/12\/typeN3.png?resize=220%2C173&#038;ssl=1\" alt=\"\" width=\"220\" height=\"173\" srcset=\"https:\/\/i0.wp.com\/ikasougou.com\/tvsmotors\/wp-content\/uploads\/sites\/112\/2024\/12\/typeN3.png?resize=300%2C236&amp;ssl=1 300w, https:\/\/i0.wp.com\/ikasougou.com\/tvsmotors\/wp-content\/uploads\/sites\/112\/2024\/12\/typeN3.png?w=660&amp;ssl=1 660w\" sizes=\"auto, (max-width: 220px) 100vw, 220px\" \/><\/div>\n<div class=\"bullet normal ng-star-inserted\">\u25cf<span class=\"bold ng-star-inserted\" data-start-index=\"377\">Moteur 125\u00a0cc 3-valve CVTI-REVV<\/span><span class=\"ng-star-inserted\" data-start-index=\"408\">\u00a0: Le Ntorq 125 est \u00e9quip\u00e9 d&#8217;un moteur performant, disponible en plusieurs versions. La plupart des versions ont une <\/span><span class=\"bold ng-star-inserted\" data-start-index=\"525\">puissance maximale de 9,5\u00a0PS<\/span><span class=\"ng-star-inserted\" data-start-index=\"553\"> et une <\/span><span class=\"bold ng-star-inserted\" data-start-index=\"561\">vitesse maximale de 90,1\u00a0km\/h<\/span><span class=\"ng-star-inserted\" data-start-index=\"590\">. La version <\/span><span class=\"bold ng-star-inserted\" data-start-index=\"603\">Race XP<\/span><span class=\"ng-star-inserted\" data-start-index=\"610\"> offre une <\/span><span class=\"bold ng-star-inserted\" data-start-index=\"621\">puissance maximale de 10,2\u00a0PS<\/span><span class=\"ng-star-inserted\" data-start-index=\"650\"> et une <\/span><span class=\"bold ng-star-inserted\" data-start-index=\"658\">vitesse maximale de 98\u00a0km\/h<\/span><span class=\"ng-star-inserted\" data-start-index=\"685\">.<\/span><\/div>\n<div><img data-recalc-dims=\"1\" loading=\"lazy\" decoding=\"async\" class=\"alignnone size-medium wp-image-452\" src=\"https:\/\/i0.wp.com\/ikasougou.com\/tvsmotors\/wp-content\/uploads\/sites\/112\/2024\/12\/Artboard-1.png?resize=300%2C189&#038;ssl=1\" alt=\"\" width=\"300\" height=\"189\" srcset=\"https:\/\/i0.wp.com\/ikasougou.com\/tvsmotors\/wp-content\/uploads\/sites\/112\/2024\/12\/Artboard-1.png?resize=300%2C189&amp;ssl=1 300w, https:\/\/i0.wp.com\/ikasougou.com\/tvsmotors\/wp-content\/uploads\/sites\/112\/2024\/12\/Artboard-1.png?w=690&amp;ssl=1 690w\" sizes=\"auto, (max-width: 300px) 100vw, 300px\" \/><\/div>\n<div class=\"bullet normal ng-star-inserted\">\u25cf<span class=\"bold ng-star-inserted\" data-start-index=\"686\">Premier scooter connect\u00e9 d&#8217;Inde<\/span><span class=\"ng-star-inserted\" data-start-index=\"717\">\u00a0: Le TVS Ntorq 125 est le premier scooter connect\u00e9 d&#8217;Inde, offrant des fonctionnalit\u00e9s avanc\u00e9es<\/span><span class=\"ng-star-inserted\" data-start-index=\"813\">.<\/span><\/div>\n<div class=\"bullet normal ng-star-inserted\">\u25cf<span class=\"bold ng-star-inserted\" data-start-index=\"814\">Choix de couleurs embl\u00e9matiques<\/span><span class=\"ng-star-inserted\" data-start-index=\"845\">\u00a0: Le scooter est disponible dans une vari\u00e9t\u00e9 de couleurs pour correspondre \u00e0 votre style<\/span><span class=\"ng-star-inserted\" data-start-index=\"934\">.<\/span><\/div>\n<div class=\"bullet normal ng-star-inserted\">\u25cf<span class=\"bold ng-star-inserted\" data-start-index=\"935\">Performance inspir\u00e9e des courses TVS<\/span><span class=\"ng-star-inserted\" data-start-index=\"971\">\u00a0: Le Ntorq 125 offre une exp\u00e9rience de conduite sportive gr\u00e2ce \u00e0 sa conception ax\u00e9e sur la performance<\/span><span class=\"ng-star-inserted\" data-start-index=\"1074\">.<\/span><\/div>\n<div><img data-recalc-dims=\"1\" loading=\"lazy\" decoding=\"async\" class=\"alignnone size-medium wp-image-453\" src=\"https:\/\/i0.wp.com\/ikasougou.com\/tvsmotors\/wp-content\/uploads\/sites\/112\/2024\/12\/Artboard-2.png?resize=300%2C189&#038;ssl=1\" alt=\"\" width=\"300\" height=\"189\" srcset=\"https:\/\/i0.wp.com\/ikasougou.com\/tvsmotors\/wp-content\/uploads\/sites\/112\/2024\/12\/Artboard-2.png?resize=300%2C189&amp;ssl=1 300w, https:\/\/i0.wp.com\/ikasougou.com\/tvsmotors\/wp-content\/uploads\/sites\/112\/2024\/12\/Artboard-2.png?w=690&amp;ssl=1 690w\" sizes=\"auto, (max-width: 300px) 100vw, 300px\" \/><\/div>\n<div class=\"bullet normal ng-star-inserted\">\u25cf<span class=\"bold ng-star-inserted\" data-start-index=\"1075\">Accessoires et produits d\u00e9riv\u00e9s<\/span><span class=\"ng-star-inserted\" data-start-index=\"1106\"> : Vous pouvez personnaliser votre scooter avec une gamme d&#8217;accessoires et de produits d\u00e9riv\u00e9s, tels que des casques, des t-shirts, des kits de d\u00e9marrage et des sacs<\/span><span class=\"ng-star-inserted\" data-start-index=\"1271\">.<\/span><\/div>\n<div class=\"paragraph normal ng-star-inserted\" data-start-index=\"1272\"><span class=\"bold ng-star-inserted\" data-start-index=\"1272\">Mod\u00e8les disponibles\u00a0:<\/span><\/div>\n<div class=\"bullet normal ng-star-inserted\">\u25cf<span class=\"ng-star-inserted\" data-start-index=\"1293\">TVS Ntorq 125 XT<\/span><\/div>\n<div class=\"bullet normal ng-star-inserted\">\u25cf<span class=\"ng-star-inserted\" data-start-index=\"1309\">TVS Ntorq 125 Race XP<\/span><\/div>\n<div class=\"bullet normal ng-star-inserted\">\u25cf<span class=\"ng-star-inserted\" data-start-index=\"1330\">TVS Ntorq 125 Super Squad<\/span><\/div>\n<div class=\"bullet normal ng-star-inserted\">\u25cf<span class=\"ng-star-inserted\" data-start-index=\"1355\">TVS Ntorq 125 Race Edition<\/span><\/div>\n<div class=\"bullet normal ng-star-inserted\">\u25cf<span class=\"ng-star-inserted\" data-start-index=\"1381\">TVS Ntorq 125<\/span><\/div>\n<div class=\"paragraph normal ng-star-inserted\" data-start-index=\"1394\"><span class=\"bold ng-star-inserted\" data-start-index=\"1394\">Exp\u00e9rience de conduite<\/span><span class=\"ng-star-inserted\" data-start-index=\"1416\">\u00a0:<\/span><\/div>\n<div class=\"bullet normal ng-star-inserted\">\u25cf<span class=\"ng-star-inserted\" data-start-index=\"1418\">Le TVS Ntorq 125 est d\u00e9crit comme un <\/span><span class=\"bold ng-star-inserted\" data-start-index=\"1455\">scooter sportif et performant<\/span><span class=\"ng-star-inserted\" data-start-index=\"1484\"> avec de nombreuses nouvelles fonctionnalit\u00e9s pour s\u00e9duire les jeunes<\/span><\/div>\n<div><img data-recalc-dims=\"1\" loading=\"lazy\" decoding=\"async\" class=\"alignnone size-medium wp-image-454\" src=\"https:\/\/i0.wp.com\/ikasougou.com\/tvsmotors\/wp-content\/uploads\/sites\/112\/2024\/12\/Artboard-3.png?resize=300%2C189&#038;ssl=1\" alt=\"\" width=\"300\" height=\"189\" srcset=\"https:\/\/i0.wp.com\/ikasougou.com\/tvsmotors\/wp-content\/uploads\/sites\/112\/2024\/12\/Artboard-3.png?resize=300%2C189&amp;ssl=1 300w, https:\/\/i0.wp.com\/ikasougou.com\/tvsmotors\/wp-content\/uploads\/sites\/112\/2024\/12\/Artboard-3.png?w=690&amp;ssl=1 690w\" sizes=\"auto, (max-width: 300px) 100vw, 300px\" \/><\/div>\n<div class=\"bullet normal ng-star-inserted\" style=\"text-align: center;\">\u25cf<span class=\"ng-star-inserted\" data-start-index=\"1554\">Plusieurs revues et comparatifs mettent en \u00e9vidence ses <\/span><span class=\"bold ng-star-inserted\" data-start-index=\"1610\">capacit\u00e9s et son style uniques<span style=\"color: #000000; font-family: Arial;\"><span style=\"font-size: 13.3333px; background-color: #efefef;\">.<\/span><\/span><\/span><\/div>\n<div class=\"paragraph normal ng-star-inserted\" data-start-index=\"1641\"><span class=\"bold ng-star-inserted\" data-start-index=\"1641\">Comment r\u00e9server un essai ou faire une commande\u00a0:<\/span><\/div>\n<div class=\"bullet normal ng-star-inserted\" style=\"text-align: center;\">\u25cf<span class=\"ng-star-inserted\" data-start-index=\"1690\">Vous pouvez r\u00e9server un essai routier en ligne en fournissant votre nom, num\u00e9ro de t\u00e9l\u00e9phone et code postal<span style=\"color: #000000; font-family: Arial;\"><span style=\"font-size: 13.3333px; background-color: #efefef;\">.<\/span><\/span><\/span><\/div>\n<div class=\"bullet normal ng-star-inserted\" style=\"text-align: center;\">\u25cf<span class=\"ng-star-inserted\" data-start-index=\"1798\">Vous pouvez \u00e9galement localiser un concessionnaire et utiliser le syst\u00e8me de r\u00e9servation en ligne<span style=\"color: #000000; font-family: Arial;\"><span style=\"font-size: 13.3333px; background-color: #efefef;\">.<\/span><\/span><\/span><\/div>\n<div class=\"paragraph normal ng-star-inserted\" data-start-index=\"1896\"><span class=\"bold ng-star-inserted\" data-start-index=\"1896\">Services suppl\u00e9mentaires<\/span><span class=\"ng-star-inserted\" data-start-index=\"1920\"> :<\/span><\/div>\n<div class=\"bullet normal ng-star-inserted\">\u25cf<span class=\"ng-star-inserted\" data-start-index=\"1922\">TVS propose une application connect\u00e9e, &#8220;TVS Connect App&#8221;<\/span><span class=\"ng-star-inserted\" data-start-index=\"1978\">.<\/span><\/div>\n<div class=\"bullet normal ng-star-inserted\">\u25cf<span class=\"ng-star-inserted\" data-start-index=\"1979\">Vous pouvez retrouver une liste de concessionnaires sur le site web de TVS<\/span><span class=\"ng-star-inserted\" data-start-index=\"2053\">.<\/span><\/div>\n<div class=\"bullet normal ng-star-inserted\">\u25cf<span class=\"ng-star-inserted\" data-start-index=\"2054\">Vous pouvez contacter le service client par t\u00e9l\u00e9phone ou par email<\/span><span class=\"ng-star-inserted\" data-start-index=\"2120\">.<\/span><\/div>\n<div class=\"paragraph normal ng-star-inserted\" data-start-index=\"2121\"><span class=\"bold ng-star-inserted\" data-start-index=\"2121\">En r\u00e9sum\u00e9<\/span><span class=\"ng-star-inserted\" data-start-index=\"2130\">, le TVS Ntorq 125 est un <\/span><span class=\"bold ng-star-inserted\" data-start-index=\"2156\">scooter connect\u00e9 et sportif<\/span><span class=\"ng-star-inserted\" data-start-index=\"2183\"> qui offre une <\/span><span class=\"bold ng-star-inserted\" data-start-index=\"2198\">exp\u00e9rience de conduite unique<\/span><span class=\"ng-star-inserted\" data-start-index=\"2227\">. Sa conception ax\u00e9e sur la performance et son design inspir\u00e9 des avions furtifs en font un choix id\u00e9al pour les jeunes conducteurs \u00e0 la recherche d&#8217;un scooter \u00e0 la fois <\/span><span class=\"bold ng-star-inserted\" data-start-index=\"2397\">pratique et styl\u00e9<\/span><\/div>\n<div data-start-index=\"2121\"><img data-recalc-dims=\"1\" loading=\"lazy\" decoding=\"async\" class=\"alignnone size-medium wp-image-451\" src=\"https:\/\/i0.wp.com\/ikasougou.com\/tvsmotors\/wp-content\/uploads\/sites\/112\/2024\/12\/09TVS-NTorq-WebSiteDigital-Assets06042023803x520WebMobile11.png?resize=300%2C194&#038;ssl=1\" alt=\"\" width=\"300\" height=\"194\" srcset=\"https:\/\/i0.wp.com\/ikasougou.com\/tvsmotors\/wp-content\/uploads\/sites\/112\/2024\/12\/09TVS-NTorq-WebSiteDigital-Assets06042023803x520WebMobile11.png?resize=300%2C194&amp;ssl=1 300w, https:\/\/i0.wp.com\/ikasougou.com\/tvsmotors\/wp-content\/uploads\/sites\/112\/2024\/12\/09TVS-NTorq-WebSiteDigital-Assets06042023803x520WebMobile11.png?resize=768%2C497&amp;ssl=1 768w, https:\/\/i0.wp.com\/ikasougou.com\/tvsmotors\/wp-content\/uploads\/sites\/112\/2024\/12\/09TVS-NTorq-WebSiteDigital-Assets06042023803x520WebMobile11.png?w=803&amp;ssl=1 803w\" sizes=\"auto, (max-width: 300px) 100vw, 300px\" \/><\/div>\n<div style=\"display:flex; gap:10px;justify-content:center\" class=\"wps-pgfw-pdf-generate-icon__wrapper-frontend\">\n\t\t<a  href=\"https:\/\/ikasougou.com\/tvsmotors\/wp-json\/wp\/v2\/product\/450?action=genpdf&amp;id=450\" class=\"pgfw-single-pdf-download-button\" ><img src=\"https:\/\/ikasougou.com\/tvsmotors\/wp-content\/plugins\/pdf-generator-for-wp\/admin\/src\/images\/PDF_Tray.svg\" title=\"G\u00e9n\u00e9rer un PDF\" style=\"width:auto; height:45px;\"><\/a>\n\t\t<\/div>","protected":false},"excerpt":{"rendered":"<p>Le TVS Ntorq 125 est un scooter sportif et connect\u00e9, con\u00e7u pour offrir une exp\u00e9rience de conduite r\u00e9volutionnaire. Il se distingue par son design inspir\u00e9 des avions furtifs et ses performances inspir\u00e9es des courses TVS. Caract\u00e9ristiques principales\u00a0: \u00a0 \u00a0\u00a0 \u25cfMoteur 125\u00a0cc 3-valve CVTI-REVV\u00a0: Le Ntorq 125 est \u00e9quip\u00e9 d&#8217;un moteur performant, disponible en plusieurs versions. [&#8230;]\n","protected":false},"featured_media":556,"comment_status":"open","ping_status":"closed","template":"","meta":[],"product_brand":[],"product_cat":[16],"product_tag":[22,24,27,21,23,19,65,64,20],"class_list":{"0":"post-450","1":"product","2":"type-product","3":"status-publish","4":"has-post-thumbnail","6":"product_cat-motostvs","7":"product_tag-bamako","8":"product_tag-bestmoto","9":"product_tag-bestmototvs","10":"product_tag-indienne","11":"product_tag-mali","12":"product_tag-moto","13":"product_tag-scooter","14":"product_tag-tricycle","15":"product_tag-tvs","17":"first","18":"instock","19":"shipping-taxable","20":"purchasable","21":"product-type-simple"},"ams_default_variation_id":0,"ams_product_points_reward":[],"ams_product_discount_percentage":0,"ams_price_to_display":900000,"aioseo_notices":[],"ams_acf":[],"jetpack-related-posts":[],"jetpack_sharing_enabled":true,"_links":{"self":[{"href":"https:\/\/ikasougou.com\/tvsmotors\/wp-json\/wp\/v2\/product\/450","targetHints":{"allow":["GET"]}}],"collection":[{"href":"https:\/\/ikasougou.com\/tvsmotors\/wp-json\/wp\/v2\/product"}],"about":[{"href":"https:\/\/ikasougou.com\/tvsmotors\/wp-json\/wp\/v2\/types\/product"}],"replies":[{"embeddable":true,"href":"https:\/\/ikasougou.com\/tvsmotors\/wp-json\/wp\/v2\/comments?post=450"}],"wp:featuredmedia":[{"embeddable":true,"href":"https:\/\/ikasougou.com\/tvsmotors\/wp-json\/wp\/v2\/media\/556"}],"wp:attachment":[{"href":"https:\/\/ikasougou.com\/tvsmotors\/wp-json\/wp\/v2\/media?parent=450"}],"wp:term":[{"taxonomy":"product_brand","embeddable":true,"href":"https:\/\/ikasougou.com\/tvsmotors\/wp-json\/wp\/v2\/product_brand?post=450"},{"taxonomy":"product_cat","embeddable":true,"href":"https:\/\/ikasougou.com\/tvsmotors\/wp-json\/wp\/v2\/product_cat?post=450"},{"taxonomy":"product_tag","embeddable":true,"href":"https:\/\/ikasougou.com\/tvsmotors\/wp-json\/wp\/v2\/product_tag?post=450"}],"curies":[{"name":"wp","href":"https:\/\/api.w.org\/{rel}","templated":true}]}}