{"id":461,"date":"2024-12-17T17:36:11","date_gmt":"2024-12-17T16:36:11","guid":{"rendered":"https:\/\/ikasougou.com\/tvsmotors\/?post_type=product&#038;p=461"},"modified":"2025-04-29T18:40:20","modified_gmt":"2025-04-29T16:40:20","slug":"neo-ami-125","status":"publish","type":"product","link":"https:\/\/ikasougou.com\/tvsmotors\/produit\/neo-ami-125\/","title":{"rendered":"N\u00e9o AMI 125"},"content":{"rendered":"<div class=\"paragraph normal ng-star-inserted\" data-start-index=\"0\"><span class=\"ng-star-inserted\" data-start-index=\"0\">Voici une description commerciale pour la vente du scooter TVS Neo AMI, bas\u00e9e sur les informations fournies dans les sources :<\/span><\/div>\n<div class=\"paragraph normal ng-star-inserted\" data-start-index=\"126\"><span class=\"ng-star-inserted\" data-start-index=\"126\">Le <\/span><span class=\"bold ng-star-inserted\" data-start-index=\"129\">TVS Neo AMI<\/span><span class=\"ng-star-inserted\" data-start-index=\"140\"> est un scooter de la gamme Neo de TVS, con\u00e7u pour offrir une <\/span><span class=\"bold ng-star-inserted\" data-start-index=\"202\">exp\u00e9rience de conduite confortable et pratique<\/span><span class=\"ng-star-inserted\" data-start-index=\"248\">. Il se distingue par son <\/span><span class=\"bold ng-star-inserted\" data-start-index=\"274\">design unique et \u00e9l\u00e9gant<\/span><span class=\"ng-star-inserted\" data-start-index=\"298\">, ainsi que ses nombreuses fonctionnalit\u00e9s pens\u00e9es pour faciliter la vie quotidienne.<\/span><\/div>\n<div data-start-index=\"126\"><\/div>\n<div class=\"paragraph normal ng-star-inserted\" data-start-index=\"383\"><span class=\"bold ng-star-inserted\" data-start-index=\"383\">Caract\u00e9ristiques principales :<\/span><\/div>\n<div data-start-index=\"383\"><img data-recalc-dims=\"1\" loading=\"lazy\" decoding=\"async\" class=\"alignnone size-medium wp-image-475\" src=\"https:\/\/i0.wp.com\/ikasougou.com\/tvsmotors\/wp-content\/uploads\/sites\/112\/2024\/12\/1-1.png?resize=300%2C195&#038;ssl=1\" alt=\"\" width=\"300\" height=\"195\" srcset=\"https:\/\/i0.wp.com\/ikasougou.com\/tvsmotors\/wp-content\/uploads\/sites\/112\/2024\/12\/1-1.png?resize=300%2C195&amp;ssl=1 300w, https:\/\/i0.wp.com\/ikasougou.com\/tvsmotors\/wp-content\/uploads\/sites\/112\/2024\/12\/1-1.png?w=733&amp;ssl=1 733w\" sizes=\"auto, (max-width: 300px) 100vw, 300px\" \/> <img data-recalc-dims=\"1\" loading=\"lazy\" decoding=\"async\" class=\"alignnone size-medium wp-image-474\" src=\"https:\/\/i0.wp.com\/ikasougou.com\/tvsmotors\/wp-content\/uploads\/sites\/112\/2024\/12\/2.png?resize=300%2C195&#038;ssl=1\" alt=\"\" width=\"300\" height=\"195\" srcset=\"https:\/\/i0.wp.com\/ikasougou.com\/tvsmotors\/wp-content\/uploads\/sites\/112\/2024\/12\/2.png?resize=300%2C195&amp;ssl=1 300w, https:\/\/i0.wp.com\/ikasougou.com\/tvsmotors\/wp-content\/uploads\/sites\/112\/2024\/12\/2.png?w=733&amp;ssl=1 733w\" sizes=\"auto, (max-width: 300px) 100vw, 300px\" \/> <img data-recalc-dims=\"1\" loading=\"lazy\" decoding=\"async\" class=\"alignnone size-medium wp-image-473\" src=\"https:\/\/i0.wp.com\/ikasougou.com\/tvsmotors\/wp-content\/uploads\/sites\/112\/2024\/12\/3.png?resize=300%2C195&#038;ssl=1\" alt=\"\" width=\"300\" height=\"195\" srcset=\"https:\/\/i0.wp.com\/ikasougou.com\/tvsmotors\/wp-content\/uploads\/sites\/112\/2024\/12\/3.png?resize=300%2C195&amp;ssl=1 300w, https:\/\/i0.wp.com\/ikasougou.com\/tvsmotors\/wp-content\/uploads\/sites\/112\/2024\/12\/3.png?w=733&amp;ssl=1 733w\" sizes=\"auto, (max-width: 300px) 100vw, 300px\" \/> <img data-recalc-dims=\"1\" loading=\"lazy\" decoding=\"async\" class=\"alignnone size-medium wp-image-469\" src=\"https:\/\/i0.wp.com\/ikasougou.com\/tvsmotors\/wp-content\/uploads\/sites\/112\/2024\/12\/Dimension.png?resize=300%2C268&#038;ssl=1\" alt=\"\" width=\"300\" height=\"268\" srcset=\"https:\/\/i0.wp.com\/ikasougou.com\/tvsmotors\/wp-content\/uploads\/sites\/112\/2024\/12\/Dimension.png?resize=300%2C268&amp;ssl=1 300w, https:\/\/i0.wp.com\/ikasougou.com\/tvsmotors\/wp-content\/uploads\/sites\/112\/2024\/12\/Dimension.png?w=500&amp;ssl=1 500w\" sizes=\"auto, (max-width: 300px) 100vw, 300px\" \/> \u00a0\u00a0 \u00a0<img data-recalc-dims=\"1\" loading=\"lazy\" decoding=\"async\" class=\"alignnone size-medium wp-image-477\" src=\"https:\/\/i0.wp.com\/ikasougou.com\/tvsmotors\/wp-content\/uploads\/sites\/112\/2024\/12\/TVS14.jpg?resize=300%2C212&#038;ssl=1\" alt=\"\" width=\"300\" height=\"212\" srcset=\"https:\/\/i0.wp.com\/ikasougou.com\/tvsmotors\/wp-content\/uploads\/sites\/112\/2024\/12\/TVS14-scaled.jpg?resize=300%2C212&amp;ssl=1 300w, https:\/\/i0.wp.com\/ikasougou.com\/tvsmotors\/wp-content\/uploads\/sites\/112\/2024\/12\/TVS14-scaled.jpg?resize=1024%2C724&amp;ssl=1 1024w, https:\/\/i0.wp.com\/ikasougou.com\/tvsmotors\/wp-content\/uploads\/sites\/112\/2024\/12\/TVS14-scaled.jpg?resize=768%2C543&amp;ssl=1 768w, https:\/\/i0.wp.com\/ikasougou.com\/tvsmotors\/wp-content\/uploads\/sites\/112\/2024\/12\/TVS14-scaled.jpg?resize=1536%2C1086&amp;ssl=1 1536w, https:\/\/i0.wp.com\/ikasougou.com\/tvsmotors\/wp-content\/uploads\/sites\/112\/2024\/12\/TVS14-scaled.jpg?resize=2048%2C1448&amp;ssl=1 2048w, https:\/\/i0.wp.com\/ikasougou.com\/tvsmotors\/wp-content\/uploads\/sites\/112\/2024\/12\/TVS14-scaled.jpg?resize=1200%2C848&amp;ssl=1 1200w\" sizes=\"auto, (max-width: 300px) 100vw, 300px\" \/><\/div>\n<div class=\"bullet normal ng-star-inserted\">\u25cf<span class=\"bold ng-star-inserted\" data-start-index=\"413\">Confort et commodit\u00e9 :<\/span><span class=\"ng-star-inserted\" data-start-index=\"435\"> Le TVS Neo AMI est dot\u00e9 d&#8217;une <\/span><span class=\"bold ng-star-inserted\" data-start-index=\"466\">longue selle et d&#8217;une carrosserie large<\/span><span class=\"ng-star-inserted\" data-start-index=\"505\">, offrant un confort sup\u00e9rieur et une grande stabilit\u00e9 sur la route<\/span><span class=\"ng-star-inserted\" data-start-index=\"572\">.<\/span><\/div>\n<div><img data-recalc-dims=\"1\" loading=\"lazy\" decoding=\"async\" class=\"alignnone size-medium wp-image-465\" src=\"https:\/\/i0.wp.com\/ikasougou.com\/tvsmotors\/wp-content\/uploads\/sites\/112\/2024\/12\/long-and-wide-seat.png?resize=300%2C204&#038;ssl=1\" alt=\"\" width=\"300\" height=\"204\" srcset=\"https:\/\/i0.wp.com\/ikasougou.com\/tvsmotors\/wp-content\/uploads\/sites\/112\/2024\/12\/long-and-wide-seat.png?resize=300%2C204&amp;ssl=1 300w, https:\/\/i0.wp.com\/ikasougou.com\/tvsmotors\/wp-content\/uploads\/sites\/112\/2024\/12\/long-and-wide-seat.png?w=597&amp;ssl=1 597w\" sizes=\"auto, (max-width: 300px) 100vw, 300px\" \/><\/div>\n<div class=\"bullet normal ng-star-inserted\">\u25cf<span class=\"bold ng-star-inserted\" data-start-index=\"573\">Rangements pratiques :<\/span><span class=\"ng-star-inserted\" data-start-index=\"595\"> Il ne manque pas d&#8217;espace de rangement gr\u00e2ce \u00e0 ses <\/span><span class=\"bold ng-star-inserted\" data-start-index=\"647\">doubles bo\u00eetes \u00e0 gants<\/span><span class=\"ng-star-inserted\" data-start-index=\"669\">, un <\/span><span class=\"bold ng-star-inserted\" data-start-index=\"674\">coffre utilitaire spacieux de 21 litres<\/span><span class=\"ng-star-inserted\" data-start-index=\"713\"> avec <\/span><span class=\"bold ng-star-inserted\" data-start-index=\"719\">lumi\u00e8re automatique<\/span><span class=\"ng-star-inserted\" data-start-index=\"738\">, un porte-bagage et plus<\/span><span class=\"ng-star-inserted\" data-start-index=\"763\">.<\/span><\/div>\n<div><img data-recalc-dims=\"1\" loading=\"lazy\" decoding=\"async\" class=\"alignnone size-medium wp-image-462\" src=\"https:\/\/i0.wp.com\/ikasougou.com\/tvsmotors\/wp-content\/uploads\/sites\/112\/2024\/12\/utility-space.png?resize=300%2C204&#038;ssl=1\" alt=\"\" width=\"300\" height=\"204\" srcset=\"https:\/\/i0.wp.com\/ikasougou.com\/tvsmotors\/wp-content\/uploads\/sites\/112\/2024\/12\/utility-space.png?resize=300%2C204&amp;ssl=1 300w, https:\/\/i0.wp.com\/ikasougou.com\/tvsmotors\/wp-content\/uploads\/sites\/112\/2024\/12\/utility-space.png?w=597&amp;ssl=1 597w\" sizes=\"auto, (max-width: 300px) 100vw, 300px\" \/><\/div>\n<div class=\"bullet normal ng-star-inserted\">\u25cf<span class=\"bold ng-star-inserted\" data-start-index=\"764\">Recharge facile :<\/span><span class=\"ng-star-inserted\" data-start-index=\"781\"> \u00c9quip\u00e9 de <\/span><span class=\"bold ng-star-inserted\" data-start-index=\"792\">deux ports USB<\/span><span class=\"ng-star-inserted\" data-start-index=\"806\"> pour recharger vos appareils \u00e9lectroniques, ainsi qu&#8217;un <\/span><span class=\"bold ng-star-inserted\" data-start-index=\"863\">remplissage de carburant externe<\/span><span class=\"ng-star-inserted\" data-start-index=\"895\"> pour plus de commodit\u00e9<\/span><span class=\"ng-star-inserted\" data-start-index=\"918\">.<\/span><\/div>\n<div><img data-recalc-dims=\"1\" loading=\"lazy\" decoding=\"async\" class=\"alignnone size-medium wp-image-463\" src=\"https:\/\/i0.wp.com\/ikasougou.com\/tvsmotors\/wp-content\/uploads\/sites\/112\/2024\/12\/usb.png?resize=300%2C204&#038;ssl=1\" alt=\"\" width=\"300\" height=\"204\" srcset=\"https:\/\/i0.wp.com\/ikasougou.com\/tvsmotors\/wp-content\/uploads\/sites\/112\/2024\/12\/usb.png?resize=300%2C204&amp;ssl=1 300w, https:\/\/i0.wp.com\/ikasougou.com\/tvsmotors\/wp-content\/uploads\/sites\/112\/2024\/12\/usb.png?w=597&amp;ssl=1 597w\" sizes=\"auto, (max-width: 300px) 100vw, 300px\" \/><\/div>\n<div class=\"bullet normal ng-star-inserted\">\u25cf<span class=\"bold ng-star-inserted\" data-start-index=\"919\">Moteur puissant :<\/span><span class=\"ng-star-inserted\" data-start-index=\"936\"> Le scooter est propuls\u00e9 par un <\/span><span class=\"bold ng-star-inserted\" data-start-index=\"968\">moteur de 125 cc<\/span><span class=\"ng-star-inserted\" data-start-index=\"984\"> offrant une performance id\u00e9ale pour les trajets urbains et les longues distances<\/span><span class=\"ng-star-inserted\" data-start-index=\"1065\">.<\/span><\/div>\n<div><img data-recalc-dims=\"1\" loading=\"lazy\" decoding=\"async\" class=\"alignnone size-medium wp-image-468\" src=\"https:\/\/i0.wp.com\/ikasougou.com\/tvsmotors\/wp-content\/uploads\/sites\/112\/2024\/12\/Engine-new.png?resize=300%2C204&#038;ssl=1\" alt=\"\" width=\"300\" height=\"204\" srcset=\"https:\/\/i0.wp.com\/ikasougou.com\/tvsmotors\/wp-content\/uploads\/sites\/112\/2024\/12\/Engine-new.png?resize=300%2C204&amp;ssl=1 300w, https:\/\/i0.wp.com\/ikasougou.com\/tvsmotors\/wp-content\/uploads\/sites\/112\/2024\/12\/Engine-new.png?w=597&amp;ssl=1 597w\" sizes=\"auto, (max-width: 300px) 100vw, 300px\" \/><\/div>\n<div class=\"bullet normal ng-star-inserted\">\u25cf<span class=\"bold ng-star-inserted\" data-start-index=\"1066\">S\u00e9curit\u00e9 :<\/span><span class=\"ng-star-inserted\" data-start-index=\"1076\"> Il est \u00e9quip\u00e9 d&#8217;un <\/span><span class=\"bold ng-star-inserted\" data-start-index=\"1096\">verrou de type obturateur tout-en-un<\/span><span class=\"ng-star-inserted\" data-start-index=\"1132\"> pour une tranquillit\u00e9 d&#8217;esprit accrue<\/span><span class=\"ng-star-inserted\" data-start-index=\"1170\">.<\/span><\/div>\n<div><img data-recalc-dims=\"1\" loading=\"lazy\" decoding=\"async\" class=\"alignnone size-medium wp-image-466\" src=\"https:\/\/i0.wp.com\/ikasougou.com\/tvsmotors\/wp-content\/uploads\/sites\/112\/2024\/12\/Fuel.png?resize=300%2C268&#038;ssl=1\" alt=\"\" width=\"300\" height=\"268\" srcset=\"https:\/\/i0.wp.com\/ikasougou.com\/tvsmotors\/wp-content\/uploads\/sites\/112\/2024\/12\/Fuel.png?resize=300%2C268&amp;ssl=1 300w, https:\/\/i0.wp.com\/ikasougou.com\/tvsmotors\/wp-content\/uploads\/sites\/112\/2024\/12\/Fuel.png?w=500&amp;ssl=1 500w\" sizes=\"auto, (max-width: 300px) 100vw, 300px\" \/><\/div>\n<div class=\"bullet normal ng-star-inserted\">\u25cf<span class=\"bold ng-star-inserted\" data-start-index=\"1171\">Pneus tubeless :<\/span><span class=\"ng-star-inserted\" data-start-index=\"1187\"> Les pneus tubeless assurent une meilleure adh\u00e9rence et une durabilit\u00e9 accrue<\/span><span class=\"ng-star-inserted\" data-start-index=\"1264\">.<\/span><\/div>\n<div class=\"paragraph normal ng-star-inserted\" data-start-index=\"1265\"><span class=\"bold ng-star-inserted\" data-start-index=\"1265\">Sp\u00e9cifications techniques :<\/span><\/div>\n<div data-start-index=\"1265\"><img data-recalc-dims=\"1\" loading=\"lazy\" decoding=\"async\" class=\"alignnone size-medium wp-image-464\" src=\"https:\/\/i0.wp.com\/ikasougou.com\/tvsmotors\/wp-content\/uploads\/sites\/112\/2024\/12\/tubeless-tyres.png?resize=300%2C204&#038;ssl=1\" alt=\"\" width=\"300\" height=\"204\" srcset=\"https:\/\/i0.wp.com\/ikasougou.com\/tvsmotors\/wp-content\/uploads\/sites\/112\/2024\/12\/tubeless-tyres.png?resize=300%2C204&amp;ssl=1 300w, https:\/\/i0.wp.com\/ikasougou.com\/tvsmotors\/wp-content\/uploads\/sites\/112\/2024\/12\/tubeless-tyres.png?w=597&amp;ssl=1 597w\" sizes=\"auto, (max-width: 300px) 100vw, 300px\" \/><img data-recalc-dims=\"1\" loading=\"lazy\" decoding=\"async\" class=\"alignnone size-medium wp-image-471\" src=\"https:\/\/i0.wp.com\/ikasougou.com\/tvsmotors\/wp-content\/uploads\/sites\/112\/2024\/12\/Brake.png?resize=300%2C268&#038;ssl=1\" alt=\"\" width=\"300\" height=\"268\" srcset=\"https:\/\/i0.wp.com\/ikasougou.com\/tvsmotors\/wp-content\/uploads\/sites\/112\/2024\/12\/Brake.png?resize=300%2C268&amp;ssl=1 300w, https:\/\/i0.wp.com\/ikasougou.com\/tvsmotors\/wp-content\/uploads\/sites\/112\/2024\/12\/Brake.png?w=500&amp;ssl=1 500w\" sizes=\"auto, (max-width: 300px) 100vw, 300px\" \/><\/div>\n<div class=\"bullet normal ng-star-inserted\">\u25cf<span class=\"bold ng-star-inserted\" data-start-index=\"1292\">Moteur :<\/span><span class=\"ng-star-inserted\" data-start-index=\"1300\"> 4 temps refroidi par air, 125 cc<\/span><span class=\"ng-star-inserted\" data-start-index=\"1333\">.<\/span><\/div>\n<div class=\"bullet normal ng-star-inserted\">\u25cf<span class=\"bold ng-star-inserted\" data-start-index=\"1334\">Puissance maximale :<\/span><span class=\"ng-star-inserted\" data-start-index=\"1354\"> 9,8 BHP \u00e0 7500 tr\/min<\/span><span class=\"ng-star-inserted\" data-start-index=\"1376\">.<\/span><\/div>\n<div class=\"bullet normal ng-star-inserted\">\u25cf<span class=\"bold ng-star-inserted\" data-start-index=\"1377\">Couple maximal :<\/span><span class=\"ng-star-inserted\" data-start-index=\"1393\"> 9,8 Nm \u00e0 5500 tr\/min<\/span><span class=\"ng-star-inserted\" data-start-index=\"1414\">.<\/span><\/div>\n<div class=\"bullet normal ng-star-inserted\">\u25cf<span class=\"bold ng-star-inserted\" data-start-index=\"1415\">D\u00e9marrage :<\/span><span class=\"ng-star-inserted\" data-start-index=\"1426\"> Kick et \u00e9lectrique<\/span><span class=\"ng-star-inserted\" data-start-index=\"1445\">.<\/span><\/div>\n<div class=\"bullet normal ng-star-inserted\">\u25cf<span class=\"bold ng-star-inserted\" data-start-index=\"1446\">Dimensions :<\/span><\/div>\n<div class=\"bullet normal ng-star-inserted\">\u25cb<span class=\"ng-star-inserted\" data-start-index=\"1458\">Longueur : 1993 mm<\/span><\/div>\n<div class=\"bullet normal ng-star-inserted\">\u25cb<span class=\"ng-star-inserted\" data-start-index=\"1476\">Largeur : 695 mm<\/span><\/div>\n<div class=\"bullet normal ng-star-inserted\">\u25cb<span class=\"ng-star-inserted\" data-start-index=\"1492\">Hauteur : 1166 mm<\/span><\/div>\n<div class=\"bullet normal ng-star-inserted\">\u25cb<span class=\"ng-star-inserted\" data-start-index=\"1509\">Empattement : 1245 mm<\/span><\/div>\n<div class=\"bullet normal ng-star-inserted\">\u25cb\u00a0<span class=\"ng-star-inserted\" data-start-index=\"1530\">Garde au sol : 157 mm<\/span><\/div>\n<div class=\"bullet normal ng-star-inserted\">\u25cb<span class=\"ng-star-inserted\" data-start-index=\"1551\">Poids \u00e0 vide : 109,4 kg<\/span><\/div>\n<div class=\"bullet normal ng-star-inserted\">\u25cf<span class=\"bold ng-star-inserted\" data-start-index=\"1574\">Freins :<\/span><span class=\"ng-star-inserted\" data-start-index=\"1582\"> Avant : disque p\u00e9tale de 220 mm, Arri\u00e8re : tambour de 130 mm<\/span><span class=\"ng-star-inserted\" data-start-index=\"1643\">.<\/span><\/div>\n<div class=\"bullet normal ng-star-inserted\">\u25cf<span class=\"bold ng-star-inserted\" data-start-index=\"1644\">Pneus :<\/span><span class=\"ng-star-inserted\" data-start-index=\"1651\"> Avant : 2,75\u00d717&#8243; (tubeless), Arri\u00e8re : 3\u00d717&#8243; (tubeless)<\/span><span class=\"ng-star-inserted\" data-start-index=\"1707\">.<\/span><\/div>\n<div class=\"bullet normal ng-star-inserted\">\u25cf<span class=\"bold ng-star-inserted\" data-start-index=\"1708\">Capacit\u00e9 du r\u00e9servoir de carburant :<\/span><span class=\"ng-star-inserted\" data-start-index=\"1744\"> 4,2 litres<\/span><span class=\"ng-star-inserted\" data-start-index=\"1755\">.<\/span><\/div>\n<div class=\"paragraph normal ng-star-inserted\" data-start-index=\"1756\"><span class=\"bold ng-star-inserted\" data-start-index=\"1756\">Couleurs disponibles :<\/span><\/div>\n<div class=\"paragraph normal ng-star-inserted\" data-start-index=\"1778\"><span class=\"ng-star-inserted\" data-start-index=\"1778\">Le TVS Neo AMI est disponible en trois couleurs \u00e9l\u00e9gantes : <\/span><span class=\"bold ng-star-inserted\" data-start-index=\"1838\">Bleu, Noir et Rouge<\/span><span class=\"ng-star-inserted\" data-start-index=\"1857\">.<\/span><\/div>\n<div class=\"paragraph normal ng-star-inserted\" data-start-index=\"1858\"><span class=\"bold ng-star-inserted\" data-start-index=\"1858\">En r\u00e9sum\u00e9,<\/span><span class=\"ng-star-inserted\" data-start-index=\"1868\"> le TVS Neo AMI est un scooter <\/span><span class=\"bold ng-star-inserted\" data-start-index=\"1899\">polyvalent<\/span><span class=\"ng-star-inserted\" data-start-index=\"1909\"> con\u00e7u pour offrir <\/span><span class=\"bold ng-star-inserted\" data-start-index=\"1928\">confort, commodit\u00e9 et performance<\/span><span class=\"ng-star-inserted\" data-start-index=\"1961\">. Son design unique, ses nombreux rangements, ses fonctionnalit\u00e9s pratiques et son moteur puissant en font un choix id\u00e9al pour ceux qui recherchent un scooter fiable et agr\u00e9able \u00e0 utiliser au quotidien.<\/span><\/div>\n<div class=\"paragraph normal ng-star-inserted\" data-start-index=\"2163\"><span class=\"ng-star-inserted\" data-start-index=\"2163\">Pour plus d&#8217;informations, vous pouvez t\u00e9l\u00e9charger la brochure \u00e9lectronique et contacter TVS via le formulaire de contact, par t\u00e9l\u00e9phone ou par courriel<\/span><span class=\"ng-star-inserted\" data-start-index=\"2314\">.<\/span><\/div>\n<div style=\"display:flex; gap:10px;justify-content:center\" class=\"wps-pgfw-pdf-generate-icon__wrapper-frontend\">\n\t\t<a  href=\"https:\/\/ikasougou.com\/tvsmotors\/wp-json\/wp\/v2\/product\/461?action=genpdf&amp;id=461\" class=\"pgfw-single-pdf-download-button\" ><img src=\"https:\/\/ikasougou.com\/tvsmotors\/wp-content\/plugins\/pdf-generator-for-wp\/admin\/src\/images\/PDF_Tray.svg\" title=\"G\u00e9n\u00e9rer un PDF\" style=\"width:auto; height:45px;\"><\/a>\n\t\t<\/div>","protected":false},"excerpt":{"rendered":"<p>Voici une description commerciale pour la vente du scooter TVS Neo AMI, bas\u00e9e sur les informations fournies dans les sources : Le TVS Neo AMI est un scooter de la gamme Neo de TVS, con\u00e7u pour offrir une exp\u00e9rience de conduite confortable et pratique. Il se distingue par son design unique et \u00e9l\u00e9gant, ainsi que [&#8230;]\n","protected":false},"featured_media":474,"comment_status":"open","ping_status":"closed","template":"","meta":[],"product_brand":[],"product_cat":[16],"product_tag":[22,24,23,19,65,20,66],"class_list":{"0":"post-461","1":"product","2":"type-product","3":"status-publish","4":"has-post-thumbnail","6":"product_cat-motostvs","7":"product_tag-bamako","8":"product_tag-bestmoto","9":"product_tag-mali","10":"product_tag-moto","11":"product_tag-scooter","12":"product_tag-tvs","13":"product_tag-tvsmali","15":"first","16":"instock","17":"shipping-taxable","18":"purchasable","19":"product-type-simple"},"ams_default_variation_id":0,"ams_product_points_reward":[],"ams_product_discount_percentage":0,"ams_price_to_display":790000,"aioseo_notices":[],"ams_acf":[],"jetpack-related-posts":[],"jetpack_sharing_enabled":true,"_links":{"self":[{"href":"https:\/\/ikasougou.com\/tvsmotors\/wp-json\/wp\/v2\/product\/461","targetHints":{"allow":["GET"]}}],"collection":[{"href":"https:\/\/ikasougou.com\/tvsmotors\/wp-json\/wp\/v2\/product"}],"about":[{"href":"https:\/\/ikasougou.com\/tvsmotors\/wp-json\/wp\/v2\/types\/product"}],"replies":[{"embeddable":true,"href":"https:\/\/ikasougou.com\/tvsmotors\/wp-json\/wp\/v2\/comments?post=461"}],"wp:featuredmedia":[{"embeddable":true,"href":"https:\/\/ikasougou.com\/tvsmotors\/wp-json\/wp\/v2\/media\/474"}],"wp:attachment":[{"href":"https:\/\/ikasougou.com\/tvsmotors\/wp-json\/wp\/v2\/media?parent=461"}],"wp:term":[{"taxonomy":"product_brand","embeddable":true,"href":"https:\/\/ikasougou.com\/tvsmotors\/wp-json\/wp\/v2\/product_brand?post=461"},{"taxonomy":"product_cat","embeddable":true,"href":"https:\/\/ikasougou.com\/tvsmotors\/wp-json\/wp\/v2\/product_cat?post=461"},{"taxonomy":"product_tag","embeddable":true,"href":"https:\/\/ikasougou.com\/tvsmotors\/wp-json\/wp\/v2\/product_tag?post=461"}],"curies":[{"name":"wp","href":"https:\/\/api.w.org\/{rel}","templated":true}]}}